{"id":9947,"date":"2024-08-06T01:23:30","date_gmt":"2024-08-06T01:23:30","guid":{"rendered":"https:\/\/yume-silm.com\/?post_type=product&#038;p=9947"},"modified":"2024-08-06T06:26:39","modified_gmt":"2024-08-06T06:26:39","slug":"yoga-elasticizzato-e-compressivo-per-sollevatore-di-glutei-da-donna","status":"publish","type":"product","link":"https:\/\/yume-silm.com\/it\/prodotto\/yoga-elasticizzato-e-compressivo-per-sollevatore-di-glutei-da-donna\/","title":{"rendered":"Leggings da yoga elasticizzati a compressione per sollevatore di testa da donna"},"content":{"rendered":"<h5>Caratteristiche del progetto<\/h5>\n<ul>\n<li><strong>DESIGN A VITA ALTA:<\/strong>Questo yoga elasticizzato a compressione per sollevatore di glutei da donna progettato con supporto a vita alta, ampia cintura a costine con tessuto elasticizzato in quattro direzioni e non trasparente, pu\u00f2 diventare sottile, adattarsi e modellarsi con ogni postura e movimento, che pu\u00f2 delineare meglio la curva perfetta del corpo .<\/li>\n<li><strong>TESSUTO CONFORTEVOLE E MORBIDO:<\/strong>Il tessuto elastico accuratamente selezionato garantisce il massimo comfort e il design jacquard in rete su entrambi i lati della coscia \u00e8 traspirante, quindi non te ne accorgerai quando indossi questi leggings da yoga a compressione per il sollevamento dei fianchi.<\/li>\n<li><strong>DESIGN SENZA GIUNTE:<\/strong>I pantaloni da yoga con tessuto a maglia senza cuciture, taglio a vita alta lusinghiero e design della visiera che migliora il corpo, sono progettati per prestazioni ottimali e ti consentono di mostrare il tuo aspetto migliore.<\/li>\n<li><strong>OCCASIONE:<\/strong>Che tu stia andando a giocare o a fare esercizio, puoi indossare i nostri pantaloni da yoga elasticizzati a compressione per sollevatore di testa da donna, questi pantaloni da yoga sono alla moda e versatili, perfetti per lo yoga, la corsa, la palestra, qualsiasi tipo di sport, qualsiasi stagione o uso quotidiano .<\/li>\n<\/ul>\n<p><a href=\"https:\/\/yume-silm.com\/wp-content\/uploads\/2024\/08\/Womens-Butt-Lifter-Compression-Stretch-Yoga-Leggings-1.jpg\"><img fetchpriority=\"high\" decoding=\"async\" class=\"alignnone wp-image-9949 size-medium\" src=\"https:\/\/yume-silm.com\/wp-content\/uploads\/2024\/08\/Womens-Butt-Lifter-Compression-Stretch-Yoga-Leggings-1-300x300.jpg\" alt=\"leggings da yoga elasticizzati e compressivi per sollevare i glutei da donna\" width=\"300\" height=\"300\" title=\"\" srcset=\"https:\/\/yume-silm.com\/wp-content\/uploads\/2024\/08\/Womens-Butt-Lifter-Compression-Stretch-Yoga-Leggings-1-300x300.jpg 300w, https:\/\/yume-silm.com\/wp-content\/uploads\/2024\/08\/Womens-Butt-Lifter-Compression-Stretch-Yoga-Leggings-1-150x150.jpg 150w, https:\/\/yume-silm.com\/wp-content\/uploads\/2024\/08\/Womens-Butt-Lifter-Compression-Stretch-Yoga-Leggings-1-768x768.jpg 768w, https:\/\/yume-silm.com\/wp-content\/uploads\/2024\/08\/Womens-Butt-Lifter-Compression-Stretch-Yoga-Leggings-1-12x12.jpg 12w, https:\/\/yume-silm.com\/wp-content\/uploads\/2024\/08\/Womens-Butt-Lifter-Compression-Stretch-Yoga-Leggings-1-100x100.jpg 100w, https:\/\/yume-silm.com\/wp-content\/uploads\/2024\/08\/Womens-Butt-Lifter-Compression-Stretch-Yoga-Leggings-1.jpg 800w\" sizes=\"(max-width: 300px) 100vw, 300px\" \/><\/a><a href=\"https:\/\/yume-silm.com\/wp-content\/uploads\/2024\/08\/Womens-Butt-Lifter-Compression-Stretch-Yoga-Leggings-2.jpg\"><img decoding=\"async\" class=\"alignnone wp-image-9950 size-medium\" src=\"https:\/\/yume-silm.com\/wp-content\/uploads\/2024\/08\/Womens-Butt-Lifter-Compression-Stretch-Yoga-Leggings-2-300x300.jpg\" alt=\"leggings da yoga elasticizzati e compressivi per sollevare i glutei da donna\" width=\"300\" height=\"300\" title=\"\" srcset=\"https:\/\/yume-silm.com\/wp-content\/uploads\/2024\/08\/Womens-Butt-Lifter-Compression-Stretch-Yoga-Leggings-2-300x300.jpg 300w, https:\/\/yume-silm.com\/wp-content\/uploads\/2024\/08\/Womens-Butt-Lifter-Compression-Stretch-Yoga-Leggings-2-150x150.jpg 150w, https:\/\/yume-silm.com\/wp-content\/uploads\/2024\/08\/Womens-Butt-Lifter-Compression-Stretch-Yoga-Leggings-2-768x768.jpg 768w, https:\/\/yume-silm.com\/wp-content\/uploads\/2024\/08\/Womens-Butt-Lifter-Compression-Stretch-Yoga-Leggings-2-12x12.jpg 12w, https:\/\/yume-silm.com\/wp-content\/uploads\/2024\/08\/Womens-Butt-Lifter-Compression-Stretch-Yoga-Leggings-2-100x100.jpg 100w, https:\/\/yume-silm.com\/wp-content\/uploads\/2024\/08\/Womens-Butt-Lifter-Compression-Stretch-Yoga-Leggings-2.jpg 800w\" sizes=\"(max-width: 300px) 100vw, 300px\" \/><\/a><\/p>\n<h6><em>Pantaloni da yoga sexy a vita alta da donna<\/em><\/h6>\n<ul>\n<li>Questi pantaloni da yoga sexy a vita alta da donna adottano un design a vita alta e una compressione del tessuto a doppio strato, che pu\u00f2 spremere meglio il grasso addominale e della vita, permettendoti di evidenziare pi\u00f9 perfettamente la tua figura sexy.<\/li>\n<\/ul>","protected":false},"excerpt":{"rendered":"<p>Indossare questi leggings da yoga elasticizzati e compressivi per il sollevamento del sedere da donna ti render\u00e0 pi\u00f9 sicuro e sboccer\u00e0. Il design senza cuciture ti consente di mostrare il tuo aspetto migliore. Ottienilo e contattaci subito.<\/p>","protected":false},"featured_media":9948,"comment_status":"open","ping_status":"closed","template":"","meta":{"site-sidebar-layout":"default","site-content-layout":"","ast-site-content-layout":"default","site-content-style":"default","site-sidebar-style":"default","ast-global-header-display":"","ast-banner-title-visibility":"","ast-main-header-display":"","ast-hfb-above-header-display":"","ast-hfb-below-header-display":"","ast-hfb-mobile-header-display":"","site-post-title":"","ast-breadcrumbs-content":"","ast-featured-img":"","footer-sml-layout":"","ast-disable-related-posts":"","theme-transparent-header-meta":"default","adv-header-id-meta":"","stick-header-meta":"default","header-above-stick-meta":"","header-main-stick-meta":"","header-below-stick-meta":"","astra-migrate-meta-layouts":"set","ast-page-background-enabled":"default","ast-page-background-meta":{"desktop":{"background-color":"","background-image":"","background-repeat":"repeat","background-position":"center center","background-size":"auto","background-attachment":"scroll","background-type":"","background-media":"","overlay-type":"","overlay-color":"","overlay-opacity":"","overlay-gradient":""},"tablet":{"background-color":"","background-image":"","background-repeat":"repeat","background-position":"center center","background-size":"auto","background-attachment":"scroll","background-type":"","background-media":"","overlay-type":"","overlay-color":"","overlay-opacity":"","overlay-gradient":""},"mobile":{"background-color":"","background-image":"","background-repeat":"repeat","background-position":"center center","background-size":"auto","background-attachment":"scroll","background-type":"","background-media":"","overlay-type":"","overlay-color":"","overlay-opacity":"","overlay-gradient":""}},"ast-content-background-meta":{"desktop":{"background-color":"var(--ast-global-color-5)","background-image":"","background-repeat":"repeat","background-position":"center center","background-size":"auto","background-attachment":"scroll","background-type":"","background-media":"","overlay-type":"","overlay-color":"","overlay-opacity":"","overlay-gradient":""},"tablet":{"background-color":"var(--ast-global-color-5)","background-image":"","background-repeat":"repeat","background-position":"center center","background-size":"auto","background-attachment":"scroll","background-type":"","background-media":"","overlay-type":"","overlay-color":"","overlay-opacity":"","overlay-gradient":""},"mobile":{"background-color":"var(--ast-global-color-5)","background-image":"","background-repeat":"repeat","background-position":"center center","background-size":"auto","background-attachment":"scroll","background-type":"","background-media":"","overlay-type":"","overlay-color":"","overlay-opacity":"","overlay-gradient":""}}},"product_brand":[],"product_cat":[734,65,76,737],"product_tag":[662,492,686,646,489,795,139,796,797,491,525,687,775,779],"class_list":{"0":"post-9947","1":"product","2":"type-product","3":"status-publish","4":"has-post-thumbnail","6":"product_cat-yoga-suits","7":"product_cat-best-sellers","8":"product_cat-new-arrivels","9":"product_cat-yoga-leggings","10":"product_tag-abdominal","11":"product_tag-breathable","12":"product_tag-butt-lifter","13":"product_tag-comfortable","14":"product_tag-compression","15":"product_tag-double-layer-fabric","16":"product_tag-high-waist","17":"product_tag-hips-lifter","18":"product_tag-movement","19":"product_tag-seamless","20":"product_tag-slim","21":"product_tag-soft","22":"product_tag-stretchy","23":"product_tag-yoga-leggings","24":"pa_color-armygreen","25":"pa_color-black","26":"pa_color-blue","27":"pa_color-dark-grey","28":"pa_color-light-grey","29":"pa_size-l","30":"pa_size-m","31":"pa_size-s","32":"desktop-align-center","33":"tablet-align-left","34":"mobile-align-left","35":"ast-product-gallery-layout-horizontal-slider","36":"ast-product-single-variable","37":"ast-product-tabs-layout-horizontal","38":"ast-qv-on-image","40":"first","41":"instock","42":"shipping-taxable","43":"purchasable","44":"product-type-variable"},"tiered_pricing_type":"fixed","tiered_pricing_fixed_rules":{"5":7.5,"50":6.5,"100":5.4},"tiered_pricing_product_settings":{"layout":"default","base_unit_name":{"singular":null,"plural":null},"default_variation":null},"tiered_pricing_minimum_quantity":null,"tiered_pricing_roles_data":[],"tiered_pricing_percentage_rules":[],"_links":{"self":[{"href":"https:\/\/yume-silm.com\/it\/wp-json\/wp\/v2\/product\/9947","targetHints":{"allow":["GET"]}}],"collection":[{"href":"https:\/\/yume-silm.com\/it\/wp-json\/wp\/v2\/product"}],"about":[{"href":"https:\/\/yume-silm.com\/it\/wp-json\/wp\/v2\/types\/product"}],"replies":[{"embeddable":true,"href":"https:\/\/yume-silm.com\/it\/wp-json\/wp\/v2\/comments?post=9947"}],"wp:featuredmedia":[{"embeddable":true,"href":"https:\/\/yume-silm.com\/it\/wp-json\/wp\/v2\/media\/9948"}],"wp:attachment":[{"href":"https:\/\/yume-silm.com\/it\/wp-json\/wp\/v2\/media?parent=9947"}],"wp:term":[{"taxonomy":"product_brand","embeddable":true,"href":"https:\/\/yume-silm.com\/it\/wp-json\/wp\/v2\/product_brand?post=9947"},{"taxonomy":"product_cat","embeddable":true,"href":"https:\/\/yume-silm.com\/it\/wp-json\/wp\/v2\/product_cat?post=9947"},{"taxonomy":"product_tag","embeddable":true,"href":"https:\/\/yume-silm.com\/it\/wp-json\/wp\/v2\/product_tag?post=9947"}],"curies":[{"name":"wp","href":"https:\/\/api.w.org\/{rel}","templated":true}]}}