{"id":12528,"date":"2024-10-16T08:59:55","date_gmt":"2024-10-16T08:59:55","guid":{"rendered":"https:\/\/yume-silm.com\/?page_id=12528"},"modified":"2024-10-16T09:27:07","modified_gmt":"2024-10-16T09:27:07","slug":"yumesilm-black-friday-2024","status":"publish","type":"page","link":"https:\/\/yume-silm.com\/pt\/yumesilm-black-friday-2024\/","title":{"rendered":"Black Friday 2024: aproveite ofertas exclusivas!"},"content":{"rendered":"<h2 class=\"wp-block-heading has-text-align-center has-medium-font-size\">Descontos em atacado sem precedentes!<\/h2>\n\n\n\n<p class=\"has-text-align-center\" style=\"font-size:16px;font-style:normal;font-weight:400\">Pela primeira vez, a YumeSilm estar\u00e1 se preparando para um evento de Black Friday 2024! A partir de novembro, aproveite descontos exclusivos em nossos produtos premium de modelagem e muscula\u00e7\u00e3o. Descubra shorts modeladores ultraconfort\u00e1veis, macac\u00f5es sem costura e invis\u00edveis, espartilhos chiques, bem como modeladores de cintura de sucesso e uma cole\u00e7\u00e3o destacada de trajes de saunas de exerc\u00edcios exclusivos projetados para atender \u00e0s necessidades de seus clientes e maximizar suas margens de lucro.<\/p>\n\n\n\n<h2 class=\"wp-block-heading has-text-align-center has-medium-font-size\">O que \u00e9 Black Friday?<\/h2>\n\n\n\n<p class=\"has-text-align-center\" style=\"font-size:16px;font-style:normal;font-weight:100\">A Black Friday \u00e9 o segundo dia do feriado de A\u00e7\u00e3o de Gra\u00e7as dos EUA, que cai na quarta quinta-feira de novembro. Neste dia, muitas lojas oferecem grandes liquida\u00e7\u00f5es e abrem cedo. Desde 2005, a Black Friday tem sido o dia de compras mais movimentado do ano nos Estados Unidos. Ocupe-se com sua loja!<\/p>\n\n\n\n<h2 class=\"wp-block-heading has-text-align-center has-medium-font-size\">Quando \u00e9 a Black Friday?<\/h2>\n\n\n\n<p class=\"has-text-align-center\" style=\"font-size:16px;font-style:normal;font-weight:100\">A Black Friday deste ano \u00e9 sexta-feira, 29 de novembro de 2024, enquanto a Cyber Monday \u00e9 segunda-feira, 2 de dezembro. Prepare seu estoque para vendas maiores!<\/p>\n\n\n\n<h2 class=\"wp-block-heading has-text-align-center has-medium-font-size\">O que esperar da Black Friday?<\/h2>\n\n\n\n<p class=\"has-text-align-center\" style=\"font-size:16px;font-style:normal;font-weight:100\">A Black Friday \u00e9 uma \u00f3tima oportunidade para atrair novos clientes e impulsionar as vendas. Embora nosso principal dia de vendas seja 29 de novembro, as promo\u00e7\u00f5es podem come\u00e7ar antes e continuar al\u00e9m dessa data. N\u00e3o deixe de assinar nossa newsletter para ficar por dentro de todas as \u00faltimas not\u00edcias da YumeSilm e garantir que voc\u00ea seja o primeiro a saber quando as promo\u00e7\u00f5es come\u00e7arem.<\/p>\n\n\n\n<h2 class=\"wp-block-heading has-text-align-center has-medium-font-size\">Junte-se a n\u00f3s para fazer desta Black Friday um grande sucesso!<\/h2>\n\n\n\n<p class=\"has-text-align-center\" style=\"font-size:16px\">Vamos trabalhar juntos para garantir que suas prateleiras estejam abastecidas com nossos produtos mais populares.<\/p>\n\n\n\n<p class=\"has-text-align-center\" style=\"font-size:16px\">Na Black Friday 2024, a YumeSilm \u00e9 sua fornecedora confi\u00e1vel de modeladores de qualidade para ajudar voc\u00ea a impulsionar seus neg\u00f3cios.<\/p>\n\n\n\n<p class=\"has-text-align-center\" style=\"font-size:16px\">Fique ligado para mais detalhes e prepare-se para aproveitar ao m\u00e1ximo esta temporada de compras de fim de ano!<\/p>","protected":false},"excerpt":{"rendered":"<p>Unprecedented [&hellip;]<\/p>","protected":false},"author":34,"featured_media":12542,"parent":0,"menu_order":0,"comment_status":"closed","ping_status":"closed","template":"","meta":{"site-sidebar-layout":"no-sidebar","site-content-layout":"","ast-site-content-layout":"narrow-width-container","site-content-style":"default","site-sidebar-style":"default","ast-global-header-display":"","ast-banner-title-visibility":"","ast-main-header-display":"","ast-hfb-above-header-display":"","ast-hfb-below-header-display":"","ast-hfb-mobile-header-display":"","site-post-title":"","ast-breadcrumbs-content":"","ast-featured-img":"","footer-sml-layout":"","ast-disable-related-posts":"","theme-transparent-header-meta":"","adv-header-id-meta":"","stick-header-meta":"","header-above-stick-meta":"","header-main-stick-meta":"","header-below-stick-meta":"","astra-migrate-meta-layouts":"set","ast-page-background-enabled":"default","ast-page-background-meta":{"desktop":{"background-color":"","background-image":"","background-repeat":"repeat","background-position":"center center","background-size":"auto","background-attachment":"scroll","background-type":"","background-media":"","overlay-type":"","overlay-color":"","overlay-opacity":"","overlay-gradient":""},"tablet":{"background-color":"","background-image":"","background-repeat":"repeat","background-position":"center center","background-size":"auto","background-attachment":"scroll","background-type":"","background-media":"","overlay-type":"","overlay-color":"","overlay-opacity":"","overlay-gradient":""},"mobile":{"background-color":"","background-image":"","background-repeat":"repeat","background-position":"center center","background-size":"auto","background-attachment":"scroll","background-type":"","background-media":"","overlay-type":"","overlay-color":"","overlay-opacity":"","overlay-gradient":""}},"ast-content-background-meta":{"desktop":{"background-color":"var(--ast-global-color-5)","background-image":"","background-repeat":"repeat","background-position":"center center","background-size":"auto","background-attachment":"scroll","background-type":"","background-media":"","overlay-type":"","overlay-color":"","overlay-opacity":"","overlay-gradient":""},"tablet":{"background-color":"var(--ast-global-color-5)","background-image":"","background-repeat":"repeat","background-position":"center center","background-size":"auto","background-attachment":"scroll","background-type":"","background-media":"","overlay-type":"","overlay-color":"","overlay-opacity":"","overlay-gradient":""},"mobile":{"background-color":"var(--ast-global-color-5)","background-image":"","background-repeat":"repeat","background-position":"center center","background-size":"auto","background-attachment":"scroll","background-type":"","background-media":"","overlay-type":"","overlay-color":"","overlay-opacity":"","overlay-gradient":""}},"footnotes":""},"class_list":["post-12528","page","type-page","status-publish","has-post-thumbnail","hentry"],"_links":{"self":[{"href":"https:\/\/yume-silm.com\/pt\/wp-json\/wp\/v2\/pages\/12528","targetHints":{"allow":["GET"]}}],"collection":[{"href":"https:\/\/yume-silm.com\/pt\/wp-json\/wp\/v2\/pages"}],"about":[{"href":"https:\/\/yume-silm.com\/pt\/wp-json\/wp\/v2\/types\/page"}],"author":[{"embeddable":true,"href":"https:\/\/yume-silm.com\/pt\/wp-json\/wp\/v2\/users\/34"}],"replies":[{"embeddable":true,"href":"https:\/\/yume-silm.com\/pt\/wp-json\/wp\/v2\/comments?post=12528"}],"version-history":[{"count":12,"href":"https:\/\/yume-silm.com\/pt\/wp-json\/wp\/v2\/pages\/12528\/revisions"}],"predecessor-version":[{"id":12559,"href":"https:\/\/yume-silm.com\/pt\/wp-json\/wp\/v2\/pages\/12528\/revisions\/12559"}],"wp:featuredmedia":[{"embeddable":true,"href":"https:\/\/yume-silm.com\/pt\/wp-json\/wp\/v2\/media\/12542"}],"wp:attachment":[{"href":"https:\/\/yume-silm.com\/pt\/wp-json\/wp\/v2\/media?parent=12528"}],"curies":[{"name":"wp","href":"https:\/\/api.w.org\/{rel}","templated":true}]}}