{"id":1347,"date":"2023-04-13T23:43:03","date_gmt":"2023-04-13T23:43:03","guid":{"rendered":"https:\/\/yume-silm.com\/?page_id=1347"},"modified":"2024-10-16T06:16:46","modified_gmt":"2024-10-16T06:16:46","slug":"faq","status":"publish","type":"page","link":"https:\/\/yume-silm.com\/pt\/faq\/","title":{"rendered":"FAQ"},"content":{"rendered":"<div data-elementor-type=\"wp-page\" data-elementor-id=\"1347\" class=\"elementor elementor-1347\" data-elementor-post-type=\"page\">\n\t\t\t\t\t\t<section class=\"elementor-section elementor-top-section elementor-element elementor-element-f8eda70 elementor-section-boxed elementor-section-height-default elementor-section-height-default\" data-id=\"f8eda70\" data-element_type=\"section\">\n\t\t\t\t\t\t<div class=\"elementor-container elementor-column-gap-default\">\n\t\t\t\t\t<div class=\"elementor-column elementor-col-100 elementor-top-column elementor-element elementor-element-6112fb9\" data-id=\"6112fb9\" data-element_type=\"column\">\n\t\t\t<div class=\"elementor-widget-wrap elementor-element-populated\">\n\t\t\t\t\t\t<div class=\"elementor-element elementor-element-f6c90c7 elementor-widget elementor-widget-text-editor\" data-id=\"f6c90c7\" data-element_type=\"widget\" data-widget_type=\"text-editor.default\">\n\t\t\t\t<div class=\"elementor-widget-container\">\n\t\t\t\t\t\t\t\t\t<h4 class=\"title\">Entrega estimada<\/h4><div><p><strong>1. Como embalar?<\/strong><\/p><p>Enviaremos por expresso internacional DHL\/EMS\/FedEx\/UPS\/TNT\/Aramex\/KCS, ou enviaremos por via a\u00e9rea, se a cubagem do pedido for maior que 1 est\u00e9reo, dependendo da \u00e1rea em que voc\u00ea mora.<\/p><p><strong>2. Poder\u00edamos ter algum desconto nos portes de envio?<\/strong><\/p><p>Sim, claro. Somos clientes VIP da International Expresses, ent\u00e3o podemos ter o pre\u00e7o preferencial do frete.\u00a0<\/p><p><strong>3. Quantos dias s\u00e3o necess\u00e1rios?<\/strong><\/p><p>Geralmente, a DHL demora 3-5 dias \u00fateis para todo o mundo,\u00a0<\/p><p>leva 7-10 dias \u00fateis por EMS\/TNT\/Aramex,<\/p><p>leva 5-7 dias \u00fateis por FEDEX\/UPS, dependendo da \u00e1rea em que vive.<\/p><p><strong>4. Como calcular os portes de envio?<\/strong><\/p><p>O frete \u00e9 calculado de acordo com o peso, ent\u00e3o compre mais e economize mais! Por exemplo, a taxa expressa da DHL \u00e9 quase o mesmo pre\u00e7o para 1 ou 5 itens com o pacote, ent\u00e3o quanto mais pesado o pacote, mais barato o custo de envio por KG.<\/p><p><strong>5. Sobre o prazo de entrega<\/strong><\/p><p>Ap\u00f3s ter efectuado uma encomenda, verificaremos primeiro a sua encomenda e depois enviar-lhe-emos a factura no prazo de 24 horas.<\/p><p>E como nosso cliente regular (que j\u00e1 fez seu pedido conosco antes), verificaremos seu pedido primeiro, deixaremos os itens que temos em estoque prontos para voc\u00ea e, ent\u00e3o, enviaremos a fatura para voc\u00ea, incluindo a postagem correta.<\/p><p>Para que depois de pagar, e n\u00f3s enviamos-lho dentro de 1-2 dias \u00fateis.<\/p><p>E como novo cliente, geralmente, poder\u00edamos enviar-lhe a sua encomenda dentro de 2-3 dias \u00fateis.<\/p><p><strong>6. Diga-me o custo de envio antes da encomenda<\/strong><\/p><p>O custo de envio depende do peso, forma de entrega (EMS, DHL, TNT, UPS ou tr\u00e2nsito mar\u00edtimo) e pa\u00eds de destino. Portanto, \u00e9 dif\u00edcil para n\u00f3s declarar uma taxa de envio exata antes de voc\u00ea fazer um pedido (o peso do biqu\u00edni \u00e9 de cerca de 0,1 kg\/pc, mas o modelador de cintura de l\u00e1tex \u00e9 de cerca de 0,5 kg\/pc).<\/p><p>E voc\u00ea pode escolher a empresa de transporte que preferir e n\u00f3s tamb\u00e9m verificaremos todas as op\u00e7\u00f5es expressas e sugeriremos a maneira mais razo\u00e1vel para voc\u00ea.<\/p><p>Al\u00e9m disso, tamb\u00e9m podemos enviar para o seu pr\u00f3prio agente mar\u00edtimo na China. Obrigado pela sua compreens\u00e3o.<\/p><p><strong>7. Sobre os impostos e direitos de importa\u00e7\u00e3o locais<\/strong><\/p><p>Os impostos e direitos de importa\u00e7\u00e3o locais podem ser incorridos em alguns pa\u00edses e n\u00e3o est\u00e3o inclu\u00eddos nos montantes indicados.\u00a0<\/p><p>O comprador ou destinat\u00e1rio da remessa \u00e9 respons\u00e1vel por todos esses impostos e taxas.<\/p><p>Nossos produtos s\u00e3o vendidos no mundo todo e n\u00e3o podemos garantir que eles atendam aos requisitos de importa\u00e7\u00e3o de todos os pa\u00edses.<\/p><p>Em caso de d\u00favida, por favor verifique com a alf\u00e2ndega do seu pa\u00eds antes de encomendar.<\/p><p><strong>8. Como obter menos impostos ou isen\u00e7\u00e3o na importa\u00e7\u00e3o?<\/strong><\/p><p>Quaisquer taxas ou encargos de importa\u00e7\u00e3o s\u00e3o de responsabilidade do comprador. Para garantir que voc\u00ea receba seu pedido sem impostos ou sem impostos na importa\u00e7\u00e3o, n\u00f3s o declararemos como um &quot;PRESENTE&quot; ou &quot;AMOSTRA&quot; com um valor menor.<\/p><p>Este pre\u00e7o mais baixo n\u00e3o reflete o pre\u00e7o total que voc\u00ea pagou ou o valor de mercado do produto e pode n\u00e3o se aplicar a pa\u00edses com regras tarif\u00e1rias diferentes. Se voc\u00ea precisar usar o valor real, ou quaisquer outras solicita\u00e7\u00f5es, anote as informa\u00e7\u00f5es nas \u201cNotas\u201d ao concluir o pedido.<\/p><p><strong>9. H\u00e1 algum custo extra da sua parte?<\/strong><\/p><p>N\u00e3o cobraremos taxas extras al\u00e9m dos pre\u00e7os de atacado e da taxa de envio correspondente.\u00a0<\/p><p>Enquanto isso, n\u00e3o seremos respons\u00e1veis por nenhuma taxa banc\u00e1ria do seu pagamento. O pre\u00e7o do pedido n\u00e3o inclui imposto alfandeg\u00e1rio.\u00a0<\/p><p>Faremos o poss\u00edvel para ajudar nossos clientes a evitar impostos alfandeg\u00e1rios, mas devido \u00e0 complexidade das pol\u00edticas de impostos alfandeg\u00e1rios de diferentes pa\u00edses, n\u00e3o temos certeza se seu pacote pode passar pela alf\u00e2ndega sem impostos.<\/p><p><strong>10. Porque \u00e9 que por vezes n\u00e3o posso verificar no s\u00edtio web do expresso depois de receber o n\u00famero de rastreio?<\/strong><\/p><p>Porque por vezes expressam atrasos na actualiza\u00e7\u00e3o da informa\u00e7\u00e3o no seu s\u00edtio web. Por isso, por favor, seja paciente e verifique isso algum tempo depois.<\/p><\/div>\t\t\t\t\t\t\t\t<\/div>\n\t\t\t\t<\/div>\n\t\t\t\t\t<\/div>\n\t\t<\/div>\n\t\t\t\t\t<\/div>\n\t\t<\/section>\n\t\t\t\t<\/div>","protected":false},"excerpt":{"rendered":"<p>Estimated [&hellip;]<\/p>","protected":false},"author":1,"featured_media":0,"parent":0,"menu_order":0,"comment_status":"closed","ping_status":"closed","template":"","meta":{"site-sidebar-layout":"default","site-content-layout":"","ast-site-content-layout":"default","site-content-style":"default","site-sidebar-style":"default","ast-global-header-display":"","ast-banner-title-visibility":"","ast-main-header-display":"","ast-hfb-above-header-display":"","ast-hfb-below-header-display":"","ast-hfb-mobile-header-display":"","site-post-title":"","ast-breadcrumbs-content":"","ast-featured-img":"","footer-sml-layout":"","ast-disable-related-posts":"","theme-transparent-header-meta":"","adv-header-id-meta":"","stick-header-meta":"","header-above-stick-meta":"","header-main-stick-meta":"","header-below-stick-meta":"","astra-migrate-meta-layouts":"default","ast-page-background-enabled":"default","ast-page-background-meta":{"desktop":{"background-color":"","background-image":"","background-repeat":"repeat","background-position":"center center","background-size":"auto","background-attachment":"scroll","background-type":"","background-media":"","overlay-type":"","overlay-color":"","overlay-opacity":"","overlay-gradient":""},"tablet":{"background-color":"","background-image":"","background-repeat":"repeat","background-position":"center center","background-size":"auto","background-attachment":"scroll","background-type":"","background-media":"","overlay-type":"","overlay-color":"","overlay-opacity":"","overlay-gradient":""},"mobile":{"background-color":"","background-image":"","background-repeat":"repeat","background-position":"center center","background-size":"auto","background-attachment":"scroll","background-type":"","background-media":"","overlay-type":"","overlay-color":"","overlay-opacity":"","overlay-gradient":""}},"ast-content-background-meta":{"desktop":{"background-color":"var(--ast-global-color-5)","background-image":"","background-repeat":"repeat","background-position":"center center","background-size":"auto","background-attachment":"scroll","background-type":"","background-media":"","overlay-type":"","overlay-color":"","overlay-opacity":"","overlay-gradient":""},"tablet":{"background-color":"var(--ast-global-color-5)","background-image":"","background-repeat":"repeat","background-position":"center center","background-size":"auto","background-attachment":"scroll","background-type":"","background-media":"","overlay-type":"","overlay-color":"","overlay-opacity":"","overlay-gradient":""},"mobile":{"background-color":"var(--ast-global-color-5)","background-image":"","background-repeat":"repeat","background-position":"center center","background-size":"auto","background-attachment":"scroll","background-type":"","background-media":"","overlay-type":"","overlay-color":"","overlay-opacity":"","overlay-gradient":""}},"footnotes":""},"class_list":["post-1347","page","type-page","status-publish","hentry"],"_links":{"self":[{"href":"https:\/\/yume-silm.com\/pt\/wp-json\/wp\/v2\/pages\/1347","targetHints":{"allow":["GET"]}}],"collection":[{"href":"https:\/\/yume-silm.com\/pt\/wp-json\/wp\/v2\/pages"}],"about":[{"href":"https:\/\/yume-silm.com\/pt\/wp-json\/wp\/v2\/types\/page"}],"author":[{"embeddable":true,"href":"https:\/\/yume-silm.com\/pt\/wp-json\/wp\/v2\/users\/1"}],"replies":[{"embeddable":true,"href":"https:\/\/yume-silm.com\/pt\/wp-json\/wp\/v2\/comments?post=1347"}],"version-history":[{"count":3,"href":"https:\/\/yume-silm.com\/pt\/wp-json\/wp\/v2\/pages\/1347\/revisions"}],"predecessor-version":[{"id":12525,"href":"https:\/\/yume-silm.com\/pt\/wp-json\/wp\/v2\/pages\/1347\/revisions\/12525"}],"wp:attachment":[{"href":"https:\/\/yume-silm.com\/pt\/wp-json\/wp\/v2\/media?parent=1347"}],"curies":[{"name":"wp","href":"https:\/\/api.w.org\/{rel}","templated":true}]}}