{"id":1352,"date":"2023-04-13T23:44:48","date_gmt":"2023-04-13T23:44:48","guid":{"rendered":"https:\/\/yume-silm.com\/?page_id=1352"},"modified":"2023-11-06T02:46:36","modified_gmt":"2023-11-06T02:46:36","slug":"metodos-de-envio","status":"publish","type":"page","link":"https:\/\/yume-silm.com\/pt\/metodos-de-envio\/","title":{"rendered":"M\u00e9todos de envio"},"content":{"rendered":"<div data-elementor-type=\"wp-page\" data-elementor-id=\"1352\" class=\"elementor elementor-1352\" data-elementor-post-type=\"page\">\n\t\t\t\t\t\t<section class=\"elementor-section elementor-top-section elementor-element elementor-element-41777c2 elementor-section-boxed elementor-section-height-default elementor-section-height-default\" data-id=\"41777c2\" data-element_type=\"section\">\n\t\t\t\t\t\t<div class=\"elementor-container elementor-column-gap-default\">\n\t\t\t\t\t<div class=\"elementor-column elementor-col-100 elementor-top-column elementor-element elementor-element-2837f24\" data-id=\"2837f24\" data-element_type=\"column\">\n\t\t\t<div class=\"elementor-widget-wrap elementor-element-populated\">\n\t\t\t\t\t\t<div class=\"elementor-element elementor-element-ec3f608 elementor-widget elementor-widget-text-editor\" data-id=\"ec3f608\" data-element_type=\"widget\" data-widget_type=\"text-editor.default\">\n\t\t\t\t<div class=\"elementor-widget-container\">\n\t\t\t\t\t\t\t\t\t<p>1. M\u00e9todos de envio<\/p><p>n\u00f3s enviaremos por pacotes internacionais\/EMS\/DHL\/UPS\/TNT\/FedEx, ou enviaremos pelo mar, se a cubagem do pedido for superior a 1 est\u00e9reo, dependendo da \u00e1rea em que voc\u00ea mora.<\/p><p>2. Desconto de postagem<\/p><p>Somos o VIP da empresa expressa mais internacional, podemos ter um pre\u00e7o de envio preferencial mais barato. Por exemplo, somos o VIP da FEDEX, ent\u00e3o podemos obter um desconto de 35% da FEDEX (FEDX IP 3 dias de envio, FedEx IE 5 dias de envio); tamb\u00e9m somos o VIP da DHL, ent\u00e3o podemos obter um desconto de 35% da DHL (envio de 3 a 5 dias).<\/p><p>3. Envio e prazo de entrega<\/p><p>Depois de fazer um pedido, verificaremos seu pedido primeiro e enviaremos a fatura para voc\u00ea em 24 horas. E como nossos antigos atacadistas, (encomende conosco antes.), verificaremos a prioridade do seu pedido e prepararemos os itens que temos em estoque para voc\u00ea primeiro e, em seguida, enviaremos a fatura para incluir a postagem exata. Assim que voc\u00ea pagar, enviaremos para voc\u00ea dentro de 1 dia \u00fatil. E como os novos atacadistas, em geral, podemos enviar sua encomenda para voc\u00ea dentro de 2 dias \u00fateis.<\/p><p>Geral, leva 3-4 dias \u00fateis para todo o mundo pela UPS, e leva 3-5 dias \u00fateis pela TNT\/DHL, dependendo da \u00e1rea em que voc\u00ea mora. e leva 3-5 dias \u00fateis pela FedEx IP, 5-7 dias FedEx IE, dependendo da \u00e1rea em que voc\u00ea mora.<\/p><p>Um pacote pode atrasar devido \u00e0 falta de mercadorias. Geralmente leva de 3 a 15 dias para reabastecer o estoque. Enviaremos um e-mail para voc\u00ea assim que o item estiver esgotado e nenhum processo ser\u00e1 feito at\u00e9 sua resposta. Podemos oferecer um servi\u00e7o de troca ou cancelamento para voc\u00ea de acordo com sua vontade.<\/p><p>4. Calculou a postagem<\/p><p>O frete \u00e9 calculado de acordo com o peso, ent\u00e3o compre mais e economize mais! Por exemplo, a taxa expressa da FedEx \u00e9 quase o mesmo pre\u00e7o para 1 ou 5 itens com o pacote. quanto mais pesado o pacote, mais barato o custo de envio por KG.<\/p><p>5. O custo de envio<\/p><p>os custos de envio dependem do peso, forma de entrega (DHL, TNT, UPS, FedEx ou tr\u00e2nsito mar\u00edtimo) e pa\u00eds de destino. Portanto, \u00e9 dif\u00edcil para n\u00f3s declarar uma taxa de envio exata antes de fazer um pedido (o peso de uma pe\u00e7a de biqu\u00edni \u00e9 de cerca de 0,05 kg, mas o couro \u00e9 de cerca de 0,3 kg\/pc). E voc\u00ea pode escolher a empresa de transporte de sua prefer\u00eancia e tamb\u00e9m verificaremos todos os expressos e sugeriremos a maneira mais adequada para voc\u00ea. Se voc\u00ea n\u00e3o estiver satisfeito com nossa taxa de envio, sinta-se \u00e0 vontade para nos contatar atrav\u00e9s do bot\u00e3o de chat ao vivo ou envie um e-mail para: info@yume-silm.com.<\/p><p>Obrigado pela sua compreens\u00e3o.<\/p>\t\t\t\t\t\t\t\t<\/div>\n\t\t\t\t<\/div>\n\t\t\t\t\t<\/div>\n\t\t<\/div>\n\t\t\t\t\t<\/div>\n\t\t<\/section>\n\t\t\t\t<\/div>","protected":false},"excerpt":{"rendered":"<p>1. [&hellip;]<\/p>","protected":false},"author":1,"featured_media":0,"parent":0,"menu_order":0,"comment_status":"closed","ping_status":"closed","template":"","meta":{"site-sidebar-layout":"default","site-content-layout":"","ast-site-content-layout":"default","site-content-style":"default","site-sidebar-style":"default","ast-global-header-display":"","ast-banner-title-visibility":"","ast-main-header-display":"","ast-hfb-above-header-display":"","ast-hfb-below-header-display":"","ast-hfb-mobile-header-display":"","site-post-title":"","ast-breadcrumbs-content":"","ast-featured-img":"","footer-sml-layout":"","ast-disable-related-posts":"","theme-transparent-header-meta":"","adv-header-id-meta":"","stick-header-meta":"","header-above-stick-meta":"","header-main-stick-meta":"","header-below-stick-meta":"","astra-migrate-meta-layouts":"default","ast-page-background-enabled":"default","ast-page-background-meta":{"desktop":{"background-color":"","background-image":"","background-repeat":"repeat","background-position":"center center","background-size":"auto","background-attachment":"scroll","background-type":"","background-media":"","overlay-type":"","overlay-color":"","overlay-opacity":"","overlay-gradient":""},"tablet":{"background-color":"","background-image":"","background-repeat":"repeat","background-position":"center center","background-size":"auto","background-attachment":"scroll","background-type":"","background-media":"","overlay-type":"","overlay-color":"","overlay-opacity":"","overlay-gradient":""},"mobile":{"background-color":"","background-image":"","background-repeat":"repeat","background-position":"center center","background-size":"auto","background-attachment":"scroll","background-type":"","background-media":"","overlay-type":"","overlay-color":"","overlay-opacity":"","overlay-gradient":""}},"ast-content-background-meta":{"desktop":{"background-color":"var(--ast-global-color-5)","background-image":"","background-repeat":"repeat","background-position":"center center","background-size":"auto","background-attachment":"scroll","background-type":"","background-media":"","overlay-type":"","overlay-color":"","overlay-opacity":"","overlay-gradient":""},"tablet":{"background-color":"var(--ast-global-color-5)","background-image":"","background-repeat":"repeat","background-position":"center center","background-size":"auto","background-attachment":"scroll","background-type":"","background-media":"","overlay-type":"","overlay-color":"","overlay-opacity":"","overlay-gradient":""},"mobile":{"background-color":"var(--ast-global-color-5)","background-image":"","background-repeat":"repeat","background-position":"center center","background-size":"auto","background-attachment":"scroll","background-type":"","background-media":"","overlay-type":"","overlay-color":"","overlay-opacity":"","overlay-gradient":""}},"footnotes":""},"class_list":["post-1352","page","type-page","status-publish","hentry"],"_links":{"self":[{"href":"https:\/\/yume-silm.com\/pt\/wp-json\/wp\/v2\/pages\/1352","targetHints":{"allow":["GET"]}}],"collection":[{"href":"https:\/\/yume-silm.com\/pt\/wp-json\/wp\/v2\/pages"}],"about":[{"href":"https:\/\/yume-silm.com\/pt\/wp-json\/wp\/v2\/types\/page"}],"author":[{"embeddable":true,"href":"https:\/\/yume-silm.com\/pt\/wp-json\/wp\/v2\/users\/1"}],"replies":[{"embeddable":true,"href":"https:\/\/yume-silm.com\/pt\/wp-json\/wp\/v2\/comments?post=1352"}],"version-history":[{"count":0,"href":"https:\/\/yume-silm.com\/pt\/wp-json\/wp\/v2\/pages\/1352\/revisions"}],"wp:attachment":[{"href":"https:\/\/yume-silm.com\/pt\/wp-json\/wp\/v2\/media?parent=1352"}],"curies":[{"name":"wp","href":"https:\/\/api.w.org\/{rel}","templated":true}]}}