{"id":1699,"date":"2023-04-19T07:09:20","date_gmt":"2023-04-19T07:09:20","guid":{"rendered":"https:\/\/yume-silm.com\/?page_id=1699"},"modified":"2023-04-19T07:11:00","modified_gmt":"2023-04-19T07:11:00","slug":"politica-de-privacidade","status":"publish","type":"page","link":"https:\/\/yume-silm.com\/pt\/politica-de-privacidade\/","title":{"rendered":"Pol\u00edtica de Privacidade"},"content":{"rendered":"<p>Recolhemos informa\u00e7\u00f5es sobre si durante o processo de checkout na nossa loja.<\/p>\n\n\n\n<h2 class=\"wp-block-heading\">O que recolhemos e armazenamos<\/h2>\n\n\n\n<p>Enquanto visita o nosso site, n\u00f3s seguimos o seu rasto:<\/p>\n\n\n\n<ul class=\"wp-block-list\">\n<li>Produtos que tenha visto: usaremos isto, por exemplo, para lhe mostrar produtos que tenha visto recentemente<\/li>\n\n\n\n<li>Localiza\u00e7\u00e3o, endere\u00e7o IP e tipo de navegador: utilizaremos isto para fins como estimativa de impostos e envio<\/li>\n\n\n\n<li>Endere\u00e7o de envio: pedimos-lhe que introduza isto para que possamos, por exemplo, estimar o envio antes de colocar uma encomenda, e enviar-lhe a encomenda!<\/li>\n<\/ul>\n\n\n\n<p>Tamb\u00e9m utilizaremos cookies para acompanhar o conte\u00fado do carrinho enquanto navega no nosso site.<\/p>\n\n\n\n<p>Quando comprar connosco, pedimos-lhe que forne\u00e7a informa\u00e7\u00f5es incluindo o seu nome, endere\u00e7o de factura\u00e7\u00e3o, endere\u00e7o de envio, endere\u00e7o electr\u00f3nico, n\u00famero de telefone, detalhes de cart\u00e3o de cr\u00e9dito\/pagamento e informa\u00e7\u00f5es opcionais de conta como nome de utilizador e palavra-passe. Utilizaremos estas informa\u00e7\u00f5es para fins, tais como, para:<\/p>\n\n\n\n<ul class=\"wp-block-list\">\n<li>Enviar-lhe informa\u00e7\u00f5es sobre a sua conta e encomenda<\/li>\n\n\n\n<li>Responder aos seus pedidos, incluindo reembolsos e reclama\u00e7\u00f5es<\/li>\n\n\n\n<li>Processar os pagamentos e prevenir a fraude<\/li>\n\n\n\n<li>Crie a sua conta na nossa loja<\/li>\n\n\n\n<li>Cumprir quaisquer obriga\u00e7\u00f5es legais que tenhamos, tais como o c\u00e1lculo de impostos<\/li>\n\n\n\n<li>Melhorar a nossa oferta de lojas<\/li>\n\n\n\n<li>Enviar-lhe mensagens de marketing, se optar por receb\u00ea-las<\/li>\n<\/ul>\n\n\n\n<p>Se criar uma conta, armazenaremos o seu nome, endere\u00e7o, e-mail e n\u00famero de telefone, que ser\u00e1 utilizado para preencher a caixa para encomendas futuras.<\/p>\n\n\n\n<p>Geralmente armazenamos informa\u00e7\u00e3o sobre si durante o tempo necess\u00e1rio para os fins para os quais a recolhemos e utilizamos, e n\u00e3o somos legalmente obrigados a continuar a mant\u00ea-la. Por exemplo, armazenaremos informa\u00e7\u00f5es sobre encomendas durante XXX anos para fins fiscais e contabil\u00edsticos. Isto inclui o seu nome, endere\u00e7o de correio electr\u00f3nico e endere\u00e7os de factura\u00e7\u00e3o e envio.<\/p>\n\n\n\n<p>Tamb\u00e9m armazenaremos coment\u00e1rios ou cr\u00edticas, se optar por deix\u00e1-los.<\/p>\n\n\n\n<h2 class=\"wp-block-heading\">Quem na nossa equipa tem acesso<\/h2>\n\n\n\n<p>Os membros da nossa equipa t\u00eam acesso \u00e0s informa\u00e7\u00f5es que nos fornece. Por exemplo, tanto Administradores como Gestores de Loja podem ter acesso:<\/p>\n\n\n\n<ul class=\"wp-block-list\">\n<li>Encomendar informa\u00e7\u00f5es como o que foi adquirido, quando foi adquirido e para onde deve ser enviado, e<\/li>\n\n\n\n<li>Informa\u00e7\u00e3o do cliente como o seu nome, endere\u00e7o de correio electr\u00f3nico, e informa\u00e7\u00e3o sobre factura\u00e7\u00e3o e envio.<\/li>\n<\/ul>\n\n\n\n<p>Os membros da nossa equipa t\u00eam acesso a esta informa\u00e7\u00e3o para ajudar a cumprir encomendas, processar reembolsos e apoi\u00e1-lo.<\/p>\n\n\n\n<h2 class=\"wp-block-heading\">O que partilhamos com os outros<\/h2>\n\n\n\n<p>Partilhamos informa\u00e7\u00f5es com terceiros que nos ajudam a fornecer-lhe as nossas encomendas e servi\u00e7os de armaz\u00e9m; por exemplo -<\/p>\n\n\n\n<h3 class=\"wp-block-heading\">Pagamentos<\/h3>\n\n\n\n<p>Aceitamos pagamentos atrav\u00e9s de PayPal. Ao processar pagamentos, alguns dos seus dados ser\u00e3o passados para PayPal, incluindo informa\u00e7\u00f5es necess\u00e1rias para processar ou suportar o pagamento, tais como o total da compra e informa\u00e7\u00f5es de factura\u00e7\u00e3o.<\/p>\n\n\n\n<p>Por favor, ver o&nbsp;<a href=\"https:\/\/www.paypal.com\/us\/webapps\/mpp\/ua\/privacy-full\" rel=\"nofollow noopener\" target=\"_blank\">Pol\u00edtica de Privacidade do PayPal<\/a>&nbsp;para mais detalhes.<\/p>","protected":false},"excerpt":{"rendered":"<p>We [&hellip;]<\/p>","protected":false},"author":1,"featured_media":0,"parent":0,"menu_order":0,"comment_status":"closed","ping_status":"closed","template":"","meta":{"site-sidebar-layout":"default","site-content-layout":"","ast-site-content-layout":"default","site-content-style":"default","site-sidebar-style":"default","ast-global-header-display":"","ast-banner-title-visibility":"","ast-main-header-display":"","ast-hfb-above-header-display":"","ast-hfb-below-header-display":"","ast-hfb-mobile-header-display":"","site-post-title":"","ast-breadcrumbs-content":"","ast-featured-img":"","footer-sml-layout":"","ast-disable-related-posts":"","theme-transparent-header-meta":"","adv-header-id-meta":"","stick-header-meta":"","header-above-stick-meta":"","header-main-stick-meta":"","header-below-stick-meta":"","astra-migrate-meta-layouts":"default","ast-page-background-enabled":"default","ast-page-background-meta":{"desktop":{"background-color":"","background-image":"","background-repeat":"repeat","background-position":"center center","background-size":"auto","background-attachment":"scroll","background-type":"","background-media":"","overlay-type":"","overlay-color":"","overlay-opacity":"","overlay-gradient":""},"tablet":{"background-color":"","background-image":"","background-repeat":"repeat","background-position":"center center","background-size":"auto","background-attachment":"scroll","background-type":"","background-media":"","overlay-type":"","overlay-color":"","overlay-opacity":"","overlay-gradient":""},"mobile":{"background-color":"","background-image":"","background-repeat":"repeat","background-position":"center center","background-size":"auto","background-attachment":"scroll","background-type":"","background-media":"","overlay-type":"","overlay-color":"","overlay-opacity":"","overlay-gradient":""}},"ast-content-background-meta":{"desktop":{"background-color":"var(--ast-global-color-5)","background-image":"","background-repeat":"repeat","background-position":"center center","background-size":"auto","background-attachment":"scroll","background-type":"","background-media":"","overlay-type":"","overlay-color":"","overlay-opacity":"","overlay-gradient":""},"tablet":{"background-color":"var(--ast-global-color-5)","background-image":"","background-repeat":"repeat","background-position":"center center","background-size":"auto","background-attachment":"scroll","background-type":"","background-media":"","overlay-type":"","overlay-color":"","overlay-opacity":"","overlay-gradient":""},"mobile":{"background-color":"var(--ast-global-color-5)","background-image":"","background-repeat":"repeat","background-position":"center center","background-size":"auto","background-attachment":"scroll","background-type":"","background-media":"","overlay-type":"","overlay-color":"","overlay-opacity":"","overlay-gradient":""}},"footnotes":""},"class_list":["post-1699","page","type-page","status-publish","hentry"],"_links":{"self":[{"href":"https:\/\/yume-silm.com\/pt\/wp-json\/wp\/v2\/pages\/1699","targetHints":{"allow":["GET"]}}],"collection":[{"href":"https:\/\/yume-silm.com\/pt\/wp-json\/wp\/v2\/pages"}],"about":[{"href":"https:\/\/yume-silm.com\/pt\/wp-json\/wp\/v2\/types\/page"}],"author":[{"embeddable":true,"href":"https:\/\/yume-silm.com\/pt\/wp-json\/wp\/v2\/users\/1"}],"replies":[{"embeddable":true,"href":"https:\/\/yume-silm.com\/pt\/wp-json\/wp\/v2\/comments?post=1699"}],"version-history":[{"count":0,"href":"https:\/\/yume-silm.com\/pt\/wp-json\/wp\/v2\/pages\/1699\/revisions"}],"wp:attachment":[{"href":"https:\/\/yume-silm.com\/pt\/wp-json\/wp\/v2\/media?parent=1699"}],"curies":[{"name":"wp","href":"https:\/\/api.w.org\/{rel}","templated":true}]}}