{"id":10046,"date":"2024-08-06T05:49:48","date_gmt":"2024-08-06T05:49:48","guid":{"rendered":"https:\/\/yume-silm.com\/?post_type=product&#038;p=10046"},"modified":"2025-05-26T00:52:20","modified_gmt":"2025-05-26T00:52:20","slug":"levantamento-de-quadril-grosso-e-puro-feminino-ioga-sem-costura","status":"publish","type":"product","link":"https:\/\/yume-silm.com\/pt\/produto\/levantamento-de-quadril-grosso-e-puro-feminino-ioga-sem-costura\/","title":{"rendered":"Leggings de ioga sem costura para levantamento de quadril grosso e puro feminino"},"content":{"rendered":"<h5>Caracter\u00edsticas de design<\/h5>\n<ul>\n<li><strong>PROJETO DE ELEVA\u00c7\u00c3O DO QUADRIL:<\/strong> Estas cal\u00e7as de ioga sem costura para levantamento de quadril feminino apresentam um design de cintura alta e cintura larga para controlar sua barriga, proporcionam um ajuste suave e seguro e embelezam sua figura. Apresentam design aerodin\u00e2mico, aliado \u00e0 secagem r\u00e1pida, absor\u00e7\u00e3o de umidade e super elasticidade, extremamente confort\u00e1veis e macios, abra\u00e7ando as curvas do seu corpo.<\/li>\n<li><strong>PROJETO DE CINTURA ALTA:<\/strong> Modelagem corporal de cintura alta e cal\u00e7as de ioga com controle de barriga, cintura larga com nervuras de suporte n\u00e3o escorrega, design de cintura alta controla sua barriga e levantamento de quadril, antiderrapante, permitindo que voc\u00ea se mova mais livremente.<\/li>\n<li><strong>EMAGRECIMENTO E MODELAGEM DO CORPO:<\/strong> As leggings de ioga para levantador de bunda pura e grossa podem efetivamente apertar suas pernas, suavizar sua barriga e fazer voc\u00ea parecer mais magro. Costuras ultraplanas garantem um ajuste confort\u00e1vel e sem estresse.<\/li>\n<li><strong>OCASI\u00c3O:<\/strong> Estas cal\u00e7as de ioga sem costura para levantamento de quadril feminino podem ser usadas de qualquer maneira, projetadas para melhorar a experi\u00eancia de fitness de ioga feminina. Perfeito para ioga, corrida, corrida, academia e qualquer tipo de esporte, ou apenas roupa casual ou cal\u00e7a de pijama, pode deixar voc\u00ea mais deslumbrante.<\/li>\n<\/ul>\n<p><a href=\"https:\/\/yume-silm.com\/wp-content\/uploads\/2024\/08\/Womens-Pure-Thick-Hip-Lifting-Seamless-Yoga-Leggings-coffee.jpg\"><img fetchpriority=\"high\" decoding=\"async\" class=\"alignnone wp-image-10089 size-medium\" src=\"https:\/\/yume-silm.com\/wp-content\/uploads\/2024\/08\/Womens-Pure-Thick-Hip-Lifting-Seamless-Yoga-Leggings-coffee-300x300.jpg\" alt=\"leggings de ioga sem costura para levantamento de quadril grosso puro feminino\" width=\"300\" height=\"300\" title=\"\" srcset=\"https:\/\/yume-silm.com\/wp-content\/uploads\/2024\/08\/Womens-Pure-Thick-Hip-Lifting-Seamless-Yoga-Leggings-coffee-300x300.jpg 300w, https:\/\/yume-silm.com\/wp-content\/uploads\/2024\/08\/Womens-Pure-Thick-Hip-Lifting-Seamless-Yoga-Leggings-coffee-150x150.jpg 150w, https:\/\/yume-silm.com\/wp-content\/uploads\/2024\/08\/Womens-Pure-Thick-Hip-Lifting-Seamless-Yoga-Leggings-coffee-12x12.jpg 12w, https:\/\/yume-silm.com\/wp-content\/uploads\/2024\/08\/Womens-Pure-Thick-Hip-Lifting-Seamless-Yoga-Leggings-coffee-100x100.jpg 100w, https:\/\/yume-silm.com\/wp-content\/uploads\/2024\/08\/Womens-Pure-Thick-Hip-Lifting-Seamless-Yoga-Leggings-coffee.jpg 600w\" sizes=\"(max-width: 300px) 100vw, 300px\" \/><\/a><a href=\"https:\/\/yume-silm.com\/wp-content\/uploads\/2024\/08\/Womens-Pure-Thick-Hip-Lifting-Seamless-Yoga-Leggings-army-green.jpg\"><img decoding=\"async\" class=\"alignnone wp-image-10086 size-medium\" src=\"https:\/\/yume-silm.com\/wp-content\/uploads\/2024\/08\/Womens-Pure-Thick-Hip-Lifting-Seamless-Yoga-Leggings-army-green-300x300.jpg\" alt=\"leggings de ioga sem costura para levantamento de quadril grosso puro feminino\" width=\"300\" height=\"300\" title=\"\" srcset=\"https:\/\/yume-silm.com\/wp-content\/uploads\/2024\/08\/Womens-Pure-Thick-Hip-Lifting-Seamless-Yoga-Leggings-army-green-300x300.jpg 300w, https:\/\/yume-silm.com\/wp-content\/uploads\/2024\/08\/Womens-Pure-Thick-Hip-Lifting-Seamless-Yoga-Leggings-army-green-150x150.jpg 150w, https:\/\/yume-silm.com\/wp-content\/uploads\/2024\/08\/Womens-Pure-Thick-Hip-Lifting-Seamless-Yoga-Leggings-army-green-12x12.jpg 12w, https:\/\/yume-silm.com\/wp-content\/uploads\/2024\/08\/Womens-Pure-Thick-Hip-Lifting-Seamless-Yoga-Leggings-army-green-100x100.jpg 100w, https:\/\/yume-silm.com\/wp-content\/uploads\/2024\/08\/Womens-Pure-Thick-Hip-Lifting-Seamless-Yoga-Leggings-army-green.jpg 600w\" sizes=\"(max-width: 300px) 100vw, 300px\" \/><\/a><\/p>\n<h6><em>Cal\u00e7as femininas de ioga el\u00e1sticas de cintura alta<\/em><\/h6>\n<ul>\n<li>Estas cal\u00e7as de ioga el\u00e1sticas de cintura alta femininas t\u00eam uma cintura larga para controlar melhor o abd\u00f4men. A alta elasticidade permite que voc\u00ea continue se exercitando sem se preocupar com sua apar\u00eancia e se ajusta perfeitamente \u00e0s curvas do corpo.<\/li>\n<\/ul>","protected":false},"excerpt":{"rendered":"<p>Estas leggings femininas de ioga sem costura com levantamento de quadril grosso e puro s\u00e3o feitas de tecido macio e respir\u00e1vel, secagem r\u00e1pida, absor\u00e7\u00e3o de umidade, super el\u00e1stica, ajusta-se melhor \u00e0 curva do corpo e mostra a figura perfeita.<\/p>","protected":false},"featured_media":10048,"comment_status":"open","ping_status":"closed","template":"","meta":{"site-sidebar-layout":"default","site-content-layout":"","ast-site-content-layout":"default","site-content-style":"default","site-sidebar-style":"default","ast-global-header-display":"","ast-banner-title-visibility":"","ast-main-header-display":"","ast-hfb-above-header-display":"","ast-hfb-below-header-display":"","ast-hfb-mobile-header-display":"","site-post-title":"","ast-breadcrumbs-content":"","ast-featured-img":"","footer-sml-layout":"","ast-disable-related-posts":"","theme-transparent-header-meta":"default","adv-header-id-meta":"","stick-header-meta":"default","header-above-stick-meta":"","header-main-stick-meta":"","header-below-stick-meta":"","astra-migrate-meta-layouts":"set","ast-page-background-enabled":"default","ast-page-background-meta":{"desktop":{"background-color":"","background-image":"","background-repeat":"repeat","background-position":"center center","background-size":"auto","background-attachment":"scroll","background-type":"","background-media":"","overlay-type":"","overlay-color":"","overlay-opacity":"","overlay-gradient":""},"tablet":{"background-color":"","background-image":"","background-repeat":"repeat","background-position":"center center","background-size":"auto","background-attachment":"scroll","background-type":"","background-media":"","overlay-type":"","overlay-color":"","overlay-opacity":"","overlay-gradient":""},"mobile":{"background-color":"","background-image":"","background-repeat":"repeat","background-position":"center center","background-size":"auto","background-attachment":"scroll","background-type":"","background-media":"","overlay-type":"","overlay-color":"","overlay-opacity":"","overlay-gradient":""}},"ast-content-background-meta":{"desktop":{"background-color":"var(--ast-global-color-5)","background-image":"","background-repeat":"repeat","background-position":"center center","background-size":"auto","background-attachment":"scroll","background-type":"","background-media":"","overlay-type":"","overlay-color":"","overlay-opacity":"","overlay-gradient":""},"tablet":{"background-color":"var(--ast-global-color-5)","background-image":"","background-repeat":"repeat","background-position":"center center","background-size":"auto","background-attachment":"scroll","background-type":"","background-media":"","overlay-type":"","overlay-color":"","overlay-opacity":"","overlay-gradient":""},"mobile":{"background-color":"var(--ast-global-color-5)","background-image":"","background-repeat":"repeat","background-position":"center center","background-size":"auto","background-attachment":"scroll","background-type":"","background-media":"","overlay-type":"","overlay-color":"","overlay-opacity":"","overlay-gradient":""}}},"product_brand":[],"product_cat":[734,65,76,737],"product_tag":[494,646,791,139,811,809,790,491,808,687,812,810,500,779],"class_list":{"0":"post-10046","1":"product","2":"type-product","3":"status-publish","4":"has-post-thumbnail","6":"product_cat-yoga-suits","7":"product_cat-best-sellers","8":"product_cat-new-arrivels","9":"product_cat-yoga-leggings","10":"product_tag-body-shaper","11":"product_tag-comfortable","12":"product_tag-elastic","13":"product_tag-high-waist","14":"product_tag-hip-lifting","15":"product_tag-pure","16":"product_tag-quick-drying","17":"product_tag-seamless","18":"product_tag-sliming","19":"product_tag-soft","20":"product_tag-streamlined","21":"product_tag-thick","22":"product_tag-tummy-control","23":"product_tag-yoga-leggings","24":"pa_color-armygreen","25":"pa_color-black","26":"pa_color-brown","27":"pa_color-coffee","28":"pa_color-dark-blue","29":"pa_color-dark-grey","30":"pa_color-light-brown","31":"pa_color-light-grey","32":"pa_size-l","33":"pa_size-m","34":"pa_size-s","35":"pa_size-xl","36":"desktop-align-center","37":"tablet-align-left","38":"mobile-align-left","39":"ast-product-gallery-layout-horizontal-slider","40":"ast-product-single-variable","41":"ast-product-tabs-layout-horizontal","42":"ast-qv-on-image","44":"first","45":"instock","46":"shipping-taxable","47":"purchasable","48":"product-type-variable"},"tiered_pricing_type":"fixed","tiered_pricing_fixed_rules":{"5":4.55,"50":4.2,"100":3.85},"tiered_pricing_product_settings":{"layout":"default","base_unit_name":{"singular":null,"plural":null},"default_variation":null},"tiered_pricing_minimum_quantity":null,"tiered_pricing_roles_data":[],"tiered_pricing_percentage_rules":[],"_links":{"self":[{"href":"https:\/\/yume-silm.com\/pt\/wp-json\/wp\/v2\/product\/10046","targetHints":{"allow":["GET"]}}],"collection":[{"href":"https:\/\/yume-silm.com\/pt\/wp-json\/wp\/v2\/product"}],"about":[{"href":"https:\/\/yume-silm.com\/pt\/wp-json\/wp\/v2\/types\/product"}],"replies":[{"embeddable":true,"href":"https:\/\/yume-silm.com\/pt\/wp-json\/wp\/v2\/comments?post=10046"}],"wp:featuredmedia":[{"embeddable":true,"href":"https:\/\/yume-silm.com\/pt\/wp-json\/wp\/v2\/media\/10048"}],"wp:attachment":[{"href":"https:\/\/yume-silm.com\/pt\/wp-json\/wp\/v2\/media?parent=10046"}],"wp:term":[{"taxonomy":"product_brand","embeddable":true,"href":"https:\/\/yume-silm.com\/pt\/wp-json\/wp\/v2\/product_brand?post=10046"},{"taxonomy":"product_cat","embeddable":true,"href":"https:\/\/yume-silm.com\/pt\/wp-json\/wp\/v2\/product_cat?post=10046"},{"taxonomy":"product_tag","embeddable":true,"href":"https:\/\/yume-silm.com\/pt\/wp-json\/wp\/v2\/product_tag?post=10046"}],"curies":[{"name":"wp","href":"https:\/\/api.w.org\/{rel}","templated":true}]}}