{"id":10103,"date":"2024-08-06T08:05:02","date_gmt":"2024-08-06T08:05:02","guid":{"rendered":"https:\/\/yume-silm.com\/?post_type=product&#038;p=10103"},"modified":"2024-08-06T08:22:15","modified_gmt":"2024-08-06T08:22:15","slug":"shorts-femininos-de-ioga-com-cintura-alta-e-controle-de-barriga-com-nervuras","status":"publish","type":"product","link":"https:\/\/yume-silm.com\/pt\/produto\/shorts-femininos-de-ioga-com-cintura-alta-e-controle-de-barriga-com-nervuras\/","title":{"rendered":"Shorts femininos de ioga com cintura alta e controle de barriga com nervuras"},"content":{"rendered":"<h5>Caracter\u00edsticas de design<\/h5>\n<ul>\n<li><strong>ABSOR\u00c7\u00c3O DE UMIDADE:<\/strong> Estes shorts femininos de cintura alta com nervuras para controle de barriga s\u00e3o respir\u00e1veis com o c\u00f3s canelado largo de suporte e o tecido que absorve a umidade de secagem r\u00e1pida para mant\u00ea-lo seco durante o exerc\u00edcio.<\/li>\n<li><strong>ALTA ELASTICIDADE:<\/strong> Essas cal\u00e7as de ioga sem costura s\u00e3o el\u00e1sticas nas quatro dire\u00e7\u00f5es, \u00e0 prova de suor, feitas de tecido respir\u00e1vel e macio com forte elasticidade, que pode proporcionar melhor conforto e prote\u00e7\u00e3o em diversas poses e movimentos.<\/li>\n<li><strong>ANTI-FRIC\u00c7\u00c3O:<\/strong> O desenho triangular da virilha oferece mais espa\u00e7o para mudar de postura e evita atrito com as coxas. Ao mesmo tempo, a virilha refor\u00e7ada proporciona suporte, conforto e apar\u00eancia aerodin\u00e2mica para mulheres com pernas grossas.<\/li>\n<li><strong>CONTROLE DE CINTURA ALTA E BARRIGA:<\/strong> Estes shorts femininos de ioga com cintura alta com controle de barriga s\u00e3o feitos de tecido de camada dupla e tecido macio respir\u00e1vel, s\u00e3o mais macios, agrad\u00e1veis \u00e0 pele e respir\u00e1veis, enquanto fixam voc\u00ea na posi\u00e7\u00e3o certa. Molde melhor sua curva de quadril charmosa e sexy.<\/li>\n<\/ul>\n<p><a href=\"https:\/\/yume-silm.com\/wp-content\/uploads\/2024\/08\/Womens-Ribbed-Tummy-Control-High-Waist-Yoga-Shorts-light-coffee.jpg\"><img fetchpriority=\"high\" decoding=\"async\" class=\"alignnone wp-image-10135 size-medium\" src=\"https:\/\/yume-silm.com\/wp-content\/uploads\/2024\/08\/Womens-Ribbed-Tummy-Control-High-Waist-Yoga-Shorts-light-coffee-300x300.jpg\" alt=\"shorts de ioga de cintura alta com controle de barriga canelado feminino\" width=\"300\" height=\"300\" title=\"\" srcset=\"https:\/\/yume-silm.com\/wp-content\/uploads\/2024\/08\/Womens-Ribbed-Tummy-Control-High-Waist-Yoga-Shorts-light-coffee-300x300.jpg 300w, https:\/\/yume-silm.com\/wp-content\/uploads\/2024\/08\/Womens-Ribbed-Tummy-Control-High-Waist-Yoga-Shorts-light-coffee-150x150.jpg 150w, https:\/\/yume-silm.com\/wp-content\/uploads\/2024\/08\/Womens-Ribbed-Tummy-Control-High-Waist-Yoga-Shorts-light-coffee-12x12.jpg 12w, https:\/\/yume-silm.com\/wp-content\/uploads\/2024\/08\/Womens-Ribbed-Tummy-Control-High-Waist-Yoga-Shorts-light-coffee-100x100.jpg 100w, https:\/\/yume-silm.com\/wp-content\/uploads\/2024\/08\/Womens-Ribbed-Tummy-Control-High-Waist-Yoga-Shorts-light-coffee.jpg 600w\" sizes=\"(max-width: 300px) 100vw, 300px\" \/><\/a><a href=\"https:\/\/yume-silm.com\/wp-content\/uploads\/2024\/08\/Womens-Ribbed-Tummy-Control-High-Waist-Yoga-Shorts-brown-1.jpg\"><img decoding=\"async\" class=\"alignnone wp-image-10133 size-medium\" src=\"https:\/\/yume-silm.com\/wp-content\/uploads\/2024\/08\/Womens-Ribbed-Tummy-Control-High-Waist-Yoga-Shorts-brown-1-300x300.jpg\" alt=\"shorts de ioga de cintura alta com controle de barriga canelado feminino\" width=\"300\" height=\"300\" title=\"\" srcset=\"https:\/\/yume-silm.com\/wp-content\/uploads\/2024\/08\/Womens-Ribbed-Tummy-Control-High-Waist-Yoga-Shorts-brown-1-300x300.jpg 300w, https:\/\/yume-silm.com\/wp-content\/uploads\/2024\/08\/Womens-Ribbed-Tummy-Control-High-Waist-Yoga-Shorts-brown-1-150x150.jpg 150w, https:\/\/yume-silm.com\/wp-content\/uploads\/2024\/08\/Womens-Ribbed-Tummy-Control-High-Waist-Yoga-Shorts-brown-1-12x12.jpg 12w, https:\/\/yume-silm.com\/wp-content\/uploads\/2024\/08\/Womens-Ribbed-Tummy-Control-High-Waist-Yoga-Shorts-brown-1-100x100.jpg 100w, https:\/\/yume-silm.com\/wp-content\/uploads\/2024\/08\/Womens-Ribbed-Tummy-Control-High-Waist-Yoga-Shorts-brown-1.jpg 600w\" sizes=\"(max-width: 300px) 100vw, 300px\" \/><\/a><\/p>\n<h6><em>Cal\u00e7as femininas de ioga para levantamento de bunda sem costura<\/em><\/h6>\n<ul>\n<li>Estas cal\u00e7as de ioga para levantamento de bumbum sem costura femininas podem ajudar melhor seu corpo a obter melhores efeitos de levantamento de barriga e bumbum. \u00c9 feito de tecido de alta elasticidade, macio e respir\u00e1vel, que pode evitar melhor a transpar\u00eancia e aumentar sua confian\u00e7a.<\/li>\n<\/ul>","protected":false},"excerpt":{"rendered":"<p>Imagine usar nossos shorts femininos de ioga com cintura alta com controle de barriga, feitos de tecido de alta elasticidade e respir\u00e1vel, proporcionando m\u00e1xima prote\u00e7\u00e3o e conforto, al\u00e9m de m\u00e1ximo suporte. Em dias bonitos, voc\u00ea parecer\u00e1 mais jovem e com mais energia ao usar esses shorts casuais.<\/p>","protected":false},"featured_media":10104,"comment_status":"open","ping_status":"closed","template":"","meta":{"site-sidebar-layout":"default","site-content-layout":"","ast-site-content-layout":"default","site-content-style":"default","site-sidebar-style":"default","ast-global-header-display":"","ast-banner-title-visibility":"","ast-main-header-display":"","ast-hfb-above-header-display":"","ast-hfb-below-header-display":"","ast-hfb-mobile-header-display":"","site-post-title":"","ast-breadcrumbs-content":"","ast-featured-img":"","footer-sml-layout":"","ast-disable-related-posts":"","theme-transparent-header-meta":"default","adv-header-id-meta":"","stick-header-meta":"default","header-above-stick-meta":"","header-main-stick-meta":"","header-below-stick-meta":"","astra-migrate-meta-layouts":"set","ast-page-background-enabled":"default","ast-page-background-meta":{"desktop":{"background-color":"","background-image":"","background-repeat":"repeat","background-position":"center center","background-size":"auto","background-attachment":"scroll","background-type":"","background-media":"","overlay-type":"","overlay-color":"","overlay-opacity":"","overlay-gradient":""},"tablet":{"background-color":"","background-image":"","background-repeat":"repeat","background-position":"center center","background-size":"auto","background-attachment":"scroll","background-type":"","background-media":"","overlay-type":"","overlay-color":"","overlay-opacity":"","overlay-gradient":""},"mobile":{"background-color":"","background-image":"","background-repeat":"repeat","background-position":"center center","background-size":"auto","background-attachment":"scroll","background-type":"","background-media":"","overlay-type":"","overlay-color":"","overlay-opacity":"","overlay-gradient":""}},"ast-content-background-meta":{"desktop":{"background-color":"var(--ast-global-color-5)","background-image":"","background-repeat":"repeat","background-position":"center center","background-size":"auto","background-attachment":"scroll","background-type":"","background-media":"","overlay-type":"","overlay-color":"","overlay-opacity":"","overlay-gradient":""},"tablet":{"background-color":"var(--ast-global-color-5)","background-image":"","background-repeat":"repeat","background-position":"center center","background-size":"auto","background-attachment":"scroll","background-type":"","background-media":"","overlay-type":"","overlay-color":"","overlay-opacity":"","overlay-gradient":""},"mobile":{"background-color":"var(--ast-global-color-5)","background-image":"","background-repeat":"repeat","background-position":"center center","background-size":"auto","background-attachment":"scroll","background-type":"","background-media":"","overlay-type":"","overlay-color":"","overlay-opacity":"","overlay-gradient":""}}},"product_brand":[],"product_cat":[65,76,734,737],"product_tag":[492,686,699,693,139,491,816,810,500,815],"class_list":{"0":"post-10103","1":"product","2":"type-product","3":"status-publish","4":"has-post-thumbnail","6":"product_cat-best-sellers","7":"product_cat-new-arrivels","8":"product_cat-yoga-suits","9":"product_cat-yoga-leggings","10":"product_tag-breathable","11":"product_tag-butt-lifter","12":"product_tag-comfort","13":"product_tag-high-elastic","14":"product_tag-high-waist","15":"product_tag-seamless","16":"product_tag-sweat-proof","17":"product_tag-thick","18":"product_tag-tummy-control","19":"product_tag-yoga-shorts","20":"pa_color-beige","21":"pa_color-black","22":"pa_color-bluegrey","23":"pa_color-brown","24":"pa_color-dark-coffee","25":"pa_color-light-coffee","26":"pa_size-l","27":"pa_size-m","28":"pa_size-s","29":"desktop-align-center","30":"tablet-align-left","31":"mobile-align-left","32":"ast-product-gallery-layout-horizontal-slider","33":"ast-product-single-variable","34":"ast-product-tabs-layout-horizontal","35":"ast-qv-on-image","37":"first","38":"instock","39":"shipping-taxable","40":"purchasable","41":"product-type-variable"},"tiered_pricing_type":"fixed","tiered_pricing_fixed_rules":{"5":5.8,"50":5,"100":4.2},"tiered_pricing_product_settings":{"layout":"default","base_unit_name":{"singular":null,"plural":null},"default_variation":null},"tiered_pricing_minimum_quantity":null,"tiered_pricing_roles_data":[],"tiered_pricing_percentage_rules":[],"_links":{"self":[{"href":"https:\/\/yume-silm.com\/pt\/wp-json\/wp\/v2\/product\/10103","targetHints":{"allow":["GET"]}}],"collection":[{"href":"https:\/\/yume-silm.com\/pt\/wp-json\/wp\/v2\/product"}],"about":[{"href":"https:\/\/yume-silm.com\/pt\/wp-json\/wp\/v2\/types\/product"}],"replies":[{"embeddable":true,"href":"https:\/\/yume-silm.com\/pt\/wp-json\/wp\/v2\/comments?post=10103"}],"wp:featuredmedia":[{"embeddable":true,"href":"https:\/\/yume-silm.com\/pt\/wp-json\/wp\/v2\/media\/10104"}],"wp:attachment":[{"href":"https:\/\/yume-silm.com\/pt\/wp-json\/wp\/v2\/media?parent=10103"}],"wp:term":[{"taxonomy":"product_brand","embeddable":true,"href":"https:\/\/yume-silm.com\/pt\/wp-json\/wp\/v2\/product_brand?post=10103"},{"taxonomy":"product_cat","embeddable":true,"href":"https:\/\/yume-silm.com\/pt\/wp-json\/wp\/v2\/product_cat?post=10103"},{"taxonomy":"product_tag","embeddable":true,"href":"https:\/\/yume-silm.com\/pt\/wp-json\/wp\/v2\/product_tag?post=10103"}],"curies":[{"name":"wp","href":"https:\/\/api.w.org\/{rel}","templated":true}]}}