{"id":10137,"date":"2024-08-07T08:10:32","date_gmt":"2024-08-07T08:10:32","guid":{"rendered":"https:\/\/yume-silm.com\/?post_type=product&#038;p=10137"},"modified":"2025-04-09T00:44:34","modified_gmt":"2025-04-09T00:44:34","slug":"calcas-de-yoga-sem-costura-apertadas-nuas-femininas","status":"publish","type":"product","link":"https:\/\/yume-silm.com\/pt\/produto\/calcas-de-yoga-sem-costura-apertadas-nuas-femininas\/","title":{"rendered":"Cal\u00e7a feminina de ioga justa e sem costura"},"content":{"rendered":"<h5>Caracter\u00edsticas de design<\/h5>\n<ul>\n<li><strong>ALTO ESTIRAMENTO:<\/strong>Estas cal\u00e7as femininas de ioga justas e sem costura t\u00eam elasticidade nas quatro dire\u00e7\u00f5es e n\u00e3o s\u00e3o transparentes, feitas de tecido macio e respir\u00e1vel com forte resili\u00eancia, projetadas para proporcionar melhor conforto ao fazer grandes movimentos.<\/li>\n<li><strong>VIRILHA ESPECIAL:<\/strong> Estas cal\u00e7as de ioga justas e sem costura femininas adotam um design especial de virilha, que permite minimizar o atrito e maximizar o conforto ao agachar, dobrar e torcer livremente.<\/li>\n<li><strong>PROJETO DE ELEVA\u00c7\u00c3O DO QUADRIL:<\/strong> As cal\u00e7as justas de ioga sem costura com design de cintura alta e c\u00f3s largo proporcionam um ajuste suave e seguro, mostrando perfeitamente sua figura. Eles simplificam seus quadris, combinados com secagem r\u00e1pida, absor\u00e7\u00e3o de umidade, super elasticidade, muito confort\u00e1veis e macios, ajustando-se \u00e0 curva do seu corpo.<\/li>\n<li><strong>OCASI\u00c3O:<\/strong>Os shorts de ioga t\u00eam design moderno e simples e podem ser usados em diversas ocasi\u00f5es, como academia, corrida, ioga e at\u00e9 mesmo no uso di\u00e1rio, para moldar a curva corporal perfeita para voc\u00ea.<\/li>\n<\/ul>\n<p><a href=\"https:\/\/yume-silm.com\/wp-content\/uploads\/2024\/08\/Womens-Nude-Tight-Seamless-Yoga-Pants-2.jpg\"><img fetchpriority=\"high\" decoding=\"async\" class=\"alignnone wp-image-10139 size-medium\" src=\"https:\/\/yume-silm.com\/wp-content\/uploads\/2024\/08\/Womens-Nude-Tight-Seamless-Yoga-Pants-2-300x300.jpg\" alt=\"cal\u00e7as de yoga justas sem costura nude femininas\" width=\"300\" height=\"300\" title=\"\" srcset=\"https:\/\/yume-silm.com\/wp-content\/uploads\/2024\/08\/Womens-Nude-Tight-Seamless-Yoga-Pants-2-300x300.jpg 300w, https:\/\/yume-silm.com\/wp-content\/uploads\/2024\/08\/Womens-Nude-Tight-Seamless-Yoga-Pants-2-150x150.jpg 150w, https:\/\/yume-silm.com\/wp-content\/uploads\/2024\/08\/Womens-Nude-Tight-Seamless-Yoga-Pants-2-768x768.jpg 768w, https:\/\/yume-silm.com\/wp-content\/uploads\/2024\/08\/Womens-Nude-Tight-Seamless-Yoga-Pants-2-12x12.jpg 12w, https:\/\/yume-silm.com\/wp-content\/uploads\/2024\/08\/Womens-Nude-Tight-Seamless-Yoga-Pants-2-100x100.jpg 100w, https:\/\/yume-silm.com\/wp-content\/uploads\/2024\/08\/Womens-Nude-Tight-Seamless-Yoga-Pants-2.jpg 800w\" sizes=\"(max-width: 300px) 100vw, 300px\" \/><\/a><a href=\"https:\/\/yume-silm.com\/wp-content\/uploads\/2024\/08\/Womens-Nude-Tight-Seamless-Yoga-Pants-1.jpg\"><img decoding=\"async\" class=\"alignnone wp-image-10138 size-medium\" src=\"https:\/\/yume-silm.com\/wp-content\/uploads\/2024\/08\/Womens-Nude-Tight-Seamless-Yoga-Pants-1-300x300.jpg\" alt=\"cal\u00e7as de yoga justas sem costura nude femininas\" width=\"300\" height=\"300\" title=\"\" srcset=\"https:\/\/yume-silm.com\/wp-content\/uploads\/2024\/08\/Womens-Nude-Tight-Seamless-Yoga-Pants-1-300x300.jpg 300w, https:\/\/yume-silm.com\/wp-content\/uploads\/2024\/08\/Womens-Nude-Tight-Seamless-Yoga-Pants-1-150x150.jpg 150w, https:\/\/yume-silm.com\/wp-content\/uploads\/2024\/08\/Womens-Nude-Tight-Seamless-Yoga-Pants-1-768x768.jpg 768w, https:\/\/yume-silm.com\/wp-content\/uploads\/2024\/08\/Womens-Nude-Tight-Seamless-Yoga-Pants-1-12x12.jpg 12w, https:\/\/yume-silm.com\/wp-content\/uploads\/2024\/08\/Womens-Nude-Tight-Seamless-Yoga-Pants-1-100x100.jpg 100w, https:\/\/yume-silm.com\/wp-content\/uploads\/2024\/08\/Womens-Nude-Tight-Seamless-Yoga-Pants-1.jpg 800w\" sizes=\"(max-width: 300px) 100vw, 300px\" \/><\/a><\/p>\n<h6><em>Cal\u00e7a feminina de ioga cor de p\u00eassego com cintura alta e cintura alta<\/em><\/h6>\n<ul>\n<li>Usando essas cal\u00e7as de ioga p\u00eassego justas de cintura alta femininas, o design de cintura alta pode apertar seu abd\u00f4men e gordura da cintura, e o quadril apertado pode alcan\u00e7ar melhor o efeito de eleva\u00e7\u00e3o do quadril e criar seu pr\u00f3prio quadril p\u00eassego.<\/li>\n<\/ul>","protected":false},"excerpt":{"rendered":"<p>Estas cal\u00e7as de ioga justas e sem costura femininas t\u00eam um cinto largo, que pode controlar melhor seu abd\u00f4men. A alta elasticidade permite que voc\u00ea continue se exercitando sem se preocupar em afetar sua apar\u00eancia, al\u00e9m de se ajustar perfeitamente \u00e0s curvas do seu corpo.<\/p>","protected":false},"featured_media":10140,"comment_status":"open","ping_status":"closed","template":"","meta":{"site-sidebar-layout":"default","site-content-layout":"","ast-site-content-layout":"default","site-content-style":"default","site-sidebar-style":"default","ast-global-header-display":"","ast-banner-title-visibility":"","ast-main-header-display":"","ast-hfb-above-header-display":"","ast-hfb-below-header-display":"","ast-hfb-mobile-header-display":"","site-post-title":"","ast-breadcrumbs-content":"","ast-featured-img":"","footer-sml-layout":"","ast-disable-related-posts":"","theme-transparent-header-meta":"default","adv-header-id-meta":"","stick-header-meta":"default","header-above-stick-meta":"","header-main-stick-meta":"","header-below-stick-meta":"","astra-migrate-meta-layouts":"set","ast-page-background-enabled":"default","ast-page-background-meta":{"desktop":{"background-color":"","background-image":"","background-repeat":"repeat","background-position":"center center","background-size":"auto","background-attachment":"scroll","background-type":"","background-media":"","overlay-type":"","overlay-color":"","overlay-opacity":"","overlay-gradient":""},"tablet":{"background-color":"","background-image":"","background-repeat":"repeat","background-position":"center center","background-size":"auto","background-attachment":"scroll","background-type":"","background-media":"","overlay-type":"","overlay-color":"","overlay-opacity":"","overlay-gradient":""},"mobile":{"background-color":"","background-image":"","background-repeat":"repeat","background-position":"center center","background-size":"auto","background-attachment":"scroll","background-type":"","background-media":"","overlay-type":"","overlay-color":"","overlay-opacity":"","overlay-gradient":""}},"ast-content-background-meta":{"desktop":{"background-color":"var(--ast-global-color-5)","background-image":"","background-repeat":"repeat","background-position":"center center","background-size":"auto","background-attachment":"scroll","background-type":"","background-media":"","overlay-type":"","overlay-color":"","overlay-opacity":"","overlay-gradient":""},"tablet":{"background-color":"var(--ast-global-color-5)","background-image":"","background-repeat":"repeat","background-position":"center center","background-size":"auto","background-attachment":"scroll","background-type":"","background-media":"","overlay-type":"","overlay-color":"","overlay-opacity":"","overlay-gradient":""},"mobile":{"background-color":"var(--ast-global-color-5)","background-image":"","background-repeat":"repeat","background-position":"center center","background-size":"auto","background-attachment":"scroll","background-type":"","background-media":"","overlay-type":"","overlay-color":"","overlay-opacity":"","overlay-gradient":""}}},"product_brand":[],"product_cat":[734,65,76,737],"product_tag":[747,492,646,460,139,811,819,818,817,790,687,654],"class_list":{"0":"post-10137","1":"product","2":"type-product","3":"status-publish","4":"has-post-thumbnail","6":"product_cat-yoga-suits","7":"product_cat-best-sellers","8":"product_cat-new-arrivels","9":"product_cat-yoga-leggings","10":"product_tag-abdomen","11":"product_tag-breathable","12":"product_tag-comfortable","13":"product_tag-high-elasticity","14":"product_tag-high-waist","15":"product_tag-hip-lifting","16":"product_tag-large-movements","17":"product_tag-nude","18":"product_tag-peach-yoga-pants","19":"product_tag-quick-drying","20":"product_tag-soft","21":"product_tag-tight","22":"pa_color-blue","23":"pa_color-claret","24":"pa_color-dark-blue","25":"pa_color-green","26":"pa_color-orange","27":"pa_color-purple","28":"pa_color-red","29":"pa_color-rose-red","30":"pa_color-yellow","31":"pa_size-l","32":"pa_size-m","33":"pa_size-s","34":"pa_size-xl","35":"desktop-align-center","36":"tablet-align-left","37":"mobile-align-left","38":"ast-product-gallery-layout-horizontal-slider","39":"ast-product-single-variable","40":"ast-product-tabs-layout-horizontal","41":"ast-qv-on-image","43":"first","44":"instock","45":"shipping-taxable","46":"purchasable","47":"product-type-variable"},"tiered_pricing_type":"fixed","tiered_pricing_fixed_rules":{"5":4.25,"50":3.65,"100":3.1},"tiered_pricing_product_settings":{"layout":"default","base_unit_name":{"singular":null,"plural":null},"default_variation":null},"tiered_pricing_minimum_quantity":null,"tiered_pricing_roles_data":[],"tiered_pricing_percentage_rules":[],"_links":{"self":[{"href":"https:\/\/yume-silm.com\/pt\/wp-json\/wp\/v2\/product\/10137","targetHints":{"allow":["GET"]}}],"collection":[{"href":"https:\/\/yume-silm.com\/pt\/wp-json\/wp\/v2\/product"}],"about":[{"href":"https:\/\/yume-silm.com\/pt\/wp-json\/wp\/v2\/types\/product"}],"replies":[{"embeddable":true,"href":"https:\/\/yume-silm.com\/pt\/wp-json\/wp\/v2\/comments?post=10137"}],"wp:featuredmedia":[{"embeddable":true,"href":"https:\/\/yume-silm.com\/pt\/wp-json\/wp\/v2\/media\/10140"}],"wp:attachment":[{"href":"https:\/\/yume-silm.com\/pt\/wp-json\/wp\/v2\/media?parent=10137"}],"wp:term":[{"taxonomy":"product_brand","embeddable":true,"href":"https:\/\/yume-silm.com\/pt\/wp-json\/wp\/v2\/product_brand?post=10137"},{"taxonomy":"product_cat","embeddable":true,"href":"https:\/\/yume-silm.com\/pt\/wp-json\/wp\/v2\/product_cat?post=10137"},{"taxonomy":"product_tag","embeddable":true,"href":"https:\/\/yume-silm.com\/pt\/wp-json\/wp\/v2\/product_tag?post=10137"}],"curies":[{"name":"wp","href":"https:\/\/api.w.org\/{rel}","templated":true}]}}