{"id":10324,"date":"2024-08-08T05:37:46","date_gmt":"2024-08-08T05:37:46","guid":{"rendered":"https:\/\/yume-silm.com\/?post_type=product&#038;p=10324"},"modified":"2025-05-26T00:36:33","modified_gmt":"2025-05-26T00:36:33","slug":"faja-feminina-no-meio-da-coxa-sem-costura","status":"publish","type":"product","link":"https:\/\/yume-silm.com\/pt\/produto\/faja-feminina-no-meio-da-coxa-sem-costura\/","title":{"rendered":"Modelador de corpo sem costura feminino Faja meio da coxa com levantamento de bunda"},"content":{"rendered":"<h5>Caracter\u00edsticas de design<\/h5>\n<ul>\n<li><strong> CONTROLE ABDOMINAL:<\/strong>Este modelador de corpo sem costura faja no meio da coxa feminino aperta seu n\u00facleo, apoia seu peito, aperta sua cintura e apara suas coxas. Ajuda voc\u00ea a perder cent\u00edmetros da cintura e abd\u00f4men em segundos.<\/li>\n<li><strong>PROJETO DE ELEVA\u00c7\u00c3O DO QUADRIL:<\/strong> O modelador de corpo sem costura para levantamento de bunda tem um design de malha nos quadris que \u00e9 fino, respir\u00e1vel e super el\u00e1stico, que pode caber mais pr\u00f3ximo \u00e0 sua cintura e tem um design de cintura alta para lhe dar uma figura mais esbelta.<\/li>\n<li><strong>REUNI\u00c3O:<\/strong> O modelador de corpo sem costura meio justo feito de tecido respir\u00e1vel, macio, confort\u00e1vel e adequado para a pele, pode deixar sua curva de cintura mais tridimensional e deixar seus quadris mais charmosos.<\/li>\n<li><strong>PROJETO SEM EMENDA:<\/strong>O modelador de corpo sem costura faja no meio da coxa feminino apresenta tecido de malha sem costura, um corte de cintura alta lisonjeiro e sombreamento que melhora o corpo para se ajustar ao seu corpo no seu melhor, dando-lhe mais confian\u00e7a.<\/li>\n<\/ul>\n<h6><a href=\"https:\/\/yume-silm.com\/wp-content\/uploads\/2024\/08\/Womens-Faja-Mid-Thigh-Butt-Lift-Seamless-Body-Shaper-2.jpg\"><img fetchpriority=\"high\" decoding=\"async\" class=\"alignnone wp-image-10326 size-medium\" src=\"https:\/\/yume-silm.com\/wp-content\/uploads\/2024\/08\/Womens-Faja-Mid-Thigh-Butt-Lift-Seamless-Body-Shaper-2-300x300.jpg\" alt=\"modelador de corpo sem costura para levantamento de bumbum na altura do meio da coxa feminino\" width=\"300\" height=\"300\" title=\"\" srcset=\"https:\/\/yume-silm.com\/wp-content\/uploads\/2024\/08\/Womens-Faja-Mid-Thigh-Butt-Lift-Seamless-Body-Shaper-2-300x300.jpg 300w, https:\/\/yume-silm.com\/wp-content\/uploads\/2024\/08\/Womens-Faja-Mid-Thigh-Butt-Lift-Seamless-Body-Shaper-2-150x150.jpg 150w, https:\/\/yume-silm.com\/wp-content\/uploads\/2024\/08\/Womens-Faja-Mid-Thigh-Butt-Lift-Seamless-Body-Shaper-2-12x12.jpg 12w, https:\/\/yume-silm.com\/wp-content\/uploads\/2024\/08\/Womens-Faja-Mid-Thigh-Butt-Lift-Seamless-Body-Shaper-2-100x100.jpg 100w, https:\/\/yume-silm.com\/wp-content\/uploads\/2024\/08\/Womens-Faja-Mid-Thigh-Butt-Lift-Seamless-Body-Shaper-2.jpg 600w\" sizes=\"(max-width: 300px) 100vw, 300px\" \/><\/a><a href=\"https:\/\/yume-silm.com\/wp-content\/uploads\/2024\/08\/Womens-Faja-Mid-Thigh-Butt-Lift-Seamless-Body-Shaper-1.jpg\"><img decoding=\"async\" class=\"alignnone wp-image-10325 size-medium\" src=\"https:\/\/yume-silm.com\/wp-content\/uploads\/2024\/08\/Womens-Faja-Mid-Thigh-Butt-Lift-Seamless-Body-Shaper-1-300x300.jpg\" alt=\"modelador de corpo sem costura para levantamento de bumbum na altura do meio da coxa feminino\" width=\"300\" height=\"300\" title=\"\" srcset=\"https:\/\/yume-silm.com\/wp-content\/uploads\/2024\/08\/Womens-Faja-Mid-Thigh-Butt-Lift-Seamless-Body-Shaper-1-300x300.jpg 300w, https:\/\/yume-silm.com\/wp-content\/uploads\/2024\/08\/Womens-Faja-Mid-Thigh-Butt-Lift-Seamless-Body-Shaper-1-150x150.jpg 150w, https:\/\/yume-silm.com\/wp-content\/uploads\/2024\/08\/Womens-Faja-Mid-Thigh-Butt-Lift-Seamless-Body-Shaper-1-12x12.jpg 12w, https:\/\/yume-silm.com\/wp-content\/uploads\/2024\/08\/Womens-Faja-Mid-Thigh-Butt-Lift-Seamless-Body-Shaper-1-100x100.jpg 100w, https:\/\/yume-silm.com\/wp-content\/uploads\/2024\/08\/Womens-Faja-Mid-Thigh-Butt-Lift-Seamless-Body-Shaper-1.jpg 600w\" sizes=\"(max-width: 300px) 100vw, 300px\" \/><\/a><br \/>\n<em>Shapewear de corpo inteiro com controle de barriga de cintura alta feminina<\/em><\/h6>\n<ul>\n<li>O design de cintura alta pode fornecer press\u00e3o de compress\u00e3o moderada para apertar a gordura solta. Pode suavizar a protuber\u00e2ncia da barriga, estreitar a cintura, esconder os caro\u00e7os ou protuber\u00e2ncias no corpo e fazer voc\u00ea parecer mais atraente ao us\u00e1-lo.<\/li>\n<\/ul>","protected":false},"excerpt":{"rendered":"<ul>\n<li>O modelador corporal sem costura Faja para levantamento de bumbum no meio da coxa feminino tem um design ergon\u00f4mico especial com efeito de compress\u00e3o corporal.<\/li>\n<li>Este modelador corporal tem comprimento at\u00e9 o meio da coxa para garantir que n\u00e3o enrole, permitindo que voc\u00ea o use confortavelmente o dia todo.<\/li>\n<\/ul>","protected":false},"featured_media":10358,"comment_status":"open","ping_status":"closed","template":"","meta":{"site-sidebar-layout":"default","site-content-layout":"","ast-site-content-layout":"default","site-content-style":"default","site-sidebar-style":"default","ast-global-header-display":"","ast-banner-title-visibility":"","ast-main-header-display":"","ast-hfb-above-header-display":"","ast-hfb-below-header-display":"","ast-hfb-mobile-header-display":"","site-post-title":"","ast-breadcrumbs-content":"","ast-featured-img":"","footer-sml-layout":"","ast-disable-related-posts":"","theme-transparent-header-meta":"default","adv-header-id-meta":"","stick-header-meta":"default","header-above-stick-meta":"","header-main-stick-meta":"","header-below-stick-meta":"","astra-migrate-meta-layouts":"set","ast-page-background-enabled":"default","ast-page-background-meta":{"desktop":{"background-color":"","background-image":"","background-repeat":"repeat","background-position":"center center","background-size":"auto","background-attachment":"scroll","background-type":"","background-media":"","overlay-type":"","overlay-color":"","overlay-opacity":"","overlay-gradient":""},"tablet":{"background-color":"","background-image":"","background-repeat":"repeat","background-position":"center center","background-size":"auto","background-attachment":"scroll","background-type":"","background-media":"","overlay-type":"","overlay-color":"","overlay-opacity":"","overlay-gradient":""},"mobile":{"background-color":"","background-image":"","background-repeat":"repeat","background-position":"center center","background-size":"auto","background-attachment":"scroll","background-type":"","background-media":"","overlay-type":"","overlay-color":"","overlay-opacity":"","overlay-gradient":""}},"ast-content-background-meta":{"desktop":{"background-color":"var(--ast-global-color-5)","background-image":"","background-repeat":"repeat","background-position":"center center","background-size":"auto","background-attachment":"scroll","background-type":"","background-media":"","overlay-type":"","overlay-color":"","overlay-opacity":"","overlay-gradient":""},"tablet":{"background-color":"var(--ast-global-color-5)","background-image":"","background-repeat":"repeat","background-position":"center center","background-size":"auto","background-attachment":"scroll","background-type":"","background-media":"","overlay-type":"","overlay-color":"","overlay-opacity":"","overlay-gradient":""},"mobile":{"background-color":"var(--ast-global-color-5)","background-image":"","background-repeat":"repeat","background-position":"center center","background-size":"auto","background-attachment":"scroll","background-type":"","background-media":"","overlay-type":"","overlay-color":"","overlay-opacity":"","overlay-gradient":""}}},"product_brand":[],"product_cat":[65,1071,1072,76,77,1092,79,78,82],"product_tag":[823,825,137,646,489,713,139,824,491],"class_list":{"0":"post-10324","1":"product","2":"type-product","3":"status-publish","4":"has-post-thumbnail","6":"product_cat-best-sellers","7":"product_cat-sale","8":"product_cat-bulk-savings","9":"product_cat-new-arrivels","10":"product_cat-wholesale-womens-shapewear","11":"product_cat-plus-size-shapewear","12":"product_cat-wholesale-seemless-shaperwear","13":"product_cat-wholesale-full-body-shaper","14":"product_cat-wholesale-shapewear-bodysuit","15":"product_tag-abdominal-control","16":"product_tag-bodyshaper","17":"product_tag-butt-lift","18":"product_tag-comfortable","19":"product_tag-compression","20":"product_tag-gather","21":"product_tag-high-waist","22":"product_tag-mid-thigh","23":"product_tag-seamless","24":"pa_color-beige","25":"pa_color-black","26":"pa_color-khaki","27":"pa_size-2xl","28":"pa_size-3xl","29":"pa_size-4xl","30":"pa_size-5xl","31":"pa_size-6xl","32":"pa_size-l","33":"pa_size-m","34":"pa_size-s","35":"pa_size-xl","36":"pa_size-xs","37":"desktop-align-center","38":"tablet-align-left","39":"mobile-align-left","40":"ast-product-gallery-layout-horizontal-slider","41":"ast-product-single-variable","42":"ast-product-tabs-layout-horizontal","43":"ast-qv-on-image","45":"first","46":"instock","47":"shipping-taxable","48":"purchasable","49":"product-type-variable"},"tiered_pricing_type":"fixed","tiered_pricing_fixed_rules":{"10":9.9},"tiered_pricing_product_settings":{"layout":"default","base_unit_name":{"singular":null,"plural":null},"default_variation":null},"tiered_pricing_minimum_quantity":null,"tiered_pricing_roles_data":[],"tiered_pricing_percentage_rules":[],"_links":{"self":[{"href":"https:\/\/yume-silm.com\/pt\/wp-json\/wp\/v2\/product\/10324","targetHints":{"allow":["GET"]}}],"collection":[{"href":"https:\/\/yume-silm.com\/pt\/wp-json\/wp\/v2\/product"}],"about":[{"href":"https:\/\/yume-silm.com\/pt\/wp-json\/wp\/v2\/types\/product"}],"replies":[{"embeddable":true,"href":"https:\/\/yume-silm.com\/pt\/wp-json\/wp\/v2\/comments?post=10324"}],"wp:featuredmedia":[{"embeddable":true,"href":"https:\/\/yume-silm.com\/pt\/wp-json\/wp\/v2\/media\/10358"}],"wp:attachment":[{"href":"https:\/\/yume-silm.com\/pt\/wp-json\/wp\/v2\/media?parent=10324"}],"wp:term":[{"taxonomy":"product_brand","embeddable":true,"href":"https:\/\/yume-silm.com\/pt\/wp-json\/wp\/v2\/product_brand?post=10324"},{"taxonomy":"product_cat","embeddable":true,"href":"https:\/\/yume-silm.com\/pt\/wp-json\/wp\/v2\/product_cat?post=10324"},{"taxonomy":"product_tag","embeddable":true,"href":"https:\/\/yume-silm.com\/pt\/wp-json\/wp\/v2\/product_tag?post=10324"}],"curies":[{"name":"wp","href":"https:\/\/api.w.org\/{rel}","templated":true}]}}