{"id":10432,"date":"2024-08-12T01:54:23","date_gmt":"2024-08-12T01:54:23","guid":{"rendered":"https:\/\/yume-silm.com\/?post_type=product&#038;p=10432"},"modified":"2024-08-19T02:20:34","modified_gmt":"2024-08-19T02:20:34","slug":"regata-masculina-sem-mangas-com-controle-de-barriga","status":"publish","type":"product","link":"https:\/\/yume-silm.com\/pt\/produto\/regata-masculina-sem-mangas-com-controle-de-barriga\/","title":{"rendered":"Regata masculina sem mangas com controle de barriga"},"content":{"rendered":"<h5>Caracter\u00edsticas de design<\/h5>\n<ul>\n<li><strong>PROJETO SEM EMENDA:<\/strong> A regata masculina sem mangas para controle da barriga com design sem costura e design confort\u00e1vel nos ombros, moldagem de uma pe\u00e7a sem costura de 360 graus, sem costura, leve e sem restri\u00e7\u00e3o. Com design ergon\u00f4mico de press\u00e3o leve, ele se ajusta \u00e0 curva do corpo, para que voc\u00ea n\u00e3o consiga detectar quando coloca o modelador corporal perfeito.<\/li>\n<li><strong>DESIGN ABDOMINAL:<\/strong> H\u00e1 camadas duplas de algod\u00e3o el\u00e1stico no abd\u00f4men e na cintura, o que tem um melhor efeito de compress\u00e3o, o que pode efetivamente apertar a cintura, o abd\u00f4men e o peito e suavizar todas as protuber\u00e2ncias.<\/li>\n<li><strong>MELHORAR A POSTURA:<\/strong> Nossa regata masculina de controle de barriga aumentar\u00e1 a tens\u00e3o corporal e reduzir\u00e1 a gordura \u00f3bvia do peito. Usando este colete modelador de corpo masculino, voc\u00ea se sentir\u00e1 mais ereto imediatamente e notar\u00e1 que sua postura melhora com o tempo.<\/li>\n<li><strong>OCASI\u00c3O:<\/strong> Pode ser combinado com qualquer roupa e \u00e9 invis\u00edvel sob todas as roupas, como ternos, camisas formais, moletons, camisetas, camisas polo e su\u00e9teres. Deixe voc\u00ea ser corajoso para fazer o que quiser e torn\u00e1-lo mais confiante.<\/li>\n<\/ul>\n<p><a href=\"https:\/\/yume-silm.com\/wp-content\/uploads\/2024\/08\/Mens-Sleeveless-Tummy-Control-Tank-Top-beige.jpg\"><img fetchpriority=\"high\" decoding=\"async\" class=\"alignnone wp-image-10433 size-medium\" src=\"https:\/\/yume-silm.com\/wp-content\/uploads\/2024\/08\/Mens-Sleeveless-Tummy-Control-Tank-Top-beige-300x300.jpg\" alt=\"regata masculina sem mangas com controle de barriga\" width=\"300\" height=\"300\" title=\"\" srcset=\"https:\/\/yume-silm.com\/wp-content\/uploads\/2024\/08\/Mens-Sleeveless-Tummy-Control-Tank-Top-beige-300x300.jpg 300w, https:\/\/yume-silm.com\/wp-content\/uploads\/2024\/08\/Mens-Sleeveless-Tummy-Control-Tank-Top-beige-150x150.jpg 150w, https:\/\/yume-silm.com\/wp-content\/uploads\/2024\/08\/Mens-Sleeveless-Tummy-Control-Tank-Top-beige-768x768.jpg 768w, https:\/\/yume-silm.com\/wp-content\/uploads\/2024\/08\/Mens-Sleeveless-Tummy-Control-Tank-Top-beige-12x12.jpg 12w, https:\/\/yume-silm.com\/wp-content\/uploads\/2024\/08\/Mens-Sleeveless-Tummy-Control-Tank-Top-beige-100x100.jpg 100w, https:\/\/yume-silm.com\/wp-content\/uploads\/2024\/08\/Mens-Sleeveless-Tummy-Control-Tank-Top-beige.jpg 800w\" sizes=\"(max-width: 300px) 100vw, 300px\" \/><\/a><\/p>\n<h6><em>Top modelador de corpo de compress\u00e3o para homens<\/em><\/h6>\n<ul>\n<li>Este top modelador de compress\u00e3o masculino \u00e9 feito de tecido de compress\u00e3o de camada dupla, o que pode ajudar voc\u00ea a manter um corpo saud\u00e1vel.<\/li>\n<\/ul>","protected":false},"excerpt":{"rendered":"<p>Este top sem mangas masculino de controle de barriga \u00e9 projetado de acordo com a press\u00e3o leve ergon\u00f4mica. A alta elasticidade pode se ajustar melhor \u00e0 sua pele, para que voc\u00ea n\u00e3o sinta sua exist\u00eancia ao usar este colete.<\/p>","protected":false},"featured_media":10434,"comment_status":"open","ping_status":"closed","template":"","meta":{"site-sidebar-layout":"default","site-content-layout":"","ast-site-content-layout":"default","site-content-style":"default","site-sidebar-style":"default","ast-global-header-display":"","ast-banner-title-visibility":"","ast-main-header-display":"","ast-hfb-above-header-display":"","ast-hfb-below-header-display":"","ast-hfb-mobile-header-display":"","site-post-title":"","ast-breadcrumbs-content":"","ast-featured-img":"","footer-sml-layout":"","ast-disable-related-posts":"","theme-transparent-header-meta":"default","adv-header-id-meta":"","stick-header-meta":"default","header-above-stick-meta":"","header-main-stick-meta":"","header-below-stick-meta":"","astra-migrate-meta-layouts":"set","ast-page-background-enabled":"default","ast-page-background-meta":{"desktop":{"background-color":"","background-image":"","background-repeat":"repeat","background-position":"center center","background-size":"auto","background-attachment":"scroll","background-type":"","background-media":"","overlay-type":"","overlay-color":"","overlay-opacity":"","overlay-gradient":""},"tablet":{"background-color":"","background-image":"","background-repeat":"repeat","background-position":"center center","background-size":"auto","background-attachment":"scroll","background-type":"","background-media":"","overlay-type":"","overlay-color":"","overlay-opacity":"","overlay-gradient":""},"mobile":{"background-color":"","background-image":"","background-repeat":"repeat","background-position":"center center","background-size":"auto","background-attachment":"scroll","background-type":"","background-media":"","overlay-type":"","overlay-color":"","overlay-opacity":"","overlay-gradient":""}},"ast-content-background-meta":{"desktop":{"background-color":"var(--ast-global-color-5)","background-image":"","background-repeat":"repeat","background-position":"center center","background-size":"auto","background-attachment":"scroll","background-type":"","background-media":"","overlay-type":"","overlay-color":"","overlay-opacity":"","overlay-gradient":""},"tablet":{"background-color":"var(--ast-global-color-5)","background-image":"","background-repeat":"repeat","background-position":"center center","background-size":"auto","background-attachment":"scroll","background-type":"","background-media":"","overlay-type":"","overlay-color":"","overlay-opacity":"","overlay-gradient":""},"mobile":{"background-color":"var(--ast-global-color-5)","background-image":"","background-repeat":"repeat","background-position":"center center","background-size":"auto","background-attachment":"scroll","background-type":"","background-media":"","overlay-type":"","overlay-color":"","overlay-opacity":"","overlay-gradient":""}}},"product_brand":[],"product_cat":[65,76,85,86,88],"product_tag":[846,646,489,460,845,491,213,535,660,500],"class_list":{"0":"post-10432","1":"product","2":"type-product","3":"status-publish","4":"has-post-thumbnail","6":"product_cat-best-sellers","7":"product_cat-new-arrivels","8":"product_cat-wholesale-mens-shapewear","9":"product_cat-wholesale-men-sliming-vest","10":"product_cat-wholesale-men-t-shirt-shaper","11":"product_tag-abdominal-design","12":"product_tag-comfortable","13":"product_tag-compression","14":"product_tag-high-elasticity","15":"product_tag-light-pressure","16":"product_tag-seamless","17":"product_tag-sleeveless","18":"product_tag-slimming","19":"product_tag-smooth","20":"product_tag-tummy-control","21":"pa_color-beige","22":"pa_color-black","23":"pa_color-white","24":"pa_size-l","25":"pa_size-m","26":"pa_size-xl","27":"desktop-align-center","28":"tablet-align-left","29":"mobile-align-left","30":"ast-product-gallery-layout-horizontal-slider","31":"ast-product-single-variable","32":"ast-product-tabs-layout-horizontal","33":"ast-qv-on-image","35":"first","36":"instock","37":"shipping-taxable","38":"purchasable","39":"product-type-variable"},"tiered_pricing_type":"fixed","tiered_pricing_fixed_rules":{"2":7.25,"50":6.45,"100":5.65},"tiered_pricing_product_settings":{"layout":"default","base_unit_name":{"singular":null,"plural":null},"default_variation":null},"tiered_pricing_minimum_quantity":null,"tiered_pricing_roles_data":[],"tiered_pricing_percentage_rules":[],"_links":{"self":[{"href":"https:\/\/yume-silm.com\/pt\/wp-json\/wp\/v2\/product\/10432","targetHints":{"allow":["GET"]}}],"collection":[{"href":"https:\/\/yume-silm.com\/pt\/wp-json\/wp\/v2\/product"}],"about":[{"href":"https:\/\/yume-silm.com\/pt\/wp-json\/wp\/v2\/types\/product"}],"replies":[{"embeddable":true,"href":"https:\/\/yume-silm.com\/pt\/wp-json\/wp\/v2\/comments?post=10432"}],"wp:featuredmedia":[{"embeddable":true,"href":"https:\/\/yume-silm.com\/pt\/wp-json\/wp\/v2\/media\/10434"}],"wp:attachment":[{"href":"https:\/\/yume-silm.com\/pt\/wp-json\/wp\/v2\/media?parent=10432"}],"wp:term":[{"taxonomy":"product_brand","embeddable":true,"href":"https:\/\/yume-silm.com\/pt\/wp-json\/wp\/v2\/product_brand?post=10432"},{"taxonomy":"product_cat","embeddable":true,"href":"https:\/\/yume-silm.com\/pt\/wp-json\/wp\/v2\/product_cat?post=10432"},{"taxonomy":"product_tag","embeddable":true,"href":"https:\/\/yume-silm.com\/pt\/wp-json\/wp\/v2\/product_tag?post=10432"}],"curies":[{"name":"wp","href":"https:\/\/api.w.org\/{rel}","templated":true}]}}