{"id":10614,"date":"2024-08-21T00:58:57","date_gmt":"2024-08-21T00:58:57","guid":{"rendered":"https:\/\/yume-silm.com\/?post_type=product&#038;p=10614"},"modified":"2024-08-21T01:00:51","modified_gmt":"2024-08-21T01:00:51","slug":"mulheres-respiravel-esportes-oco-emagrecimento-cintura-trainer","status":"publish","type":"product","link":"https:\/\/yume-silm.com\/pt\/produto\/mulheres-respiravel-esportes-oco-emagrecimento-cintura-trainer\/","title":{"rendered":"Mulheres respir\u00e1vel esportes oco emagrecimento cintura trainer"},"content":{"rendered":"<h5>Caracter\u00edsticas de design<\/h5>\n<ul>\n<li><strong>5 FECHOS DE GANCHO E OLHOS:<\/strong> O modelador de cintura feminino respir\u00e1vel esportivo oco \u00e9 atualizado com 5 fechos de gancho e olhal, tornando o suti\u00e3 de l\u00e1tex mais confort\u00e1vel e flex\u00edvel. Voc\u00ea pode ajust\u00e1-lo para um comprimento confort\u00e1vel conforme necess\u00e1rio, adequado para v\u00e1rios est\u00e1gios de perda de peso e pode ser usado em v\u00e1rios est\u00e1gios.<\/li>\n<li><strong>RECUPERA\u00c7\u00c3O P\u00d3S-PARTO:<\/strong> O modelador de cintura \u00e9 uma \u00f3tima pe\u00e7a para acelerar seu retorno \u00e0 forma ap\u00f3s o parto, proporcionando suporte firme para a parte inferior das costas e comprimindo sua barriga com um cinto modelador de cintura ajust\u00e1vel arbitrariamente.<\/li>\n<li><strong>DESIGN DE APOIO NAS COSTAS:<\/strong> Feita de ossos de a\u00e7o altamente el\u00e1sticos de alta qualidade para fornecer suporte para suas costas, bem como press\u00e3o e suporte lombar para seu abd\u00f4men, esta cinta fornecer\u00e1 \u00f3timo suporte e melhorar\u00e1 bem a postura de suas costas.<\/li>\n<li><strong>TECIDO MACIO:<\/strong> Feito de tecido confort\u00e1vel, respir\u00e1vel e el\u00e1stico, f\u00e1cil de lavar, confort\u00e1vel para usar o dia todo e invis\u00edvel sob as roupas do dia a dia.<\/li>\n<\/ul>\n<h6><a href=\"https:\/\/yume-silm.com\/wp-content\/uploads\/2024\/08\/Womens-Breathable-Sports-Hollow-Slimming-Waist-Trainer.png\"><img fetchpriority=\"high\" decoding=\"async\" class=\"alignnone wp-image-10615 size-medium\" src=\"https:\/\/yume-silm.com\/wp-content\/uploads\/2024\/08\/Womens-Breathable-Sports-Hollow-Slimming-Waist-Trainer-300x300.png\" alt=\"treinador de cintura oca esportiva respir\u00e1vel feminino\" width=\"300\" height=\"300\" title=\"\" srcset=\"https:\/\/yume-silm.com\/wp-content\/uploads\/2024\/08\/Womens-Breathable-Sports-Hollow-Slimming-Waist-Trainer-300x300.png 300w, https:\/\/yume-silm.com\/wp-content\/uploads\/2024\/08\/Womens-Breathable-Sports-Hollow-Slimming-Waist-Trainer-150x150.png 150w, https:\/\/yume-silm.com\/wp-content\/uploads\/2024\/08\/Womens-Breathable-Sports-Hollow-Slimming-Waist-Trainer-12x12.png 12w, https:\/\/yume-silm.com\/wp-content\/uploads\/2024\/08\/Womens-Breathable-Sports-Hollow-Slimming-Waist-Trainer-100x100.png 100w, https:\/\/yume-silm.com\/wp-content\/uploads\/2024\/08\/Womens-Breathable-Sports-Hollow-Slimming-Waist-Trainer.png 600w\" sizes=\"(max-width: 300px) 100vw, 300px\" \/><\/a><\/h6>\n<h6><em>Modelador de cintura p\u00f3s-parto respir\u00e1vel para mulheres<\/em><\/h6>\n<ul>\n<li>Feito de tecido respir\u00e1vel e macio, ele deixa voc\u00ea confort\u00e1vel para usar o dia todo, adequado para mulheres com ansiedade corporal p\u00f3s-parto, pode acelerar a recupera\u00e7\u00e3o do corpo pr\u00e9-operat\u00f3rio, reduzir a ansiedade e manter longe da ansiedade.<\/li>\n<\/ul>","protected":false},"excerpt":{"rendered":"<p>Este modelador de cintura feminino respir\u00e1vel e esportivo \u00e9 atualizado com 5 fechos de gancho e olhal, adequado para v\u00e1rios est\u00e1gios de perda de peso, e seus ossos de a\u00e7o altamente el\u00e1sticos de alta qualidade podem dar melhor suporte \u00e0s suas costas.<\/p>","protected":false},"featured_media":10616,"comment_status":"open","ping_status":"closed","template":"","meta":{"site-sidebar-layout":"default","site-content-layout":"","ast-site-content-layout":"default","site-content-style":"default","site-sidebar-style":"default","ast-global-header-display":"","ast-banner-title-visibility":"","ast-main-header-display":"","ast-hfb-above-header-display":"","ast-hfb-below-header-display":"","ast-hfb-mobile-header-display":"","site-post-title":"","ast-breadcrumbs-content":"","ast-featured-img":"","footer-sml-layout":"","ast-disable-related-posts":"","theme-transparent-header-meta":"default","adv-header-id-meta":"","stick-header-meta":"default","header-above-stick-meta":"","header-main-stick-meta":"","header-below-stick-meta":"","astra-migrate-meta-layouts":"set","ast-page-background-enabled":"default","ast-page-background-meta":{"desktop":{"background-color":"","background-image":"","background-repeat":"repeat","background-position":"center center","background-size":"auto","background-attachment":"scroll","background-type":"","background-media":"","overlay-type":"","overlay-color":"","overlay-opacity":"","overlay-gradient":""},"tablet":{"background-color":"","background-image":"","background-repeat":"repeat","background-position":"center center","background-size":"auto","background-attachment":"scroll","background-type":"","background-media":"","overlay-type":"","overlay-color":"","overlay-opacity":"","overlay-gradient":""},"mobile":{"background-color":"","background-image":"","background-repeat":"repeat","background-position":"center center","background-size":"auto","background-attachment":"scroll","background-type":"","background-media":"","overlay-type":"","overlay-color":"","overlay-opacity":"","overlay-gradient":""}},"ast-content-background-meta":{"desktop":{"background-color":"var(--ast-global-color-5)","background-image":"","background-repeat":"repeat","background-position":"center center","background-size":"auto","background-attachment":"scroll","background-type":"","background-media":"","overlay-type":"","overlay-color":"","overlay-opacity":"","overlay-gradient":""},"tablet":{"background-color":"var(--ast-global-color-5)","background-image":"","background-repeat":"repeat","background-position":"center center","background-size":"auto","background-attachment":"scroll","background-type":"","background-media":"","overlay-type":"","overlay-color":"","overlay-opacity":"","overlay-gradient":""},"mobile":{"background-color":"var(--ast-global-color-5)","background-image":"","background-repeat":"repeat","background-position":"center center","background-size":"auto","background-attachment":"scroll","background-type":"","background-media":"","overlay-type":"","overlay-color":"","overlay-opacity":"","overlay-gradient":""}}},"product_brand":[],"product_cat":[65,76,90,93,96],"product_tag":[855,492,646,857,693,853,858,852,535,856,854,214],"class_list":{"0":"post-10614","1":"product","2":"type-product","3":"status-publish","4":"has-post-thumbnail","6":"product_cat-best-sellers","7":"product_cat-new-arrivels","8":"product_cat-wholesale-waist-trainer","9":"product_cat-wholesale-plus-size-waist-trainer","10":"product_cat-sweat-waist-trainer","11":"product_tag-back-support","12":"product_tag-breathable","13":"product_tag-comfortable","14":"product_tag-flexible","15":"product_tag-high-elastic","16":"product_tag-hollow","17":"product_tag-post-partum","18":"product_tag-preoperative","19":"product_tag-slimming","20":"product_tag-soft-fabric","21":"product_tag-sport","22":"product_tag-waist-trainer","23":"pa_color-beige","24":"pa_color-black","25":"pa_size-2xl","26":"pa_size-3xl","27":"pa_size-l","28":"pa_size-m","29":"pa_size-s","30":"pa_size-xl","31":"desktop-align-center","32":"tablet-align-left","33":"mobile-align-left","34":"ast-product-gallery-layout-horizontal-slider","35":"ast-product-single-variable","36":"ast-product-tabs-layout-horizontal","37":"ast-qv-on-image","39":"first","40":"instock","41":"shipping-taxable","42":"purchasable","43":"product-type-variable"},"tiered_pricing_type":"fixed","tiered_pricing_fixed_rules":{"5":1.5,"50":1.4,"100":1.3},"tiered_pricing_product_settings":{"layout":"default","base_unit_name":{"singular":null,"plural":null},"default_variation":null},"tiered_pricing_minimum_quantity":null,"tiered_pricing_roles_data":[],"tiered_pricing_percentage_rules":[],"_links":{"self":[{"href":"https:\/\/yume-silm.com\/pt\/wp-json\/wp\/v2\/product\/10614","targetHints":{"allow":["GET"]}}],"collection":[{"href":"https:\/\/yume-silm.com\/pt\/wp-json\/wp\/v2\/product"}],"about":[{"href":"https:\/\/yume-silm.com\/pt\/wp-json\/wp\/v2\/types\/product"}],"replies":[{"embeddable":true,"href":"https:\/\/yume-silm.com\/pt\/wp-json\/wp\/v2\/comments?post=10614"}],"wp:featuredmedia":[{"embeddable":true,"href":"https:\/\/yume-silm.com\/pt\/wp-json\/wp\/v2\/media\/10616"}],"wp:attachment":[{"href":"https:\/\/yume-silm.com\/pt\/wp-json\/wp\/v2\/media?parent=10614"}],"wp:term":[{"taxonomy":"product_brand","embeddable":true,"href":"https:\/\/yume-silm.com\/pt\/wp-json\/wp\/v2\/product_brand?post=10614"},{"taxonomy":"product_cat","embeddable":true,"href":"https:\/\/yume-silm.com\/pt\/wp-json\/wp\/v2\/product_cat?post=10614"},{"taxonomy":"product_tag","embeddable":true,"href":"https:\/\/yume-silm.com\/pt\/wp-json\/wp\/v2\/product_tag?post=10614"}],"curies":[{"name":"wp","href":"https:\/\/api.w.org\/{rel}","templated":true}]}}