{"id":10641,"date":"2024-08-23T03:30:46","date_gmt":"2024-08-23T03:30:46","guid":{"rendered":"https:\/\/yume-silm.com\/?post_type=product&#038;p=10641"},"modified":"2025-04-09T00:46:43","modified_gmt":"2025-04-09T00:46:43","slug":"macacao-de-ioga-sexy-sem-costas-de-uma-peca","status":"publish","type":"product","link":"https:\/\/yume-silm.com\/pt\/produto\/macacao-de-ioga-sexy-sem-costas-de-uma-peca\/","title":{"rendered":"Macac\u00e3o feminino de uma pe\u00e7a sem costas sexy para ioga na barriga"},"content":{"rendered":"<h5>Caracter\u00edsticas de design<\/h5>\n<ul>\n<li><strong>TECIDO: <\/strong>O macac\u00e3o feminino de ioga sexy com costas nuas \u00e9 feito de tecido altamente el\u00e1stico, respir\u00e1vel e macio, que \u00e9 suave ao toque, absorve a umidade, seca r\u00e1pido, \u00e9 suave, respir\u00e1vel e n\u00e3o irrita a pele, para que voc\u00ea possa fazer o que quiser em seu exerc\u00edcio.<\/li>\n<li><strong>PROJETO DE ELEVA\u00c7\u00c3O DO QUADRIL:<\/strong> O macac\u00e3o de ioga sem costas e com design que aperta o quadril pode melhorar o contorno dos seus gl\u00fateos, deixando-os mais tridimensionais e firmes, ajudando a modelar melhor seus gl\u00fateos e deixando voc\u00ea mais confiante.<\/li>\n<li><strong>DESIGN \u00daNICO:<\/strong> As cal\u00e7as de yoga femininas de uma pe\u00e7a t\u00eam um design vazado nas costas, o que as torna mais respir\u00e1veis. Dessa forma, voc\u00ea n\u00e3o se sentir\u00e1 desconfort\u00e1vel quando o suor for deixado em suas costas durante o exerc\u00edcio, e as al\u00e7as n\u00e3o s\u00e3o f\u00e1ceis de cair durante o exerc\u00edcio.<\/li>\n<li><strong>AL\u00c7AS DE OMBRO AJUST\u00c1VEIS:<\/strong> As al\u00e7as n\u00e3o caem facilmente durante o exerc\u00edcio e podem ser ajustadas para um comprimento confort\u00e1vel por voc\u00ea mesmo, com uma variedade de cores para escolher.<\/li>\n<\/ul>\n<p><a href=\"https:\/\/yume-silm.com\/wp-content\/uploads\/2024\/08\/Womens-One-Piece-Backless-Sexy-Belly-Yoga-Unitard-2.png\"><img fetchpriority=\"high\" decoding=\"async\" class=\"alignnone wp-image-10643 size-medium\" src=\"https:\/\/yume-silm.com\/wp-content\/uploads\/2024\/08\/Womens-One-Piece-Backless-Sexy-Belly-Yoga-Unitard-2-300x300.png\" alt=\"Macac\u00e3o feminino de uma pe\u00e7a sem costas sexy para ioga\" width=\"300\" height=\"300\" title=\"\" srcset=\"https:\/\/yume-silm.com\/wp-content\/uploads\/2024\/08\/Womens-One-Piece-Backless-Sexy-Belly-Yoga-Unitard-2-300x300.png 300w, https:\/\/yume-silm.com\/wp-content\/uploads\/2024\/08\/Womens-One-Piece-Backless-Sexy-Belly-Yoga-Unitard-2-150x150.png 150w, https:\/\/yume-silm.com\/wp-content\/uploads\/2024\/08\/Womens-One-Piece-Backless-Sexy-Belly-Yoga-Unitard-2-768x768.png 768w, https:\/\/yume-silm.com\/wp-content\/uploads\/2024\/08\/Womens-One-Piece-Backless-Sexy-Belly-Yoga-Unitard-2-12x12.png 12w, https:\/\/yume-silm.com\/wp-content\/uploads\/2024\/08\/Womens-One-Piece-Backless-Sexy-Belly-Yoga-Unitard-2-100x100.png 100w, https:\/\/yume-silm.com\/wp-content\/uploads\/2024\/08\/Womens-One-Piece-Backless-Sexy-Belly-Yoga-Unitard-2.png 800w\" sizes=\"(max-width: 300px) 100vw, 300px\" \/><\/a><a href=\"https:\/\/yume-silm.com\/wp-content\/uploads\/2024\/08\/Womens-One-Piece-Backless-Sexy-Belly-Yoga-Unitard-3.png\"><img decoding=\"async\" class=\"alignnone wp-image-10644 size-medium\" src=\"https:\/\/yume-silm.com\/wp-content\/uploads\/2024\/08\/Womens-One-Piece-Backless-Sexy-Belly-Yoga-Unitard-3-300x300.png\" alt=\"Macac\u00e3o feminino de uma pe\u00e7a sem costas sexy para ioga\" width=\"300\" height=\"300\" title=\"\" srcset=\"https:\/\/yume-silm.com\/wp-content\/uploads\/2024\/08\/Womens-One-Piece-Backless-Sexy-Belly-Yoga-Unitard-3-300x300.png 300w, https:\/\/yume-silm.com\/wp-content\/uploads\/2024\/08\/Womens-One-Piece-Backless-Sexy-Belly-Yoga-Unitard-3-150x150.png 150w, https:\/\/yume-silm.com\/wp-content\/uploads\/2024\/08\/Womens-One-Piece-Backless-Sexy-Belly-Yoga-Unitard-3-768x768.png 768w, https:\/\/yume-silm.com\/wp-content\/uploads\/2024\/08\/Womens-One-Piece-Backless-Sexy-Belly-Yoga-Unitard-3-12x12.png 12w, https:\/\/yume-silm.com\/wp-content\/uploads\/2024\/08\/Womens-One-Piece-Backless-Sexy-Belly-Yoga-Unitard-3-100x100.png 100w, https:\/\/yume-silm.com\/wp-content\/uploads\/2024\/08\/Womens-One-Piece-Backless-Sexy-Belly-Yoga-Unitard-3.png 800w\" sizes=\"(max-width: 300px) 100vw, 300px\" \/><\/a><\/p>\n<h6><em>Cal\u00e7as de ioga femininas sem mangas de uma pe\u00e7a<\/em><\/h6>\n<ul>\n<li>Esta cal\u00e7a de ioga feminina sem mangas \u00e9 cuidadosamente feita sob medida para se ajustar \u00e0s suas curvas e enfatizar sua beleza natural. O tecido altamente el\u00e1stico pode ajudar a suavizar melhor sua barriga e cintura.<\/li>\n<\/ul>","protected":false},"excerpt":{"rendered":"<p>Este macac\u00e3o feminino de yoga sexy de uma pe\u00e7a sem costas n\u00e3o \u00e9 adequado apenas para yoga, pilates, corrida e fitness. Tamb\u00e9m \u00e9 adequado para uso casual, di\u00e1rio ou estilo de vida ativo di\u00e1rio. Vers\u00e1til e energizante. Cores vers\u00e1teis e tecido de alta elasticidade promovem compress\u00e3o e reduzem a vibra\u00e7\u00e3o muscular durante o exerc\u00edcio.<\/p>","protected":false},"featured_media":10642,"comment_status":"open","ping_status":"closed","template":"","meta":{"site-sidebar-layout":"default","site-content-layout":"","ast-site-content-layout":"default","site-content-style":"default","site-sidebar-style":"default","ast-global-header-display":"","ast-banner-title-visibility":"","ast-main-header-display":"","ast-hfb-above-header-display":"","ast-hfb-below-header-display":"","ast-hfb-mobile-header-display":"","site-post-title":"","ast-breadcrumbs-content":"","ast-featured-img":"","footer-sml-layout":"","ast-disable-related-posts":"","theme-transparent-header-meta":"default","adv-header-id-meta":"","stick-header-meta":"default","header-above-stick-meta":"","header-main-stick-meta":"","header-below-stick-meta":"","astra-migrate-meta-layouts":"set","ast-page-background-enabled":"default","ast-page-background-meta":{"desktop":{"background-color":"","background-image":"","background-repeat":"repeat","background-position":"center center","background-size":"auto","background-attachment":"scroll","background-type":"","background-media":"","overlay-type":"","overlay-color":"","overlay-opacity":"","overlay-gradient":""},"tablet":{"background-color":"","background-image":"","background-repeat":"repeat","background-position":"center center","background-size":"auto","background-attachment":"scroll","background-type":"","background-media":"","overlay-type":"","overlay-color":"","overlay-opacity":"","overlay-gradient":""},"mobile":{"background-color":"","background-image":"","background-repeat":"repeat","background-position":"center center","background-size":"auto","background-attachment":"scroll","background-type":"","background-media":"","overlay-type":"","overlay-color":"","overlay-opacity":"","overlay-gradient":""}},"ast-content-background-meta":{"desktop":{"background-color":"var(--ast-global-color-5)","background-image":"","background-repeat":"repeat","background-position":"center center","background-size":"auto","background-attachment":"scroll","background-type":"","background-media":"","overlay-type":"","overlay-color":"","overlay-opacity":"","overlay-gradient":""},"tablet":{"background-color":"var(--ast-global-color-5)","background-image":"","background-repeat":"repeat","background-position":"center center","background-size":"auto","background-attachment":"scroll","background-type":"","background-media":"","overlay-type":"","overlay-color":"","overlay-opacity":"","overlay-gradient":""},"mobile":{"background-color":"var(--ast-global-color-5)","background-image":"","background-repeat":"repeat","background-position":"center center","background-size":"auto","background-attachment":"scroll","background-type":"","background-media":"","overlay-type":"","overlay-color":"","overlay-opacity":"","overlay-gradient":""}}},"product_brand":[],"product_cat":[65,76,734,736],"product_tag":[863,143,663,646,489,822,811,148,145,862],"class_list":{"0":"post-10641","1":"product","2":"type-product","3":"status-publish","4":"has-post-thumbnail","6":"product_cat-best-sellers","7":"product_cat-new-arrivels","8":"product_cat-yoga-suits","9":"product_cat-yoga-shorts","10":"product_tag-back-hollow","11":"product_tag-backless","12":"product_tag-belly","13":"product_tag-comfortable","14":"product_tag-compression","15":"product_tag-high-stretch","16":"product_tag-hip-lifting","17":"product_tag-one-piece","18":"product_tag-sexy","19":"product_tag-unitard","20":"pa_color-brown","21":"pa_color-dark-green","22":"pa_color-gray","23":"pa_color-khaki","24":"pa_color-light-green","25":"pa_size-l","26":"pa_size-m","27":"pa_size-s","28":"desktop-align-center","29":"tablet-align-left","30":"mobile-align-left","31":"ast-product-gallery-layout-horizontal-slider","32":"ast-product-single-variable","33":"ast-product-tabs-layout-horizontal","34":"ast-qv-on-image","36":"first","37":"instock","38":"shipping-taxable","39":"purchasable","40":"product-type-variable"},"tiered_pricing_type":"fixed","tiered_pricing_fixed_rules":{"5":6.9,"50":6,"100":4.6},"tiered_pricing_product_settings":{"layout":"default","base_unit_name":{"singular":null,"plural":null},"default_variation":null},"tiered_pricing_minimum_quantity":null,"tiered_pricing_roles_data":[],"tiered_pricing_percentage_rules":[],"_links":{"self":[{"href":"https:\/\/yume-silm.com\/pt\/wp-json\/wp\/v2\/product\/10641","targetHints":{"allow":["GET"]}}],"collection":[{"href":"https:\/\/yume-silm.com\/pt\/wp-json\/wp\/v2\/product"}],"about":[{"href":"https:\/\/yume-silm.com\/pt\/wp-json\/wp\/v2\/types\/product"}],"replies":[{"embeddable":true,"href":"https:\/\/yume-silm.com\/pt\/wp-json\/wp\/v2\/comments?post=10641"}],"wp:featuredmedia":[{"embeddable":true,"href":"https:\/\/yume-silm.com\/pt\/wp-json\/wp\/v2\/media\/10642"}],"wp:attachment":[{"href":"https:\/\/yume-silm.com\/pt\/wp-json\/wp\/v2\/media?parent=10641"}],"wp:term":[{"taxonomy":"product_brand","embeddable":true,"href":"https:\/\/yume-silm.com\/pt\/wp-json\/wp\/v2\/product_brand?post=10641"},{"taxonomy":"product_cat","embeddable":true,"href":"https:\/\/yume-silm.com\/pt\/wp-json\/wp\/v2\/product_cat?post=10641"},{"taxonomy":"product_tag","embeddable":true,"href":"https:\/\/yume-silm.com\/pt\/wp-json\/wp\/v2\/product_tag?post=10641"}],"curies":[{"name":"wp","href":"https:\/\/api.w.org\/{rel}","templated":true}]}}