{"id":10818,"date":"2024-08-30T06:24:52","date_gmt":"2024-08-30T06:24:52","guid":{"rendered":"https:\/\/yume-silm.com\/?post_type=product&#038;p=10818"},"modified":"2024-08-30T06:30:03","modified_gmt":"2024-08-30T06:30:03","slug":"quick-dry-fitness-tight-short-sleeve","status":"publish","type":"product","link":"https:\/\/yume-silm.com\/pt\/produto\/quick-dry-fitness-tight-short-sleeve\/","title":{"rendered":"Cal\u00e7as de compress\u00e3o masculinas de secagem r\u00e1pida, justas e de manga curta"},"content":{"rendered":"<h5>Caracter\u00edsticas de design<\/h5>\n<ul>\n<li><strong>BREATHABLE DESIGN:<\/strong> Double layer compression men&#8217;s short sleeve features a breathable back T-mesh design that helps to wick away sweat quickly, keeping you cool and comfortable during your workout and improving your workout results.<\/li>\n<li><strong>PROJETO SEM EMENDA:<\/strong> Made of spandex and nylon fabric with super stretch, you won&#8217;t feel tight or uncomfortable during your workout. The high elastic fiber ensures that the shapewear fits comfortably, reduces chafing and cares for your skin.<\/li>\n<li><strong>DOUBLE SIDED COMPRESSION DESIGN:<\/strong> Men&#8217;s quick dry fitness tight short sleeve the body&#8217;s muscle tissue through double sided compression, improves blood circulation on the surface of the skin, reduces discomfort and pain during exercise, and makes the workout more efficient.<\/li>\n<li><strong>OCASI\u00c3O:<\/strong> With the function of abdominal tightening, perfect for all kinds of activities, targeted compression on your abdomen, enhance abdominal pressure, it is a great tool for you to achieve a more fit body shape.<\/li>\n<\/ul>\n<p><a href=\"https:\/\/yume-silm.com\/wp-content\/uploads\/2024\/08\/Mens-Compression-Quick-Dry-Fitness-Tight-Short-Sleeve-4.png\"><img fetchpriority=\"high\" decoding=\"async\" class=\"alignnone wp-image-10826 size-medium\" src=\"https:\/\/yume-silm.com\/wp-content\/uploads\/2024\/08\/Mens-Compression-Quick-Dry-Fitness-Tight-Short-Sleeve-4-300x300.png\" alt=\"compress\u00e3o masculina secagem r\u00e1pida fitness manga curta justa (yumesilm)\" width=\"300\" height=\"300\" title=\"\" srcset=\"https:\/\/yume-silm.com\/wp-content\/uploads\/2024\/08\/Mens-Compression-Quick-Dry-Fitness-Tight-Short-Sleeve-4-300x300.png 300w, https:\/\/yume-silm.com\/wp-content\/uploads\/2024\/08\/Mens-Compression-Quick-Dry-Fitness-Tight-Short-Sleeve-4-150x150.png 150w, https:\/\/yume-silm.com\/wp-content\/uploads\/2024\/08\/Mens-Compression-Quick-Dry-Fitness-Tight-Short-Sleeve-4-768x768.png 768w, https:\/\/yume-silm.com\/wp-content\/uploads\/2024\/08\/Mens-Compression-Quick-Dry-Fitness-Tight-Short-Sleeve-4-12x12.png 12w, https:\/\/yume-silm.com\/wp-content\/uploads\/2024\/08\/Mens-Compression-Quick-Dry-Fitness-Tight-Short-Sleeve-4-100x100.png 100w, https:\/\/yume-silm.com\/wp-content\/uploads\/2024\/08\/Mens-Compression-Quick-Dry-Fitness-Tight-Short-Sleeve-4.png 800w\" sizes=\"(max-width: 300px) 100vw, 300px\" \/><\/a><a href=\"https:\/\/yume-silm.com\/wp-content\/uploads\/2024\/08\/Mens-Compression-Quick-Dry-Fitness-Tight-Short-Sleeve-1-1.png\"><img decoding=\"async\" class=\"alignnone wp-image-10827 size-medium\" src=\"https:\/\/yume-silm.com\/wp-content\/uploads\/2024\/08\/Mens-Compression-Quick-Dry-Fitness-Tight-Short-Sleeve-1-1-300x300.png\" alt=\"compress\u00e3o masculina secagem r\u00e1pida fitness manga curta justa (yumesilm)\" width=\"300\" height=\"300\" title=\"\" srcset=\"https:\/\/yume-silm.com\/wp-content\/uploads\/2024\/08\/Mens-Compression-Quick-Dry-Fitness-Tight-Short-Sleeve-1-1-300x300.png 300w, https:\/\/yume-silm.com\/wp-content\/uploads\/2024\/08\/Mens-Compression-Quick-Dry-Fitness-Tight-Short-Sleeve-1-1-150x150.png 150w, https:\/\/yume-silm.com\/wp-content\/uploads\/2024\/08\/Mens-Compression-Quick-Dry-Fitness-Tight-Short-Sleeve-1-1-768x768.png 768w, https:\/\/yume-silm.com\/wp-content\/uploads\/2024\/08\/Mens-Compression-Quick-Dry-Fitness-Tight-Short-Sleeve-1-1-12x12.png 12w, https:\/\/yume-silm.com\/wp-content\/uploads\/2024\/08\/Mens-Compression-Quick-Dry-Fitness-Tight-Short-Sleeve-1-1-100x100.png 100w, https:\/\/yume-silm.com\/wp-content\/uploads\/2024\/08\/Mens-Compression-Quick-Dry-Fitness-Tight-Short-Sleeve-1-1.png 800w\" sizes=\"(max-width: 300px) 100vw, 300px\" \/><\/a><\/p>\n<h6><em>Men&#8217;s Stretch Quick Dry Running Shirt<\/em><\/h6>\n<ul>\n<li>Featuring excellent stretch and freedom of movement, this shirt is lightweight and comfortable to ensure you enjoy complete flexibility while running or training with no restrictions on movement.<\/li>\n<\/ul>","protected":false},"excerpt":{"rendered":"<p>Perfect for all-day wear, this quick dry fitness tight short sleeve is made from super stretch fabric and features a strategic T-mesh back to help wick perspiration away quickly, ensuring you stay cool and comfortable during your workout.<\/p>","protected":false},"featured_media":10822,"comment_status":"open","ping_status":"closed","template":"","meta":{"site-sidebar-layout":"default","site-content-layout":"","ast-site-content-layout":"default","site-content-style":"default","site-sidebar-style":"default","ast-global-header-display":"","ast-banner-title-visibility":"","ast-main-header-display":"","ast-hfb-above-header-display":"","ast-hfb-below-header-display":"","ast-hfb-mobile-header-display":"","site-post-title":"","ast-breadcrumbs-content":"","ast-featured-img":"","footer-sml-layout":"","ast-disable-related-posts":"","theme-transparent-header-meta":"default","adv-header-id-meta":"","stick-header-meta":"default","header-above-stick-meta":"","header-main-stick-meta":"","header-below-stick-meta":"","astra-migrate-meta-layouts":"set","ast-page-background-enabled":"default","ast-page-background-meta":{"desktop":{"background-color":"","background-image":"","background-repeat":"repeat","background-position":"center center","background-size":"auto","background-attachment":"scroll","background-type":"","background-media":"","overlay-type":"","overlay-color":"","overlay-opacity":"","overlay-gradient":""},"tablet":{"background-color":"","background-image":"","background-repeat":"repeat","background-position":"center center","background-size":"auto","background-attachment":"scroll","background-type":"","background-media":"","overlay-type":"","overlay-color":"","overlay-opacity":"","overlay-gradient":""},"mobile":{"background-color":"","background-image":"","background-repeat":"repeat","background-position":"center center","background-size":"auto","background-attachment":"scroll","background-type":"","background-media":"","overlay-type":"","overlay-color":"","overlay-opacity":"","overlay-gradient":""}},"ast-content-background-meta":{"desktop":{"background-color":"var(--ast-global-color-5)","background-image":"","background-repeat":"repeat","background-position":"center center","background-size":"auto","background-attachment":"scroll","background-type":"","background-media":"","overlay-type":"","overlay-color":"","overlay-opacity":"","overlay-gradient":""},"tablet":{"background-color":"var(--ast-global-color-5)","background-image":"","background-repeat":"repeat","background-position":"center center","background-size":"auto","background-attachment":"scroll","background-type":"","background-media":"","overlay-type":"","overlay-color":"","overlay-opacity":"","overlay-gradient":""},"mobile":{"background-color":"var(--ast-global-color-5)","background-image":"","background-repeat":"repeat","background-position":"center center","background-size":"auto","background-attachment":"scroll","background-type":"","background-media":"","overlay-type":"","overlay-color":"","overlay-opacity":"","overlay-gradient":""}}},"product_brand":[],"product_cat":[65,76,85,88],"product_tag":[492,646,783,413,892,778,491,566,891,654,185],"class_list":{"0":"post-10818","1":"product","2":"type-product","3":"status-publish","4":"has-post-thumbnail","6":"product_cat-best-sellers","7":"product_cat-new-arrivels","8":"product_cat-wholesale-mens-shapewear","9":"product_cat-wholesale-men-t-shirt-shaper","10":"product_tag-breathable","11":"product_tag-comfortable","12":"product_tag-double-layer-compression","13":"product_tag-fitness","14":"product_tag-healthy","15":"product_tag-quick-dry","16":"product_tag-seamless","17":"product_tag-short-sleeves","18":"product_tag-t-mesh-back","19":"product_tag-tight","20":"product_tag-workout","21":"pa_color-black","22":"pa_color-blue","23":"pa_color-red","24":"pa_color-white","25":"pa_size-l","26":"pa_size-m","27":"pa_size-s","28":"pa_size-xl","29":"desktop-align-center","30":"tablet-align-left","31":"mobile-align-left","32":"ast-product-gallery-layout-horizontal-slider","33":"ast-product-single-variable","34":"ast-product-tabs-layout-horizontal","35":"ast-qv-on-image","37":"first","38":"instock","39":"shipping-taxable","40":"purchasable","41":"product-type-variable"},"tiered_pricing_type":"fixed","tiered_pricing_fixed_rules":{"2":7.5,"50":7,"100":6},"tiered_pricing_product_settings":{"layout":"default","base_unit_name":{"singular":null,"plural":null},"default_variation":null},"tiered_pricing_minimum_quantity":null,"tiered_pricing_roles_data":[],"tiered_pricing_percentage_rules":[],"_links":{"self":[{"href":"https:\/\/yume-silm.com\/pt\/wp-json\/wp\/v2\/product\/10818","targetHints":{"allow":["GET"]}}],"collection":[{"href":"https:\/\/yume-silm.com\/pt\/wp-json\/wp\/v2\/product"}],"about":[{"href":"https:\/\/yume-silm.com\/pt\/wp-json\/wp\/v2\/types\/product"}],"replies":[{"embeddable":true,"href":"https:\/\/yume-silm.com\/pt\/wp-json\/wp\/v2\/comments?post=10818"}],"wp:featuredmedia":[{"embeddable":true,"href":"https:\/\/yume-silm.com\/pt\/wp-json\/wp\/v2\/media\/10822"}],"wp:attachment":[{"href":"https:\/\/yume-silm.com\/pt\/wp-json\/wp\/v2\/media?parent=10818"}],"wp:term":[{"taxonomy":"product_brand","embeddable":true,"href":"https:\/\/yume-silm.com\/pt\/wp-json\/wp\/v2\/product_brand?post=10818"},{"taxonomy":"product_cat","embeddable":true,"href":"https:\/\/yume-silm.com\/pt\/wp-json\/wp\/v2\/product_cat?post=10818"},{"taxonomy":"product_tag","embeddable":true,"href":"https:\/\/yume-silm.com\/pt\/wp-json\/wp\/v2\/product_tag?post=10818"}],"curies":[{"name":"wp","href":"https:\/\/api.w.org\/{rel}","templated":true}]}}