{"id":11104,"date":"2024-09-04T09:00:00","date_gmt":"2024-09-04T09:00:00","guid":{"rendered":"https:\/\/yume-silm.com\/?post_type=product&#038;p=11104"},"modified":"2025-09-23T01:28:43","modified_gmt":"2025-09-23T01:28:43","slug":"leggings-de-ioga-texturizadas-para-levantamento-de-quadril","status":"publish","type":"product","link":"https:\/\/yume-silm.com\/pt\/produto\/leggings-de-ioga-texturizadas-para-levantamento-de-quadril\/","title":{"rendered":"Leggings de ioga texturizadas de cintura alta para mulheres"},"content":{"rendered":"<h5>Caracter\u00edsticas de design<\/h5>\n<ul>\n<li><strong>PROJETO DE CINTURA ALTA:<\/strong> O design de cintura alta pode fornecer suporte para a cintura e afinar melhor a curva da cintura.<\/li>\n<li><strong>Design de textura:<\/strong> adicionar um design de textura especial torna essas cal\u00e7as de ioga mais elegantes e personalizadas, al\u00e9m de fazer com que a linha das pernas pare\u00e7a mais proporcional.<\/li>\n<li><strong>Efeito de eleva\u00e7\u00e3o do quadril:<\/strong> Com corte e design especiais, ajuda a levantar os quadris e deixar a silhueta mais firme, esse design \u00e9 indicado para usu\u00e1rias que buscam o efeito modelador.<\/li>\n<li><strong>TECIDO DE ALTA ELASTICIDADE:<\/strong> feito de tecido de alta elasticidade e respir\u00e1vel, ele pode se ajustar bem \u00e0s curvas do corpo, ao mesmo tempo em que proporciona liberdade de movimento. O tecido tamb\u00e9m geralmente tem a fun\u00e7\u00e3o de absor\u00e7\u00e3o de umidade, o que \u00e9 adequado para roupas esportivas.\n<div class=\"DVHrxd\">\n<div id=\"ow9\" data-show-delay-ms=\"250\" data-append-to-body=\"true\" data-propagate-tooltip-mouseover-events=\"true\" data-anchor-corner=\"bottom-left\" data-enable-skip-handler=\"false\" data-popup-corner=\"top-left\">\n<div class=\"dig2sb\">\n<div class=\"VfPpkd-Bz112c-RLmnJb\"><\/div>\n<\/div>\n<\/div>\n<\/div>\n<\/li>\n<\/ul>\n<p><a href=\"https:\/\/yume-silm.com\/wp-content\/uploads\/2024\/09\/Womens-High-Waist-Textured-Hip-Lifting-Yoga-Leggings.jpg\"><img fetchpriority=\"high\" decoding=\"async\" class=\"alignnone wp-image-11105 size-medium\" src=\"https:\/\/yume-silm.com\/wp-content\/uploads\/2024\/09\/Womens-High-Waist-Textured-Hip-Lifting-Yoga-Leggings-300x300.jpg\" alt=\"\uff08yumesilm) leggings femininas de ioga com cintura alta e levantamento de quadril texturizado\" width=\"300\" height=\"300\" title=\"\" srcset=\"https:\/\/yume-silm.com\/wp-content\/uploads\/2024\/09\/Womens-High-Waist-Textured-Hip-Lifting-Yoga-Leggings-300x300.jpg 300w, https:\/\/yume-silm.com\/wp-content\/uploads\/2024\/09\/Womens-High-Waist-Textured-Hip-Lifting-Yoga-Leggings-150x150.jpg 150w, https:\/\/yume-silm.com\/wp-content\/uploads\/2024\/09\/Womens-High-Waist-Textured-Hip-Lifting-Yoga-Leggings-768x768.jpg 768w, https:\/\/yume-silm.com\/wp-content\/uploads\/2024\/09\/Womens-High-Waist-Textured-Hip-Lifting-Yoga-Leggings-12x12.jpg 12w, https:\/\/yume-silm.com\/wp-content\/uploads\/2024\/09\/Womens-High-Waist-Textured-Hip-Lifting-Yoga-Leggings-100x100.jpg 100w, https:\/\/yume-silm.com\/wp-content\/uploads\/2024\/09\/Womens-High-Waist-Textured-Hip-Lifting-Yoga-Leggings.jpg 800w\" sizes=\"(max-width: 300px) 100vw, 300px\" \/><\/a><a href=\"https:\/\/yume-silm.com\/wp-content\/uploads\/2024\/09\/Womens-High-Waist-Textured-Hip-Lifting-Yoga-Leggings-1.jpg\"><img decoding=\"async\" class=\"alignnone wp-image-11106 size-medium\" src=\"https:\/\/yume-silm.com\/wp-content\/uploads\/2024\/09\/Womens-High-Waist-Textured-Hip-Lifting-Yoga-Leggings-1-300x300.jpg\" alt=\"(yumesilm) leggings femininas de ioga com cintura alta e levantamento de quadril texturizado\" width=\"300\" height=\"300\" title=\"\" srcset=\"https:\/\/yume-silm.com\/wp-content\/uploads\/2024\/09\/Womens-High-Waist-Textured-Hip-Lifting-Yoga-Leggings-1-300x300.jpg 300w, https:\/\/yume-silm.com\/wp-content\/uploads\/2024\/09\/Womens-High-Waist-Textured-Hip-Lifting-Yoga-Leggings-1-150x150.jpg 150w, https:\/\/yume-silm.com\/wp-content\/uploads\/2024\/09\/Womens-High-Waist-Textured-Hip-Lifting-Yoga-Leggings-1-768x768.jpg 768w, https:\/\/yume-silm.com\/wp-content\/uploads\/2024\/09\/Womens-High-Waist-Textured-Hip-Lifting-Yoga-Leggings-1-12x12.jpg 12w, https:\/\/yume-silm.com\/wp-content\/uploads\/2024\/09\/Womens-High-Waist-Textured-Hip-Lifting-Yoga-Leggings-1-100x100.jpg 100w, https:\/\/yume-silm.com\/wp-content\/uploads\/2024\/09\/Womens-High-Waist-Textured-Hip-Lifting-Yoga-Leggings-1.jpg 800w\" sizes=\"(max-width: 300px) 100vw, 300px\" \/><\/a><\/p>\n<h6><em>Cal\u00e7as de moletom respir\u00e1veis com textura feminina<\/em><\/h6>\n<ul>\n<li>Estas cal\u00e7as de moletom s\u00e3o feitas de um tecido altamente el\u00e1stico que se adapta melhor \u00e0 pele e oferece mais espa\u00e7o para voc\u00ea se movimentar, mantendo voc\u00ea seco e confort\u00e1vel o dia todo.<\/li>\n<\/ul>","protected":false},"excerpt":{"rendered":"<p>Use estas leggings de ioga texturizadas de cintura alta para levantar o quadril para criar um formato de corpo perfeito, enfrente os desafios do dia a dia e aproveite a beleza e a for\u00e7a que pertencem a voc\u00ea!<\/p>","protected":false},"featured_media":11107,"comment_status":"open","ping_status":"closed","template":"","meta":{"site-sidebar-layout":"default","site-content-layout":"","ast-site-content-layout":"default","site-content-style":"default","site-sidebar-style":"default","ast-global-header-display":"","ast-banner-title-visibility":"","ast-main-header-display":"","ast-hfb-above-header-display":"","ast-hfb-below-header-display":"","ast-hfb-mobile-header-display":"","site-post-title":"","ast-breadcrumbs-content":"","ast-featured-img":"","footer-sml-layout":"","ast-disable-related-posts":"","theme-transparent-header-meta":"default","adv-header-id-meta":"","stick-header-meta":"default","header-above-stick-meta":"","header-main-stick-meta":"","header-below-stick-meta":"","astra-migrate-meta-layouts":"set","ast-page-background-enabled":"default","ast-page-background-meta":{"desktop":{"background-color":"","background-image":"","background-repeat":"repeat","background-position":"center center","background-size":"auto","background-attachment":"scroll","background-type":"","background-media":"","overlay-type":"","overlay-color":"","overlay-opacity":"","overlay-gradient":""},"tablet":{"background-color":"","background-image":"","background-repeat":"repeat","background-position":"center center","background-size":"auto","background-attachment":"scroll","background-type":"","background-media":"","overlay-type":"","overlay-color":"","overlay-opacity":"","overlay-gradient":""},"mobile":{"background-color":"","background-image":"","background-repeat":"repeat","background-position":"center center","background-size":"auto","background-attachment":"scroll","background-type":"","background-media":"","overlay-type":"","overlay-color":"","overlay-opacity":"","overlay-gradient":""}},"ast-content-background-meta":{"desktop":{"background-color":"var(--ast-global-color-5)","background-image":"","background-repeat":"repeat","background-position":"center center","background-size":"auto","background-attachment":"scroll","background-type":"","background-media":"","overlay-type":"","overlay-color":"","overlay-opacity":"","overlay-gradient":""},"tablet":{"background-color":"var(--ast-global-color-5)","background-image":"","background-repeat":"repeat","background-position":"center center","background-size":"auto","background-attachment":"scroll","background-type":"","background-media":"","overlay-type":"","overlay-color":"","overlay-opacity":"","overlay-gradient":""},"mobile":{"background-color":"var(--ast-global-color-5)","background-image":"","background-repeat":"repeat","background-position":"center center","background-size":"auto","background-attachment":"scroll","background-type":"","background-media":"","overlay-type":"","overlay-color":"","overlay-opacity":"","overlay-gradient":""}}},"product_brand":[],"product_cat":[65,76,734,737],"product_tag":[492,701,693,139,811,939,938,937,779],"class_list":{"0":"post-11104","1":"product","2":"type-product","3":"status-publish","4":"has-post-thumbnail","6":"product_cat-best-sellers","7":"product_cat-new-arrivels","8":"product_cat-yoga-suits","9":"product_cat-yoga-leggings","10":"product_tag-breathable","11":"product_tag-fashionable","12":"product_tag-high-elastic","13":"product_tag-high-waist","14":"product_tag-hip-lifting","15":"product_tag-special-cutting","16":"product_tag-sweatpants","17":"product_tag-texture","18":"product_tag-yoga-leggings","19":"pa_color-bean-paste-pink","20":"pa_color-blue","21":"pa_color-dark-grey","22":"pa_color-gray","23":"pa_color-pink","24":"pa_color-red","25":"pa_color-yellow","26":"pa_size-2xl","27":"pa_size-l","28":"pa_size-m","29":"pa_size-s","30":"pa_size-xl","31":"desktop-align-center","32":"tablet-align-left","33":"mobile-align-left","34":"ast-product-gallery-layout-horizontal-slider","35":"ast-product-single-variable","36":"ast-product-tabs-layout-horizontal","37":"ast-qv-on-image","39":"first","40":"instock","41":"shipping-taxable","42":"purchasable","43":"product-type-variable"},"tiered_pricing_type":"fixed","tiered_pricing_fixed_rules":{"5":4,"50":3.5,"100":3.1},"tiered_pricing_product_settings":{"layout":"default","base_unit_name":{"singular":null,"plural":null},"default_variation":null},"tiered_pricing_minimum_quantity":null,"tiered_pricing_roles_data":[],"tiered_pricing_percentage_rules":[],"_links":{"self":[{"href":"https:\/\/yume-silm.com\/pt\/wp-json\/wp\/v2\/product\/11104","targetHints":{"allow":["GET"]}}],"collection":[{"href":"https:\/\/yume-silm.com\/pt\/wp-json\/wp\/v2\/product"}],"about":[{"href":"https:\/\/yume-silm.com\/pt\/wp-json\/wp\/v2\/types\/product"}],"replies":[{"embeddable":true,"href":"https:\/\/yume-silm.com\/pt\/wp-json\/wp\/v2\/comments?post=11104"}],"wp:featuredmedia":[{"embeddable":true,"href":"https:\/\/yume-silm.com\/pt\/wp-json\/wp\/v2\/media\/11107"}],"wp:attachment":[{"href":"https:\/\/yume-silm.com\/pt\/wp-json\/wp\/v2\/media?parent=11104"}],"wp:term":[{"taxonomy":"product_brand","embeddable":true,"href":"https:\/\/yume-silm.com\/pt\/wp-json\/wp\/v2\/product_brand?post=11104"},{"taxonomy":"product_cat","embeddable":true,"href":"https:\/\/yume-silm.com\/pt\/wp-json\/wp\/v2\/product_cat?post=11104"},{"taxonomy":"product_tag","embeddable":true,"href":"https:\/\/yume-silm.com\/pt\/wp-json\/wp\/v2\/product_tag?post=11104"}],"curies":[{"name":"wp","href":"https:\/\/api.w.org\/{rel}","templated":true}]}}