{"id":11327,"date":"2024-09-11T07:16:29","date_gmt":"2024-09-11T07:16:29","guid":{"rendered":"https:\/\/yume-silm.com\/?post_type=product&#038;p=11327"},"modified":"2024-09-13T05:36:13","modified_gmt":"2024-09-13T05:36:13","slug":"colete-de-sauna-com-ziper-confortavel-e-que-absorve-o-suor","status":"publish","type":"product","link":"https:\/\/yume-silm.com\/pt\/produto\/colete-de-sauna-com-ziper-confortavel-e-que-absorve-o-suor\/","title":{"rendered":"Colete de sauna com z\u00edper confort\u00e1vel e absorvente de suor masculino"},"content":{"rendered":"<h5>Caracter\u00edsticas de design<\/h5>\n<ul>\n<li><strong>PERDA DE PESO:<\/strong> O confort\u00e1vel colete de sauna com z\u00edper que absorve o suor adota um tecido de pol\u00edmero de absor\u00e7\u00e3o de calor aprimorado para promover transpira\u00e7\u00e3o abundante, acelerar a transpira\u00e7\u00e3o central, aumentar a temperatura abdominal, estimular a queima mais r\u00e1pida de gordura abdominal e acelerar a perda de peso.<\/li>\n<li><strong>FUN\u00c7\u00c3O DE ABSOR\u00c7\u00c3O DE UMIDADE:<\/strong> A estrutura leve e fina do material pode melhorar o problema e absorver o suor de forma eficaz, permitindo que voc\u00ea se exercite o dia todo e a parte externa do traje de sauna permane\u00e7a seca.<\/li>\n<li><strong>CONFORT\u00c1VEL E DUR\u00c1VEL:<\/strong> O colete de sauna masculino \u00e9 adequado para ser usado no local de trabalho, na academia ou em qualquer outro lugar, e pode moldar e movimentar seu corpo durante exerc\u00edcios ou atividades di\u00e1rias.<\/li>\n<li><strong>DESIGN DO Z\u00cdPER:<\/strong> O design do z\u00edper torna o traje de sauna mais f\u00e1cil de vestir e tirar, deixando seu abd\u00f4men mais firme. N\u00e3o importa onde voc\u00ea coloque o z\u00edper, ele ficar\u00e1 no lugar, permitindo que voc\u00ea o remova livremente.<\/li>\n<\/ul>\n<h6><em>Colete de compress\u00e3o masculino para emagrecimento e fitness<\/em><\/h6>\n<ul>\n<li>Este colete fitness de compress\u00e3o e emagrecimento masculino combina tecnologia de compress\u00e3o moderna com uma fun\u00e7\u00e3o de transpira\u00e7\u00e3o estilo sauna para ajudar voc\u00ea a acelerar a queima de gordura durante o exerc\u00edcio e obter facilmente efeitos de modelagem corporal.<\/li>\n<\/ul>","protected":false},"excerpt":{"rendered":"<p>O colete de sauna com z\u00edper confort\u00e1vel e absorvente de suor masculino \u00e9 projetado para homens que buscam sa\u00fade e conforto. O tecido leve e fino se ajusta \u00e0 pele e ainda pode se manter seco e fresco em altas temperaturas, permitindo que voc\u00ea acelere a perda de peso ao se exercitar.<\/p>","protected":false},"featured_media":11328,"comment_status":"open","ping_status":"closed","template":"","meta":{"site-sidebar-layout":"default","site-content-layout":"","ast-site-content-layout":"default","site-content-style":"default","site-sidebar-style":"default","ast-global-header-display":"","ast-banner-title-visibility":"","ast-main-header-display":"","ast-hfb-above-header-display":"","ast-hfb-below-header-display":"","ast-hfb-mobile-header-display":"","site-post-title":"","ast-breadcrumbs-content":"","ast-featured-img":"","footer-sml-layout":"","ast-disable-related-posts":"","theme-transparent-header-meta":"default","adv-header-id-meta":"","stick-header-meta":"default","header-above-stick-meta":"","header-main-stick-meta":"","header-below-stick-meta":"","astra-migrate-meta-layouts":"set","ast-page-background-enabled":"default","ast-page-background-meta":{"desktop":{"background-color":"","background-image":"","background-repeat":"repeat","background-position":"center center","background-size":"auto","background-attachment":"scroll","background-type":"","background-media":"","overlay-type":"","overlay-color":"","overlay-opacity":"","overlay-gradient":""},"tablet":{"background-color":"","background-image":"","background-repeat":"repeat","background-position":"center center","background-size":"auto","background-attachment":"scroll","background-type":"","background-media":"","overlay-type":"","overlay-color":"","overlay-opacity":"","overlay-gradient":""},"mobile":{"background-color":"","background-image":"","background-repeat":"repeat","background-position":"center center","background-size":"auto","background-attachment":"scroll","background-type":"","background-media":"","overlay-type":"","overlay-color":"","overlay-opacity":"","overlay-gradient":""}},"ast-content-background-meta":{"desktop":{"background-color":"var(--ast-global-color-5)","background-image":"","background-repeat":"repeat","background-position":"center center","background-size":"auto","background-attachment":"scroll","background-type":"","background-media":"","overlay-type":"","overlay-color":"","overlay-opacity":"","overlay-gradient":""},"tablet":{"background-color":"var(--ast-global-color-5)","background-image":"","background-repeat":"repeat","background-position":"center center","background-size":"auto","background-attachment":"scroll","background-type":"","background-media":"","overlay-type":"","overlay-color":"","overlay-opacity":"","overlay-gradient":""},"mobile":{"background-color":"var(--ast-global-color-5)","background-image":"","background-repeat":"repeat","background-position":"center center","background-size":"auto","background-attachment":"scroll","background-type":"","background-media":"","overlay-type":"","overlay-color":"","overlay-opacity":"","overlay-gradient":""}}},"product_brand":[],"product_cat":[65,76,97,100],"product_tag":[646,489,961,166,535,806,654,558],"class_list":{"0":"post-11327","1":"product","2":"type-product","3":"status-publish","4":"has-post-thumbnail","6":"product_cat-best-sellers","7":"product_cat-new-arrivels","8":"product_cat-sauna-suit","9":"product_cat-sauna-tops","10":"product_tag-comfortable","11":"product_tag-compression","12":"product_tag-fitness-vest","13":"product_tag-sauna-vest","14":"product_tag-slimming","15":"product_tag-sweat-wicking","16":"product_tag-tight","17":"product_tag-weight-loss","18":"pa_color-blue","19":"pa_size-2xl-3xl","20":"pa_size-4xl-5xl","21":"pa_size-l-xl","22":"pa_size-s-m","23":"desktop-align-center","24":"tablet-align-left","25":"mobile-align-left","26":"ast-product-gallery-layout-horizontal-slider","27":"ast-product-single-variable","28":"ast-product-tabs-layout-horizontal","29":"ast-qv-on-image","31":"first","32":"instock","33":"shipping-taxable","34":"purchasable","35":"product-type-variable"},"tiered_pricing_type":"fixed","tiered_pricing_fixed_rules":{"2":5.5,"50":5,"100":4},"tiered_pricing_product_settings":{"layout":"default","base_unit_name":{"singular":null,"plural":null},"default_variation":null},"tiered_pricing_minimum_quantity":null,"tiered_pricing_roles_data":[],"tiered_pricing_percentage_rules":[],"_links":{"self":[{"href":"https:\/\/yume-silm.com\/pt\/wp-json\/wp\/v2\/product\/11327","targetHints":{"allow":["GET"]}}],"collection":[{"href":"https:\/\/yume-silm.com\/pt\/wp-json\/wp\/v2\/product"}],"about":[{"href":"https:\/\/yume-silm.com\/pt\/wp-json\/wp\/v2\/types\/product"}],"replies":[{"embeddable":true,"href":"https:\/\/yume-silm.com\/pt\/wp-json\/wp\/v2\/comments?post=11327"}],"wp:featuredmedia":[{"embeddable":true,"href":"https:\/\/yume-silm.com\/pt\/wp-json\/wp\/v2\/media\/11328"}],"wp:attachment":[{"href":"https:\/\/yume-silm.com\/pt\/wp-json\/wp\/v2\/media?parent=11327"}],"wp:term":[{"taxonomy":"product_brand","embeddable":true,"href":"https:\/\/yume-silm.com\/pt\/wp-json\/wp\/v2\/product_brand?post=11327"},{"taxonomy":"product_cat","embeddable":true,"href":"https:\/\/yume-silm.com\/pt\/wp-json\/wp\/v2\/product_cat?post=11327"},{"taxonomy":"product_tag","embeddable":true,"href":"https:\/\/yume-silm.com\/pt\/wp-json\/wp\/v2\/product_tag?post=11327"}],"curies":[{"name":"wp","href":"https:\/\/api.w.org\/{rel}","templated":true}]}}