{"id":11427,"date":"2024-09-18T02:35:30","date_gmt":"2024-09-18T02:35:30","guid":{"rendered":"https:\/\/yume-silm.com\/?post_type=product&#038;p=11427"},"modified":"2024-09-18T03:16:06","modified_gmt":"2024-09-18T03:16:06","slug":"long-sleeve-fitness-sauna-jacket","status":"publish","type":"product","link":"https:\/\/yume-silm.com\/pt\/produto\/long-sleeve-fitness-sauna-jacket\/","title":{"rendered":"Jaqueta de sauna fitness de manga comprida com absor\u00e7\u00e3o de suor masculina"},"content":{"rendered":"<h5>Caracter\u00edsticas de design<\/h5>\n<ul>\n<li><strong>CONVENIENCE:<\/strong> The long sleeve fitness sauna jacket features a front zipper design, which is easy to put on and take off, and zipper pockets are designed on both sides of the jacket for storing small items.<\/li>\n<li><strong>TECIDO RESPIR\u00c1VEL:<\/strong> High elastic breathable fabric ensures air circulation to prevent overheating in a sauna environment or high-intensity exercise, keeping you dry and comfortable all day.<\/li>\n<li><strong>OCASI\u00c3O:<\/strong> This sauna jacket is suitable for fitness, running, yoga, sauna, and various outdoor sports, with both sporty and casual fashion appearance, making you more dazzling on any occasion.<\/li>\n<li><strong>TIGHT DESIGN:<\/strong> With ergonomic design, the tight can better fit your body, allowing you to burn your whole body during exercise, accelerating fat burning while ensuring comfort and freedom of movement.<\/li>\n<\/ul>\n<h6><em>Men&#8217;s Weight Loss Exercise Sauna Suit<\/em><\/h6>\n<ul>\n<li>This sauna suit combines high stretch and breathable fabric for a better fit and freedom of movement, and breathable fabric to keep you dry and comfortable all day long!<\/li>\n<\/ul>","protected":false},"excerpt":{"rendered":"<p>Whether in the gym, sauna, or outdoors, this long sleeve fitness sauna jacket is the ideal workout companion to help you easily face all kinds of sports challenges.<\/p>","protected":false},"featured_media":11429,"comment_status":"open","ping_status":"closed","template":"","meta":{"site-sidebar-layout":"default","site-content-layout":"","ast-site-content-layout":"default","site-content-style":"default","site-sidebar-style":"default","ast-global-header-display":"","ast-banner-title-visibility":"","ast-main-header-display":"","ast-hfb-above-header-display":"","ast-hfb-below-header-display":"","ast-hfb-mobile-header-display":"","site-post-title":"","ast-breadcrumbs-content":"","ast-featured-img":"","footer-sml-layout":"","ast-disable-related-posts":"","theme-transparent-header-meta":"default","adv-header-id-meta":"","stick-header-meta":"default","header-above-stick-meta":"","header-main-stick-meta":"","header-below-stick-meta":"","astra-migrate-meta-layouts":"set","ast-page-background-enabled":"default","ast-page-background-meta":{"desktop":{"background-color":"","background-image":"","background-repeat":"repeat","background-position":"center center","background-size":"auto","background-attachment":"scroll","background-type":"","background-media":"","overlay-type":"","overlay-color":"","overlay-opacity":"","overlay-gradient":""},"tablet":{"background-color":"","background-image":"","background-repeat":"repeat","background-position":"center center","background-size":"auto","background-attachment":"scroll","background-type":"","background-media":"","overlay-type":"","overlay-color":"","overlay-opacity":"","overlay-gradient":""},"mobile":{"background-color":"","background-image":"","background-repeat":"repeat","background-position":"center center","background-size":"auto","background-attachment":"scroll","background-type":"","background-media":"","overlay-type":"","overlay-color":"","overlay-opacity":"","overlay-gradient":""}},"ast-content-background-meta":{"desktop":{"background-color":"var(--ast-global-color-5)","background-image":"","background-repeat":"repeat","background-position":"center center","background-size":"auto","background-attachment":"scroll","background-type":"","background-media":"","overlay-type":"","overlay-color":"","overlay-opacity":"","overlay-gradient":""},"tablet":{"background-color":"var(--ast-global-color-5)","background-image":"","background-repeat":"repeat","background-position":"center center","background-size":"auto","background-attachment":"scroll","background-type":"","background-media":"","overlay-type":"","overlay-color":"","overlay-opacity":"","overlay-gradient":""},"mobile":{"background-color":"var(--ast-global-color-5)","background-image":"","background-repeat":"repeat","background-position":"center center","background-size":"auto","background-attachment":"scroll","background-type":"","background-media":"","overlay-type":"","overlay-color":"","overlay-opacity":"","overlay-gradient":""}}},"product_brand":[],"product_cat":[65,76,97,98],"product_tag":[492,647,413,183,634,491,806,654],"class_list":{"0":"post-11427","1":"product","2":"type-product","3":"status-publish","4":"has-post-thumbnail","6":"product_cat-best-sellers","7":"product_cat-new-arrivels","8":"product_cat-sauna-suit","9":"product_cat-sauna-jacket","10":"product_tag-breathable","11":"product_tag-convenience","12":"product_tag-fitness","13":"product_tag-long-sleeve","14":"product_tag-sauna-jacket","15":"product_tag-seamless","16":"product_tag-sweat-wicking","17":"product_tag-tight","18":"pa_color-cost","19":"pa_size-2xl","20":"pa_size-3xl","21":"pa_size-4xl","22":"pa_size-l","23":"pa_size-m","24":"pa_size-xl","25":"desktop-align-center","26":"tablet-align-left","27":"mobile-align-left","28":"ast-product-gallery-layout-horizontal-slider","29":"ast-product-single-variable","30":"ast-product-tabs-layout-horizontal","31":"ast-qv-on-image","33":"first","34":"instock","35":"shipping-taxable","36":"purchasable","37":"product-type-variable"},"tiered_pricing_type":"fixed","tiered_pricing_fixed_rules":{"2":11.7,"50":11.6,"100":10.9},"tiered_pricing_product_settings":{"layout":"default","base_unit_name":{"singular":null,"plural":null},"default_variation":null},"tiered_pricing_minimum_quantity":null,"tiered_pricing_roles_data":[],"tiered_pricing_percentage_rules":[],"_links":{"self":[{"href":"https:\/\/yume-silm.com\/pt\/wp-json\/wp\/v2\/product\/11427","targetHints":{"allow":["GET"]}}],"collection":[{"href":"https:\/\/yume-silm.com\/pt\/wp-json\/wp\/v2\/product"}],"about":[{"href":"https:\/\/yume-silm.com\/pt\/wp-json\/wp\/v2\/types\/product"}],"replies":[{"embeddable":true,"href":"https:\/\/yume-silm.com\/pt\/wp-json\/wp\/v2\/comments?post=11427"}],"wp:featuredmedia":[{"embeddable":true,"href":"https:\/\/yume-silm.com\/pt\/wp-json\/wp\/v2\/media\/11429"}],"wp:attachment":[{"href":"https:\/\/yume-silm.com\/pt\/wp-json\/wp\/v2\/media?parent=11427"}],"wp:term":[{"taxonomy":"product_brand","embeddable":true,"href":"https:\/\/yume-silm.com\/pt\/wp-json\/wp\/v2\/product_brand?post=11427"},{"taxonomy":"product_cat","embeddable":true,"href":"https:\/\/yume-silm.com\/pt\/wp-json\/wp\/v2\/product_cat?post=11427"},{"taxonomy":"product_tag","embeddable":true,"href":"https:\/\/yume-silm.com\/pt\/wp-json\/wp\/v2\/product_tag?post=11427"}],"curies":[{"name":"wp","href":"https:\/\/api.w.org\/{rel}","templated":true}]}}