{"id":11441,"date":"2024-09-18T03:40:29","date_gmt":"2024-09-18T03:40:29","guid":{"rendered":"https:\/\/yume-silm.com\/?post_type=product&#038;p=11441"},"modified":"2024-09-18T05:15:27","modified_gmt":"2024-09-18T05:15:27","slug":"camuflagem-fitness-sauna-respiravel-top","status":"publish","type":"product","link":"https:\/\/yume-silm.com\/pt\/produto\/camuflagem-fitness-sauna-respiravel-top\/","title":{"rendered":"Top de sauna respir\u00e1vel de fitness camuflado masculino"},"content":{"rendered":"<h5>Caracter\u00edsticas de design<\/h5>\n<ul>\n<li><strong>DESIGN \u00daNICO:<\/strong> O top de sauna respir\u00e1vel e camuflado para fitness adota um design exclusivo de padr\u00e3o de camuflagem, exibindo um estilo esportivo, aumentando o impacto visual e tornando a apar\u00eancia mais elegante e simples.<\/li>\n<li><strong>TECIDO RESPIR\u00c1VEL:<\/strong> O tecido respir\u00e1vel altamente el\u00e1stico absorve rapidamente o suor e se ajusta \u00e0s curvas do seu corpo, permitindo que voc\u00ea se mova livremente e se mantenha seco e confort\u00e1vel o dia todo.<\/li>\n<li><strong>FUN\u00c7\u00c3O DO CORSET:<\/strong> A cintura da jaqueta \u00e9 especialmente projetada com uma estrutura de espartilho, proporcionando bom suporte e efeito modelador, ajudando a firmar o abd\u00f4men e a cintura, moldando uma linha firme.<\/li>\n<li><strong>OCASI\u00c3O:<\/strong> Esteja voc\u00ea na academia, correndo ao ar livre ou apenas relaxando diariamente, voc\u00ea pode usar esta blusa de sauna com um esquema de cores de camuflagem exclusivo que far\u00e1 voc\u00ea se destacar da multid\u00e3o.<\/li>\n<\/ul>\n<h6><em>Colete Sauna Masculino para Perda de Peso e Emagrecimento<\/em><\/h6>\n<ul>\n<li>Esta regata para sauna \u00e9 feita de tecido de pol\u00edmero que absorve calor, o que aumenta a temperatura natural do seu corpo, faz voc\u00ea transpirar mais e acelera a perda de peso. Use-a n\u00e3o apenas para ficar em forma, mas tamb\u00e9m para se tornar uma vers\u00e3o melhor de si mesmo.<\/li>\n<\/ul>","protected":false},"excerpt":{"rendered":"<p>Use esta blusa de sauna respir\u00e1vel e camuflada projetada para exerc\u00edcios. Ela \u00e9 feita de tecido de alta elasticidade e respir\u00e1vel para ajudar voc\u00ea a transpirar rapidamente e mant\u00ea-lo confort\u00e1vel o dia todo, seja um treino de alta intensidade ou ioga, ela permite que voc\u00ea se concentre mais no seu treino.<\/p>","protected":false},"featured_media":11442,"comment_status":"open","ping_status":"closed","template":"","meta":{"site-sidebar-layout":"default","site-content-layout":"","ast-site-content-layout":"default","site-content-style":"default","site-sidebar-style":"default","ast-global-header-display":"","ast-banner-title-visibility":"","ast-main-header-display":"","ast-hfb-above-header-display":"","ast-hfb-below-header-display":"","ast-hfb-mobile-header-display":"","site-post-title":"","ast-breadcrumbs-content":"","ast-featured-img":"","footer-sml-layout":"","ast-disable-related-posts":"","theme-transparent-header-meta":"default","adv-header-id-meta":"","stick-header-meta":"default","header-above-stick-meta":"","header-main-stick-meta":"","header-below-stick-meta":"","astra-migrate-meta-layouts":"set","ast-page-background-enabled":"default","ast-page-background-meta":{"desktop":{"background-color":"","background-image":"","background-repeat":"repeat","background-position":"center center","background-size":"auto","background-attachment":"scroll","background-type":"","background-media":"","overlay-type":"","overlay-color":"","overlay-opacity":"","overlay-gradient":""},"tablet":{"background-color":"","background-image":"","background-repeat":"repeat","background-position":"center center","background-size":"auto","background-attachment":"scroll","background-type":"","background-media":"","overlay-type":"","overlay-color":"","overlay-opacity":"","overlay-gradient":""},"mobile":{"background-color":"","background-image":"","background-repeat":"repeat","background-position":"center center","background-size":"auto","background-attachment":"scroll","background-type":"","background-media":"","overlay-type":"","overlay-color":"","overlay-opacity":"","overlay-gradient":""}},"ast-content-background-meta":{"desktop":{"background-color":"var(--ast-global-color-5)","background-image":"","background-repeat":"repeat","background-position":"center center","background-size":"auto","background-attachment":"scroll","background-type":"","background-media":"","overlay-type":"","overlay-color":"","overlay-opacity":"","overlay-gradient":""},"tablet":{"background-color":"var(--ast-global-color-5)","background-image":"","background-repeat":"repeat","background-position":"center center","background-size":"auto","background-attachment":"scroll","background-type":"","background-media":"","overlay-type":"","overlay-color":"","overlay-opacity":"","overlay-gradient":""},"mobile":{"background-color":"var(--ast-global-color-5)","background-image":"","background-repeat":"repeat","background-position":"center center","background-size":"auto","background-attachment":"scroll","background-type":"","background-media":"","overlay-type":"","overlay-color":"","overlay-opacity":"","overlay-gradient":""}}},"product_brand":[],"product_cat":[76,65,97,100],"product_tag":[492,974,646,413,885,166,535,975,558,185],"class_list":{"0":"post-11441","1":"product","2":"type-product","3":"status-publish","4":"has-post-thumbnail","6":"product_cat-new-arrivels","7":"product_cat-best-sellers","8":"product_cat-sauna-suit","9":"product_cat-sauna-tops","10":"product_tag-breathable","11":"product_tag-camouflage","12":"product_tag-comfortable","13":"product_tag-fitness","14":"product_tag-high-intensity","15":"product_tag-sauna-vest","16":"product_tag-slimming","17":"product_tag-sweat-quickly","18":"product_tag-weight-loss","19":"product_tag-workout","20":"pa_color-color1","21":"pa_size-2xl","22":"pa_size-3xl","23":"pa_size-4xl","24":"pa_size-5xl","25":"pa_size-l","26":"pa_size-m","27":"pa_size-s","28":"pa_size-xl","29":"desktop-align-center","30":"tablet-align-left","31":"mobile-align-left","32":"ast-product-gallery-layout-horizontal-slider","33":"ast-product-single-variable","34":"ast-product-tabs-layout-horizontal","35":"ast-qv-on-image","37":"first","38":"instock","39":"shipping-taxable","40":"purchasable","41":"product-type-variable"},"tiered_pricing_type":"fixed","tiered_pricing_fixed_rules":{"2":5.5,"50":5,"100":3.9},"tiered_pricing_product_settings":{"layout":"default","base_unit_name":{"singular":null,"plural":null},"default_variation":null},"tiered_pricing_minimum_quantity":null,"tiered_pricing_roles_data":[],"tiered_pricing_percentage_rules":[],"_links":{"self":[{"href":"https:\/\/yume-silm.com\/pt\/wp-json\/wp\/v2\/product\/11441","targetHints":{"allow":["GET"]}}],"collection":[{"href":"https:\/\/yume-silm.com\/pt\/wp-json\/wp\/v2\/product"}],"about":[{"href":"https:\/\/yume-silm.com\/pt\/wp-json\/wp\/v2\/types\/product"}],"replies":[{"embeddable":true,"href":"https:\/\/yume-silm.com\/pt\/wp-json\/wp\/v2\/comments?post=11441"}],"wp:featuredmedia":[{"embeddable":true,"href":"https:\/\/yume-silm.com\/pt\/wp-json\/wp\/v2\/media\/11442"}],"wp:attachment":[{"href":"https:\/\/yume-silm.com\/pt\/wp-json\/wp\/v2\/media?parent=11441"}],"wp:term":[{"taxonomy":"product_brand","embeddable":true,"href":"https:\/\/yume-silm.com\/pt\/wp-json\/wp\/v2\/product_brand?post=11441"},{"taxonomy":"product_cat","embeddable":true,"href":"https:\/\/yume-silm.com\/pt\/wp-json\/wp\/v2\/product_cat?post=11441"},{"taxonomy":"product_tag","embeddable":true,"href":"https:\/\/yume-silm.com\/pt\/wp-json\/wp\/v2\/product_tag?post=11441"}],"curies":[{"name":"wp","href":"https:\/\/api.w.org\/{rel}","templated":true}]}}