{"id":12198,"date":"2024-09-28T09:31:08","date_gmt":"2024-09-28T09:31:08","guid":{"rendered":"https:\/\/yume-silm.com\/?post_type=product&#038;p=12198"},"modified":"2024-12-11T05:55:06","modified_gmt":"2024-12-11T05:55:06","slug":"bandagem-de-braco-para-perda-de-peso","status":"publish","type":"product","link":"https:\/\/yume-silm.com\/pt\/produto\/bandagem-de-braco-para-perda-de-peso\/","title":{"rendered":"Bandagem modeladora de compress\u00e3o para perda de peso feminina"},"content":{"rendered":"<h5>Caracter\u00edsticas de design<\/h5>\n<ul>\n<li><strong>COMPRESS\u00c3O EFICIENTE:<\/strong> A bandagem para perda de peso no bra\u00e7o pode fornecer suporte ideal, ajudar a firmar a pele do bra\u00e7o e modelar curvas atraentes.<\/li>\n<li><strong>PERDA DE PESO:<\/strong> Acelera a queima de calorias dos bra\u00e7os e ajuda a modelar e tonificar a apar\u00eancia da gordura persistente dos bra\u00e7os, permitindo que voc\u00ea tenha bra\u00e7os finos e perfeitos no menor tempo poss\u00edvel.<\/li>\n<li><strong>TECIDO RESPIR\u00c1VEL:<\/strong> Feito de tecido respir\u00e1vel e macio, garante uso confort\u00e1vel por muito tempo, ajudando a aliviar dores e fadiga.<\/li>\n<li><strong>RECUPERA\u00c7\u00c3O P\u00d3S-OPERAT\u00d3RIA:<\/strong> Isso pode ser usado para dar suporte aos m\u00fasculos e articula\u00e7\u00f5es, reduzir o incha\u00e7o, aliviar a dor nas articula\u00e7\u00f5es e mant\u00ea-las est\u00e1veis.<\/li>\n<\/ul>\n<h6><em>Pulseira de emagrecimento de alta elasticidade feminina<\/em><\/h6>\n<ul>\n<li>Esta pulseira feminina usa materiais de compress\u00e3o de alta tecnologia para moldar efetivamente as linhas do bra\u00e7o e reduzir o excesso de gordura, permitindo que voc\u00ea mostre confian\u00e7a em qualquer ocasi\u00e3o.<\/li>\n<\/ul>","protected":false},"excerpt":{"rendered":"<p>Nossa bandagem de bra\u00e7o para perda de peso \u00e9 projetada para mulheres que buscam um corpo perfeito, permitindo que voc\u00ea exale confian\u00e7a e mostre eleg\u00e2ncia! Usando materiais de compress\u00e3o de alta tecnologia, ela molda efetivamente as linhas do bra\u00e7o e reduz o excesso de gordura, permitindo que voc\u00ea mostre confian\u00e7a em qualquer ocasi\u00e3o<\/p>","protected":false},"featured_media":12199,"comment_status":"open","ping_status":"closed","template":"","meta":{"site-sidebar-layout":"default","site-content-layout":"","ast-site-content-layout":"default","site-content-style":"default","site-sidebar-style":"default","ast-global-header-display":"","ast-banner-title-visibility":"","ast-main-header-display":"","ast-hfb-above-header-display":"","ast-hfb-below-header-display":"","ast-hfb-mobile-header-display":"","site-post-title":"","ast-breadcrumbs-content":"","ast-featured-img":"","footer-sml-layout":"","ast-disable-related-posts":"","theme-transparent-header-meta":"default","adv-header-id-meta":"","stick-header-meta":"default","header-above-stick-meta":"","header-main-stick-meta":"","header-below-stick-meta":"","astra-migrate-meta-layouts":"set","ast-page-background-enabled":"default","ast-page-background-meta":{"desktop":{"background-color":"","background-image":"","background-repeat":"repeat","background-position":"center center","background-size":"auto","background-attachment":"scroll","background-type":"","background-media":"","overlay-type":"","overlay-color":"","overlay-opacity":"","overlay-gradient":""},"tablet":{"background-color":"","background-image":"","background-repeat":"repeat","background-position":"center center","background-size":"auto","background-attachment":"scroll","background-type":"","background-media":"","overlay-type":"","overlay-color":"","overlay-opacity":"","overlay-gradient":""},"mobile":{"background-color":"","background-image":"","background-repeat":"repeat","background-position":"center center","background-size":"auto","background-attachment":"scroll","background-type":"","background-media":"","overlay-type":"","overlay-color":"","overlay-opacity":"","overlay-gradient":""}},"ast-content-background-meta":{"desktop":{"background-color":"var(--ast-global-color-5)","background-image":"","background-repeat":"repeat","background-position":"center center","background-size":"auto","background-attachment":"scroll","background-type":"","background-media":"","overlay-type":"","overlay-color":"","overlay-opacity":"","overlay-gradient":""},"tablet":{"background-color":"var(--ast-global-color-5)","background-image":"","background-repeat":"repeat","background-position":"center center","background-size":"auto","background-attachment":"scroll","background-type":"","background-media":"","overlay-type":"","overlay-color":"","overlay-opacity":"","overlay-gradient":""},"mobile":{"background-color":"var(--ast-global-color-5)","background-image":"","background-repeat":"repeat","background-position":"center center","background-size":"auto","background-attachment":"scroll","background-type":"","background-media":"","overlay-type":"","overlay-color":"","overlay-opacity":"","overlay-gradient":""}}},"product_brand":[],"product_cat":[65,76,97,626],"product_tag":[492,739,693,1036,535,558,1037],"class_list":{"0":"post-12198","1":"product","2":"type-product","3":"status-publish","4":"has-post-thumbnail","6":"product_cat-best-sellers","7":"product_cat-new-arrivels","8":"product_cat-sauna-suit","9":"product_cat-sauna-accessories","10":"product_tag-breathable","11":"product_tag-high-compression","12":"product_tag-high-elastic","13":"product_tag-postoperative-recovery","14":"product_tag-slimming","15":"product_tag-weight-loss","16":"product_tag-wristband","17":"pa_color-black","18":"pa_color-skin","19":"pa_size-free","20":"desktop-align-center","21":"tablet-align-left","22":"mobile-align-left","23":"ast-product-gallery-layout-horizontal-slider","24":"ast-product-single-variable","25":"ast-product-tabs-layout-horizontal","26":"ast-qv-on-image","28":"first","29":"instock","30":"shipping-taxable","31":"purchasable","32":"product-type-variable"},"tiered_pricing_type":"fixed","tiered_pricing_fixed_rules":{"10":1.5,"50":1,"100":0.7},"tiered_pricing_product_settings":{"layout":"default","base_unit_name":{"singular":null,"plural":null},"default_variation":null},"tiered_pricing_minimum_quantity":null,"tiered_pricing_roles_data":[],"tiered_pricing_percentage_rules":[],"_links":{"self":[{"href":"https:\/\/yume-silm.com\/pt\/wp-json\/wp\/v2\/product\/12198","targetHints":{"allow":["GET"]}}],"collection":[{"href":"https:\/\/yume-silm.com\/pt\/wp-json\/wp\/v2\/product"}],"about":[{"href":"https:\/\/yume-silm.com\/pt\/wp-json\/wp\/v2\/types\/product"}],"replies":[{"embeddable":true,"href":"https:\/\/yume-silm.com\/pt\/wp-json\/wp\/v2\/comments?post=12198"}],"wp:featuredmedia":[{"embeddable":true,"href":"https:\/\/yume-silm.com\/pt\/wp-json\/wp\/v2\/media\/12199"}],"wp:attachment":[{"href":"https:\/\/yume-silm.com\/pt\/wp-json\/wp\/v2\/media?parent=12198"}],"wp:term":[{"taxonomy":"product_brand","embeddable":true,"href":"https:\/\/yume-silm.com\/pt\/wp-json\/wp\/v2\/product_brand?post=12198"},{"taxonomy":"product_cat","embeddable":true,"href":"https:\/\/yume-silm.com\/pt\/wp-json\/wp\/v2\/product_cat?post=12198"},{"taxonomy":"product_tag","embeddable":true,"href":"https:\/\/yume-silm.com\/pt\/wp-json\/wp\/v2\/product_tag?post=12198"}],"curies":[{"name":"wp","href":"https:\/\/api.w.org\/{rel}","templated":true}]}}