{"id":12369,"date":"2024-10-10T05:55:53","date_gmt":"2024-10-10T05:55:53","guid":{"rendered":"https:\/\/yume-silm.com\/?post_type=product&#038;p=12369"},"modified":"2024-10-10T05:57:17","modified_gmt":"2024-10-10T05:57:17","slug":"sauna-adjustable-arm-exercise-sleeves","status":"publish","type":"product","link":"https:\/\/yume-silm.com\/pt\/produto\/sauna-adjustable-arm-exercise-sleeves\/","title":{"rendered":"Mangas de exerc\u00edcio de bra\u00e7o ajust\u00e1veis para sauna feminina"},"content":{"rendered":"<h5>Caracter\u00edsticas de design<\/h5>\n<ul>\n<li><strong>LOSE WEIGHT<\/strong>: The sauna adjustable arm exercise sleeves are made of advanced sauna heating material, which automatically generates heat, deeply accelerates blood circulation, helps burn fat, and shapes a fitter arm shape for you.<\/li>\n<li><strong>COMFORTABLE AND BREATHABLE<\/strong>: Highly elastic and breathable fabric keeps you dry and not stuffy during exercise, lightweight and comfortable, and you won&#8217;t feel uncomfortable when wearing it for a long time.<\/li>\n<li><strong>FASHIONABLE AND BEAUTIFUL<\/strong>: Simple and generous design, showing the unique charm of modern women, both sports and fashion sense, suitable for any occasion.<\/li>\n<li><strong>MULTIFUNCTIONAL<\/strong>: Suitable for running, yoga, fitness and other sports, helps to accelerate the effect of exercise, easy to deal with a variety of sports challenges.<\/li>\n<\/ul>\n<h6><em>Women&#8217;s Sauna Arm Shaper<\/em><\/h6>\n<ul>\n<li>Women&#8217;s arm shaper is designed for those who are looking for slimmer arms, its convenient use and efficient trimming effect make it easy for you to shape your arm line at home.<\/li>\n<\/ul>","protected":false},"excerpt":{"rendered":"<p>This sauna adjustable arm exercise sleeves is designed for you who are looking for slimmer arms. Whether you wear it during your daily workout or during yoga or running, it can effectively accelerate fat burning, promote sweat expulsion, and help you quickly build a firm arm line<\/p>","protected":false},"featured_media":12370,"comment_status":"open","ping_status":"closed","template":"","meta":{"site-sidebar-layout":"default","site-content-layout":"","ast-site-content-layout":"default","site-content-style":"default","site-sidebar-style":"default","ast-global-header-display":"","ast-banner-title-visibility":"","ast-main-header-display":"","ast-hfb-above-header-display":"","ast-hfb-below-header-display":"","ast-hfb-mobile-header-display":"","site-post-title":"","ast-breadcrumbs-content":"","ast-featured-img":"","footer-sml-layout":"","ast-disable-related-posts":"","theme-transparent-header-meta":"default","adv-header-id-meta":"","stick-header-meta":"default","header-above-stick-meta":"","header-main-stick-meta":"","header-below-stick-meta":"","astra-migrate-meta-layouts":"set","ast-page-background-enabled":"default","ast-page-background-meta":{"desktop":{"background-color":"","background-image":"","background-repeat":"repeat","background-position":"center center","background-size":"auto","background-attachment":"scroll","background-type":"","background-media":"","overlay-type":"","overlay-color":"","overlay-opacity":"","overlay-gradient":""},"tablet":{"background-color":"","background-image":"","background-repeat":"repeat","background-position":"center center","background-size":"auto","background-attachment":"scroll","background-type":"","background-media":"","overlay-type":"","overlay-color":"","overlay-opacity":"","overlay-gradient":""},"mobile":{"background-color":"","background-image":"","background-repeat":"repeat","background-position":"center center","background-size":"auto","background-attachment":"scroll","background-type":"","background-media":"","overlay-type":"","overlay-color":"","overlay-opacity":"","overlay-gradient":""}},"ast-content-background-meta":{"desktop":{"background-color":"var(--ast-global-color-5)","background-image":"","background-repeat":"repeat","background-position":"center center","background-size":"auto","background-attachment":"scroll","background-type":"","background-media":"","overlay-type":"","overlay-color":"","overlay-opacity":"","overlay-gradient":""},"tablet":{"background-color":"var(--ast-global-color-5)","background-image":"","background-repeat":"repeat","background-position":"center center","background-size":"auto","background-attachment":"scroll","background-type":"","background-media":"","overlay-type":"","overlay-color":"","overlay-opacity":"","overlay-gradient":""},"mobile":{"background-color":"var(--ast-global-color-5)","background-image":"","background-repeat":"repeat","background-position":"center center","background-size":"auto","background-attachment":"scroll","background-type":"","background-media":"","overlay-type":"","overlay-color":"","overlay-opacity":"","overlay-gradient":""}}},"product_brand":[],"product_cat":[65,76,97,626],"product_tag":[194,492,1053,701,535,558,185],"class_list":{"0":"post-12369","1":"product","2":"type-product","3":"status-publish","4":"has-post-thumbnail","6":"product_cat-best-sellers","7":"product_cat-new-arrivels","8":"product_cat-sauna-suit","9":"product_cat-sauna-accessories","10":"product_tag-adjustable","11":"product_tag-breathable","12":"product_tag-exercise-sleeves","13":"product_tag-fashionable","14":"product_tag-slimming","15":"product_tag-weight-loss","16":"product_tag-workout","17":"pa_color-blue","18":"pa_color-silver","19":"pa_size-2xl-3xl","20":"pa_size-4xl-5xl","21":"pa_size-l-xl","22":"pa_size-s-m","23":"desktop-align-center","24":"tablet-align-left","25":"mobile-align-left","26":"ast-product-gallery-layout-horizontal-slider","27":"ast-product-single-variable","28":"ast-product-tabs-layout-horizontal","29":"ast-qv-on-image","31":"first","32":"instock","33":"shipping-taxable","34":"purchasable","35":"product-type-variable"},"tiered_pricing_type":"fixed","tiered_pricing_fixed_rules":{"10":2,"50":1.8,"100":1.5},"tiered_pricing_product_settings":{"layout":"default","base_unit_name":{"singular":null,"plural":null},"default_variation":null},"tiered_pricing_minimum_quantity":null,"tiered_pricing_roles_data":[],"tiered_pricing_percentage_rules":[],"_links":{"self":[{"href":"https:\/\/yume-silm.com\/pt\/wp-json\/wp\/v2\/product\/12369","targetHints":{"allow":["GET"]}}],"collection":[{"href":"https:\/\/yume-silm.com\/pt\/wp-json\/wp\/v2\/product"}],"about":[{"href":"https:\/\/yume-silm.com\/pt\/wp-json\/wp\/v2\/types\/product"}],"replies":[{"embeddable":true,"href":"https:\/\/yume-silm.com\/pt\/wp-json\/wp\/v2\/comments?post=12369"}],"wp:featuredmedia":[{"embeddable":true,"href":"https:\/\/yume-silm.com\/pt\/wp-json\/wp\/v2\/media\/12370"}],"wp:attachment":[{"href":"https:\/\/yume-silm.com\/pt\/wp-json\/wp\/v2\/media?parent=12369"}],"wp:term":[{"taxonomy":"product_brand","embeddable":true,"href":"https:\/\/yume-silm.com\/pt\/wp-json\/wp\/v2\/product_brand?post=12369"},{"taxonomy":"product_cat","embeddable":true,"href":"https:\/\/yume-silm.com\/pt\/wp-json\/wp\/v2\/product_cat?post=12369"},{"taxonomy":"product_tag","embeddable":true,"href":"https:\/\/yume-silm.com\/pt\/wp-json\/wp\/v2\/product_tag?post=12369"}],"curies":[{"name":"wp","href":"https:\/\/api.w.org\/{rel}","templated":true}]}}