{"id":12399,"date":"2024-10-14T06:36:38","date_gmt":"2024-10-14T06:36:38","guid":{"rendered":"https:\/\/yume-silm.com\/?post_type=product&#038;p=12399"},"modified":"2025-09-23T01:28:39","modified_gmt":"2025-09-23T01:28:39","slug":"colete-fitness-para-controle-da-barriga","status":"publish","type":"product","link":"https:\/\/yume-silm.com\/pt\/produto\/colete-fitness-para-controle-da-barriga\/","title":{"rendered":"Colete de compress\u00e3o masculino para controle da barriga e modelagem fitness"},"content":{"rendered":"<h5>Caracter\u00edsticas de design<\/h5>\n<ul>\n<li><strong>PROJETO DE CONTROLE ABDOMINAL:<\/strong> A tecnologia cient\u00edfica de corte e compress\u00e3o do colete fitness de controle de barriga aperta efetivamente o abd\u00f4men, cria uma linha abdominal firme e plana, destaca os contornos musculares do peito e do abd\u00f4men e cria uma silhueta mais robusta para voc\u00ea.<\/li>\n<li><strong>TECIDO ALTAMENTE EL\u00c1STICO E RESPIR\u00c1VEL:<\/strong> Tecido altamente el\u00e1stico se ajusta ao corpo e suporta movimentos em todo o corpo. O design respir\u00e1vel garante que voc\u00ea fique seco e confort\u00e1vel durante o exerc\u00edcio, permitindo que voc\u00ea fique confort\u00e1vel e seco o dia todo.<\/li>\n<li><strong>MELHORE O DESEMPENHO ESPORTIVO:<\/strong> O design de compress\u00e3o razo\u00e1vel ajuda a estabilizar os m\u00fasculos centrais, melhora a estabilidade e a pot\u00eancia durante o exerc\u00edcio e reduz o risco de les\u00f5es esportivas.<\/li>\n<li><strong>PROJETO SEM EMENDA:<\/strong> Tecnologia sem costura de alta tecnologia, leve e que se adapta \u00e0 pele sem deixar vest\u00edgios, garantindo um ajuste perfeito ao corpo, podendo ser perfeitamente escondida sob qualquer roupa, garantindo que o usu\u00e1rio se sinta relaxado e confort\u00e1vel nas atividades di\u00e1rias.<\/li>\n<\/ul>\n<h6><em>Colete emagrecedor respir\u00e1vel de secagem r\u00e1pida para homens<\/em><\/h6>\n<ul>\n<li>Seja usado durante exerc\u00edcios ou no dia a dia, este colete masculino pode lhe proporcionar o m\u00e1ximo de suporte e conforto para ajudar voc\u00ea a mostrar o melhor formato do seu corpo.<\/li>\n<\/ul>","protected":false},"excerpt":{"rendered":"<p>Este colete fitness de controle de barriga \u00e9 projetado para homens que buscam um formato de corpo perfeito. Ele usa tecido de compress\u00e3o de alta tecnologia para ajudar a moldar uma curva abdominal mais firme e plana, deixando cada m\u00fasculo mais definido.<\/p>","protected":false},"featured_media":12401,"comment_status":"open","ping_status":"closed","template":"","meta":{"site-sidebar-layout":"default","site-content-layout":"","ast-site-content-layout":"default","site-content-style":"default","site-sidebar-style":"default","ast-global-header-display":"","ast-banner-title-visibility":"","ast-main-header-display":"","ast-hfb-above-header-display":"","ast-hfb-below-header-display":"","ast-hfb-mobile-header-display":"","site-post-title":"","ast-breadcrumbs-content":"","ast-featured-img":"","footer-sml-layout":"","ast-disable-related-posts":"","theme-transparent-header-meta":"default","adv-header-id-meta":"","stick-header-meta":"default","header-above-stick-meta":"","header-main-stick-meta":"","header-below-stick-meta":"","astra-migrate-meta-layouts":"set","ast-page-background-enabled":"default","ast-page-background-meta":{"desktop":{"background-color":"","background-image":"","background-repeat":"repeat","background-position":"center center","background-size":"auto","background-attachment":"scroll","background-type":"","background-media":"","overlay-type":"","overlay-color":"","overlay-opacity":"","overlay-gradient":""},"tablet":{"background-color":"","background-image":"","background-repeat":"repeat","background-position":"center center","background-size":"auto","background-attachment":"scroll","background-type":"","background-media":"","overlay-type":"","overlay-color":"","overlay-opacity":"","overlay-gradient":""},"mobile":{"background-color":"","background-image":"","background-repeat":"repeat","background-position":"center center","background-size":"auto","background-attachment":"scroll","background-type":"","background-media":"","overlay-type":"","overlay-color":"","overlay-opacity":"","overlay-gradient":""}},"ast-content-background-meta":{"desktop":{"background-color":"var(--ast-global-color-5)","background-image":"","background-repeat":"repeat","background-position":"center center","background-size":"auto","background-attachment":"scroll","background-type":"","background-media":"","overlay-type":"","overlay-color":"","overlay-opacity":"","overlay-gradient":""},"tablet":{"background-color":"var(--ast-global-color-5)","background-image":"","background-repeat":"repeat","background-position":"center center","background-size":"auto","background-attachment":"scroll","background-type":"","background-media":"","overlay-type":"","overlay-color":"","overlay-opacity":"","overlay-gradient":""},"mobile":{"background-color":"var(--ast-global-color-5)","background-image":"","background-repeat":"repeat","background-position":"center center","background-size":"auto","background-attachment":"scroll","background-type":"","background-media":"","overlay-type":"","overlay-color":"","overlay-opacity":"","overlay-gradient":""}}},"product_brand":[],"product_cat":[65,76,85,86],"product_tag":[662,492,961,693,1056,778,491,500],"class_list":{"0":"post-12399","1":"product","2":"type-product","3":"status-publish","4":"has-post-thumbnail","6":"product_cat-best-sellers","7":"product_cat-new-arrivels","8":"product_cat-wholesale-mens-shapewear","9":"product_cat-wholesale-men-sliming-vest","10":"product_tag-abdominal","11":"product_tag-breathable","12":"product_tag-fitness-vest","13":"product_tag-high-elastic","14":"product_tag-high-tech-compression","15":"product_tag-quick-dry","16":"product_tag-seamless","17":"product_tag-tummy-control","18":"pa_color-black","19":"pa_color-blue","20":"pa_color-green","21":"pa_color-red","22":"pa_color-white","23":"pa_size-2xl","24":"pa_size-l","25":"pa_size-m","26":"pa_size-s","27":"pa_size-xl","28":"desktop-align-center","29":"tablet-align-left","30":"mobile-align-left","31":"ast-product-gallery-layout-horizontal-slider","32":"ast-product-single-variable","33":"ast-product-tabs-layout-horizontal","34":"ast-qv-on-image","36":"first","37":"instock","38":"shipping-taxable","39":"purchasable","40":"product-type-variable"},"tiered_pricing_type":"fixed","tiered_pricing_fixed_rules":{"2":5,"50":4.5,"100":4},"tiered_pricing_product_settings":{"layout":"default","base_unit_name":{"singular":null,"plural":null},"default_variation":null},"tiered_pricing_minimum_quantity":null,"tiered_pricing_roles_data":[],"tiered_pricing_percentage_rules":[],"_links":{"self":[{"href":"https:\/\/yume-silm.com\/pt\/wp-json\/wp\/v2\/product\/12399","targetHints":{"allow":["GET"]}}],"collection":[{"href":"https:\/\/yume-silm.com\/pt\/wp-json\/wp\/v2\/product"}],"about":[{"href":"https:\/\/yume-silm.com\/pt\/wp-json\/wp\/v2\/types\/product"}],"replies":[{"embeddable":true,"href":"https:\/\/yume-silm.com\/pt\/wp-json\/wp\/v2\/comments?post=12399"}],"wp:featuredmedia":[{"embeddable":true,"href":"https:\/\/yume-silm.com\/pt\/wp-json\/wp\/v2\/media\/12401"}],"wp:attachment":[{"href":"https:\/\/yume-silm.com\/pt\/wp-json\/wp\/v2\/media?parent=12399"}],"wp:term":[{"taxonomy":"product_brand","embeddable":true,"href":"https:\/\/yume-silm.com\/pt\/wp-json\/wp\/v2\/product_brand?post=12399"},{"taxonomy":"product_cat","embeddable":true,"href":"https:\/\/yume-silm.com\/pt\/wp-json\/wp\/v2\/product_cat?post=12399"},{"taxonomy":"product_tag","embeddable":true,"href":"https:\/\/yume-silm.com\/pt\/wp-json\/wp\/v2\/product_tag?post=12399"}],"curies":[{"name":"wp","href":"https:\/\/api.w.org\/{rel}","templated":true}]}}