{"id":12561,"date":"2024-10-18T07:31:56","date_gmt":"2024-10-18T07:31:56","guid":{"rendered":"https:\/\/yume-silm.com\/?post_type=product&#038;p=12561"},"modified":"2024-10-18T07:33:46","modified_gmt":"2024-10-18T07:33:46","slug":"colete-masculino-de-secagem-rapida-com-colchete-e-barriga-justa","status":"publish","type":"product","link":"https:\/\/yume-silm.com\/pt\/produto\/colete-masculino-de-secagem-rapida-com-colchete-e-barriga-justa\/","title":{"rendered":"Colete masculino com fecho de gancho e olhal de secagem r\u00e1pida e justo na barriga"},"content":{"rendered":"<h5>Caracter\u00edsticas de design<\/h5>\n<ul>\n<li><strong>CINTURA AJUST\u00c1VEL:<\/strong> O colete de barriga justo de secagem r\u00e1pida com gancho e olho masculino tem tr\u00eas ganchos e olhos, que podem ajustar livremente a for\u00e7a de compress\u00e3o necess\u00e1ria para o abd\u00f4men. Um c\u00f3s confort\u00e1vel e n\u00e3o apertado pode aplicar mais press\u00e3o ao abd\u00f4men e ajudar voc\u00ea a perder peso de forma mais eficaz.<\/li>\n<li><strong>MELHORAR A POSTURA:<\/strong> Ele pode ser usado para controlar o abd\u00f4men e adota um design de engenharia cruzado para dar suporte \u00e0s costas, proporcionar expans\u00e3o dos ombros e tens\u00e3o nas costas, fornecer bom suporte corporal, melhorar a postura e aliviar a dor.<\/li>\n<li><strong>TECIDO DE ALTA QUALIDADE:<\/strong> A combina\u00e7\u00e3o de n\u00e1ilon e elastano cria um tecido muito el\u00e1stico e confort\u00e1vel que se adapta \u00e0s curvas do corpo e proporciona o m\u00e1ximo conforto, permitindo que voc\u00ea fa\u00e7a o que quiser durante o exerc\u00edcio.<\/li>\n<li><strong>TECIDO DE SECAGEM R\u00c1PIDA:<\/strong> A tecnologia de secagem r\u00e1pida garante uma r\u00e1pida transpira\u00e7\u00e3o ap\u00f3s o exerc\u00edcio, mant\u00e9m-se seco e \u00e9 adequado para v\u00e1rias ocasi\u00f5es desportivas<\/li>\n<\/ul>\n<h6><em>Regata de compress\u00e3o masculina para emagrecimento e fitness<\/em><\/h6>\n<ul>\n<li>A regata de compress\u00e3o fitness apresenta um design exclusivo de colchete que \u00e9 estiloso e melhora a respirabilidade, garantindo que voc\u00ea sempre se sinta revigorado durante exerc\u00edcios de alta intensidade.<\/li>\n<\/ul>","protected":false},"excerpt":{"rendered":"<p>Este colete masculino de secagem r\u00e1pida e justo com gancho e olhal se ajusta perfeitamente \u00e0 curva do corpo, proporcionando bom suporte e ajudando a moldar o formato ideal do seu corpo. Quer voc\u00ea esteja malhando na academia ou usando-o casualmente todos os dias, esta regata pode lhe trazer o m\u00e1ximo de conforto e confian\u00e7a.<\/p>","protected":false},"featured_media":12562,"comment_status":"open","ping_status":"closed","template":"","meta":{"site-sidebar-layout":"default","site-content-layout":"","ast-site-content-layout":"default","site-content-style":"default","site-sidebar-style":"default","ast-global-header-display":"","ast-banner-title-visibility":"","ast-main-header-display":"","ast-hfb-above-header-display":"","ast-hfb-below-header-display":"","ast-hfb-mobile-header-display":"","site-post-title":"","ast-breadcrumbs-content":"","ast-featured-img":"","footer-sml-layout":"","ast-disable-related-posts":"","theme-transparent-header-meta":"default","adv-header-id-meta":"","stick-header-meta":"default","header-above-stick-meta":"","header-main-stick-meta":"","header-below-stick-meta":"","astra-migrate-meta-layouts":"set","ast-page-background-enabled":"default","ast-page-background-meta":{"desktop":{"background-color":"","background-image":"","background-repeat":"repeat","background-position":"center center","background-size":"auto","background-attachment":"scroll","background-type":"","background-media":"","overlay-type":"","overlay-color":"","overlay-opacity":"","overlay-gradient":""},"tablet":{"background-color":"","background-image":"","background-repeat":"repeat","background-position":"center center","background-size":"auto","background-attachment":"scroll","background-type":"","background-media":"","overlay-type":"","overlay-color":"","overlay-opacity":"","overlay-gradient":""},"mobile":{"background-color":"","background-image":"","background-repeat":"repeat","background-position":"center center","background-size":"auto","background-attachment":"scroll","background-type":"","background-media":"","overlay-type":"","overlay-color":"","overlay-opacity":"","overlay-gradient":""}},"ast-content-background-meta":{"desktop":{"background-color":"var(--ast-global-color-5)","background-image":"","background-repeat":"repeat","background-position":"center center","background-size":"auto","background-attachment":"scroll","background-type":"","background-media":"","overlay-type":"","overlay-color":"","overlay-opacity":"","overlay-gradient":""},"tablet":{"background-color":"var(--ast-global-color-5)","background-image":"","background-repeat":"repeat","background-position":"center center","background-size":"auto","background-attachment":"scroll","background-type":"","background-media":"","overlay-type":"","overlay-color":"","overlay-opacity":"","overlay-gradient":""},"mobile":{"background-color":"var(--ast-global-color-5)","background-image":"","background-repeat":"repeat","background-position":"center center","background-size":"auto","background-attachment":"scroll","background-type":"","background-media":"","overlay-type":"","overlay-color":"","overlay-opacity":"","overlay-gradient":""}}},"product_brand":[],"product_cat":[65,76,85,86],"product_tag":[1064,646,489,1066,1065,778,535,1067],"class_list":{"0":"post-12561","1":"product","2":"type-product","3":"status-publish","4":"has-post-thumbnail","6":"product_cat-best-sellers","7":"product_cat-new-arrivels","8":"product_cat-wholesale-mens-shapewear","9":"product_cat-wholesale-men-sliming-vest","10":"product_tag-adjustable-waistband","11":"product_tag-comfortable","12":"product_tag-compression","13":"product_tag-fitness-tank-top","14":"product_tag-high-quality-fabric","15":"product_tag-quick-dry","16":"product_tag-slimming","17":"product_tag-tight-tummy-vest","18":"pa_color-beige","19":"pa_color-black","20":"pa_size-2xl","21":"pa_size-3xl","22":"pa_size-4xl","23":"pa_size-l","24":"pa_size-xl","25":"desktop-align-center","26":"tablet-align-left","27":"mobile-align-left","28":"ast-product-gallery-layout-horizontal-slider","29":"ast-product-single-variable","30":"ast-product-tabs-layout-horizontal","31":"ast-qv-on-image","33":"first","34":"instock","35":"shipping-taxable","36":"purchasable","37":"product-type-variable"},"tiered_pricing_type":"fixed","tiered_pricing_fixed_rules":{"2":16.5,"50":16,"100":15.5},"tiered_pricing_product_settings":{"layout":"default","base_unit_name":{"singular":null,"plural":null},"default_variation":null},"tiered_pricing_minimum_quantity":null,"tiered_pricing_roles_data":[],"tiered_pricing_percentage_rules":[],"_links":{"self":[{"href":"https:\/\/yume-silm.com\/pt\/wp-json\/wp\/v2\/product\/12561","targetHints":{"allow":["GET"]}}],"collection":[{"href":"https:\/\/yume-silm.com\/pt\/wp-json\/wp\/v2\/product"}],"about":[{"href":"https:\/\/yume-silm.com\/pt\/wp-json\/wp\/v2\/types\/product"}],"replies":[{"embeddable":true,"href":"https:\/\/yume-silm.com\/pt\/wp-json\/wp\/v2\/comments?post=12561"}],"wp:featuredmedia":[{"embeddable":true,"href":"https:\/\/yume-silm.com\/pt\/wp-json\/wp\/v2\/media\/12562"}],"wp:attachment":[{"href":"https:\/\/yume-silm.com\/pt\/wp-json\/wp\/v2\/media?parent=12561"}],"wp:term":[{"taxonomy":"product_brand","embeddable":true,"href":"https:\/\/yume-silm.com\/pt\/wp-json\/wp\/v2\/product_brand?post=12561"},{"taxonomy":"product_cat","embeddable":true,"href":"https:\/\/yume-silm.com\/pt\/wp-json\/wp\/v2\/product_cat?post=12561"},{"taxonomy":"product_tag","embeddable":true,"href":"https:\/\/yume-silm.com\/pt\/wp-json\/wp\/v2\/product_tag?post=12561"}],"curies":[{"name":"wp","href":"https:\/\/api.w.org\/{rel}","templated":true}]}}