{"id":12618,"date":"2024-10-25T08:35:14","date_gmt":"2024-10-25T08:35:14","guid":{"rendered":"https:\/\/yume-silm.com\/?post_type=product&#038;p=12618"},"modified":"2025-05-26T00:52:38","modified_gmt":"2025-05-26T00:52:38","slug":"cuecas-modeladoras-para-pernas-e-controle-de-barriga-masculina","status":"publish","type":"product","link":"https:\/\/yume-silm.com\/pt\/produto\/cuecas-modeladoras-para-pernas-e-controle-de-barriga-masculina\/","title":{"rendered":"Cuecas masculinas de controle de barriga, respir\u00e1veis e modeladoras para as pernas"},"content":{"rendered":"<h5>Caracter\u00edsticas de design<\/h5>\n<ul>\n<li><strong>TECIDO DE MALHA:<\/strong> As cuecas modeladoras de pernas com controle de barriga masculinas s\u00e3o feitas de tecido de malha respir\u00e1vel tipo favo de mel. Quando usadas firmemente, podem ajudar voc\u00ea a respirar e suar, n\u00e3o ficar abafado e permanecer seco.<\/li>\n<li><strong>ABDOMINA\u00c7\u00c3O PODEROSA:<\/strong> O tecido de alta densidade ajuda a eliminar o excesso de gordura do abd\u00f4men, modelando uma silhueta mais perfeita.<\/li>\n<li><strong>FORTE MOLDAGEM DAS PERNAS:<\/strong> Compress\u00e3o dupla em espiral nas coxas, mais press\u00e3o nas pernas, modelagem forte das pernas, redu\u00e7\u00e3o de gordura nas pernas.<\/li>\n<li><strong>VIRILHA EM FORMA DE U:<\/strong> Tecnologia de tric\u00f4 tridimensional 3D, sem cortes nas costuras laterais, atrito reduzido, design de fivela de virilha humanizada, de acordo com as caracter\u00edsticas fisiol\u00f3gicas masculinas, mais conveniente para ir ao banheiro.<\/li>\n<\/ul>\n<h6><em>Cuecas masculinas de cintura alta para levantar o bumbum<\/em><\/h6>\n<ul>\n<li>Vista esta cueca, o design da linha de levantamento de bumbum tem como alvo n\u00e1degas largas, aperta efetivamente a gordura solta em ambos os lados das n\u00e1degas e modela melhor suas n\u00e1degas.<\/li>\n<\/ul>\n<p>&nbsp;<\/p>","protected":false},"excerpt":{"rendered":"<p>Estas cuecas modeladoras para pernas masculinas com controle de barriga proporcionam compress\u00e3o potente na cintura, abd\u00f4men e pernas e, ao adicionar press\u00e3o extra nos quadris, as cuecas boxer com cintura podem levantar rapidamente quadris fl\u00e1cidos e criar uma silhueta aerodin\u00e2mica.<\/p>","protected":false},"featured_media":12619,"comment_status":"open","ping_status":"closed","template":"","meta":{"site-sidebar-layout":"default","site-content-layout":"","ast-site-content-layout":"default","site-content-style":"default","site-sidebar-style":"default","ast-global-header-display":"","ast-banner-title-visibility":"","ast-main-header-display":"","ast-hfb-above-header-display":"","ast-hfb-below-header-display":"","ast-hfb-mobile-header-display":"","site-post-title":"","ast-breadcrumbs-content":"","ast-featured-img":"","footer-sml-layout":"","ast-disable-related-posts":"","theme-transparent-header-meta":"default","adv-header-id-meta":"","stick-header-meta":"default","header-above-stick-meta":"","header-main-stick-meta":"","header-below-stick-meta":"","astra-migrate-meta-layouts":"set","ast-page-background-enabled":"default","ast-page-background-meta":{"desktop":{"background-color":"","background-image":"","background-repeat":"repeat","background-position":"center center","background-size":"auto","background-attachment":"scroll","background-type":"","background-media":"","overlay-type":"","overlay-color":"","overlay-opacity":"","overlay-gradient":""},"tablet":{"background-color":"","background-image":"","background-repeat":"repeat","background-position":"center center","background-size":"auto","background-attachment":"scroll","background-type":"","background-media":"","overlay-type":"","overlay-color":"","overlay-opacity":"","overlay-gradient":""},"mobile":{"background-color":"","background-image":"","background-repeat":"repeat","background-position":"center center","background-size":"auto","background-attachment":"scroll","background-type":"","background-media":"","overlay-type":"","overlay-color":"","overlay-opacity":"","overlay-gradient":""}},"ast-content-background-meta":{"desktop":{"background-color":"var(--ast-global-color-5)","background-image":"","background-repeat":"repeat","background-position":"center center","background-size":"auto","background-attachment":"scroll","background-type":"","background-media":"","overlay-type":"","overlay-color":"","overlay-opacity":"","overlay-gradient":""},"tablet":{"background-color":"var(--ast-global-color-5)","background-image":"","background-repeat":"repeat","background-position":"center center","background-size":"auto","background-attachment":"scroll","background-type":"","background-media":"","overlay-type":"","overlay-color":"","overlay-opacity":"","overlay-gradient":""},"mobile":{"background-color":"var(--ast-global-color-5)","background-image":"","background-repeat":"repeat","background-position":"center center","background-size":"auto","background-attachment":"scroll","background-type":"","background-media":"","overlay-type":"","overlay-color":"","overlay-opacity":"","overlay-gradient":""}}},"product_brand":[],"product_cat":[65,76,85,87],"product_tag":[662,412,492,1073,686,139,1074,500],"class_list":{"0":"post-12618","1":"product","2":"type-product","3":"status-publish","4":"has-post-thumbnail","6":"product_cat-best-sellers","7":"product_cat-new-arrivels","8":"product_cat-wholesale-mens-shapewear","9":"product_cat-wholesale-men-control-panties","10":"product_tag-abdominal","11":"product_tag-body-shaping","12":"product_tag-breathable","13":"product_tag-briefs","14":"product_tag-butt-lifter","15":"product_tag-high-waist","16":"product_tag-mesh-fabric","17":"product_tag-tummy-control","18":"pa_color-black","19":"pa_color-white","20":"pa_size-l","21":"pa_size-m","22":"pa_size-xl","23":"desktop-align-center","24":"tablet-align-left","25":"mobile-align-left","26":"ast-product-gallery-layout-horizontal-slider","27":"ast-product-single-variable","28":"ast-product-tabs-layout-horizontal","29":"ast-qv-on-image","31":"first","32":"instock","33":"shipping-taxable","34":"purchasable","35":"product-type-variable"},"tiered_pricing_type":"fixed","tiered_pricing_fixed_rules":{"2":5,"50":4.5,"100":4},"tiered_pricing_product_settings":{"layout":"default","base_unit_name":{"singular":null,"plural":null},"default_variation":null},"tiered_pricing_minimum_quantity":null,"tiered_pricing_roles_data":[],"tiered_pricing_percentage_rules":[],"_links":{"self":[{"href":"https:\/\/yume-silm.com\/pt\/wp-json\/wp\/v2\/product\/12618","targetHints":{"allow":["GET"]}}],"collection":[{"href":"https:\/\/yume-silm.com\/pt\/wp-json\/wp\/v2\/product"}],"about":[{"href":"https:\/\/yume-silm.com\/pt\/wp-json\/wp\/v2\/types\/product"}],"replies":[{"embeddable":true,"href":"https:\/\/yume-silm.com\/pt\/wp-json\/wp\/v2\/comments?post=12618"}],"wp:featuredmedia":[{"embeddable":true,"href":"https:\/\/yume-silm.com\/pt\/wp-json\/wp\/v2\/media\/12619"}],"wp:attachment":[{"href":"https:\/\/yume-silm.com\/pt\/wp-json\/wp\/v2\/media?parent=12618"}],"wp:term":[{"taxonomy":"product_brand","embeddable":true,"href":"https:\/\/yume-silm.com\/pt\/wp-json\/wp\/v2\/product_brand?post=12618"},{"taxonomy":"product_cat","embeddable":true,"href":"https:\/\/yume-silm.com\/pt\/wp-json\/wp\/v2\/product_cat?post=12618"},{"taxonomy":"product_tag","embeddable":true,"href":"https:\/\/yume-silm.com\/pt\/wp-json\/wp\/v2\/product_tag?post=12618"}],"curies":[{"name":"wp","href":"https:\/\/api.w.org\/{rel}","templated":true}]}}