{"id":12763,"date":"2024-10-31T08:16:24","date_gmt":"2024-10-31T08:16:24","guid":{"rendered":"https:\/\/yume-silm.com\/?post_type=product&#038;p=12763"},"modified":"2025-05-26T00:52:31","modified_gmt":"2025-05-26T00:52:31","slug":"vestido-suspensorio-feminino-com-alcas-finas","status":"publish","type":"product","link":"https:\/\/yume-silm.com\/pt\/produto\/vestido-suspensorio-feminino-com-alcas-finas\/","title":{"rendered":"Vestido feminino sem costura ajust\u00e1vel com al\u00e7as finas e suspens\u00f3rio modelador"},"content":{"rendered":"<h5>Caracter\u00edsticas de design<\/h5>\n<ul>\n<li><strong>CONTROLE ABDOMINAL:<\/strong> Oferece suporte multidirecional, controla suavemente o abd\u00f4men e a cintura, melhora a elasticidade da cintura e do abd\u00f4men e suaviza bem caro\u00e7os e protuber\u00e2ncias, moldando uma figura mais perfeita para voc\u00ea.<\/li>\n<li><strong>PROJETO SEM EMENDA:<\/strong> Este vestido suspens\u00f3rio de al\u00e7as finas feminino n\u00e3o tem suti\u00e3 embutido, voc\u00ea pode usar seu suti\u00e3. Ele adota tecnologia avan\u00e7ada sem costura para se ajustar \u00e0 curva do corpo, reduzir o atrito e melhorar o conforto, permitindo que voc\u00ea aproveite uma experi\u00eancia de uso confort\u00e1vel o dia todo.<\/li>\n<li><strong>AL\u00c7AS ESPAGUETE AJUST\u00c1VEIS:<\/strong> O design de al\u00e7as finas n\u00e3o s\u00f3 acrescenta um toque de moda, mas tamb\u00e9m pode ser ajustado de acordo com suas necessidades, adaptando-se perfeitamente a diferentes formatos de corpo e garantindo suporte e conforto adequados.<\/li>\n<li><strong>EFEITO DE MODELAGEM CORPORAL:<\/strong> O corte especialmente projetado para modelar o corpo delineia curvas charmosas, aumenta a autoconfian\u00e7a, permitindo que voc\u00ea mostre um charme elegante em v\u00e1rias ocasi\u00f5es, e a bainha do vestido tamb\u00e9m adota um design antiderrapante, para que voc\u00ea n\u00e3o precise se preocupar em enrolar ao caminhar.<\/li>\n<li><strong>OCASI\u00c3O:<\/strong> Este modelador corporal permite que voc\u00ea se mova livremente na multid\u00e3o. O design sem costura ajuda voc\u00ea a reduzir a curva da roupa \u00edntima e pode ser escondido sob a saia externa, permitindo que voc\u00ea o use em muitas ocasi\u00f5es, como dan\u00e7as, trabalho, namoro, clubes, etc.<\/li>\n<\/ul>\n<h6><em>Vestido suspens\u00f3rio feminino de uma pe\u00e7a que controla a barriga<\/em><\/h6>\n<ul>\n<li>Este vestido suspens\u00f3rio feminino de uma pe\u00e7a \u00e9 uma escolha perfeita para o dia a dia, combinando moda e funcionalidade. O tecido leve e o design fino se complementam, moldando habilmente curvas bonitas enquanto fornecem um bom efeito de controle da barriga para aumentar sua confian\u00e7a.<\/li>\n<\/ul>","protected":false},"excerpt":{"rendered":"<p>Usando este vestido suspens\u00f3rio de al\u00e7as finas feminino, voc\u00ea pode experimentar a combina\u00e7\u00e3o perfeita de eleg\u00e2ncia e conforto. Projetado para mulheres modernas, ele combina moda e funcionalidade, permitindo que voc\u00ea mostre confian\u00e7a e seja corajosa para ser voc\u00ea mesma em qualquer ocasi\u00e3o.<\/p>","protected":false},"featured_media":12764,"comment_status":"open","ping_status":"closed","template":"","meta":{"site-sidebar-layout":"default","site-content-layout":"","ast-site-content-layout":"default","site-content-style":"default","site-sidebar-style":"default","ast-global-header-display":"","ast-banner-title-visibility":"","ast-main-header-display":"","ast-hfb-above-header-display":"","ast-hfb-below-header-display":"","ast-hfb-mobile-header-display":"","site-post-title":"","ast-breadcrumbs-content":"","ast-featured-img":"","footer-sml-layout":"","ast-disable-related-posts":"","theme-transparent-header-meta":"default","adv-header-id-meta":"","stick-header-meta":"default","header-above-stick-meta":"","header-main-stick-meta":"","header-below-stick-meta":"","astra-migrate-meta-layouts":"set","ast-page-background-enabled":"default","ast-page-background-meta":{"desktop":{"background-color":"","background-image":"","background-repeat":"repeat","background-position":"center center","background-size":"auto","background-attachment":"scroll","background-type":"","background-media":"","overlay-type":"","overlay-color":"","overlay-opacity":"","overlay-gradient":""},"tablet":{"background-color":"","background-image":"","background-repeat":"repeat","background-position":"center center","background-size":"auto","background-attachment":"scroll","background-type":"","background-media":"","overlay-type":"","overlay-color":"","overlay-opacity":"","overlay-gradient":""},"mobile":{"background-color":"","background-image":"","background-repeat":"repeat","background-position":"center center","background-size":"auto","background-attachment":"scroll","background-type":"","background-media":"","overlay-type":"","overlay-color":"","overlay-opacity":"","overlay-gradient":""}},"ast-content-background-meta":{"desktop":{"background-color":"var(--ast-global-color-5)","background-image":"","background-repeat":"repeat","background-position":"center center","background-size":"auto","background-attachment":"scroll","background-type":"","background-media":"","overlay-type":"","overlay-color":"","overlay-opacity":"","overlay-gradient":""},"tablet":{"background-color":"var(--ast-global-color-5)","background-image":"","background-repeat":"repeat","background-position":"center center","background-size":"auto","background-attachment":"scroll","background-type":"","background-media":"","overlay-type":"","overlay-color":"","overlay-opacity":"","overlay-gradient":""},"mobile":{"background-color":"var(--ast-global-color-5)","background-image":"","background-repeat":"repeat","background-position":"center center","background-size":"auto","background-attachment":"scroll","background-type":"","background-media":"","overlay-type":"","overlay-color":"","overlay-opacity":"","overlay-gradient":""}}},"product_brand":[],"product_cat":[65,76,77,79,78],"product_tag":[499,701,148,491,1085,500],"class_list":{"0":"post-12763","1":"product","2":"type-product","3":"status-publish","4":"has-post-thumbnail","6":"product_cat-best-sellers","7":"product_cat-new-arrivels","8":"product_cat-wholesale-womens-shapewear","9":"product_cat-wholesale-seemless-shaperwear","10":"product_cat-wholesale-full-body-shaper","11":"product_tag-confidence","12":"product_tag-fashionable","13":"product_tag-one-piece","14":"product_tag-seamless","15":"product_tag-spaghetti-strap","16":"product_tag-tummy-control","17":"pa_color-beige","18":"pa_color-black","19":"pa_color-pink","20":"pa_size-2xl","21":"pa_size-3xl","22":"pa_size-l","23":"pa_size-m","24":"pa_size-s","25":"pa_size-xl","26":"desktop-align-center","27":"tablet-align-left","28":"mobile-align-left","29":"ast-product-gallery-layout-horizontal-slider","30":"ast-product-single-variable","31":"ast-product-tabs-layout-horizontal","32":"ast-qv-on-image","34":"first","35":"instock","36":"shipping-taxable","37":"purchasable","38":"product-type-variable"},"tiered_pricing_type":"fixed","tiered_pricing_fixed_rules":{"5":5.5,"50":5,"100":4.5},"tiered_pricing_product_settings":{"layout":"default","base_unit_name":{"singular":null,"plural":null},"default_variation":null},"tiered_pricing_minimum_quantity":null,"tiered_pricing_roles_data":[],"tiered_pricing_percentage_rules":[],"_links":{"self":[{"href":"https:\/\/yume-silm.com\/pt\/wp-json\/wp\/v2\/product\/12763","targetHints":{"allow":["GET"]}}],"collection":[{"href":"https:\/\/yume-silm.com\/pt\/wp-json\/wp\/v2\/product"}],"about":[{"href":"https:\/\/yume-silm.com\/pt\/wp-json\/wp\/v2\/types\/product"}],"replies":[{"embeddable":true,"href":"https:\/\/yume-silm.com\/pt\/wp-json\/wp\/v2\/comments?post=12763"}],"wp:featuredmedia":[{"embeddable":true,"href":"https:\/\/yume-silm.com\/pt\/wp-json\/wp\/v2\/media\/12764"}],"wp:attachment":[{"href":"https:\/\/yume-silm.com\/pt\/wp-json\/wp\/v2\/media?parent=12763"}],"wp:term":[{"taxonomy":"product_brand","embeddable":true,"href":"https:\/\/yume-silm.com\/pt\/wp-json\/wp\/v2\/product_brand?post=12763"},{"taxonomy":"product_cat","embeddable":true,"href":"https:\/\/yume-silm.com\/pt\/wp-json\/wp\/v2\/product_cat?post=12763"},{"taxonomy":"product_tag","embeddable":true,"href":"https:\/\/yume-silm.com\/pt\/wp-json\/wp\/v2\/product_tag?post=12763"}],"curies":[{"name":"wp","href":"https:\/\/api.w.org\/{rel}","templated":true}]}}