{"id":12929,"date":"2024-11-08T01:04:21","date_gmt":"2024-11-08T01:04:21","guid":{"rendered":"https:\/\/yume-silm.com\/?post_type=product&#038;p=12929"},"modified":"2024-12-18T06:55:18","modified_gmt":"2024-12-18T06:55:18","slug":"calcinha-anti-choque-cintura-baixa","status":"publish","type":"product","link":"https:\/\/yume-silm.com\/pt\/produto\/calcinha-anti-choque-cintura-baixa\/","title":{"rendered":"Conjunto de calcinha de ioga respir\u00e1vel, decote halter, \u00e0 prova de choque, com cintura baixa"},"content":{"rendered":"<h5>Caracter\u00edsticas de design<\/h5>\n<ul>\n<li><strong>OBLIQUE SHOULDER HALTER NECK DESIGN:<\/strong> The shockproof underwear low waist panty is simple and stylish, which enhances neck support, releases shoulder pressure, and makes you more free and comfortable during exercise.<\/li>\n<li><strong>SHOCKPROOF TECHNOLOGY:<\/strong> The underwear adopts professional shockproof fabric to provide strong support, reduce vibration during exercise, help keep the chest stable, and improve the exercise effect.<\/li>\n<li><strong>RESPIR\u00c1VEL E CONFORT\u00c1VEL:<\/strong> The fabric with excellent breathability is selected to quickly wick sweat and keep the skin dry, so you don\u2019t have to worry about stuffiness and discomfort during exercise.<\/li>\n<li><strong>LOW-WAIST PANTY:<\/strong> The low-waist design shapes a slender waistline, which is comfortable and close-fitting, not easy to slip, and free during exercise.<\/li>\n<li><strong>HIGH-ELASTIC FABRIC:<\/strong> All-round stretch, fits the body curve, provides maximum activity space, and will not restrict movement.<\/li>\n<\/ul>\n<h6><em>Women&#8217;s comfortable shockproof fitness vest set<\/em><\/h6>\n<ul>\n<li>Put on our women&#8217;s comfortable shockproof fitness vest set, designed for high-intensity exercise. Made of high-elastic shockproof fabric, it effectively reduces chest vibration during exercise and provides full support. The low waist design of the underwear fits perfectly, helping every movement and creating an unrestrained and free experience.<\/li>\n<\/ul>","protected":false},"excerpt":{"rendered":"<p>Pushing the limits of comfort and functionality, this shockproof underwear low waist panty combines premium fabrics and innovative craftsmanship to provide all-around support and comfort, making every movement full of energy and confidence.<\/p>","protected":false},"featured_media":12933,"comment_status":"open","ping_status":"closed","template":"","meta":{"site-sidebar-layout":"default","site-content-layout":"","ast-site-content-layout":"default","site-content-style":"default","site-sidebar-style":"default","ast-global-header-display":"","ast-banner-title-visibility":"","ast-main-header-display":"","ast-hfb-above-header-display":"","ast-hfb-below-header-display":"","ast-hfb-mobile-header-display":"","site-post-title":"","ast-breadcrumbs-content":"","ast-featured-img":"","footer-sml-layout":"","ast-disable-related-posts":"","theme-transparent-header-meta":"default","adv-header-id-meta":"","stick-header-meta":"default","header-above-stick-meta":"","header-main-stick-meta":"","header-below-stick-meta":"","astra-migrate-meta-layouts":"set","ast-page-background-enabled":"default","ast-page-background-meta":{"desktop":{"background-color":"","background-image":"","background-repeat":"repeat","background-position":"center center","background-size":"auto","background-attachment":"scroll","background-type":"","background-media":"","overlay-type":"","overlay-color":"","overlay-opacity":"","overlay-gradient":""},"tablet":{"background-color":"","background-image":"","background-repeat":"repeat","background-position":"center center","background-size":"auto","background-attachment":"scroll","background-type":"","background-media":"","overlay-type":"","overlay-color":"","overlay-opacity":"","overlay-gradient":""},"mobile":{"background-color":"","background-image":"","background-repeat":"repeat","background-position":"center center","background-size":"auto","background-attachment":"scroll","background-type":"","background-media":"","overlay-type":"","overlay-color":"","overlay-opacity":"","overlay-gradient":""}},"ast-content-background-meta":{"desktop":{"background-color":"var(--ast-global-color-5)","background-image":"","background-repeat":"repeat","background-position":"center center","background-size":"auto","background-attachment":"scroll","background-type":"","background-media":"","overlay-type":"","overlay-color":"","overlay-opacity":"","overlay-gradient":""},"tablet":{"background-color":"var(--ast-global-color-5)","background-image":"","background-repeat":"repeat","background-position":"center center","background-size":"auto","background-attachment":"scroll","background-type":"","background-media":"","overlay-type":"","overlay-color":"","overlay-opacity":"","overlay-gradient":""},"mobile":{"background-color":"var(--ast-global-color-5)","background-image":"","background-repeat":"repeat","background-position":"center center","background-size":"auto","background-attachment":"scroll","background-type":"","background-media":"","overlay-type":"","overlay-color":"","overlay-opacity":"","overlay-gradient":""}}},"product_brand":[],"product_cat":[65,76,259,583],"product_tag":[492,646,1103,413,1104,693,1105,786],"class_list":{"0":"post-12929","1":"product","2":"type-product","3":"status-publish","4":"has-post-thumbnail","6":"product_cat-best-sellers","7":"product_cat-new-arrivels","8":"product_cat-lingerie","9":"product_cat-plus-size-underwear","10":"product_tag-breathable","11":"product_tag-comfortable","12":"product_tag-diagonal-shoulder","13":"product_tag-fitness","14":"product_tag-halter-neck","15":"product_tag-high-elastic","16":"product_tag-low-waist-panty","17":"product_tag-shockproof","18":"pa_color-black","19":"pa_color-blue","20":"pa_color-brown","21":"pa_color-deep-green","22":"pa_color-white","23":"pa_size-2xl","24":"pa_size-l","25":"pa_size-m","26":"pa_size-xl","27":"desktop-align-center","28":"tablet-align-left","29":"mobile-align-left","30":"ast-product-gallery-layout-horizontal-slider","31":"ast-product-single-variable","32":"ast-product-tabs-layout-horizontal","33":"ast-qv-on-image","35":"first","36":"instock","37":"shipping-taxable","38":"purchasable","39":"product-type-variable"},"tiered_pricing_type":"fixed","tiered_pricing_fixed_rules":{"5":3.15,"50":2.8,"100":2.45},"tiered_pricing_product_settings":{"layout":"default","base_unit_name":{"singular":null,"plural":null},"default_variation":null},"tiered_pricing_minimum_quantity":null,"tiered_pricing_roles_data":[],"tiered_pricing_percentage_rules":[],"_links":{"self":[{"href":"https:\/\/yume-silm.com\/pt\/wp-json\/wp\/v2\/product\/12929","targetHints":{"allow":["GET"]}}],"collection":[{"href":"https:\/\/yume-silm.com\/pt\/wp-json\/wp\/v2\/product"}],"about":[{"href":"https:\/\/yume-silm.com\/pt\/wp-json\/wp\/v2\/types\/product"}],"replies":[{"embeddable":true,"href":"https:\/\/yume-silm.com\/pt\/wp-json\/wp\/v2\/comments?post=12929"}],"wp:featuredmedia":[{"embeddable":true,"href":"https:\/\/yume-silm.com\/pt\/wp-json\/wp\/v2\/media\/12933"}],"wp:attachment":[{"href":"https:\/\/yume-silm.com\/pt\/wp-json\/wp\/v2\/media?parent=12929"}],"wp:term":[{"taxonomy":"product_brand","embeddable":true,"href":"https:\/\/yume-silm.com\/pt\/wp-json\/wp\/v2\/product_brand?post=12929"},{"taxonomy":"product_cat","embeddable":true,"href":"https:\/\/yume-silm.com\/pt\/wp-json\/wp\/v2\/product_cat?post=12929"},{"taxonomy":"product_tag","embeddable":true,"href":"https:\/\/yume-silm.com\/pt\/wp-json\/wp\/v2\/product_tag?post=12929"}],"curies":[{"name":"wp","href":"https:\/\/api.w.org\/{rel}","templated":true}]}}