{"id":13042,"date":"2024-11-16T07:59:33","date_gmt":"2024-11-16T07:59:33","guid":{"rendered":"https:\/\/yume-silm.com\/?post_type=product&#038;p=13042"},"modified":"2024-11-16T08:12:30","modified_gmt":"2024-11-16T08:12:30","slug":"sutia-invisivel-feminino-de-uma-peca","status":"publish","type":"product","link":"https:\/\/yume-silm.com\/pt\/produto\/sutia-invisivel-feminino-de-uma-peca\/","title":{"rendered":"Suti\u00e3 push-up invis\u00edvel de silicone de uma pe\u00e7a feminino sem costura transparente e pegajoso"},"content":{"rendered":"<h5>Caracter\u00edsticas de design<\/h5>\n<ul>\n<li><strong>DESIGN DE UMA PE\u00c7A:<\/strong> O suti\u00e3 invis\u00edvel feminino tem uma estrutura macia de uma pe\u00e7a, que se ajusta uniformemente ao peito, moldando um formato natural e arredondado.<\/li>\n<li><strong>EFEITO TRANSPARENTE INVIS\u00cdVEL:<\/strong> Material transparente e design de bordas sem costura, invis\u00edvel e sem marcas sob v\u00e1rias roupas, proporcionando um efeito de aumento natural e confiante dos seios.<\/li>\n<li><strong>DESIGN AUTOADESIVO:<\/strong> O suti\u00e3 usa material autoadesivo pr\u00f3ximo \u00e0 cor da sua pele, permitindo que voc\u00ea sinta nosso suti\u00e3 de silicone com mais conforto, mova-se com mais liberdade e se sinta \u00e0 vontade e confiante.<\/li>\n<li><strong>DESIGN COM ARO:<\/strong> O design com aro deste suti\u00e3 pode levantar o peito, e o design fino permite que o suti\u00e3 se ajuste melhor \u00e0 curva do peito.<\/li>\n<\/ul>\n<h6><em>Adesivos de silicone push-up respir\u00e1veis para mulheres no peito<\/em><\/h6>\n<ul>\n<li>Coloque este adesivo peitoral respir\u00e1vel push-up de silicone feminino, seu material de silicone de alta qualidade \u00e9 macio e agrad\u00e1vel \u00e0 pele, e o design respir\u00e1vel proporciona uma experi\u00eancia de uso confort\u00e1vel. O efeito push-up real\u00e7a naturalmente o formato do peito, delineia a curva perfeita e permite que voc\u00ea mostre sua figura charmosa com confian\u00e7a.<\/li>\n<\/ul>","protected":false},"excerpt":{"rendered":"<p>Este suti\u00e3 invis\u00edvel feminino \u00e9 feito sob medida para mulheres que buscam beleza natural e conforto.<\/p>\n<ul>\n<li>Feito de silicone macio de grau m\u00e9dico, o design transparente invis\u00edvel se adapta perfeitamente \u00e0 pele para criar um formato natural e cheio de seios.<\/li>\n<li>A tecnologia de bordas sem costura faz com que o adesivo para aumento dos seios se ajuste perfeitamente \u00e0 pele e pode ser facilmente apresentado sob v\u00e1rias roupas leves, sem costas ou decotadas, proporcionando uma experi\u00eancia de uso mais natural e sem restri\u00e7\u00f5es.<\/li>\n<\/ul>","protected":false},"featured_media":13047,"comment_status":"open","ping_status":"closed","template":"","meta":{"site-sidebar-layout":"default","site-content-layout":"","ast-site-content-layout":"default","site-content-style":"default","site-sidebar-style":"default","ast-global-header-display":"","ast-banner-title-visibility":"","ast-main-header-display":"","ast-hfb-above-header-display":"","ast-hfb-below-header-display":"","ast-hfb-mobile-header-display":"","site-post-title":"","ast-breadcrumbs-content":"","ast-featured-img":"","footer-sml-layout":"","ast-disable-related-posts":"","theme-transparent-header-meta":"default","adv-header-id-meta":"","stick-header-meta":"default","header-above-stick-meta":"","header-main-stick-meta":"","header-below-stick-meta":"","astra-migrate-meta-layouts":"set","ast-page-background-enabled":"default","ast-page-background-meta":{"desktop":{"background-color":"","background-image":"","background-repeat":"repeat","background-position":"center center","background-size":"auto","background-attachment":"scroll","background-type":"","background-media":"","overlay-type":"","overlay-color":"","overlay-opacity":"","overlay-gradient":""},"tablet":{"background-color":"","background-image":"","background-repeat":"repeat","background-position":"center center","background-size":"auto","background-attachment":"scroll","background-type":"","background-media":"","overlay-type":"","overlay-color":"","overlay-opacity":"","overlay-gradient":""},"mobile":{"background-color":"","background-image":"","background-repeat":"repeat","background-position":"center center","background-size":"auto","background-attachment":"scroll","background-type":"","background-media":"","overlay-type":"","overlay-color":"","overlay-opacity":"","overlay-gradient":""}},"ast-content-background-meta":{"desktop":{"background-color":"var(--ast-global-color-5)","background-image":"","background-repeat":"repeat","background-position":"center center","background-size":"auto","background-attachment":"scroll","background-type":"","background-media":"","overlay-type":"","overlay-color":"","overlay-opacity":"","overlay-gradient":""},"tablet":{"background-color":"var(--ast-global-color-5)","background-image":"","background-repeat":"repeat","background-position":"center center","background-size":"auto","background-attachment":"scroll","background-type":"","background-media":"","overlay-type":"","overlay-color":"","overlay-opacity":"","overlay-gradient":""},"mobile":{"background-color":"var(--ast-global-color-5)","background-image":"","background-repeat":"repeat","background-position":"center center","background-size":"auto","background-attachment":"scroll","background-type":"","background-media":"","overlay-type":"","overlay-color":"","overlay-opacity":"","overlay-gradient":""}}},"product_brand":[],"product_cat":[65,76,259,584],"product_tag":[603,492,707,148,602,491,1110,601,1109],"class_list":{"0":"post-13042","1":"product","2":"type-product","3":"status-publish","4":"has-post-thumbnail","6":"product_cat-best-sellers","7":"product_cat-new-arrivels","8":"product_cat-lingerie","9":"product_cat-adhesive-bras","10":"product_tag-adhesive","11":"product_tag-breathable","12":"product_tag-invisible","13":"product_tag-one-piece","14":"product_tag-push-up","15":"product_tag-seamless","16":"product_tag-self-adhesive","17":"product_tag-silicone","18":"product_tag-transparent","19":"pa_color-skin","20":"pa_size-a","21":"pa_size-b","22":"pa_size-c","23":"pa_size-d","24":"desktop-align-center","25":"tablet-align-left","26":"mobile-align-left","27":"ast-product-gallery-layout-horizontal-slider","28":"ast-product-single-variable","29":"ast-product-tabs-layout-horizontal","30":"ast-qv-on-image","32":"first","33":"instock","34":"shipping-taxable","35":"purchasable","36":"product-type-variable"},"tiered_pricing_type":"fixed","tiered_pricing_fixed_rules":{"10":9.81,"100":8.72,"200":7.63},"tiered_pricing_product_settings":{"layout":"default","base_unit_name":{"singular":null,"plural":null},"default_variation":null},"tiered_pricing_minimum_quantity":null,"tiered_pricing_roles_data":[],"tiered_pricing_percentage_rules":[],"_links":{"self":[{"href":"https:\/\/yume-silm.com\/pt\/wp-json\/wp\/v2\/product\/13042","targetHints":{"allow":["GET"]}}],"collection":[{"href":"https:\/\/yume-silm.com\/pt\/wp-json\/wp\/v2\/product"}],"about":[{"href":"https:\/\/yume-silm.com\/pt\/wp-json\/wp\/v2\/types\/product"}],"replies":[{"embeddable":true,"href":"https:\/\/yume-silm.com\/pt\/wp-json\/wp\/v2\/comments?post=13042"}],"wp:featuredmedia":[{"embeddable":true,"href":"https:\/\/yume-silm.com\/pt\/wp-json\/wp\/v2\/media\/13047"}],"wp:attachment":[{"href":"https:\/\/yume-silm.com\/pt\/wp-json\/wp\/v2\/media?parent=13042"}],"wp:term":[{"taxonomy":"product_brand","embeddable":true,"href":"https:\/\/yume-silm.com\/pt\/wp-json\/wp\/v2\/product_brand?post=13042"},{"taxonomy":"product_cat","embeddable":true,"href":"https:\/\/yume-silm.com\/pt\/wp-json\/wp\/v2\/product_cat?post=13042"},{"taxonomy":"product_tag","embeddable":true,"href":"https:\/\/yume-silm.com\/pt\/wp-json\/wp\/v2\/product_tag?post=13042"}],"curies":[{"name":"wp","href":"https:\/\/api.w.org\/{rel}","templated":true}]}}