{"id":13055,"date":"2024-11-16T08:56:18","date_gmt":"2024-11-16T08:56:18","guid":{"rendered":"https:\/\/yume-silm.com\/?post_type=product&#038;p=13055"},"modified":"2025-05-26T01:43:50","modified_gmt":"2025-05-26T01:43:50","slug":"womens-invisible-spoon-shaped-sticky-bra","status":"publish","type":"product","link":"https:\/\/yume-silm.com\/pt\/produto\/womens-invisible-spoon-shaped-sticky-bra\/","title":{"rendered":"Adesivos de silicone invis\u00edveis para eleva\u00e7\u00e3o de seios sem costura em forma de colher para mulheres"},"content":{"rendered":"<h5>Caracter\u00edsticas de design<\/h5>\n<ul>\n<li><strong>INVISIBLE AND TRACELESS:<\/strong> Women&#8217;s invisible spoon shaped sticky bra has a seamless edge design, close to the skin, and will not leave traces under thin clothing, bringing a natural effect.<\/li>\n<li><strong>SPOON-SHAPED DESIGN:<\/strong> The spoon-shaped structure perfectly fits the chest curve, enhances the chest&#8217;s fullness, and adds confidence and charm.<\/li>\n<li><strong>COMFORTABLE SILICONE MATERIAL:<\/strong> Made of high-quality medical-grade silicone, soft and skin-friendly, suitable for long-term wear, fit and non-irritating.<\/li>\n<li><strong>EASY TO CLEAN AND REUSE:<\/strong> The silicone material is durable and can be reused after washing, which is economical and long-lasting.<\/li>\n<li><strong>SUITABLE FOR VARIOUS OCCASIONS:<\/strong> Wear low-cut, off-shoulder, thin, and other occasions to meet different dressing needs.<\/li>\n<\/ul>\n<h6><em>Women&#8217;s sticky push-up silicone spoon-shaped nipple stickers<\/em><\/h6>\n<ul>\n<li>Wearing this women&#8217;s sticky push-up silicone spoon-shaped nipple sticker can shape your natural and full chest line. Combined with the concept of environmental protection, it is easy to wash and can be reused. Convenient and practical. It is a must-have invisible breast enhancement and beauty item in your wardrobe.<\/li>\n<\/ul>","protected":false},"excerpt":{"rendered":"<p>This women&#8217;s invisible spoon shaped sticky bra is designed for women who pursue natural effects,providing comfortable fit and confident support.<\/p>\n<ul>\n<li>Made of soft silicone material, the spoon-shaped design easily fits the chest curve, invisible and traceless, creating a full and natural chest effect.<\/li>\n<\/ul>","protected":false},"featured_media":13057,"comment_status":"open","ping_status":"closed","template":"","meta":{"site-sidebar-layout":"default","site-content-layout":"","ast-site-content-layout":"default","site-content-style":"default","site-sidebar-style":"default","ast-global-header-display":"","ast-banner-title-visibility":"","ast-main-header-display":"","ast-hfb-above-header-display":"","ast-hfb-below-header-display":"","ast-hfb-mobile-header-display":"","site-post-title":"","ast-breadcrumbs-content":"","ast-featured-img":"","footer-sml-layout":"","ast-disable-related-posts":"","theme-transparent-header-meta":"default","adv-header-id-meta":"","stick-header-meta":"default","header-above-stick-meta":"","header-main-stick-meta":"","header-below-stick-meta":"","astra-migrate-meta-layouts":"set","ast-page-background-enabled":"default","ast-page-background-meta":{"desktop":{"background-color":"","background-image":"","background-repeat":"repeat","background-position":"center center","background-size":"auto","background-attachment":"scroll","background-type":"","background-media":"","overlay-type":"","overlay-color":"","overlay-opacity":"","overlay-gradient":""},"tablet":{"background-color":"","background-image":"","background-repeat":"repeat","background-position":"center center","background-size":"auto","background-attachment":"scroll","background-type":"","background-media":"","overlay-type":"","overlay-color":"","overlay-opacity":"","overlay-gradient":""},"mobile":{"background-color":"","background-image":"","background-repeat":"repeat","background-position":"center center","background-size":"auto","background-attachment":"scroll","background-type":"","background-media":"","overlay-type":"","overlay-color":"","overlay-opacity":"","overlay-gradient":""}},"ast-content-background-meta":{"desktop":{"background-color":"var(--ast-global-color-5)","background-image":"","background-repeat":"repeat","background-position":"center center","background-size":"auto","background-attachment":"scroll","background-type":"","background-media":"","overlay-type":"","overlay-color":"","overlay-opacity":"","overlay-gradient":""},"tablet":{"background-color":"var(--ast-global-color-5)","background-image":"","background-repeat":"repeat","background-position":"center center","background-size":"auto","background-attachment":"scroll","background-type":"","background-media":"","overlay-type":"","overlay-color":"","overlay-opacity":"","overlay-gradient":""},"mobile":{"background-color":"var(--ast-global-color-5)","background-image":"","background-repeat":"repeat","background-position":"center center","background-size":"auto","background-attachment":"scroll","background-type":"","background-media":"","overlay-type":"","overlay-color":"","overlay-opacity":"","overlay-gradient":""}}},"product_brand":[],"product_cat":[65,76,259,584],"product_tag":[1112,707,602,491,601,1111,604],"class_list":{"0":"post-13055","1":"product","2":"type-product","3":"status-publish","4":"has-post-thumbnail","6":"product_cat-best-sellers","7":"product_cat-new-arrivels","8":"product_cat-lingerie","9":"product_cat-adhesive-bras","10":"product_tag-high-quality-medical","11":"product_tag-invisible","12":"product_tag-push-up","13":"product_tag-seamless","14":"product_tag-silicone","15":"product_tag-spoon-shaped","16":"product_tag-sticky-bra","17":"pa_color-skin","18":"pa_size-l","19":"pa_size-m","20":"pa_size-s","21":"desktop-align-center","22":"tablet-align-left","23":"mobile-align-left","24":"ast-product-gallery-layout-horizontal-slider","25":"ast-product-single-variable","26":"ast-product-tabs-layout-horizontal","27":"ast-qv-on-image","29":"first","30":"instock","31":"shipping-taxable","32":"purchasable","33":"product-type-variable"},"tiered_pricing_type":"fixed","tiered_pricing_fixed_rules":{"10":2.37,"100":2.1,"200":1.84},"tiered_pricing_product_settings":{"layout":"default","base_unit_name":{"singular":null,"plural":null},"default_variation":null},"tiered_pricing_minimum_quantity":null,"tiered_pricing_roles_data":[],"tiered_pricing_percentage_rules":[],"_links":{"self":[{"href":"https:\/\/yume-silm.com\/pt\/wp-json\/wp\/v2\/product\/13055","targetHints":{"allow":["GET"]}}],"collection":[{"href":"https:\/\/yume-silm.com\/pt\/wp-json\/wp\/v2\/product"}],"about":[{"href":"https:\/\/yume-silm.com\/pt\/wp-json\/wp\/v2\/types\/product"}],"replies":[{"embeddable":true,"href":"https:\/\/yume-silm.com\/pt\/wp-json\/wp\/v2\/comments?post=13055"}],"wp:featuredmedia":[{"embeddable":true,"href":"https:\/\/yume-silm.com\/pt\/wp-json\/wp\/v2\/media\/13057"}],"wp:attachment":[{"href":"https:\/\/yume-silm.com\/pt\/wp-json\/wp\/v2\/media?parent=13055"}],"wp:term":[{"taxonomy":"product_brand","embeddable":true,"href":"https:\/\/yume-silm.com\/pt\/wp-json\/wp\/v2\/product_brand?post=13055"},{"taxonomy":"product_cat","embeddable":true,"href":"https:\/\/yume-silm.com\/pt\/wp-json\/wp\/v2\/product_cat?post=13055"},{"taxonomy":"product_tag","embeddable":true,"href":"https:\/\/yume-silm.com\/pt\/wp-json\/wp\/v2\/product_tag?post=13055"}],"curies":[{"name":"wp","href":"https:\/\/api.w.org\/{rel}","templated":true}]}}