{"id":13093,"date":"2024-11-18T06:21:46","date_gmt":"2024-11-18T06:21:46","guid":{"rendered":"https:\/\/yume-silm.com\/?post_type=product&#038;p=13093"},"modified":"2024-11-18T06:23:14","modified_gmt":"2024-11-18T06:23:14","slug":"womens-half-cup-push-up-silicone-sticky-bra","status":"publish","type":"product","link":"https:\/\/yume-silm.com\/pt\/produto\/womens-half-cup-push-up-silicone-sticky-bra\/","title":{"rendered":"Adesivos de silicone para seios femininos com al\u00e7a lateral e meia x\u00edcara push-up sem al\u00e7as"},"content":{"rendered":"<h5>Caracter\u00edsticas de design<\/h5>\n<ul>\n<li><strong>VELCRO FIXATION ON THE SIDE WINGS:<\/strong> The women&#8217;s half cup push up silicone sticky bra has a considerate Velcro on the side wings that enhances stability, adheres to the skin and is not easy to slip, and the shaping effect is long-lasting.<\/li>\n<li><strong>HALF-CUP GATHERING EFFECT:<\/strong> The half-cup design gently gathers, enhances the chest shape and brings a natural and full visual effect.<\/li>\n<li><strong>HIGH-QUALITY SILICONE MATERIAL:<\/strong> Made of medical-grade silicone, it is skin-friendly and comfortable, suitable for long-term wear, breathable, and not stuffy.<\/li>\n<li><strong>DURABLE:<\/strong> Women&#8217;s half cup push up silicone sticky bra\u00a0can be washed repeatedly to maintain stickiness, economical and practical.<\/li>\n<\/ul>\n<h6><em>Women&#8217;s Invisible Silicone Backless Sexy Adhesive sticky bra<\/em><\/h6>\n<ul>\n<li>Wear this sticky bra for women, made of high-quality silicone material, which can naturally shape your body. Strong adhesiveness ensures that the chest patch fits firmly, so you don&#8217;t have to worry about it slipping off during activities, adding elegance and confidence to your overall appearance.<\/li>\n<\/ul>","protected":false},"excerpt":{"rendered":"<p>Wearing women&#8217;s half cup push up silicone sticky bra has a unique half-cup design combined with the side-wing adhesive sticky bra can easily gather the breasts, shape plump and rounded curves, and help you show confident and elegant breast curves.<\/p>","protected":false},"featured_media":13094,"comment_status":"open","ping_status":"closed","template":"","meta":{"site-sidebar-layout":"default","site-content-layout":"","ast-site-content-layout":"default","site-content-style":"default","site-sidebar-style":"default","ast-global-header-display":"","ast-banner-title-visibility":"","ast-main-header-display":"","ast-hfb-above-header-display":"","ast-hfb-below-header-display":"","ast-hfb-mobile-header-display":"","site-post-title":"","ast-breadcrumbs-content":"","ast-featured-img":"","footer-sml-layout":"","ast-disable-related-posts":"","theme-transparent-header-meta":"default","adv-header-id-meta":"","stick-header-meta":"default","header-above-stick-meta":"","header-main-stick-meta":"","header-below-stick-meta":"","astra-migrate-meta-layouts":"set","ast-page-background-enabled":"default","ast-page-background-meta":{"desktop":{"background-color":"","background-image":"","background-repeat":"repeat","background-position":"center center","background-size":"auto","background-attachment":"scroll","background-type":"","background-media":"","overlay-type":"","overlay-color":"","overlay-opacity":"","overlay-gradient":""},"tablet":{"background-color":"","background-image":"","background-repeat":"repeat","background-position":"center center","background-size":"auto","background-attachment":"scroll","background-type":"","background-media":"","overlay-type":"","overlay-color":"","overlay-opacity":"","overlay-gradient":""},"mobile":{"background-color":"","background-image":"","background-repeat":"repeat","background-position":"center center","background-size":"auto","background-attachment":"scroll","background-type":"","background-media":"","overlay-type":"","overlay-color":"","overlay-opacity":"","overlay-gradient":""}},"ast-content-background-meta":{"desktop":{"background-color":"var(--ast-global-color-5)","background-image":"","background-repeat":"repeat","background-position":"center center","background-size":"auto","background-attachment":"scroll","background-type":"","background-media":"","overlay-type":"","overlay-color":"","overlay-opacity":"","overlay-gradient":""},"tablet":{"background-color":"var(--ast-global-color-5)","background-image":"","background-repeat":"repeat","background-position":"center center","background-size":"auto","background-attachment":"scroll","background-type":"","background-media":"","overlay-type":"","overlay-color":"","overlay-opacity":"","overlay-gradient":""},"mobile":{"background-color":"var(--ast-global-color-5)","background-image":"","background-repeat":"repeat","background-position":"center center","background-size":"auto","background-attachment":"scroll","background-type":"","background-media":"","overlay-type":"","overlay-color":"","overlay-opacity":"","overlay-gradient":""}}},"product_brand":[],"product_cat":[76,65,259,584],"product_tag":[603,143,1120,1119,602,145,604],"class_list":{"0":"post-13093","1":"product","2":"type-product","3":"status-publish","4":"has-post-thumbnail","6":"product_cat-new-arrivels","7":"product_cat-best-sellers","8":"product_cat-lingerie","9":"product_cat-adhesive-bras","10":"product_tag-adhesive","11":"product_tag-backless","12":"product_tag-durable","13":"product_tag-half-cup","14":"product_tag-push-up","15":"product_tag-sexy","16":"product_tag-sticky-bra","17":"pa_color-black","18":"pa_color-skin","19":"pa_size-a","20":"pa_size-b","21":"pa_size-c","22":"pa_size-d","23":"desktop-align-center","24":"tablet-align-left","25":"mobile-align-left","26":"ast-product-gallery-layout-horizontal-slider","27":"ast-product-single-variable","28":"ast-product-tabs-layout-horizontal","29":"ast-qv-on-image","31":"first","32":"instock","33":"shipping-taxable","34":"purchasable","35":"product-type-variable"},"tiered_pricing_type":"fixed","tiered_pricing_fixed_rules":{"10":5.13,"100":4.56,"200":3.99},"tiered_pricing_product_settings":{"layout":"default","base_unit_name":{"singular":null,"plural":null},"default_variation":null},"tiered_pricing_minimum_quantity":null,"tiered_pricing_roles_data":[],"tiered_pricing_percentage_rules":[],"_links":{"self":[{"href":"https:\/\/yume-silm.com\/pt\/wp-json\/wp\/v2\/product\/13093","targetHints":{"allow":["GET"]}}],"collection":[{"href":"https:\/\/yume-silm.com\/pt\/wp-json\/wp\/v2\/product"}],"about":[{"href":"https:\/\/yume-silm.com\/pt\/wp-json\/wp\/v2\/types\/product"}],"replies":[{"embeddable":true,"href":"https:\/\/yume-silm.com\/pt\/wp-json\/wp\/v2\/comments?post=13093"}],"wp:featuredmedia":[{"embeddable":true,"href":"https:\/\/yume-silm.com\/pt\/wp-json\/wp\/v2\/media\/13094"}],"wp:attachment":[{"href":"https:\/\/yume-silm.com\/pt\/wp-json\/wp\/v2\/media?parent=13093"}],"wp:term":[{"taxonomy":"product_brand","embeddable":true,"href":"https:\/\/yume-silm.com\/pt\/wp-json\/wp\/v2\/product_brand?post=13093"},{"taxonomy":"product_cat","embeddable":true,"href":"https:\/\/yume-silm.com\/pt\/wp-json\/wp\/v2\/product_cat?post=13093"},{"taxonomy":"product_tag","embeddable":true,"href":"https:\/\/yume-silm.com\/pt\/wp-json\/wp\/v2\/product_tag?post=13093"}],"curies":[{"name":"wp","href":"https:\/\/api.w.org\/{rel}","templated":true}]}}