{"id":13166,"date":"2024-11-23T03:55:42","date_gmt":"2024-11-23T03:55:42","guid":{"rendered":"https:\/\/yume-silm.com\/?post_type=product&#038;p=13166"},"modified":"2025-05-26T00:52:41","modified_gmt":"2025-05-26T00:52:41","slug":"modelador-de-cintura-com-ziper-feminino","status":"publish","type":"product","link":"https:\/\/yume-silm.com\/pt\/produto\/modelador-de-cintura-com-ziper-feminino\/","title":{"rendered":"Atacado de z\u00edper feminino camada dupla compress\u00e3o fitness cintura trainer"},"content":{"rendered":"<h5>Caracter\u00edsticas de design<\/h5>\n<ol>\n<li><strong>Espartilho de cintura eficiente<\/strong>: O modelador de cintura com z\u00edper feminino ajuda na recupera\u00e7\u00e3o p\u00f3s-parto, reduz o incha\u00e7o e estica a pele.<\/li>\n<li><strong>Compress\u00e3o de camada dupla<\/strong>: O modelador de cintura combina z\u00edper interno com cinto de ajuste externo, fixa\u00e7\u00e3o dupla, melhora o efeito de modelagem da cintura.<\/li>\n<li><strong>Conveniente para ligar e desligar:<\/strong> Design com z\u00edper frontal, ajuste firme, n\u00e3o se move durante o exerc\u00edcio, melhora a postura.<\/li>\n<li><strong>Queima de gordura e suor:<\/strong> Aumenta a temperatura central, promove a queima de gordura e atinge com efici\u00eancia as metas de perda de gordura.<\/li>\n<li><strong>Ocasi\u00f5es aplic\u00e1veis:<\/strong> Treinamento f\u00edsico, modelagem di\u00e1ria, recupera\u00e7\u00e3o p\u00f3s-parto, trabalho f\u00edsico e plano de perda de gordura.<\/li>\n<\/ol>\n<h6>M\u00e9todo de manuten\u00e7\u00e3o<\/h6>\n<ul>\n<li>Lave \u00e0 m\u00e3o regularmente, deixe secar em local fresco e evite exposi\u00e7\u00e3o a altas temperaturas.<\/li>\n<li>Mantenha-o plano ou enrole-o levemente ao guard\u00e1-lo para evitar vincos ou danos.<\/li>\n<li>Verifique regularmente o funcionamento do z\u00edper e da correia de fixa\u00e7\u00e3o para garantir seguran\u00e7a e efic\u00e1cia.<\/li>\n<\/ul>","protected":false},"excerpt":{"rendered":"<p>Este modelador de cintura com z\u00edper feminino combina z\u00edper e tiras de compress\u00e3o para fornecer suporte e compress\u00e3o personalizada para ajudar voc\u00ea a ficar em \u00f3tima forma durante seus treinos e melhorar seus resultados.<\/p>","protected":false},"featured_media":13193,"comment_status":"open","ping_status":"closed","template":"","meta":{"site-sidebar-layout":"default","site-content-layout":"","ast-site-content-layout":"default","site-content-style":"default","site-sidebar-style":"default","ast-global-header-display":"","ast-banner-title-visibility":"","ast-main-header-display":"","ast-hfb-above-header-display":"","ast-hfb-below-header-display":"","ast-hfb-mobile-header-display":"","site-post-title":"","ast-breadcrumbs-content":"","ast-featured-img":"","footer-sml-layout":"","ast-disable-related-posts":"","theme-transparent-header-meta":"default","adv-header-id-meta":"","stick-header-meta":"default","header-above-stick-meta":"","header-main-stick-meta":"","header-below-stick-meta":"","astra-migrate-meta-layouts":"set","ast-page-background-enabled":"default","ast-page-background-meta":{"desktop":{"background-color":"","background-image":"","background-repeat":"repeat","background-position":"center center","background-size":"auto","background-attachment":"scroll","background-type":"","background-media":"","overlay-type":"","overlay-color":"","overlay-opacity":"","overlay-gradient":""},"tablet":{"background-color":"","background-image":"","background-repeat":"repeat","background-position":"center center","background-size":"auto","background-attachment":"scroll","background-type":"","background-media":"","overlay-type":"","overlay-color":"","overlay-opacity":"","overlay-gradient":""},"mobile":{"background-color":"","background-image":"","background-repeat":"repeat","background-position":"center center","background-size":"auto","background-attachment":"scroll","background-type":"","background-media":"","overlay-type":"","overlay-color":"","overlay-opacity":"","overlay-gradient":""}},"ast-content-background-meta":{"desktop":{"background-color":"var(--ast-global-color-5)","background-image":"","background-repeat":"repeat","background-position":"center center","background-size":"auto","background-attachment":"scroll","background-type":"","background-media":"","overlay-type":"","overlay-color":"","overlay-opacity":"","overlay-gradient":""},"tablet":{"background-color":"var(--ast-global-color-5)","background-image":"","background-repeat":"repeat","background-position":"center center","background-size":"auto","background-attachment":"scroll","background-type":"","background-media":"","overlay-type":"","overlay-color":"","overlay-opacity":"","overlay-gradient":""},"mobile":{"background-color":"var(--ast-global-color-5)","background-image":"","background-repeat":"repeat","background-position":"center center","background-size":"auto","background-attachment":"scroll","background-type":"","background-media":"","overlay-type":"","overlay-color":"","overlay-opacity":"","overlay-gradient":""}}},"product_brand":[],"product_cat":[65,1071,1072,76,90,93,95],"product_tag":[194,1129,783,1127,413,1128],"class_list":{"0":"post-13166","1":"product","2":"type-product","3":"status-publish","4":"has-post-thumbnail","6":"product_cat-best-sellers","7":"product_cat-sale","8":"product_cat-bulk-savings","9":"product_cat-new-arrivels","10":"product_cat-wholesale-waist-trainer","11":"product_cat-wholesale-plus-size-waist-trainer","12":"product_cat-waist-cincher","13":"product_tag-adjustable","14":"product_tag-customized-compression","15":"product_tag-double-layer-compression","16":"product_tag-efficient-waist-corset","17":"product_tag-fitness","18":"product_tag-strong-support","19":"pa_color-beige","20":"pa_color-black","21":"pa_color-pink","22":"pa_size-2xl","23":"pa_size-3xl","24":"pa_size-l","25":"pa_size-m","26":"pa_size-s","27":"pa_size-xl","28":"pa_size-xs","29":"pa_size-xxs","30":"desktop-align-center","31":"tablet-align-left","32":"mobile-align-left","33":"ast-product-gallery-layout-horizontal-slider","34":"ast-product-single-variable","35":"ast-product-tabs-layout-horizontal","36":"ast-qv-on-image","38":"first","39":"instock","40":"shipping-taxable","41":"purchasable","42":"product-type-variable"},"tiered_pricing_type":"fixed","tiered_pricing_fixed_rules":{"10":9.9},"tiered_pricing_product_settings":{"layout":"default","base_unit_name":{"singular":null,"plural":null},"default_variation":null},"tiered_pricing_minimum_quantity":null,"tiered_pricing_roles_data":[],"tiered_pricing_percentage_rules":[],"_links":{"self":[{"href":"https:\/\/yume-silm.com\/pt\/wp-json\/wp\/v2\/product\/13166","targetHints":{"allow":["GET"]}}],"collection":[{"href":"https:\/\/yume-silm.com\/pt\/wp-json\/wp\/v2\/product"}],"about":[{"href":"https:\/\/yume-silm.com\/pt\/wp-json\/wp\/v2\/types\/product"}],"replies":[{"embeddable":true,"href":"https:\/\/yume-silm.com\/pt\/wp-json\/wp\/v2\/comments?post=13166"}],"wp:featuredmedia":[{"embeddable":true,"href":"https:\/\/yume-silm.com\/pt\/wp-json\/wp\/v2\/media\/13193"}],"wp:attachment":[{"href":"https:\/\/yume-silm.com\/pt\/wp-json\/wp\/v2\/media?parent=13166"}],"wp:term":[{"taxonomy":"product_brand","embeddable":true,"href":"https:\/\/yume-silm.com\/pt\/wp-json\/wp\/v2\/product_brand?post=13166"},{"taxonomy":"product_cat","embeddable":true,"href":"https:\/\/yume-silm.com\/pt\/wp-json\/wp\/v2\/product_cat?post=13166"},{"taxonomy":"product_tag","embeddable":true,"href":"https:\/\/yume-silm.com\/pt\/wp-json\/wp\/v2\/product_tag?post=13166"}],"curies":[{"name":"wp","href":"https:\/\/api.w.org\/{rel}","templated":true}]}}