{"id":13780,"date":"2024-12-12T07:39:49","date_gmt":"2024-12-12T07:39:49","guid":{"rendered":"https:\/\/yume-silm.com\/?post_type=product&#038;p=13780"},"modified":"2025-05-29T03:35:55","modified_gmt":"2025-05-29T03:35:55","slug":"lace-long-sleeve-bustier-for-plus-size-girl","status":"publish","type":"product","link":"https:\/\/yume-silm.com\/pt\/produto\/lace-long-sleeve-bustier-for-plus-size-girl\/","title":{"rendered":"Atacado Vintage Jacquard Lace Manga Longa Bustier para Plus Size Menina"},"content":{"rendered":"<h5>Caracter\u00edsticas<\/h5>\n<ol>\n<li><strong>Design:<\/strong> Lace long-sleeve bustier for plus size girl features a transparent mesh long sleeve with a lace pattern to add extra charm to you.<\/li>\n<li><strong>Tecido:<\/strong> Vintage jacquard corset is made of polyester fabric, allowing you to experience maximum comfort.<\/li>\n<li><strong>Features:<\/strong> Lace long-sleeve corset with a hook-and-eye closure design at the front and cross-adjustable lace at the back, you can adjust it to your comfort.<\/li>\n<li><strong>Ocasi\u00e3o:<\/strong> Plus size corset is suitable for daily life, Christmas parties and other public occasions such as weddings.<\/li>\n<\/ol>\n<h6><em>M\u00e9todo de manuten\u00e7\u00e3o<\/em><\/h6>\n<ul>\n<li>Lavar \u00e0 m\u00e3o para proteger o tecido e a estrutura do cadar\u00e7o e evitar danos ao tecido.<\/li>\n<li>Use a secagem ao ar e deixe o suti\u00e3 esticado ou pendure-o em um local fresco para secar ao ar ap\u00f3s a lavagem.<\/li>\n<li>Ao guard\u00e1-lo, mantenha-o plano ou enrole-o facilmente para evitar empilh\u00e1-lo muito apertado, para n\u00e3o danificar o tecido.<\/li>\n<\/ul>","protected":false},"excerpt":{"rendered":"<p>Wear this lace long-sleeve bustier for plus size girl can make you more comfortable and charming which is suitable for parties and dates.<\/p>","protected":false},"featured_media":13796,"comment_status":"open","ping_status":"closed","template":"","meta":{"site-sidebar-layout":"default","site-content-layout":"","ast-site-content-layout":"default","site-content-style":"default","site-sidebar-style":"default","ast-global-header-display":"","ast-banner-title-visibility":"","ast-main-header-display":"","ast-hfb-above-header-display":"","ast-hfb-below-header-display":"","ast-hfb-mobile-header-display":"","site-post-title":"","ast-breadcrumbs-content":"","ast-featured-img":"","footer-sml-layout":"","ast-disable-related-posts":"","theme-transparent-header-meta":"default","adv-header-id-meta":"","stick-header-meta":"default","header-above-stick-meta":"","header-main-stick-meta":"","header-below-stick-meta":"","astra-migrate-meta-layouts":"set","ast-page-background-enabled":"default","ast-page-background-meta":{"desktop":{"background-color":"","background-image":"","background-repeat":"repeat","background-position":"center center","background-size":"auto","background-attachment":"scroll","background-type":"","background-media":"","overlay-type":"","overlay-color":"","overlay-opacity":"","overlay-gradient":""},"tablet":{"background-color":"","background-image":"","background-repeat":"repeat","background-position":"center center","background-size":"auto","background-attachment":"scroll","background-type":"","background-media":"","overlay-type":"","overlay-color":"","overlay-opacity":"","overlay-gradient":""},"mobile":{"background-color":"","background-image":"","background-repeat":"repeat","background-position":"center center","background-size":"auto","background-attachment":"scroll","background-type":"","background-media":"","overlay-type":"","overlay-color":"","overlay-opacity":"","overlay-gradient":""}},"ast-content-background-meta":{"desktop":{"background-color":"var(--ast-global-color-5)","background-image":"","background-repeat":"repeat","background-position":"center center","background-size":"auto","background-attachment":"scroll","background-type":"","background-media":"","overlay-type":"","overlay-color":"","overlay-opacity":"","overlay-gradient":""},"tablet":{"background-color":"var(--ast-global-color-5)","background-image":"","background-repeat":"repeat","background-position":"center center","background-size":"auto","background-attachment":"scroll","background-type":"","background-media":"","overlay-type":"","overlay-color":"","overlay-opacity":"","overlay-gradient":""},"mobile":{"background-color":"var(--ast-global-color-5)","background-image":"","background-repeat":"repeat","background-position":"center center","background-size":"auto","background-attachment":"scroll","background-type":"","background-media":"","overlay-type":"","overlay-color":"","overlay-opacity":"","overlay-gradient":""}}},"product_brand":[],"product_cat":[1072,1071,65,76,90,95],"product_tag":[492,675,646,183,1176,1177],"class_list":{"0":"post-13780","1":"product","2":"type-product","3":"status-publish","4":"has-post-thumbnail","6":"product_cat-bulk-savings","7":"product_cat-sale","8":"product_cat-best-sellers","9":"product_cat-new-arrivels","10":"product_cat-wholesale-waist-trainer","11":"product_cat-waist-cincher","12":"product_tag-breathable","13":"product_tag-charming","14":"product_tag-comfortable","15":"product_tag-long-sleeve","16":"product_tag-plus-size-corset","17":"product_tag-vintage-jacquard-corset","18":"pa_color-black","19":"pa_color-blackwhite","20":"pa_color-blue","21":"pa_color-gray","22":"pa_color-purple","23":"pa_color-red","24":"pa_color-white","25":"pa_size-2xl","26":"pa_size-3xl","27":"pa_size-4xl","28":"pa_size-5xl","29":"pa_size-6xl","30":"pa_size-l","31":"pa_size-m","32":"pa_size-s","33":"pa_size-xl","34":"desktop-align-center","35":"tablet-align-left","36":"mobile-align-left","37":"ast-product-gallery-layout-horizontal-slider","38":"ast-product-single-variable","39":"ast-product-tabs-layout-horizontal","40":"ast-qv-on-image","42":"first","43":"instock","44":"shipping-taxable","45":"purchasable","46":"product-type-variable"},"tiered_pricing_type":"fixed","tiered_pricing_fixed_rules":{"10":9.9},"tiered_pricing_product_settings":{"layout":"default","base_unit_name":{"singular":null,"plural":null},"default_variation":null},"tiered_pricing_minimum_quantity":null,"tiered_pricing_roles_data":[],"tiered_pricing_percentage_rules":[],"_links":{"self":[{"href":"https:\/\/yume-silm.com\/pt\/wp-json\/wp\/v2\/product\/13780","targetHints":{"allow":["GET"]}}],"collection":[{"href":"https:\/\/yume-silm.com\/pt\/wp-json\/wp\/v2\/product"}],"about":[{"href":"https:\/\/yume-silm.com\/pt\/wp-json\/wp\/v2\/types\/product"}],"replies":[{"embeddable":true,"href":"https:\/\/yume-silm.com\/pt\/wp-json\/wp\/v2\/comments?post=13780"}],"wp:featuredmedia":[{"embeddable":true,"href":"https:\/\/yume-silm.com\/pt\/wp-json\/wp\/v2\/media\/13796"}],"wp:attachment":[{"href":"https:\/\/yume-silm.com\/pt\/wp-json\/wp\/v2\/media?parent=13780"}],"wp:term":[{"taxonomy":"product_brand","embeddable":true,"href":"https:\/\/yume-silm.com\/pt\/wp-json\/wp\/v2\/product_brand?post=13780"},{"taxonomy":"product_cat","embeddable":true,"href":"https:\/\/yume-silm.com\/pt\/wp-json\/wp\/v2\/product_cat?post=13780"},{"taxonomy":"product_tag","embeddable":true,"href":"https:\/\/yume-silm.com\/pt\/wp-json\/wp\/v2\/product_tag?post=13780"}],"curies":[{"name":"wp","href":"https:\/\/api.w.org\/{rel}","templated":true}]}}