{"id":13983,"date":"2024-12-20T02:47:28","date_gmt":"2024-12-20T02:47:28","guid":{"rendered":"https:\/\/yume-silm.com\/?post_type=product&#038;p=13983"},"modified":"2025-09-23T01:28:33","modified_gmt":"2025-09-23T01:28:33","slug":"womens-seamless-high-waist-fitness-suit","status":"publish","type":"product","link":"https:\/\/yume-silm.com\/pt\/produto\/womens-seamless-high-waist-fitness-suit\/","title":{"rendered":"Atacado Moda Feminina Tie-Dye Sem Costura Cintura Alta Fitness Terno"},"content":{"rendered":"<h5>Caracter\u00edsticas<\/h5>\n<ol>\n<li><strong>Tie-dye design:<\/strong> Women&#8217;s seamless high waist fitness suit adopts a unique tie-dye design combined to show your fashion attitude.<\/li>\n<li><strong>Seamless design:<\/strong> The workout suit adopts innovative seamless technology to fit the skin, making exercise more free and comfortable.<\/li>\n<li><strong>High waist design:<\/strong> High waist sport set with high elastic waistband and abdomen to shape a perfect body shape.<\/li>\n<li><strong>Suspender top:<\/strong> The sexy suspender top design shows the shoulder and necklines to make you more confident.<\/li>\n<li><strong>Ocasi\u00e3o:<\/strong> This fitness suit is not only suitable for running, yoga, fitness and other sports occasions but also suitable for daily wear.<\/li>\n<\/ol>\n<h6><em>M\u00e9todos de manuten\u00e7\u00e3o<\/em><\/h6>\n<ul>\n<li>To protect the color and fabric of the tie-dye pattern, it is recommended to hand wash in cold water.<\/li>\n<li>Lay the set flat to dry to maintain its shape and elasticity and let it dry naturally.<\/li>\n<li>Avoid contact with sharp objects and store in a dry and ventilated place by hanging or folding.<\/li>\n<\/ul>","protected":false},"excerpt":{"rendered":"<p>Women&#8217;s seamless high waist fitness suit to challenge your fitness goals or enjoy daily wear in which you can show confidence and vitality.<\/p>","protected":false},"featured_media":13984,"comment_status":"open","ping_status":"closed","template":"","meta":{"site-sidebar-layout":"default","site-content-layout":"","ast-site-content-layout":"default","site-content-style":"default","site-sidebar-style":"default","ast-global-header-display":"","ast-banner-title-visibility":"","ast-main-header-display":"","ast-hfb-above-header-display":"","ast-hfb-below-header-display":"","ast-hfb-mobile-header-display":"","site-post-title":"","ast-breadcrumbs-content":"","ast-featured-img":"","footer-sml-layout":"","ast-disable-related-posts":"","theme-transparent-header-meta":"default","adv-header-id-meta":"","stick-header-meta":"default","header-above-stick-meta":"","header-main-stick-meta":"","header-below-stick-meta":"","astra-migrate-meta-layouts":"set","ast-page-background-enabled":"default","ast-page-background-meta":{"desktop":{"background-color":"","background-image":"","background-repeat":"repeat","background-position":"center center","background-size":"auto","background-attachment":"scroll","background-type":"","background-media":"","overlay-type":"","overlay-color":"","overlay-opacity":"","overlay-gradient":""},"tablet":{"background-color":"","background-image":"","background-repeat":"repeat","background-position":"center center","background-size":"auto","background-attachment":"scroll","background-type":"","background-media":"","overlay-type":"","overlay-color":"","overlay-opacity":"","overlay-gradient":""},"mobile":{"background-color":"","background-image":"","background-repeat":"repeat","background-position":"center center","background-size":"auto","background-attachment":"scroll","background-type":"","background-media":"","overlay-type":"","overlay-color":"","overlay-opacity":"","overlay-gradient":""}},"ast-content-background-meta":{"desktop":{"background-color":"var(--ast-global-color-5)","background-image":"","background-repeat":"repeat","background-position":"center center","background-size":"auto","background-attachment":"scroll","background-type":"","background-media":"","overlay-type":"","overlay-color":"","overlay-opacity":"","overlay-gradient":""},"tablet":{"background-color":"var(--ast-global-color-5)","background-image":"","background-repeat":"repeat","background-position":"center center","background-size":"auto","background-attachment":"scroll","background-type":"","background-media":"","overlay-type":"","overlay-color":"","overlay-opacity":"","overlay-gradient":""},"mobile":{"background-color":"var(--ast-global-color-5)","background-image":"","background-repeat":"repeat","background-position":"center center","background-size":"auto","background-attachment":"scroll","background-type":"","background-media":"","overlay-type":"","overlay-color":"","overlay-opacity":"","overlay-gradient":""}}},"product_brand":[],"product_cat":[65,76,734,735,736],"product_tag":[646,701,926,693,139,491,145,1183],"class_list":{"0":"post-13983","1":"product","2":"type-product","3":"status-publish","4":"has-post-thumbnail","6":"product_cat-best-sellers","7":"product_cat-new-arrivels","8":"product_cat-yoga-suits","9":"product_cat-yoga-tops","10":"product_cat-yoga-shorts","11":"product_tag-comfortable","12":"product_tag-fashionable","13":"product_tag-fitness-suit","14":"product_tag-high-elastic","15":"product_tag-high-waist","16":"product_tag-seamless","17":"product_tag-sexy","18":"product_tag-tie-dye-design","19":"pa_color-color1","20":"pa_color-color2","21":"pa_color-color3","22":"pa_size-l","23":"pa_size-m","24":"pa_size-s","25":"desktop-align-center","26":"tablet-align-left","27":"mobile-align-left","28":"ast-product-gallery-layout-horizontal-slider","29":"ast-product-single-variable","30":"ast-product-tabs-layout-horizontal","31":"ast-qv-on-image","33":"first","34":"instock","35":"shipping-taxable","36":"purchasable","37":"product-type-variable"},"tiered_pricing_type":"fixed","tiered_pricing_fixed_rules":{"5":12,"50":11,"100":9.5},"tiered_pricing_product_settings":{"layout":"default","base_unit_name":{"singular":null,"plural":null},"default_variation":null},"tiered_pricing_minimum_quantity":null,"tiered_pricing_roles_data":[],"tiered_pricing_percentage_rules":[],"_links":{"self":[{"href":"https:\/\/yume-silm.com\/pt\/wp-json\/wp\/v2\/product\/13983","targetHints":{"allow":["GET"]}}],"collection":[{"href":"https:\/\/yume-silm.com\/pt\/wp-json\/wp\/v2\/product"}],"about":[{"href":"https:\/\/yume-silm.com\/pt\/wp-json\/wp\/v2\/types\/product"}],"replies":[{"embeddable":true,"href":"https:\/\/yume-silm.com\/pt\/wp-json\/wp\/v2\/comments?post=13983"}],"wp:featuredmedia":[{"embeddable":true,"href":"https:\/\/yume-silm.com\/pt\/wp-json\/wp\/v2\/media\/13984"}],"wp:attachment":[{"href":"https:\/\/yume-silm.com\/pt\/wp-json\/wp\/v2\/media?parent=13983"}],"wp:term":[{"taxonomy":"product_brand","embeddable":true,"href":"https:\/\/yume-silm.com\/pt\/wp-json\/wp\/v2\/product_brand?post=13983"},{"taxonomy":"product_cat","embeddable":true,"href":"https:\/\/yume-silm.com\/pt\/wp-json\/wp\/v2\/product_cat?post=13983"},{"taxonomy":"product_tag","embeddable":true,"href":"https:\/\/yume-silm.com\/pt\/wp-json\/wp\/v2\/product_tag?post=13983"}],"curies":[{"name":"wp","href":"https:\/\/api.w.org\/{rel}","templated":true}]}}