{"id":13999,"date":"2024-12-20T03:18:37","date_gmt":"2024-12-20T03:18:37","guid":{"rendered":"https:\/\/yume-silm.com\/?post_type=product&#038;p=13999"},"modified":"2024-12-20T03:20:02","modified_gmt":"2024-12-20T03:20:02","slug":"womens-breathable-lace-plus-size-bra","status":"publish","type":"product","link":"https:\/\/yume-silm.com\/pt\/produto\/womens-breathable-lace-plus-size-bra\/","title":{"rendered":"Wholesale Women&#8217;s Breathable Anti-Sagging Lace Half Cup Sexy Plus Size Bra"},"content":{"rendered":"<h5>Caracter\u00edsticas<\/h5>\n<ol>\n<li><strong>Half cup:<\/strong> Women&#8217;s breathable lace plus size bra adopts the classic half-cup cut and can make you more charming.<\/li>\n<li><strong>Anti-sagging support:<\/strong> The breathable plus-size bra has adjustable shoulder straps that can help you shape the full breast curve.<\/li>\n<li><strong>Renda:<\/strong> Lace large bra is combine with exquisite pattern lace and soft material to create an elegant feminine look.<\/li>\n<li><strong>Ocasi\u00e3o:<\/strong> Especially suitable for public occasions such as dating, work, and daily wear.<\/li>\n<\/ol>\n<h6><em>M\u00e9todo de manuten\u00e7\u00e3o:<\/em><\/h6>\n<ul>\n<li>Use \u00e1gua morna e detergente ZTE para lavar delicadamente \u00e0 m\u00e3o e proteger o tecido de renda.<\/li>\n<li>Guarde-as dobradas ou esticadas para evitar que v\u00e1rias pe\u00e7as de roupa sejam empurradas juntas e evitar deforma\u00e7\u00f5es.<\/li>\n<li>A substitui\u00e7\u00e3o regular, como um ciclo de 3 a 6 meses, protege melhor o formato dos seios.<\/li>\n<\/ul>","protected":false},"excerpt":{"rendered":"<p>Wearing a women&#8217;s breathable lace plus size bra which perfect combination of elegance and function gives you a perfect fit and lasting confidence.<\/p>","protected":false},"featured_media":14000,"comment_status":"open","ping_status":"closed","template":"","meta":{"site-sidebar-layout":"default","site-content-layout":"","ast-site-content-layout":"default","site-content-style":"default","site-sidebar-style":"default","ast-global-header-display":"","ast-banner-title-visibility":"","ast-main-header-display":"","ast-hfb-above-header-display":"","ast-hfb-below-header-display":"","ast-hfb-mobile-header-display":"","site-post-title":"","ast-breadcrumbs-content":"","ast-featured-img":"","footer-sml-layout":"","ast-disable-related-posts":"","theme-transparent-header-meta":"default","adv-header-id-meta":"","stick-header-meta":"default","header-above-stick-meta":"","header-main-stick-meta":"","header-below-stick-meta":"","astra-migrate-meta-layouts":"set","ast-page-background-enabled":"default","ast-page-background-meta":{"desktop":{"background-color":"","background-image":"","background-repeat":"repeat","background-position":"center center","background-size":"auto","background-attachment":"scroll","background-type":"","background-media":"","overlay-type":"","overlay-color":"","overlay-opacity":"","overlay-gradient":""},"tablet":{"background-color":"","background-image":"","background-repeat":"repeat","background-position":"center center","background-size":"auto","background-attachment":"scroll","background-type":"","background-media":"","overlay-type":"","overlay-color":"","overlay-opacity":"","overlay-gradient":""},"mobile":{"background-color":"","background-image":"","background-repeat":"repeat","background-position":"center center","background-size":"auto","background-attachment":"scroll","background-type":"","background-media":"","overlay-type":"","overlay-color":"","overlay-opacity":"","overlay-gradient":""}},"ast-content-background-meta":{"desktop":{"background-color":"var(--ast-global-color-5)","background-image":"","background-repeat":"repeat","background-position":"center center","background-size":"auto","background-attachment":"scroll","background-type":"","background-media":"","overlay-type":"","overlay-color":"","overlay-opacity":"","overlay-gradient":""},"tablet":{"background-color":"var(--ast-global-color-5)","background-image":"","background-repeat":"repeat","background-position":"center center","background-size":"auto","background-attachment":"scroll","background-type":"","background-media":"","overlay-type":"","overlay-color":"","overlay-opacity":"","overlay-gradient":""},"mobile":{"background-color":"var(--ast-global-color-5)","background-image":"","background-repeat":"repeat","background-position":"center center","background-size":"auto","background-attachment":"scroll","background-type":"","background-media":"","overlay-type":"","overlay-color":"","overlay-opacity":"","overlay-gradient":""}}},"product_brand":[],"product_cat":[65,76,259,583],"product_tag":[1184,492,1119,1185,400,145],"class_list":{"0":"post-13999","1":"product","2":"type-product","3":"status-publish","4":"has-post-thumbnail","6":"product_cat-best-sellers","7":"product_cat-new-arrivels","8":"product_cat-lingerie","9":"product_cat-plus-size-underwear","10":"product_tag-anti-sagging-support","11":"product_tag-breathable","12":"product_tag-half-cup","13":"product_tag-lace-large-bra","14":"product_tag-plus-size-bra","15":"product_tag-sexy","16":"pa_color-blue","17":"pa_color-khaki","18":"pa_color-skin","19":"pa_size-38-85c","20":"pa_size-40-90c","21":"pa_size-42-95c","22":"pa_size-44-100c","23":"pa_size-46-105c","24":"desktop-align-center","25":"tablet-align-left","26":"mobile-align-left","27":"ast-product-gallery-layout-horizontal-slider","28":"ast-product-single-variable","29":"ast-product-tabs-layout-horizontal","30":"ast-qv-on-image","32":"first","33":"instock","34":"shipping-taxable","35":"purchasable","36":"product-type-variable"},"tiered_pricing_type":"fixed","tiered_pricing_fixed_rules":{"5":3.7,"50":3.3,"100":2.85},"tiered_pricing_product_settings":{"layout":"default","base_unit_name":{"singular":null,"plural":null},"default_variation":null},"tiered_pricing_minimum_quantity":null,"tiered_pricing_roles_data":[],"tiered_pricing_percentage_rules":[],"_links":{"self":[{"href":"https:\/\/yume-silm.com\/pt\/wp-json\/wp\/v2\/product\/13999","targetHints":{"allow":["GET"]}}],"collection":[{"href":"https:\/\/yume-silm.com\/pt\/wp-json\/wp\/v2\/product"}],"about":[{"href":"https:\/\/yume-silm.com\/pt\/wp-json\/wp\/v2\/types\/product"}],"replies":[{"embeddable":true,"href":"https:\/\/yume-silm.com\/pt\/wp-json\/wp\/v2\/comments?post=13999"}],"wp:featuredmedia":[{"embeddable":true,"href":"https:\/\/yume-silm.com\/pt\/wp-json\/wp\/v2\/media\/14000"}],"wp:attachment":[{"href":"https:\/\/yume-silm.com\/pt\/wp-json\/wp\/v2\/media?parent=13999"}],"wp:term":[{"taxonomy":"product_brand","embeddable":true,"href":"https:\/\/yume-silm.com\/pt\/wp-json\/wp\/v2\/product_brand?post=13999"},{"taxonomy":"product_cat","embeddable":true,"href":"https:\/\/yume-silm.com\/pt\/wp-json\/wp\/v2\/product_cat?post=13999"},{"taxonomy":"product_tag","embeddable":true,"href":"https:\/\/yume-silm.com\/pt\/wp-json\/wp\/v2\/product_tag?post=13999"}],"curies":[{"name":"wp","href":"https:\/\/api.w.org\/{rel}","templated":true}]}}