{"id":14125,"date":"2024-12-28T03:13:49","date_gmt":"2024-12-28T03:13:49","guid":{"rendered":"https:\/\/yume-silm.com\/?post_type=product&#038;p=14125"},"modified":"2026-04-12T03:04:45","modified_gmt":"2026-04-12T03:04:45","slug":"womens-postpartum-pelvic-recovery-belt","status":"publish","type":"product","link":"https:\/\/yume-silm.com\/pt\/produto\/womens-postpartum-pelvic-recovery-belt\/","title":{"rendered":"Wholesale Women High Waist Postpartum Support Double Layer Velcro Pelvic Recovery Belt"},"content":{"rendered":"<h5>Caracter\u00edsticas<\/h5>\n<ol>\n<li><strong>High waist design:<\/strong> Women&#8217;s postpartum pelvic recovery belt fits the waist and abdomen line to help recover loose muscles after childbirth.<\/li>\n<li><strong>Double-layer velcro:<\/strong> Double-layer belt flexibly adjusts the tightness according to personal needs to ensure a comfortable fit.<\/li>\n<li><strong>Pelvic recovery:<\/strong> Pelvic recovery belt helps stabilize the pelvis to relieve postpartum pressure that helps restore the natural body shape.<\/li>\n<li><strong>Ocasi\u00e3o:<\/strong> This pelvic recovery belt can be used for daily postpartum recovery, light exercise or home relaxation, which helps relieve fatigue.<\/li>\n<\/ol>\n<h6><em>M\u00e9todo de manuten\u00e7\u00e3o<\/em><\/h6>\n<ul>\n<li>Recommend hand washing to protect the elasticity and comfort of the fabric.<\/li>\n<li>Lay the belly band flat to dry to keep its shape and elasticity and let it dry naturally.<\/li>\n<li>Evite contato com objetos cortantes, guarde em local seco e ventilado pendurado ou dobrado.<\/li>\n<\/ul>","protected":false},"excerpt":{"rendered":"<p>Women&#8217;s postpartum pelvic recovery belt is designed for new mothers to help postpartum body recovery and provide scientific and effective support.<\/p>","protected":false},"featured_media":14131,"comment_status":"open","ping_status":"closed","template":"","meta":{"site-sidebar-layout":"default","site-content-layout":"","ast-site-content-layout":"default","site-content-style":"default","site-sidebar-style":"default","ast-global-header-display":"","ast-banner-title-visibility":"","ast-main-header-display":"","ast-hfb-above-header-display":"","ast-hfb-below-header-display":"","ast-hfb-mobile-header-display":"","site-post-title":"","ast-breadcrumbs-content":"","ast-featured-img":"","footer-sml-layout":"","ast-disable-related-posts":"","theme-transparent-header-meta":"default","adv-header-id-meta":"","stick-header-meta":"default","header-above-stick-meta":"","header-main-stick-meta":"","header-below-stick-meta":"","astra-migrate-meta-layouts":"set","ast-page-background-enabled":"default","ast-page-background-meta":{"desktop":{"background-color":"","background-image":"","background-repeat":"repeat","background-position":"center center","background-size":"auto","background-attachment":"scroll","background-type":"","background-media":"","overlay-type":"","overlay-color":"","overlay-opacity":"","overlay-gradient":""},"tablet":{"background-color":"","background-image":"","background-repeat":"repeat","background-position":"center center","background-size":"auto","background-attachment":"scroll","background-type":"","background-media":"","overlay-type":"","overlay-color":"","overlay-opacity":"","overlay-gradient":""},"mobile":{"background-color":"","background-image":"","background-repeat":"repeat","background-position":"center center","background-size":"auto","background-attachment":"scroll","background-type":"","background-media":"","overlay-type":"","overlay-color":"","overlay-opacity":"","overlay-gradient":""}},"ast-content-background-meta":{"desktop":{"background-color":"var(--ast-global-color-5)","background-image":"","background-repeat":"repeat","background-position":"center center","background-size":"auto","background-attachment":"scroll","background-type":"","background-media":"","overlay-type":"","overlay-color":"","overlay-opacity":"","overlay-gradient":""},"tablet":{"background-color":"var(--ast-global-color-5)","background-image":"","background-repeat":"repeat","background-position":"center center","background-size":"auto","background-attachment":"scroll","background-type":"","background-media":"","overlay-type":"","overlay-color":"","overlay-opacity":"","overlay-gradient":""},"mobile":{"background-color":"var(--ast-global-color-5)","background-image":"","background-repeat":"repeat","background-position":"center center","background-size":"auto","background-attachment":"scroll","background-type":"","background-media":"","overlay-type":"","overlay-color":"","overlay-opacity":"","overlay-gradient":""}}},"product_brand":[],"product_cat":[65,76,90,95],"product_tag":[662,139,1201,1200],"class_list":{"0":"post-14125","1":"product","2":"type-product","3":"status-publish","4":"has-post-thumbnail","6":"product_cat-best-sellers","7":"product_cat-new-arrivels","8":"product_cat-wholesale-waist-trainer","9":"product_cat-waist-cincher","10":"product_tag-abdominal","11":"product_tag-high-waist","12":"product_tag-pelvic-recovery-belt","13":"product_tag-postpartum-support","14":"pa_color-beige","15":"pa_size-one-size","16":"desktop-align-center","17":"tablet-align-left","18":"mobile-align-left","19":"ast-product-gallery-layout-horizontal-slider","20":"ast-product-single-variable","21":"ast-product-tabs-layout-horizontal","22":"ast-qv-on-image","24":"first","25":"instock","26":"shipping-taxable","27":"purchasable","28":"product-type-variable"},"tiered_pricing_type":"fixed","tiered_pricing_fixed_rules":{"5":3.42,"50":3.04,"100":2.66},"tiered_pricing_product_settings":{"layout":"default","base_unit_name":{"singular":null,"plural":null},"default_variation":null},"tiered_pricing_minimum_quantity":null,"tiered_pricing_roles_data":[],"tiered_pricing_percentage_rules":[],"_links":{"self":[{"href":"https:\/\/yume-silm.com\/pt\/wp-json\/wp\/v2\/product\/14125","targetHints":{"allow":["GET"]}}],"collection":[{"href":"https:\/\/yume-silm.com\/pt\/wp-json\/wp\/v2\/product"}],"about":[{"href":"https:\/\/yume-silm.com\/pt\/wp-json\/wp\/v2\/types\/product"}],"replies":[{"embeddable":true,"href":"https:\/\/yume-silm.com\/pt\/wp-json\/wp\/v2\/comments?post=14125"}],"wp:featuredmedia":[{"embeddable":true,"href":"https:\/\/yume-silm.com\/pt\/wp-json\/wp\/v2\/media\/14131"}],"wp:attachment":[{"href":"https:\/\/yume-silm.com\/pt\/wp-json\/wp\/v2\/media?parent=14125"}],"wp:term":[{"taxonomy":"product_brand","embeddable":true,"href":"https:\/\/yume-silm.com\/pt\/wp-json\/wp\/v2\/product_brand?post=14125"},{"taxonomy":"product_cat","embeddable":true,"href":"https:\/\/yume-silm.com\/pt\/wp-json\/wp\/v2\/product_cat?post=14125"},{"taxonomy":"product_tag","embeddable":true,"href":"https:\/\/yume-silm.com\/pt\/wp-json\/wp\/v2\/product_tag?post=14125"}],"curies":[{"name":"wp","href":"https:\/\/api.w.org\/{rel}","templated":true}]}}