{"id":14163,"date":"2025-01-02T03:06:54","date_gmt":"2025-01-02T03:06:54","guid":{"rendered":"https:\/\/yume-silm.com\/?post_type=product&#038;p=14163"},"modified":"2025-01-02T03:09:23","modified_gmt":"2025-01-02T03:09:23","slug":"modelador-de-cintura-fitness-feminino","status":"publish","type":"product","link":"https:\/\/yume-silm.com\/pt\/produto\/modelador-de-cintura-fitness-feminino\/","title":{"rendered":"Atacado Fitness Feminino Velcro Belt Barriga Controle Cintura Trainer"},"content":{"rendered":"<h5>Caracter\u00edsticas<\/h5>\n<ol>\n<li><strong>Apoiar:<\/strong> O modelador de cintura fitness feminino adota um design largo, proporcionando excelente suporte \u00e0 cintura para ajudar a melhorar sua postura.<\/li>\n<li><strong>Velcro:<\/strong> O modelador de cintura fitness tem um velcro forte que pode ajustar a estrutura facilmente para ajustar o aperto, garantindo um ajuste seguro.<\/li>\n<li><strong>Controle da barriga:<\/strong> Os modeladores de controle da barriga efetivamente perdem peso, ajudando a modelar um abd\u00f4men plano e uma cintura fina.<\/li>\n<li><strong>Ocasi\u00e3o:<\/strong> O modelador de cintura para emagrecimento \u00e9 adequado para ioga, treinamento de for\u00e7a e outros esportes e pode ajudar voc\u00ea a ter um corpo forte.<\/li>\n<\/ol>\n<h6><em>M\u00e9todo de manuten\u00e7\u00e3o:<\/em><\/h6>\n<ul>\n<li>Para proteger a elasticidade e o conforto do tecido, recomenda-se lavar \u00e0 m\u00e3o com \u00e1gua fria.<\/li>\n<li>Deixe a faixa da barriga secar na horizontal, para manter seu formato e elasticidade, e deixe secar naturalmente.<\/li>\n<li>Evite contato com objetos cortantes, guarde em local seco e ventilado pendurado ou dobrado.<\/li>\n<\/ul>","protected":false},"excerpt":{"rendered":"<p>O modelador de cintura feminino, seja para modelar o corpo ou para perder peso, pode facilmente ajudar voc\u00ea a exibir curvas encantadoras e criar um corpo saud\u00e1vel.<\/p>","protected":false},"featured_media":14179,"comment_status":"open","ping_status":"closed","template":"","meta":{"site-sidebar-layout":"default","site-content-layout":"","ast-site-content-layout":"default","site-content-style":"default","site-sidebar-style":"default","ast-global-header-display":"","ast-banner-title-visibility":"","ast-main-header-display":"","ast-hfb-above-header-display":"","ast-hfb-below-header-display":"","ast-hfb-mobile-header-display":"","site-post-title":"","ast-breadcrumbs-content":"","ast-featured-img":"","footer-sml-layout":"","ast-disable-related-posts":"","theme-transparent-header-meta":"default","adv-header-id-meta":"","stick-header-meta":"default","header-above-stick-meta":"","header-main-stick-meta":"","header-below-stick-meta":"","astra-migrate-meta-layouts":"set","ast-page-background-enabled":"default","ast-page-background-meta":{"desktop":{"background-color":"","background-image":"","background-repeat":"repeat","background-position":"center center","background-size":"auto","background-attachment":"scroll","background-type":"","background-media":"","overlay-type":"","overlay-color":"","overlay-opacity":"","overlay-gradient":""},"tablet":{"background-color":"","background-image":"","background-repeat":"repeat","background-position":"center center","background-size":"auto","background-attachment":"scroll","background-type":"","background-media":"","overlay-type":"","overlay-color":"","overlay-opacity":"","overlay-gradient":""},"mobile":{"background-color":"","background-image":"","background-repeat":"repeat","background-position":"center center","background-size":"auto","background-attachment":"scroll","background-type":"","background-media":"","overlay-type":"","overlay-color":"","overlay-opacity":"","overlay-gradient":""}},"ast-content-background-meta":{"desktop":{"background-color":"var(--ast-global-color-5)","background-image":"","background-repeat":"repeat","background-position":"center center","background-size":"auto","background-attachment":"scroll","background-type":"","background-media":"","overlay-type":"","overlay-color":"","overlay-opacity":"","overlay-gradient":""},"tablet":{"background-color":"var(--ast-global-color-5)","background-image":"","background-repeat":"repeat","background-position":"center center","background-size":"auto","background-attachment":"scroll","background-type":"","background-media":"","overlay-type":"","overlay-color":"","overlay-opacity":"","overlay-gradient":""},"mobile":{"background-color":"var(--ast-global-color-5)","background-image":"","background-repeat":"repeat","background-position":"center center","background-size":"auto","background-attachment":"scroll","background-type":"","background-media":"","overlay-type":"","overlay-color":"","overlay-opacity":"","overlay-gradient":""}}},"product_brand":[],"product_cat":[90,65,76,95],"product_tag":[1210,412,1209,697,1211,1212],"class_list":{"0":"post-14163","1":"product","2":"type-product","3":"status-publish","4":"has-post-thumbnail","6":"product_cat-wholesale-waist-trainer","7":"product_cat-best-sellers","8":"product_cat-new-arrivels","9":"product_cat-waist-cincher","10":"product_tag-belly-control-trainer","11":"product_tag-body-shaping","12":"product_tag-fitness-waist-trainer","13":"product_tag-loss-weight","14":"product_tag-slimming-waist-cincher","15":"product_tag-velcro-belt","16":"pa_color-beige","17":"pa_color-black","18":"pa_color-pink","19":"pa_size-2xl-3xl","20":"pa_size-4xl-5xl","21":"pa_size-6xl-7xl","22":"pa_size-l-xl","23":"pa_size-s-m","24":"desktop-align-center","25":"tablet-align-left","26":"mobile-align-left","27":"ast-product-gallery-layout-horizontal-slider","28":"ast-product-single-variable","29":"ast-product-tabs-layout-horizontal","30":"ast-qv-on-image","32":"first","33":"instock","34":"shipping-taxable","35":"purchasable","36":"product-type-variable"},"tiered_pricing_type":"fixed","tiered_pricing_fixed_rules":{"5":9.2,"50":8.18,"100":7.16},"tiered_pricing_product_settings":{"layout":"default","base_unit_name":{"singular":null,"plural":null},"default_variation":null},"tiered_pricing_minimum_quantity":null,"tiered_pricing_roles_data":[],"tiered_pricing_percentage_rules":[],"_links":{"self":[{"href":"https:\/\/yume-silm.com\/pt\/wp-json\/wp\/v2\/product\/14163","targetHints":{"allow":["GET"]}}],"collection":[{"href":"https:\/\/yume-silm.com\/pt\/wp-json\/wp\/v2\/product"}],"about":[{"href":"https:\/\/yume-silm.com\/pt\/wp-json\/wp\/v2\/types\/product"}],"replies":[{"embeddable":true,"href":"https:\/\/yume-silm.com\/pt\/wp-json\/wp\/v2\/comments?post=14163"}],"wp:featuredmedia":[{"embeddable":true,"href":"https:\/\/yume-silm.com\/pt\/wp-json\/wp\/v2\/media\/14179"}],"wp:attachment":[{"href":"https:\/\/yume-silm.com\/pt\/wp-json\/wp\/v2\/media?parent=14163"}],"wp:term":[{"taxonomy":"product_brand","embeddable":true,"href":"https:\/\/yume-silm.com\/pt\/wp-json\/wp\/v2\/product_brand?post=14163"},{"taxonomy":"product_cat","embeddable":true,"href":"https:\/\/yume-silm.com\/pt\/wp-json\/wp\/v2\/product_cat?post=14163"},{"taxonomy":"product_tag","embeddable":true,"href":"https:\/\/yume-silm.com\/pt\/wp-json\/wp\/v2\/product_tag?post=14163"}],"curies":[{"name":"wp","href":"https:\/\/api.w.org\/{rel}","templated":true}]}}