{"id":14333,"date":"2025-01-17T03:41:10","date_gmt":"2025-01-17T03:41:10","guid":{"rendered":"https:\/\/yume-silm.com\/?post_type=product&#038;p=14333"},"modified":"2025-05-26T00:39:42","modified_gmt":"2025-05-26T00:39:42","slug":"macacao-feminino-com-ziper-modelador-de-suor-sauna","status":"publish","type":"product","link":"https:\/\/yume-silm.com\/pt\/produto\/macacao-feminino-com-ziper-modelador-de-suor-sauna\/","title":{"rendered":"Atacado de z\u00edper feminino macac\u00e3o suor modelagem sauna terno"},"content":{"rendered":"<h5>Caracter\u00edsticas do design:<\/h5>\n<ul>\n<li>Tecido especial exposto ao suor, promove a transpira\u00e7\u00e3o e queima gordura<\/li>\n<li>Design de abertura no peito com z\u00edper, f\u00e1cil de colocar e tirar, simples e moderno<\/li>\n<li>Design de manga curta, conforto para exerc\u00edcios, liberdade de movimentos<\/li>\n<li>O efeito da abdominoplastia e do lifting de gl\u00fateos \u00e9 not\u00e1vel, modelando curvas firmes<\/li>\n<li>Adequado para todos os tipos de esportes e treinamento f\u00edsico, ajuda a moldar e perder gordura<\/li>\n<li>Use este macac\u00e3o feminino com z\u00edper e modelador de sauna, fa\u00e7a com que cada gota de suor seja mais valiosa, queime gordura rapidamente e modele um corpo perfeito!<\/li>\n<\/ul>\n<h6><em>Macac\u00e3o feminino com z\u00edper e modelagem suada para sauna<\/em><\/h6>\n<ul>\n<li>O macac\u00e3o feminino com z\u00edper e modelador de sauna foi especialmente projetado para mulheres para ajudar a modelar e perder gordura, tornando cada treino mais eficiente.<\/li>\n<li>Feito de tecido especial Riot Sweat, ele aumenta rapidamente a temperatura do seu corpo, promove a transpira\u00e7\u00e3o e a queima de gordura, ajuda a acelerar o metabolismo durante o treino e modela as curvas encantadoras.<\/li>\n<li>Seja corrida, ioga, condicionamento f\u00edsico ou exerc\u00edcios di\u00e1rios, este traje esportivo de sauna pode dar total suporte aos seus objetivos de exerc\u00edcios e ajudar voc\u00ea a atingir seu formato corporal ideal facilmente.<\/li>\n<\/ul>","protected":false},"excerpt":{"rendered":"<p>O macac\u00e3o feminino com z\u00edper e modelador de sauna ajuda a acelerar a queima de gordura, modelar curvas firmes e aumentar o efeito do exerc\u00edcio por meio da tecnologia Sweatstorm e do design de abdominoplastia e eleva\u00e7\u00e3o do quadril.<\/p>","protected":false},"featured_media":14334,"comment_status":"open","ping_status":"closed","template":"","meta":{"site-sidebar-layout":"default","site-content-layout":"","ast-site-content-layout":"default","site-content-style":"default","site-sidebar-style":"default","ast-global-header-display":"","ast-banner-title-visibility":"","ast-main-header-display":"","ast-hfb-above-header-display":"","ast-hfb-below-header-display":"","ast-hfb-mobile-header-display":"","site-post-title":"","ast-breadcrumbs-content":"","ast-featured-img":"","footer-sml-layout":"","ast-disable-related-posts":"","theme-transparent-header-meta":"default","adv-header-id-meta":"","stick-header-meta":"default","header-above-stick-meta":"","header-main-stick-meta":"","header-below-stick-meta":"","astra-migrate-meta-layouts":"set","ast-page-background-enabled":"default","ast-page-background-meta":{"desktop":{"background-color":"","background-image":"","background-repeat":"repeat","background-position":"center center","background-size":"auto","background-attachment":"scroll","background-type":"","background-media":"","overlay-type":"","overlay-color":"","overlay-opacity":"","overlay-gradient":""},"tablet":{"background-color":"","background-image":"","background-repeat":"repeat","background-position":"center center","background-size":"auto","background-attachment":"scroll","background-type":"","background-media":"","overlay-type":"","overlay-color":"","overlay-opacity":"","overlay-gradient":""},"mobile":{"background-color":"","background-image":"","background-repeat":"repeat","background-position":"center center","background-size":"auto","background-attachment":"scroll","background-type":"","background-media":"","overlay-type":"","overlay-color":"","overlay-opacity":"","overlay-gradient":""}},"ast-content-background-meta":{"desktop":{"background-color":"var(--ast-global-color-5)","background-image":"","background-repeat":"repeat","background-position":"center center","background-size":"auto","background-attachment":"scroll","background-type":"","background-media":"","overlay-type":"","overlay-color":"","overlay-opacity":"","overlay-gradient":""},"tablet":{"background-color":"var(--ast-global-color-5)","background-image":"","background-repeat":"repeat","background-position":"center center","background-size":"auto","background-attachment":"scroll","background-type":"","background-media":"","overlay-type":"","overlay-color":"","overlay-opacity":"","overlay-gradient":""},"mobile":{"background-color":"var(--ast-global-color-5)","background-image":"","background-repeat":"repeat","background-position":"center center","background-size":"auto","background-attachment":"scroll","background-type":"","background-media":"","overlay-type":"","overlay-color":"","overlay-opacity":"","overlay-gradient":""}}},"product_brand":[],"product_cat":[65,76,97,102],"product_tag":[1235,1237,1234,1233,1236],"class_list":{"0":"post-14333","1":"product","2":"type-product","3":"status-publish","4":"has-post-thumbnail","6":"product_cat-best-sellers","7":"product_cat-new-arrivels","8":"product_cat-sauna-suit","9":"product_cat-full-body-sweat-suit","10":"product_tag-fitness-sauna-suit","11":"product_tag-sauna-suit-for-women","12":"product_tag-sports-sauna-suit","13":"product_tag-sweat-sauna-suit","14":"product_tag-training-sauna-suit","15":"pa_color-blue","16":"pa_color-silver","17":"pa_size-2xl","18":"pa_size-3xl","19":"pa_size-l","20":"pa_size-m","21":"pa_size-s","22":"pa_size-xl","23":"desktop-align-center","24":"tablet-align-left","25":"mobile-align-left","26":"ast-product-gallery-layout-horizontal-slider","27":"ast-product-single-variable","28":"ast-product-tabs-layout-horizontal","29":"ast-qv-on-image","31":"first","32":"instock","33":"shipping-taxable","34":"purchasable","35":"product-type-variable"},"tiered_pricing_type":"fixed","tiered_pricing_fixed_rules":{"5":6.7,"50":6.05,"100":5.35},"tiered_pricing_product_settings":{"layout":"default","base_unit_name":{"singular":null,"plural":null},"default_variation":null},"tiered_pricing_minimum_quantity":null,"tiered_pricing_roles_data":[],"tiered_pricing_percentage_rules":[],"_links":{"self":[{"href":"https:\/\/yume-silm.com\/pt\/wp-json\/wp\/v2\/product\/14333","targetHints":{"allow":["GET"]}}],"collection":[{"href":"https:\/\/yume-silm.com\/pt\/wp-json\/wp\/v2\/product"}],"about":[{"href":"https:\/\/yume-silm.com\/pt\/wp-json\/wp\/v2\/types\/product"}],"replies":[{"embeddable":true,"href":"https:\/\/yume-silm.com\/pt\/wp-json\/wp\/v2\/comments?post=14333"}],"wp:featuredmedia":[{"embeddable":true,"href":"https:\/\/yume-silm.com\/pt\/wp-json\/wp\/v2\/media\/14334"}],"wp:attachment":[{"href":"https:\/\/yume-silm.com\/pt\/wp-json\/wp\/v2\/media?parent=14333"}],"wp:term":[{"taxonomy":"product_brand","embeddable":true,"href":"https:\/\/yume-silm.com\/pt\/wp-json\/wp\/v2\/product_brand?post=14333"},{"taxonomy":"product_cat","embeddable":true,"href":"https:\/\/yume-silm.com\/pt\/wp-json\/wp\/v2\/product_cat?post=14333"},{"taxonomy":"product_tag","embeddable":true,"href":"https:\/\/yume-silm.com\/pt\/wp-json\/wp\/v2\/product_tag?post=14333"}],"curies":[{"name":"wp","href":"https:\/\/api.w.org\/{rel}","templated":true}]}}