{"id":1943,"date":"2023-04-26T08:43:07","date_gmt":"2023-04-26T08:43:07","guid":{"rendered":"https:\/\/yume-silm.com\/?post_type=product&#038;p=1943"},"modified":"2024-12-10T09:37:03","modified_gmt":"2024-12-10T09:37:03","slug":"full-body-shaper-for-women-slimming-tummy-control-shapewear","status":"publish","type":"product","link":"https:\/\/yume-silm.com\/pt\/produto\/full-body-shaper-for-women-slimming-tummy-control-shapewear\/","title":{"rendered":"Modelador de corpo inteiro respir\u00e1vel de tamanho grande e busto aberto"},"content":{"rendered":"<h5>Caracter\u00edsticas de design<\/h5>\n<ul>\n<li><strong>PROJETO ADAPT\u00c1VEL:<\/strong> As al\u00e7as largas do modelador de corpo inteiro respir\u00e1vel de tamanho grande e busto aberto podem distribuir uniformemente a for\u00e7a e obter o efeito de reduzir a press\u00e3o nos ombros. Claro, nosso modelador de espartilho mais fino plus size tamb\u00e9m vem com al\u00e7as remov\u00edveis e ajust\u00e1veis para conforto de uso vers\u00e1til e personalizado.<\/li>\n<li><strong>CORRE\u00c7\u00c3O DE POSTURA:<\/strong> A parte de tr\u00e1s do modelador de corpo inteiro tamb\u00e9m pode ser apertada e comprimida para ajud\u00e1-lo a endireitar as costas, tornando-o mais elegante no geral e exibindo sua maravilhosa figura curva de ampulheta!<\/li>\n<li><strong>CONTROLE ABDOMINAL:<\/strong> O melhor body modelador de busto aberto \u00e9 projetado com z\u00edper no abd\u00f4men, o que facilita forte compress\u00e3o e elasticidade moderada para ajud\u00e1-lo sutilmente a fechar o abd\u00f4men saliente, proporcionando uma apar\u00eancia abdominal lisa e plana.<\/li>\n<li data-slate-node=\"element\"><span data-slate-node=\"text\"><span class=\"00\" data-slate-leaf=\"true\"><strong>LEVANTAR N\u00c1DEGAS:<\/strong> Nosso modelador respir\u00e1vel testado e comprovado com ganchos e z\u00edper nos olhos foi habilmente projetado para ajudar a levantar e firmar suas n\u00e1degas, revelando um bumbum lisonjeiro.<\/span><\/span><\/li>\n<li data-slate-node=\"element\"><span class=\"\" data-slate-node=\"text\"><span class=\"21\" data-slate-leaf=\"true\"><span data-slate-string=\"true\"><strong>CAL\u00c7AS PLUS SIZE SHAPEWEAR:<\/strong> Nosso modelador de corpo inteiro feminino plus size leva em considera\u00e7\u00e3o a toler\u00e2ncia de tamanho e oferece uma variedade de tamanhos de S-6XL para voc\u00ea escolher. <\/span><\/span><\/span><span data-slate-node=\"text\"><span class=\"22\" data-slate-leaf=\"true\">N\u00e3o importa a forma que voc\u00ea esteja agora, voc\u00ea pode come\u00e7ar sua jornada para modelar o corpo.<\/span><\/span><\/li>\n<li data-slate-node=\"element\"><span class=\"\" data-slate-node=\"text\"><span class=\"41\" data-slate-leaf=\"true\"><span data-slate-string=\"true\"><strong>DETALHES DO RENDA:<\/strong> Detalhes de renda s\u00e3o adicionados \u00e0s coxas do modelador de busto aberto com controle de barriga, o que adiciona um toque de charme fashion e garante uma experi\u00eancia antiderrapante.<\/span><\/span><\/span><\/li>\n<li data-slate-node=\"element\" data-slate-fragment=\"JTVCJTdCJTIydHlwZSUyMiUzQSUyMnBhcmFncmFwaCUyMiUyQyUyMmNoaWxkcmVuJTIyJTNBJTVCJTdCJTIydGV4dCUyMiUzQSUyMkxJRlQlMjBCVVRUT0NLUyUzQSUyME91ciUyMHRyaWVkLWFuZC10ZXN0ZWQlMjBicmVhdGhhYmxlJTIwc2hhcGV3ZWFyJTIwd2l0aCUyMGhvb2tzJTIwYW5kJTIwZXllcyUyMHppcHBlciUyMGlzJTIwZXhwZXJ0bHklMjBkZXNpZ25lZCUyMHRvJTIwaGVscCUyMGxpZnQlMjBhbmQlMjBmaXJtJTIweW91ciUyMGJ1dHRvY2tzJTJDJTIwcmV2ZWFsaW5nJTIwYSUyMGZsYXR0ZXJpbmclMjBidXR0LiUyMiUyQyUyMnNlbnRlbmNlJTIyJTNBMCUyQyUyMmNoaWxkU2VudGVuY2UlMjIlM0EwJTdEJTVEJTdEJTJDJTdCJTIydHlwZSUyMiUzQSUyMnBhcmFncmFwaCUyMiUyQyUyMmNoaWxkcmVuJTIyJTNBJTVCJTdCJTIydGV4dCUyMiUzQSUyMiUyMiUyQyUyMnNlbnRlbmNlJTIyJTNBMSUyQyUyMmNoaWxkU2VudGVuY2UlMjIlM0ExJTdEJTVEJTdEJTJDJTdCJTIydHlwZSUyMiUzQSUyMnBhcmFncmFwaCUyMiUyQyUyMmNoaWxkcmVuJTIyJTNBJTVCJTdCJTIydGV4dCUyMiUzQSUyMlBMVVMlMjBTSVpFJTIwU0hBUEVXRUFSJTIwVU5ERVJXRUFSJTNBJTIwT3VyJTIwd29tZW4lMjBwbHVzJTIwc2l6ZSUyMGZ1bGwlMjBib2R5JTIwc2hhcGVyJTIwdGFrZXMlMjBpbnRvJTIwYWNjb3VudCUyMHNpemUlMjB0b2xlcmFuY2UlMjBhbmQlMjBwcm92aWRlcyUyMGElMjB2YXJpZXR5JTIwb2YlMjBzaXplcyUyMGZyb20lMjBTLTZYTCUyMGZvciUyMHlvdSUyMHRvJTIwY2hvb3NlJTIwZnJvbS4lMjAlMjIlMkMlMjJzZW50ZW5jZSUyMiUzQTIlMkMlMjJjaGlsZFNlbnRlbmNlJTIyJTNBMSU3RCUyQyU3QiUyMnRleHQlMjIlM0ElMjJObyUyMG1hdHRlciUyMHdoYXQlMjBzaGFwZSUyMHlvdSUyMGFyZSUyMG5vdyUyQyUyMHlvdSUyMGNhbiUyMHN0YXJ0JTIweW91ciUyMGJvZHktc2hhcGluZyUyMGpvdXJuZXkuJTIyJTJDJTIyc2VudGVuY2UlMjIlM0EyJTJDJTIyY2hpbGRTZW50ZW5jZSUyMiUzQTIlN0QlNUQlN0QlMkMlN0IlMjJ0eXBlJTIyJTNBJTIycGFyYWdyYXBoJTIyJTJDJTIyY2hpbGRyZW4lMjIlM0ElNUIlN0IlMjJ0ZXh0JTIyJTNBJTIyJTIyJTJDJTIyc2VudGVuY2UlMjIlM0EzJTJDJTIyY2hpbGRTZW50ZW5jZSUyMiUzQTElN0QlNUQlN0QlMkMlN0IlMjJ0eXBlJTIyJTNBJTIycGFyYWdyYXBoJTIyJTJDJTIyY2hpbGRyZW4lMjIlM0ElNUIlN0IlMjJ0ZXh0JTIyJTNBJTIyTEFDRSUyMERFVEFJTFMlM0ElMjBMYWNlJTIwZGV0YWlscyUyMGFyZSUyMGFkZGVkJTIwdG8lMjB0aGUlMjB0aGlnaHMlMjBvZiUyMHRoZSUyMHR1bW15JTIwY29udHJvbCUyMG9wZW4lMjBidXN0JTIwc2hhcGV3ZWFyJTJDJTIwd2hpY2glMjBhZGRzJTIwYSUyMHRvdWNoJTIwb2YlMjBmYXNoaW9uJTIwY2hhcm0lMjBhbmQlMjBlbnN1cmVzJTIwYSUyMG5vbi1zbGlwJTIwZXhwZXJpZW5jZS4lMjIlMkMlMjJzZW50ZW5jZSUyMiUzQTQlMkMlMjJjaGlsZFNlbnRlbmNlJTIyJTNBMSU3RCU1RCU3RCUyQyU3QiUyMnR5cGUlMjIlM0ElMjJwYXJhZ3JhcGglMjIlMkMlMjJjaGlsZHJlbiUyMiUzQSU1QiU3QiUyMnRleHQlMjIlM0ElMjIlMjIlMkMlMjJzZW50ZW5jZSUyMiUzQTUlMkMlMjJjaGlsZFNlbnRlbmNlJTIyJTNBMSU3RCU1RCU3RCUyQyU3QiUyMnR5cGUlMjIlM0ElMjJwYXJhZ3JhcGglMjIlMkMlMjJjaGlsZHJlbiUyMiUzQSU1QiU3QiUyMnRleHQlMjIlM0ElMjJDT05WRU5JRU5DRSUyMEZJUlNUJTNBJTIwU2hhcGluZyUyMHVuZGVyd2VhciUyMGlzJTIwbWFkZSUyMG9mJTIwaGlnaC1xdWFsaXR5JTIwbWF0ZXJpYWxzJTJDJTIwbm90JTIwb25seSUyMGJyZWF0aGFibGUlMjBhbmQlMjBjb21mb3J0YWJsZSUyMGZvciUyMHRoZSUyMHdob2xlJTIwYm9keS4lMjAlMjIlMkMlMjJzZW50ZW5jZSUyMiUzQTYlMkMlMjJjaGlsZFNlbnRlbmNlJTIyJTNBMSU3RCUyQyU3QiUyMnRleHQlMjIlM0ElMjJBbmQlMjBpdCUyMGFkb3B0cyUyMGFuJTIwb3BlbiUyMGdlYXIlMjBkZXNpZ24lMjBpbiUyMHRoZSUyMGNyb3RjaCUyQyUyMG1ha2luZyUyMGl0JTIwZWFzaWVyJTIwdG8lMjBnbyUyMHRvJTIwdGhlJTIwdG9pbGV0LiUyMiUyQyUyMnNlbnRlbmNlJTIyJTNBNiUyQyUyMmNoaWxkU2VudGVuY2UlMjIlM0EyJTdEJTVEJTdEJTVE\"><span data-slate-node=\"text\"><span class=\"61\" data-slate-leaf=\"true\"><strong>CONVENI\u00caNCIA EM PRIMEIRO LUGAR:<\/strong> A roupa \u00edntima modeladora \u00e9 feita de materiais de alta qualidade, n\u00e3o apenas respir\u00e1veis e confort\u00e1veis para todo o corpo. <\/span><\/span><span data-slate-node=\"text\"><span class=\"62\" data-slate-leaf=\"true\">E adota um design de engrenagem aberta na virilha, facilitando a ida ao banheiro.<\/span><\/span><\/li>\n<\/ul>\n<h6><em>Plus size shapewear controle de barriga levantador de bunda busto aberto para mulheres<\/em><\/h6>\n<ul>\n<li>Nosso modelador de corpo inteiro respir\u00e1vel e de tamanho grande \u00e9 mais do que apenas modelador; \u00e9 uma revolu\u00e7\u00e3o em conforto e estilo.<\/li>\n<li>Ideal para atacadistas que buscam qualidade e inova\u00e7\u00e3o, o produto promete customiza\u00e7\u00e3o, agilidade na entrega e variedade de tamanhos. Mergulhe no mundo do atacado e redefina seu estoque com esta pe\u00e7a indispens\u00e1vel. Pe\u00e7a agora!<\/li>\n<\/ul>","protected":false},"excerpt":{"rendered":"<ul>\n<li>Experience the magic of our large-size breathable open-bust full-body shaper for ultimate tummy control.<\/li>\n<li>Fabricado com tecidos respir\u00e1veis, oferece alta compress\u00e3o sem comprometer o conforto.<\/li>\n<li>Mergulhe num mundo onde a moda encontra a funcionalidade e abrace as suas curvas como nunca antes.<\/li>\n<\/ul>","protected":false},"featured_media":1947,"comment_status":"open","ping_status":"closed","template":"","meta":{"site-sidebar-layout":"default","site-content-layout":"default","ast-site-content-layout":"default","site-content-style":"default","site-sidebar-style":"default","ast-global-header-display":"","ast-banner-title-visibility":"","ast-main-header-display":"","ast-hfb-above-header-display":"","ast-hfb-below-header-display":"","ast-hfb-mobile-header-display":"","site-post-title":"","ast-breadcrumbs-content":"","ast-featured-img":"","footer-sml-layout":"","ast-disable-related-posts":"","theme-transparent-header-meta":"default","adv-header-id-meta":"","stick-header-meta":"default","header-above-stick-meta":"","header-main-stick-meta":"","header-below-stick-meta":"","astra-migrate-meta-layouts":"set","ast-page-background-enabled":"default","ast-page-background-meta":{"desktop":{"background-color":"","background-image":"","background-repeat":"repeat","background-position":"center center","background-size":"auto","background-attachment":"scroll","background-type":"","background-media":"","overlay-type":"","overlay-color":"","overlay-opacity":"","overlay-gradient":""},"tablet":{"background-color":"","background-image":"","background-repeat":"repeat","background-position":"center center","background-size":"auto","background-attachment":"scroll","background-type":"","background-media":"","overlay-type":"","overlay-color":"","overlay-opacity":"","overlay-gradient":""},"mobile":{"background-color":"","background-image":"","background-repeat":"repeat","background-position":"center center","background-size":"auto","background-attachment":"scroll","background-type":"","background-media":"","overlay-type":"","overlay-color":"","overlay-opacity":"","overlay-gradient":""}},"ast-content-background-meta":{"desktop":{"background-color":"var(--ast-global-color-5)","background-image":"","background-repeat":"repeat","background-position":"center center","background-size":"auto","background-attachment":"scroll","background-type":"","background-media":"","overlay-type":"","overlay-color":"","overlay-opacity":"","overlay-gradient":""},"tablet":{"background-color":"var(--ast-global-color-5)","background-image":"","background-repeat":"repeat","background-position":"center center","background-size":"auto","background-attachment":"scroll","background-type":"","background-media":"","overlay-type":"","overlay-color":"","overlay-opacity":"","overlay-gradient":""},"mobile":{"background-color":"var(--ast-global-color-5)","background-image":"","background-repeat":"repeat","background-position":"center center","background-size":"auto","background-attachment":"scroll","background-type":"","background-media":"","overlay-type":"","overlay-color":"","overlay-opacity":"","overlay-gradient":""}}},"product_brand":[],"product_cat":[65,76,77,1092],"product_tag":[137,141,134],"class_list":{"0":"post-1943","1":"product","2":"type-product","3":"status-publish","4":"has-post-thumbnail","6":"product_cat-best-sellers","7":"product_cat-new-arrivels","8":"product_cat-wholesale-womens-shapewear","9":"product_cat-plus-size-shapewear","10":"product_tag-butt-lift","11":"product_tag-plus-size","12":"product_tag-tummy-tucker","13":"pa_color-beige","14":"pa_color-black","15":"pa_size-4xl","16":"pa_size-5xl","17":"pa_size-6xl","18":"pa_size-l","19":"pa_size-m","20":"pa_size-s","21":"pa_size-xl","22":"pa_size-xxl","23":"pa_size-xxxl","24":"desktop-align-center","25":"tablet-align-left","26":"mobile-align-left","27":"ast-product-gallery-layout-horizontal-slider","28":"ast-product-single-variable","29":"ast-product-tabs-layout-horizontal","30":"ast-qv-on-image","32":"first","33":"instock","34":"sale","35":"shipping-taxable","36":"purchasable","37":"product-type-variable"},"tiered_pricing_type":"fixed","tiered_pricing_fixed_rules":{"5":12,"50":10.5,"100":9.5},"tiered_pricing_product_settings":{"layout":"default","base_unit_name":{"singular":null,"plural":null},"default_variation":{}},"tiered_pricing_minimum_quantity":null,"tiered_pricing_roles_data":[],"tiered_pricing_percentage_rules":[],"_links":{"self":[{"href":"https:\/\/yume-silm.com\/pt\/wp-json\/wp\/v2\/product\/1943","targetHints":{"allow":["GET"]}}],"collection":[{"href":"https:\/\/yume-silm.com\/pt\/wp-json\/wp\/v2\/product"}],"about":[{"href":"https:\/\/yume-silm.com\/pt\/wp-json\/wp\/v2\/types\/product"}],"replies":[{"embeddable":true,"href":"https:\/\/yume-silm.com\/pt\/wp-json\/wp\/v2\/comments?post=1943"}],"wp:featuredmedia":[{"embeddable":true,"href":"https:\/\/yume-silm.com\/pt\/wp-json\/wp\/v2\/media\/1947"}],"wp:attachment":[{"href":"https:\/\/yume-silm.com\/pt\/wp-json\/wp\/v2\/media?parent=1943"}],"wp:term":[{"taxonomy":"product_brand","embeddable":true,"href":"https:\/\/yume-silm.com\/pt\/wp-json\/wp\/v2\/product_brand?post=1943"},{"taxonomy":"product_cat","embeddable":true,"href":"https:\/\/yume-silm.com\/pt\/wp-json\/wp\/v2\/product_cat?post=1943"},{"taxonomy":"product_tag","embeddable":true,"href":"https:\/\/yume-silm.com\/pt\/wp-json\/wp\/v2\/product_tag?post=1943"}],"curies":[{"name":"wp","href":"https:\/\/api.w.org\/{rel}","templated":true}]}}