{"id":1970,"date":"2023-04-28T08:24:33","date_gmt":"2023-04-28T08:24:33","guid":{"rendered":"https:\/\/yume-silm.com\/?post_type=product&#038;p=1970"},"modified":"2025-09-13T01:23:15","modified_gmt":"2025-09-13T01:23:15","slug":"fato-de-treino-de-compressao-para-controlo-da-barriga-que-emagrece-mas-levanta-a-barriga","status":"publish","type":"product","link":"https:\/\/yume-silm.com\/pt\/produto\/fato-de-treino-de-compressao-para-controlo-da-barriga-que-emagrece-mas-levanta-a-barriga\/","title":{"rendered":"Shorts Plus Size Cintura Alta Levantamento de Coxa Atacado"},"content":{"rendered":"<h5>Caracter\u00edsticas de design<\/h5>\n<ul>\n<li><strong>TAMANHOS GRANDES:<\/strong> Nossos shorts plus size de cintura alta com al\u00e7as finas remov\u00edveis est\u00e3o dispon\u00edveis em uma variedade de tamanhos, de P a 6GG, para atender \u00e0s suas necessidades espec\u00edficas de tamanho.<\/li>\n<li><strong>AL\u00c7A DE OMBRO REMOV\u00cdVEL:<\/strong> Os modeladores de cintura plus size s\u00e3o equipados com al\u00e7as remov\u00edveis e ajust\u00e1veis, proporcionando necessidades de uso diversificadas. Voc\u00ea pode us\u00e1-lo sozinho, sem al\u00e7as, ou usar shorts modeladores de cintura alta com al\u00e7as para proporcionar um controle abdominal firme.<\/li>\n<li><strong>CONTROLE DE BARRIGA DE CINTURA ALTA:<\/strong> A faja modeladora de corpo de cintura alta plus size, levantador de bunda e controle de barriga moldar\u00e1 sutilmente sua barriga, fornecendo compress\u00e3o poderosa, proporcionando uma apar\u00eancia de barriga lisa e plana.<\/li>\n<li><strong>DECORA\u00c7\u00c3O DE RENDA:<\/strong> Shorts modeladores com z\u00edper lateral de cintura alta adicionam detalhes de renda, fazendo voc\u00ea n\u00e3o se sentir mais mon\u00f3tono, mas mais atraente. O design de renda na coxa adiciona um toque de moda e garante uma experi\u00eancia antiderrapante.<\/li>\n<li><strong>CONVENI\u00caNCIA EM PRIMEIRO LUGAR:<\/strong> Consideramos o problema de ser inconveniente colocar e tirar ao viajar ao ar livre, ent\u00e3o este modelador de coxa de cintura alta adota um design de virilha aberta, que \u00e9 muito conveniente para ir ao banheiro.<\/li>\n<li><strong>N\u00c1DEGAS DE P\u00caSSEGO:<\/strong> O design das n\u00e1degas do short modelador levantador de bumbum \u00e9 muito conveniente para usar. Ele n\u00e3o s\u00f3 pode levantar e contrair as n\u00e1degas, mostrando um contorno lisonjeiro; tamb\u00e9m pode atingir a sensa\u00e7\u00e3o de conforto proporcionada pela respira\u00e7\u00e3o da pele das n\u00e1degas.<\/li>\n<\/ul>\n<h6><em>Controle abdominal cintura alta plus size cintura alta coxa-lifting shorts design com z\u00edper lateral para mulheres<\/em><\/h6>\n<ul>\n<li>Nossos shorts plus size de cintura alta com al\u00e7as finas remov\u00edveis s\u00e3o uma revolu\u00e7\u00e3o em conforto e estilo.<\/li>\n<li>Ideal para atacadistas que buscam qualidade e inova\u00e7\u00e3o, esse body modelador de barriga curto promete customiza\u00e7\u00e3o, entrega r\u00e1pida e diversos tamanhos. Mergulhe no mundo do atacado e redefina seu estoque com esta pe\u00e7a indispens\u00e1vel. Pe\u00e7a agora!<\/li>\n<\/ul>","protected":false},"excerpt":{"rendered":"<ul>\n<li>Experimente a magia dos nossos shorts plus size de cintura alta com eleva\u00e7\u00e3o das coxas e al\u00e7as finas remov\u00edveis.<\/li>\n<li>Fabricado com tecidos respir\u00e1veis, oferece alta compress\u00e3o sem comprometer o conforto.<\/li>\n<li>Mergulhe num mundo onde a moda encontra a funcionalidade e abrace as suas curvas como nunca antes.<\/li>\n<\/ul>","protected":false},"featured_media":1972,"comment_status":"open","ping_status":"closed","template":"","meta":{"site-sidebar-layout":"default","site-content-layout":"default","ast-site-content-layout":"default","site-content-style":"default","site-sidebar-style":"default","ast-global-header-display":"","ast-banner-title-visibility":"","ast-main-header-display":"","ast-hfb-above-header-display":"","ast-hfb-below-header-display":"","ast-hfb-mobile-header-display":"","site-post-title":"","ast-breadcrumbs-content":"","ast-featured-img":"","footer-sml-layout":"","ast-disable-related-posts":"","theme-transparent-header-meta":"default","adv-header-id-meta":"","stick-header-meta":"default","header-above-stick-meta":"","header-main-stick-meta":"","header-below-stick-meta":"","astra-migrate-meta-layouts":"set","ast-page-background-enabled":"default","ast-page-background-meta":{"desktop":{"background-color":"","background-image":"","background-repeat":"repeat","background-position":"center center","background-size":"auto","background-attachment":"scroll","background-type":"","background-media":"","overlay-type":"","overlay-color":"","overlay-opacity":"","overlay-gradient":""},"tablet":{"background-color":"","background-image":"","background-repeat":"repeat","background-position":"center center","background-size":"auto","background-attachment":"scroll","background-type":"","background-media":"","overlay-type":"","overlay-color":"","overlay-opacity":"","overlay-gradient":""},"mobile":{"background-color":"","background-image":"","background-repeat":"repeat","background-position":"center center","background-size":"auto","background-attachment":"scroll","background-type":"","background-media":"","overlay-type":"","overlay-color":"","overlay-opacity":"","overlay-gradient":""}},"ast-content-background-meta":{"desktop":{"background-color":"var(--ast-global-color-5)","background-image":"","background-repeat":"repeat","background-position":"center center","background-size":"auto","background-attachment":"scroll","background-type":"","background-media":"","overlay-type":"","overlay-color":"","overlay-opacity":"","overlay-gradient":""},"tablet":{"background-color":"var(--ast-global-color-5)","background-image":"","background-repeat":"repeat","background-position":"center center","background-size":"auto","background-attachment":"scroll","background-type":"","background-media":"","overlay-type":"","overlay-color":"","overlay-opacity":"","overlay-gradient":""},"mobile":{"background-color":"var(--ast-global-color-5)","background-image":"","background-repeat":"repeat","background-position":"center center","background-size":"auto","background-attachment":"scroll","background-type":"","background-media":"","overlay-type":"","overlay-color":"","overlay-opacity":"","overlay-gradient":""}}},"product_brand":[],"product_cat":[65,76,77,1092,80],"product_tag":[137,139,134],"class_list":{"0":"post-1970","1":"product","2":"type-product","3":"status-publish","4":"has-post-thumbnail","6":"product_cat-best-sellers","7":"product_cat-new-arrivels","8":"product_cat-wholesale-womens-shapewear","9":"product_cat-plus-size-shapewear","10":"product_cat-wholesale-butt-lift-underwear","11":"product_tag-butt-lift","12":"product_tag-high-waist","13":"product_tag-tummy-tucker","14":"pa_color-beige","15":"pa_color-black","16":"pa_size-4xl","17":"pa_size-5xl","18":"pa_size-6xl","19":"pa_size-l","20":"pa_size-m","21":"pa_size-s","22":"pa_size-xl","23":"pa_size-xxl","24":"pa_size-xxxl","25":"desktop-align-center","26":"tablet-align-left","27":"mobile-align-left","28":"ast-product-gallery-layout-horizontal-slider","29":"ast-product-single-variable","30":"ast-product-tabs-layout-horizontal","31":"ast-qv-on-image","33":"first","34":"instock","35":"sale","36":"shipping-taxable","37":"purchasable","38":"product-type-variable"},"tiered_pricing_type":"fixed","tiered_pricing_fixed_rules":{"5":11.52,"50":10.5,"100":9.6},"tiered_pricing_product_settings":{"layout":"default","base_unit_name":{"singular":null,"plural":null},"default_variation":{}},"tiered_pricing_minimum_quantity":null,"tiered_pricing_roles_data":[],"tiered_pricing_percentage_rules":[],"_links":{"self":[{"href":"https:\/\/yume-silm.com\/pt\/wp-json\/wp\/v2\/product\/1970","targetHints":{"allow":["GET"]}}],"collection":[{"href":"https:\/\/yume-silm.com\/pt\/wp-json\/wp\/v2\/product"}],"about":[{"href":"https:\/\/yume-silm.com\/pt\/wp-json\/wp\/v2\/types\/product"}],"replies":[{"embeddable":true,"href":"https:\/\/yume-silm.com\/pt\/wp-json\/wp\/v2\/comments?post=1970"}],"wp:featuredmedia":[{"embeddable":true,"href":"https:\/\/yume-silm.com\/pt\/wp-json\/wp\/v2\/media\/1972"}],"wp:attachment":[{"href":"https:\/\/yume-silm.com\/pt\/wp-json\/wp\/v2\/media?parent=1970"}],"wp:term":[{"taxonomy":"product_brand","embeddable":true,"href":"https:\/\/yume-silm.com\/pt\/wp-json\/wp\/v2\/product_brand?post=1970"},{"taxonomy":"product_cat","embeddable":true,"href":"https:\/\/yume-silm.com\/pt\/wp-json\/wp\/v2\/product_cat?post=1970"},{"taxonomy":"product_tag","embeddable":true,"href":"https:\/\/yume-silm.com\/pt\/wp-json\/wp\/v2\/product_tag?post=1970"}],"curies":[{"name":"wp","href":"https:\/\/api.w.org\/{rel}","templated":true}]}}