{"id":2148,"date":"2023-05-09T08:19:07","date_gmt":"2023-05-09T08:19:07","guid":{"rendered":"https:\/\/yume-silm.com\/?post_type=product&#038;p=2148"},"modified":"2024-04-24T05:59:11","modified_gmt":"2024-04-24T05:59:11","slug":"fato-de-banho-para-homem-sweat-camisola-de-manga-comprida-sauna","status":"publish","type":"product","link":"https:\/\/yume-silm.com\/pt\/produto\/fato-de-banho-para-homem-sweat-camisola-de-manga-comprida-sauna\/","title":{"rendered":"Roupa de suor de sauna masculina por atacado camisa de fitness de manga comprida"},"content":{"rendered":"<h5>Caracter\u00edsticas de design<\/h5>\n<ul>\n<li><strong>CALOR R\u00c1PIDO:<\/strong> Escolher nossa blusa de manga comprida para treino de gin\u00e1stica e sauna ajudar\u00e1 rapidamente a iniciar o calor 5 a 10 minutos ap\u00f3s o treino, aumentando a transpira\u00e7\u00e3o em 3 a 5 vezes, retendo o calor do corpo e acelerando a queima de calorias.<\/li>\n<li><strong>BENEF\u00cdCIOS CARDIOVASCULARES:<\/strong> Nosso macac\u00e3o de sauna leve e altamente el\u00e1stico foi projetado para promover o fluxo sangu\u00edneo e a circula\u00e7\u00e3o, melhorando a sa\u00fade cardiovascular e o bem-estar geral.<\/li>\n<li><strong>PROJETO CONVENIENTE:<\/strong> A camisa de suor quente para treino de cintura com z\u00edper superior de manga comprida foi projetada para ser f\u00e1cil de colocar e tirar, apresentando um longo z\u00edper central aberto que s\u00f3 precisa ser facilmente aberto ou fechado com z\u00edper, o que \u00e9 especialmente vital durante os treinos.<\/li>\n<li><strong>COMPRESS\u00c3O DE APOIO:<\/strong> O palet\u00f3 masculino para sauna \u00e9 \u00f3timo para fornecer compress\u00e3o para melhorar a postura e apoiar os m\u00fasculos, reduzindo potencialmente o risco de les\u00f5es.<\/li>\n<li><strong>ESTILO E PR\u00c1TICO:<\/strong> leve e elegante, pode ser usado como uma jaqueta do dia a dia. A flexibilidade do moletom da sauna garante facilidade nas atividades di\u00e1rias e o revestimento reflexivo aumenta a visibilidade. Os trajes de sauna s\u00e3o \u00f3timos para academia, esportes, treinos e prepara\u00e7\u00e3o f\u00edsica. Muito bom para transpira\u00e7\u00e3o, queima de gordura e perda de peso. O tecido exclusivo aquece seu n\u00facleo e ret\u00e9m o calor para mant\u00ea-lo saud\u00e1vel.<\/li>\n<\/ul>\n<h6><em>Camisa de suor de terno de sauna masculino para treino de gin\u00e1stica<\/em><\/h6>\n<ul>\n<li>Nossas camisetas masculinas de manga comprida para sauna s\u00e3o a mistura perfeita de estilo e funcionalidade de fitness.<\/li>\n<li>Os macac\u00f5es de sauna s\u00e3o uma excelente escolha para atacadistas que buscam fornecer solu\u00e7\u00f5es inovadoras de condicionamento f\u00edsico e exerc\u00edcios.<\/li>\n<li>Com op\u00e7\u00f5es de personaliza\u00e7\u00e3o, v\u00e1rios tamanhos e promessa de entrega r\u00e1pida, \u00e9 um \u00f3timo complemento para o seu estoque.<\/li>\n<li>Entre no mundo do atacado com esta pe\u00e7a de fitness excepcional. Encomende hoje!<\/li>\n<\/ul>","protected":false},"excerpt":{"rendered":"<p>Eleve o seu regime de treino com a nossa camisa de treino masculina de manga comprida para sauna. Projetada para amplificar a transpira\u00e7\u00e3o e promover o fluxo sangu\u00edneo, esta sauna ajuda na queima de calorias e na sa\u00fade cardiovascular. Mergulhe em uma jornada de fitness que combina estilo, conforto e efici\u00eancia.<\/p>","protected":false},"featured_media":2174,"comment_status":"open","ping_status":"closed","template":"","meta":{"site-sidebar-layout":"default","site-content-layout":"default","ast-site-content-layout":"default","site-content-style":"default","site-sidebar-style":"default","ast-global-header-display":"","ast-banner-title-visibility":"","ast-main-header-display":"","ast-hfb-above-header-display":"","ast-hfb-below-header-display":"","ast-hfb-mobile-header-display":"","site-post-title":"","ast-breadcrumbs-content":"","ast-featured-img":"","footer-sml-layout":"","ast-disable-related-posts":"","theme-transparent-header-meta":"default","adv-header-id-meta":"","stick-header-meta":"default","header-above-stick-meta":"","header-main-stick-meta":"","header-below-stick-meta":"","astra-migrate-meta-layouts":"set","ast-page-background-enabled":"default","ast-page-background-meta":{"desktop":{"background-color":"","background-image":"","background-repeat":"repeat","background-position":"center center","background-size":"auto","background-attachment":"scroll","background-type":"","background-media":"","overlay-type":"","overlay-color":"","overlay-opacity":"","overlay-gradient":""},"tablet":{"background-color":"","background-image":"","background-repeat":"repeat","background-position":"center center","background-size":"auto","background-attachment":"scroll","background-type":"","background-media":"","overlay-type":"","overlay-color":"","overlay-opacity":"","overlay-gradient":""},"mobile":{"background-color":"","background-image":"","background-repeat":"repeat","background-position":"center center","background-size":"auto","background-attachment":"scroll","background-type":"","background-media":"","overlay-type":"","overlay-color":"","overlay-opacity":"","overlay-gradient":""}},"ast-content-background-meta":{"desktop":{"background-color":"var(--ast-global-color-5)","background-image":"","background-repeat":"repeat","background-position":"center center","background-size":"auto","background-attachment":"scroll","background-type":"","background-media":"","overlay-type":"","overlay-color":"","overlay-opacity":"","overlay-gradient":""},"tablet":{"background-color":"var(--ast-global-color-5)","background-image":"","background-repeat":"repeat","background-position":"center center","background-size":"auto","background-attachment":"scroll","background-type":"","background-media":"","overlay-type":"","overlay-color":"","overlay-opacity":"","overlay-gradient":""},"mobile":{"background-color":"var(--ast-global-color-5)","background-image":"","background-repeat":"repeat","background-position":"center center","background-size":"auto","background-attachment":"scroll","background-type":"","background-media":"","overlay-type":"","overlay-color":"","overlay-opacity":"","overlay-gradient":""}}},"product_brand":[],"product_cat":[65,76,97,98],"product_tag":[413,549,564,183,141,173,411,185,184],"class_list":{"0":"post-2148","1":"product","2":"type-product","3":"status-publish","4":"has-post-thumbnail","6":"product_cat-best-sellers","7":"product_cat-new-arrivels","8":"product_cat-sauna-suit","9":"product_cat-sauna-jacket","10":"product_tag-fitness","11":"product_tag-gym","12":"product_tag-hot","13":"product_tag-long-sleeve","14":"product_tag-plus-size","15":"product_tag-sauna-suit-for-men","16":"product_tag-sports","17":"product_tag-workout","18":"product_tag-zipper","19":"pa_color-blue","20":"pa_color-sliver","21":"pa_size-l","22":"pa_size-m","23":"pa_size-s","24":"pa_size-xl","25":"pa_size-xxl","26":"pa_size-xxxl","27":"desktop-align-center","28":"tablet-align-left","29":"mobile-align-left","30":"ast-product-gallery-layout-horizontal-slider","31":"ast-product-single-variable","32":"ast-product-tabs-layout-horizontal","33":"ast-qv-on-image","35":"first","36":"instock","37":"shipping-taxable","38":"purchasable","39":"product-type-variable"},"tiered_pricing_type":"fixed","tiered_pricing_fixed_rules":{"10":6.78,"200":6.55,"500":6.33},"tiered_pricing_product_settings":{"layout":"default","base_unit_name":{"singular":null,"plural":null},"default_variation":{}},"tiered_pricing_minimum_quantity":null,"tiered_pricing_roles_data":[],"tiered_pricing_percentage_rules":[],"_links":{"self":[{"href":"https:\/\/yume-silm.com\/pt\/wp-json\/wp\/v2\/product\/2148","targetHints":{"allow":["GET"]}}],"collection":[{"href":"https:\/\/yume-silm.com\/pt\/wp-json\/wp\/v2\/product"}],"about":[{"href":"https:\/\/yume-silm.com\/pt\/wp-json\/wp\/v2\/types\/product"}],"replies":[{"embeddable":true,"href":"https:\/\/yume-silm.com\/pt\/wp-json\/wp\/v2\/comments?post=2148"}],"wp:featuredmedia":[{"embeddable":true,"href":"https:\/\/yume-silm.com\/pt\/wp-json\/wp\/v2\/media\/2174"}],"wp:attachment":[{"href":"https:\/\/yume-silm.com\/pt\/wp-json\/wp\/v2\/media?parent=2148"}],"wp:term":[{"taxonomy":"product_brand","embeddable":true,"href":"https:\/\/yume-silm.com\/pt\/wp-json\/wp\/v2\/product_brand?post=2148"},{"taxonomy":"product_cat","embeddable":true,"href":"https:\/\/yume-silm.com\/pt\/wp-json\/wp\/v2\/product_cat?post=2148"},{"taxonomy":"product_tag","embeddable":true,"href":"https:\/\/yume-silm.com\/pt\/wp-json\/wp\/v2\/product_tag?post=2148"}],"curies":[{"name":"wp","href":"https:\/\/api.w.org\/{rel}","templated":true}]}}