{"id":2200,"date":"2023-05-09T11:20:04","date_gmt":"2023-05-09T11:20:04","guid":{"rendered":"https:\/\/yume-silm.com\/?post_type=product&#038;p=2200"},"modified":"2024-11-20T08:00:45","modified_gmt":"2024-11-20T08:00:45","slug":"wrap-women-abdominal-waist-trainer-shaper-sauna-suit","status":"publish","type":"product","link":"https:\/\/yume-silm.com\/pt\/produto\/wrap-women-abdominal-waist-trainer-shaper-sauna-suit\/","title":{"rendered":"Colete de cinta abdominal para sauna por atacado"},"content":{"rendered":"<h5>Caracter\u00edsticas de design<\/h5>\n<ul>\n<li><strong>SUOR ACELERADO: <\/strong><span data-slate-fragment=\"JTVCJTdCJTIydHlwZSUyMiUzQSUyMnBhcmFncmFwaCUyMiUyQyUyMmNoaWxkcmVuJTIyJTNBJTVCJTdCJTIydGV4dCUyMiUzQSUyMk91ciUyMHRoaXMlMjBzYXVuYSUyMHN3ZWF0JTIwZmFqYSUyMGJvZHklMjBzaGFwZXdlYXIlMjB3YWlzdCUyMHRyYWluZXIlMjBjb3JzZXQlMjB0b3AlMjB3YWlzdGJhbmQlMjBpcyUyMHBlcmZlY3QlMjBmb3IlMjB0aGUlMjBneW0lMkMlMjBvdXRkb29yJTIwYWN0aXZpdGllcyUyQyUyMHNwb3J0cyUyQyUyMHlvZ2ElMjBhbmQlMjBtb3JlLiUyMFRoZSUyMHNsaW1taW5nJTIwZmxhdCUyMGJlbGx5JTIwc2F1bmElMjB2ZXN0JTIwd2lsbCUyMGhlbHAlMjB5b3UlMjBlYXNpbHklMjBnZXQlMjB0aGUlMjBzYXVuYSUyMGVmZmVjdCUyMGR1cmluZyUyMHlvdXIlMjB3b3Jrb3V0JTJDJTIwYWNjZWxlcmF0ZSUyMGJsb29kJTIwY2lyY3VsYXRpb24lMkMlMjBidXJuJTIwZmF0JTIwZmFzdGVyJTIwYW5kJTIwcmVkdWNlJTIwZXhjZXNzJTIwd2F0ZXIuJTIwR2V0JTIwcmlkJTIwb2YlMjBmbGFiJTIwYW5kJTIwYWNjZWxlcmF0ZSUyMHRoZSUyMHNoYXBpbmclMjBvZiUyMHlvdXIlMjBpZGVhbCUyMGN1cnZ5JTIwY2hhcm1pbmclMjBib2R5LiUyMiU3RCU1RCU3RCU1RA==\">Nosso espartilho modelador de cintura para sauna suor faja \u00e9 perfeito para academia, atividades ao ar livre, esportes, ioga e muito mais. O colete de sauna emagrecedor de barriga lisa ir\u00e1 ajud\u00e1-lo a obter facilmente o efeito de sauna durante o treino, acelerar a circula\u00e7\u00e3o sangu\u00ednea, queimar gordura mais rapidamente e reduzir o excesso de \u00e1gua. Livre-se da flacidez e acelere a forma\u00e7\u00e3o do seu corpo encantador e curvil\u00edneo ideal.<\/span><\/li>\n<li><b>MELHORA A POSTURA:<\/b> Nosso colete cincher de cintura para roupa de sauna foi projetado com I-Back para fornecer suporte lombar superior e estabilidade, reduzindo a press\u00e3o e a tens\u00e3o na parte inferior das costas e evitando poss\u00edveis les\u00f5es. Os cintos aparadores duplos para controle de barriga, que emagrecem o suor das mulheres, s\u00e3o muito \u00fateis para trabalhadores de escrit\u00f3rio sedent\u00e1rios e s\u00e3o \u00f3timos para aliviar dores lombares, proteger sua coluna, evitando que voc\u00ea se curve e ajudando a melhorar sua postura.<\/li>\n<li><strong>COMPRESS\u00c3O DUPLA NA BARRIGA: <\/strong>A camada interna do traje de sauna modelador de corpo de treino se ajusta naturalmente \u00e0 pele com um fecho de z\u00edper; al\u00e9m disso, a bandagem externa de compress\u00e3o dupla achata facilmente sua barriga para uma barriga lisa e sem enrola\u00e7\u00e3o que tamb\u00e9m \u00e9 f\u00e1cil de usar. O traje de sauna feminino para treino de cintura \u00e9 perfeito para a recupera\u00e7\u00e3o p\u00f3s-parto, permitindo que voc\u00ea volte \u00e0 sua melhor forma o mais r\u00e1pido poss\u00edvel.<\/li>\n<li data-slate-node=\"element\"><span data-slate-node=\"text\"><span class=\"\" data-slate-leaf=\"true\"><strong>ESTILO E CONFORT\u00c1VEL:<\/strong> O cinto aparador de colete de gordura para reduzir a barriga \u00e9 feito de uma mistura de neoprene e poli\u00e9ster para garantir durabilidade, flexibilidade e conforto adequado para a pele.<\/span><\/span><\/li>\n<li data-slate-node=\"element\" data-slate-fragment=\"JTVCJTdCJTIydHlwZSUyMiUzQSUyMnBhcmFncmFwaCUyMiUyQyUyMmNoaWxkcmVuJTIyJTNBJTVCJTdCJTIydGV4dCUyMiUzQSUyMlNUWUxJU0glMjBBTkQlMjBDT01GT1JUQUJMRSUzQSUyMFRoZSUyMGJlbGx5JTIwcmVkdWNpbmclMjBzaGFwZXdlYXIlMjBidXJuJTIwZmF0JTIwdmVzdCUyMHRyaW1tZXIlMjBiZWx0JTIwaXMlMjBtYWRlJTIwZnJvbSUyMGElMjBibGVuZCUyMG9mJTIwbmVvcHJlbmUlMjBhbmQlMjBwb2x5ZXN0ZXIlMjB0byUyMGVuc3VyZSUyMGR1cmFiaWxpdHklMkMlMjBmbGV4aWJpbGl0eSUyMGFuZCUyMHNraW4tZnJpZW5kbHklMjBjb21mb3J0LiUyMiU3RCU1RCU3RCUyQyU3QiUyMnR5cGUlMjIlM0ElMjJwYXJhZ3JhcGglMjIlMkMlMjJjaGlsZHJlbiUyMiUzQSU1QiU3QiUyMnRleHQlMjIlM0ElMjJUaGUlMjB2aWJyYW50JTIwdHdvLXRvbmUlMjBjb2xvciUyMGNvbWJpbmF0aW9uJTIwY3JlYXRlcyUyMGElMjB2aXN1YWxseSUyMGFwcGVhbGluZyUyMGFuZCUyMHBlcnNvbmFsaXplZCUyMGxvb2slMjB3aXRoJTIwY3VzdG9taXphdGlvbiUyMG9wdGlvbnMuJTIwRGVzaWduZWQlMjB3aXRoJTIwYSUyMHdhaXN0YmFuZCUyMHppcHBlciUyQyUyMGl0JTIwaXMlMjBxdWljayUyMGFuZCUyMGVhc3klMjB0byUyMHB1dCUyMG9uJTJDJTIwZWxpbWluYXRpbmclMjB0aGUlMjBuZWVkJTIwZm9yJTIwdHJhZGl0aW9uYWwlMjBidWNrbGUlMjBvciUyMHN0cmFwJTIwYWRqdXN0bWVudHMuJTIyJTdEJTVEJTdEJTVE\"><span data-slate-node=\"text\"><span class=\"\" data-slate-leaf=\"true\">A vibrante combina\u00e7\u00e3o de cores em dois tons cria uma apar\u00eancia visualmente atraente e personalizada com op\u00e7\u00f5es de personaliza\u00e7\u00e3o. Projetado com z\u00edper na cintura, \u00e9 r\u00e1pido e f\u00e1cil de colocar, eliminando a necessidade dos tradicionais ajustes de fivela ou al\u00e7a.<\/span><\/span><\/li>\n<\/ul>\n<h6><em>Colete de suor para treino de perda de peso para corrida, ioga e outros exerc\u00edcios de fitness internos e externos<\/em><\/h6>\n<ul>\n<li><span data-slate-fragment=\"JTVCJTdCJTIydHlwZSUyMiUzQSUyMnBhcmFncmFwaCUyMiUyQyUyMmNoaWxkcmVuJTIyJTNBJTVCJTdCJTIydGV4dCUyMiUzQSUyMk91ciUyMHdhaXN0JTIwdHJhaW5lciUyMHNhdW5hJTIwYWJkb21pbmFsJTIwc3RyYXAlMjB2ZXN0JTIwaXMlMjBhJTIwdGVzdGFtZW50JTIwdG8lMjB0aGUlMjBwZXJmZWN0JTIwYmxlbmQlMjBvZiUyMGZhc2hpb24lMjBhbmQlMjBmdW5jdGlvbmFsaXR5LiUyMEZvciUyMHdob2xlc2FsZXJzJTIwYWltaW5nJTIwdG8lMjBvZmZlciUyMHByb2R1Y3RzJTIwdGhhdCUyMHJlc29uYXRlJTIwd2l0aCUyMHF1YWxpdHklMkMlMjBzdHlsZSUyQyUyMGFuZCUyMGlubm92YXRpb24lMkMlMjB0aGlzJTIwc2F1bmElMjB3YWlzdCUyMHRyYWluZXIlMjB2ZXN0JTIwaXMlMjBhJTIwcHJpbWUlMjBjaG9pY2UuJTIwV2l0aCUyMGN1c3RvbWl6YXRpb24lMjBvcHRpb25zJTJDJTIwYSUyMHJhbmdlJTIwb2YlMjBzaXplcyUyQyUyMGFuZCUyMHRoZSUyMHByb21pc2UlMjBvZiUyMHN3aWZ0JTIwZGVsaXZlcnklMkMlMjBpdCdzJTIwYW4lMjBlc3NlbnRpYWwlMjBhZGRpdGlvbiUyMHRvJTIweW91ciUyMGludmVudG9yeS4lMjAlMjIlN0QlNUQlN0QlNUQ=\">Nosso colete de cinta abdominal para sauna \u00e9 uma prova da combina\u00e7\u00e3o perfeita de moda e funcionalidade. Para atacadistas que desejam oferecer produtos que ressoem com qualidade, estilo e inova\u00e7\u00e3o, este colete modelador de cintura para sauna \u00e9 a melhor escolha. <\/span><\/li>\n<li><span data-slate-fragment=\"JTVCJTdCJTIydHlwZSUyMiUzQSUyMnBhcmFncmFwaCUyMiUyQyUyMmNoaWxkcmVuJTIyJTNBJTVCJTdCJTIydGV4dCUyMiUzQSUyMk91ciUyMHdhaXN0JTIwdHJhaW5lciUyMHNhdW5hJTIwYWJkb21pbmFsJTIwc3RyYXAlMjB2ZXN0JTIwaXMlMjBhJTIwdGVzdGFtZW50JTIwdG8lMjB0aGUlMjBwZXJmZWN0JTIwYmxlbmQlMjBvZiUyMGZhc2hpb24lMjBhbmQlMjBmdW5jdGlvbmFsaXR5LiUyMEZvciUyMHdob2xlc2FsZXJzJTIwYWltaW5nJTIwdG8lMjBvZmZlciUyMHByb2R1Y3RzJTIwdGhhdCUyMHJlc29uYXRlJTIwd2l0aCUyMHF1YWxpdHklMkMlMjBzdHlsZSUyQyUyMGFuZCUyMGlubm92YXRpb24lMkMlMjB0aGlzJTIwc2F1bmElMjB3YWlzdCUyMHRyYWluZXIlMjB2ZXN0JTIwaXMlMjBhJTIwcHJpbWUlMjBjaG9pY2UuJTIwV2l0aCUyMGN1c3RvbWl6YXRpb24lMjBvcHRpb25zJTJDJTIwYSUyMHJhbmdlJTIwb2YlMjBzaXplcyUyQyUyMGFuZCUyMHRoZSUyMHByb21pc2UlMjBvZiUyMHN3aWZ0JTIwZGVsaXZlcnklMkMlMjBpdCdzJTIwYW4lMjBlc3NlbnRpYWwlMjBhZGRpdGlvbiUyMHRvJTIweW91ciUyMGludmVudG9yeS4lMjAlMjIlN0QlNUQlN0QlNUQ=\">Com op\u00e7\u00f5es de personaliza\u00e7\u00e3o, variedade de tamanhos e promessa de entrega r\u00e1pida, \u00e9 um complemento essencial ao seu estoque. <\/span> Mergulhe no mundo do atacado com esta pe\u00e7a de destaque. Encomende hoje!<\/li>\n<\/ul>","protected":false},"excerpt":{"rendered":"<p class=\"tgt color_text_0 un-step-trans\" data-section=\"0\">Apresentando nosso colete de cinta abdominal para sauna, projetado para a mulher moderna que busca estilo e funcionalidade. Fabricado em borracha de neoprene e poli\u00e9ster, este modelador de cintura oferece compress\u00e3o ideal, real\u00e7ando sua silhueta natural e garantindo conforto.<\/p>","protected":false},"featured_media":2223,"comment_status":"open","ping_status":"closed","template":"","meta":{"site-sidebar-layout":"default","site-content-layout":"default","ast-site-content-layout":"default","site-content-style":"default","site-sidebar-style":"default","ast-global-header-display":"","ast-banner-title-visibility":"","ast-main-header-display":"","ast-hfb-above-header-display":"","ast-hfb-below-header-display":"","ast-hfb-mobile-header-display":"","site-post-title":"","ast-breadcrumbs-content":"","ast-featured-img":"","footer-sml-layout":"","ast-disable-related-posts":"","theme-transparent-header-meta":"default","adv-header-id-meta":"","stick-header-meta":"default","header-above-stick-meta":"","header-main-stick-meta":"","header-below-stick-meta":"","astra-migrate-meta-layouts":"set","ast-page-background-enabled":"default","ast-page-background-meta":{"desktop":{"background-color":"","background-image":"","background-repeat":"repeat","background-position":"center center","background-size":"auto","background-attachment":"scroll","background-type":"","background-media":"","overlay-type":"","overlay-color":"","overlay-opacity":"","overlay-gradient":""},"tablet":{"background-color":"","background-image":"","background-repeat":"repeat","background-position":"center center","background-size":"auto","background-attachment":"scroll","background-type":"","background-media":"","overlay-type":"","overlay-color":"","overlay-opacity":"","overlay-gradient":""},"mobile":{"background-color":"","background-image":"","background-repeat":"repeat","background-position":"center center","background-size":"auto","background-attachment":"scroll","background-type":"","background-media":"","overlay-type":"","overlay-color":"","overlay-opacity":"","overlay-gradient":""}},"ast-content-background-meta":{"desktop":{"background-color":"var(--ast-global-color-5)","background-image":"","background-repeat":"repeat","background-position":"center center","background-size":"auto","background-attachment":"scroll","background-type":"","background-media":"","overlay-type":"","overlay-color":"","overlay-opacity":"","overlay-gradient":""},"tablet":{"background-color":"var(--ast-global-color-5)","background-image":"","background-repeat":"repeat","background-position":"center center","background-size":"auto","background-attachment":"scroll","background-type":"","background-media":"","overlay-type":"","overlay-color":"","overlay-opacity":"","overlay-gradient":""},"mobile":{"background-color":"var(--ast-global-color-5)","background-image":"","background-repeat":"repeat","background-position":"center center","background-size":"auto","background-attachment":"scroll","background-type":"","background-media":"","overlay-type":"","overlay-color":"","overlay-opacity":"","overlay-gradient":""}}},"product_brand":[],"product_cat":[65,76,97,100,90,94,96],"product_tag":[187,135,139,186,167,214,553,185,552],"class_list":{"0":"post-2200","1":"product","2":"type-product","3":"status-publish","4":"has-post-thumbnail","6":"product_cat-best-sellers","7":"product_cat-new-arrivels","8":"product_cat-sauna-suit","9":"product_cat-sauna-tops","10":"product_cat-wholesale-waist-trainer","11":"product_cat-n-in-1-waist-trainer","12":"product_cat-sweat-waist-trainer","13":"product_tag-2-in-1","14":"product_tag-all-in-one","15":"product_tag-high-waist","16":"product_tag-padded","17":"product_tag-sauna-suit","18":"product_tag-waist-trainer","19":"product_tag-waist-trimmer","20":"product_tag-workout","21":"product_tag-workout-sweatband","22":"pa_color-black","23":"pa_color-pink","24":"pa_color-yellow","25":"pa_size-l","26":"pa_size-m","27":"pa_size-s","28":"pa_size-xl","29":"pa_size-xxl","30":"pa_size-xxxl","31":"desktop-align-center","32":"tablet-align-left","33":"mobile-align-left","34":"ast-product-gallery-layout-horizontal-slider","35":"ast-product-single-variable","36":"ast-product-tabs-layout-horizontal","37":"ast-qv-on-image","39":"first","40":"instock","41":"shipping-taxable","42":"purchasable","43":"product-type-variable"},"tiered_pricing_type":"fixed","tiered_pricing_fixed_rules":{"5":6.77,"50":6.53,"100":6.25},"tiered_pricing_product_settings":{"layout":"default","base_unit_name":{"singular":null,"plural":null},"default_variation":{}},"tiered_pricing_minimum_quantity":null,"tiered_pricing_roles_data":[],"tiered_pricing_percentage_rules":[],"_links":{"self":[{"href":"https:\/\/yume-silm.com\/pt\/wp-json\/wp\/v2\/product\/2200","targetHints":{"allow":["GET"]}}],"collection":[{"href":"https:\/\/yume-silm.com\/pt\/wp-json\/wp\/v2\/product"}],"about":[{"href":"https:\/\/yume-silm.com\/pt\/wp-json\/wp\/v2\/types\/product"}],"replies":[{"embeddable":true,"href":"https:\/\/yume-silm.com\/pt\/wp-json\/wp\/v2\/comments?post=2200"}],"wp:featuredmedia":[{"embeddable":true,"href":"https:\/\/yume-silm.com\/pt\/wp-json\/wp\/v2\/media\/2223"}],"wp:attachment":[{"href":"https:\/\/yume-silm.com\/pt\/wp-json\/wp\/v2\/media?parent=2200"}],"wp:term":[{"taxonomy":"product_brand","embeddable":true,"href":"https:\/\/yume-silm.com\/pt\/wp-json\/wp\/v2\/product_brand?post=2200"},{"taxonomy":"product_cat","embeddable":true,"href":"https:\/\/yume-silm.com\/pt\/wp-json\/wp\/v2\/product_cat?post=2200"},{"taxonomy":"product_tag","embeddable":true,"href":"https:\/\/yume-silm.com\/pt\/wp-json\/wp\/v2\/product_tag?post=2200"}],"curies":[{"name":"wp","href":"https:\/\/api.w.org\/{rel}","templated":true}]}}