{"id":2228,"date":"2023-05-09T12:51:53","date_gmt":"2023-05-09T12:51:53","guid":{"rendered":"https:\/\/yume-silm.com\/?post_type=product&#038;p=2228"},"modified":"2024-08-27T01:38:18","modified_gmt":"2024-08-27T01:38:18","slug":"fato-de-treino-de-cintura-para-homem-sauna-colete-corset","status":"publish","type":"product","link":"https:\/\/yume-silm.com\/pt\/produto\/fato-de-treino-de-cintura-para-homem-sauna-colete-corset\/","title":{"rendered":"Homens por atacado suor cintura trainer sauna terno colete espartilho"},"content":{"rendered":"<h5>Caracter\u00edsticas de design<\/h5>\n<ul>\n<li><b>F\u00c1CIL DE USAR:<\/b> O design com z\u00edper do modelador de corpo masculino para sauna garante um ajuste confort\u00e1vel que \u00e9 r\u00e1pido e f\u00e1cil de colocar, sem a necessidade de ajustes tradicionais.<\/li>\n<li><b>Resistente \u00e0 abras\u00e3o:<\/b> O revestimento de PVC no colete espartilho queimador de gordura do treinador de cintura oferece excelente resist\u00eancia \u00e0 abras\u00e3o para proteger o tecido e prolongar a vida \u00fatil do produto.<\/li>\n<li><b>MATERIAL DE ALTA ELASTICIDADE:<\/b> A combina\u00e7\u00e3o de misturas de spandex e n\u00e1ilon na sauna de emagrecimento do colete masculino proporciona excelente elasticidade, garantindo um ajuste confort\u00e1vel e adaptando-se aos seus movimentos durante o treino.<\/li>\n<li><b>PROJETO SEM MANGAS:<\/b> Nosso modelador de corpo com espartilho masculino ajuda a promover a transpira\u00e7\u00e3o r\u00e1pida durante o exerc\u00edcio, garantindo que todas as partes do corpo, exceto a parte superior do corpo, sejam confort\u00e1veis de usar.<\/li>\n<li><b>RETEN\u00c7\u00c3O DE CALORIAS OTIMIZADA:<\/b> A experi\u00eancia de usar nossa roupa \u00edntima leve com el\u00e1stico alto \u00e9 um pico cal\u00f3rico dentro de 10-15 minutos de exerc\u00edcio, com uma taxa de suor 3-5x maior e o dobro da quantidade de gordura queimada.<\/li>\n<\/ul>\n<h6><em>Atacado masculino quente sauna terno cintura treinador colete com z\u00edper regata camisa de treino<\/em><\/h6>\n<ul>\n<li>O espartilho masculino com cintura de suor para sauna \u00e9 uma prova da combina\u00e7\u00e3o perfeita de moda e funcionalidade de fitness. Para atacadistas que desejam oferecer solu\u00e7\u00f5es inovadoras de fitness, este colete espartilho masculino \u00e9 a escolha ideal.<\/li>\n<li>Com op\u00e7\u00f5es de personaliza\u00e7\u00e3o, variedade de tamanhos e promessa de entrega r\u00e1pida, \u00e9 um complemento essencial ao seu estoque. Mergulhe no mundo do atacado com esta pe\u00e7a de destaque. Encomende hoje!<\/li>\n<\/ul>","protected":false},"excerpt":{"rendered":"<p>Eleve sua jornada de fitness com nosso espartilho de colete masculino para treino de cintura de suor. Feito de uma mistura de spandex e n\u00e1ilon, este colete modelador foi projetado para aumentar a transpira\u00e7\u00e3o, otimizar a queima de gordura e esculpir seu f\u00edsico. Mergulhe em uma experi\u00eancia de fitness transformadora que combina estilo, conforto e efici\u00eancia.<\/p>","protected":false},"featured_media":2230,"comment_status":"open","ping_status":"closed","template":"","meta":{"site-sidebar-layout":"default","site-content-layout":"default","ast-site-content-layout":"default","site-content-style":"default","site-sidebar-style":"default","ast-global-header-display":"","ast-banner-title-visibility":"","ast-main-header-display":"","ast-hfb-above-header-display":"","ast-hfb-below-header-display":"","ast-hfb-mobile-header-display":"","site-post-title":"","ast-breadcrumbs-content":"","ast-featured-img":"","footer-sml-layout":"","ast-disable-related-posts":"","theme-transparent-header-meta":"default","adv-header-id-meta":"","stick-header-meta":"default","header-above-stick-meta":"","header-main-stick-meta":"","header-below-stick-meta":"","astra-migrate-meta-layouts":"set","ast-page-background-enabled":"default","ast-page-background-meta":{"desktop":{"background-color":"","background-image":"","background-repeat":"repeat","background-position":"center center","background-size":"auto","background-attachment":"scroll","background-type":"","background-media":"","overlay-type":"","overlay-color":"","overlay-opacity":"","overlay-gradient":""},"tablet":{"background-color":"","background-image":"","background-repeat":"repeat","background-position":"center center","background-size":"auto","background-attachment":"scroll","background-type":"","background-media":"","overlay-type":"","overlay-color":"","overlay-opacity":"","overlay-gradient":""},"mobile":{"background-color":"","background-image":"","background-repeat":"repeat","background-position":"center center","background-size":"auto","background-attachment":"scroll","background-type":"","background-media":"","overlay-type":"","overlay-color":"","overlay-opacity":"","overlay-gradient":""}},"ast-content-background-meta":{"desktop":{"background-color":"var(--ast-global-color-5)","background-image":"","background-repeat":"repeat","background-position":"center center","background-size":"auto","background-attachment":"scroll","background-type":"","background-media":"","overlay-type":"","overlay-color":"","overlay-opacity":"","overlay-gradient":""},"tablet":{"background-color":"var(--ast-global-color-5)","background-image":"","background-repeat":"repeat","background-position":"center center","background-size":"auto","background-attachment":"scroll","background-type":"","background-media":"","overlay-type":"","overlay-color":"","overlay-opacity":"","overlay-gradient":""},"mobile":{"background-color":"var(--ast-global-color-5)","background-image":"","background-repeat":"repeat","background-position":"center center","background-size":"auto","background-attachment":"scroll","background-type":"","background-media":"","overlay-type":"","overlay-color":"","overlay-opacity":"","overlay-gradient":""}}},"product_brand":[],"product_cat":[65,76,97,100],"product_tag":[549,551,548,166,550,185],"class_list":{"0":"post-2228","1":"product","2":"type-product","3":"status-publish","4":"has-post-thumbnail","6":"product_cat-best-sellers","7":"product_cat-new-arrivels","8":"product_cat-sauna-suit","9":"product_cat-sauna-tops","10":"product_tag-gym","11":"product_tag-mens-sweat-tank","12":"product_tag-sauna-sweat","13":"product_tag-sauna-vest","14":"product_tag-with-zipper","15":"product_tag-workout","16":"pa_color-blue","17":"pa_color-sliver","18":"pa_size-2xl-3xl","19":"pa_size-4xl-5xl","20":"pa_size-l-xl","21":"pa_size-s-m","22":"desktop-align-center","23":"tablet-align-left","24":"mobile-align-left","25":"ast-product-gallery-layout-horizontal-slider","26":"ast-product-single-variable","27":"ast-product-tabs-layout-horizontal","28":"ast-qv-on-image","30":"first","31":"instock","32":"shipping-taxable","33":"purchasable","34":"product-type-variable"},"tiered_pricing_type":"fixed","tiered_pricing_fixed_rules":{"10":3.95,"200":3.75,"2000":3.25},"tiered_pricing_product_settings":{"layout":"default","base_unit_name":{"singular":null,"plural":null},"default_variation":{}},"tiered_pricing_minimum_quantity":null,"tiered_pricing_roles_data":[],"tiered_pricing_percentage_rules":[],"_links":{"self":[{"href":"https:\/\/yume-silm.com\/pt\/wp-json\/wp\/v2\/product\/2228","targetHints":{"allow":["GET"]}}],"collection":[{"href":"https:\/\/yume-silm.com\/pt\/wp-json\/wp\/v2\/product"}],"about":[{"href":"https:\/\/yume-silm.com\/pt\/wp-json\/wp\/v2\/types\/product"}],"replies":[{"embeddable":true,"href":"https:\/\/yume-silm.com\/pt\/wp-json\/wp\/v2\/comments?post=2228"}],"wp:featuredmedia":[{"embeddable":true,"href":"https:\/\/yume-silm.com\/pt\/wp-json\/wp\/v2\/media\/2230"}],"wp:attachment":[{"href":"https:\/\/yume-silm.com\/pt\/wp-json\/wp\/v2\/media?parent=2228"}],"wp:term":[{"taxonomy":"product_brand","embeddable":true,"href":"https:\/\/yume-silm.com\/pt\/wp-json\/wp\/v2\/product_brand?post=2228"},{"taxonomy":"product_cat","embeddable":true,"href":"https:\/\/yume-silm.com\/pt\/wp-json\/wp\/v2\/product_cat?post=2228"},{"taxonomy":"product_tag","embeddable":true,"href":"https:\/\/yume-silm.com\/pt\/wp-json\/wp\/v2\/product_tag?post=2228"}],"curies":[{"name":"wp","href":"https:\/\/api.w.org\/{rel}","templated":true}]}}