{"id":2248,"date":"2023-05-10T03:08:55","date_gmt":"2023-05-10T03:08:55","guid":{"rendered":"https:\/\/yume-silm.com\/?post_type=product&#038;p=2248"},"modified":"2024-05-11T05:17:47","modified_gmt":"2024-05-11T05:17:47","slug":"body-shaper-sexy-bodysuit-women-backless-waist-trainer","status":"publish","type":"product","link":"https:\/\/yume-silm.com\/pt\/produto\/body-shaper-sexy-bodysuit-women-backless-waist-trainer\/","title":{"rendered":"Bodysuits modeladores de corpo sexy de renda feminina por atacado"},"content":{"rendered":"<h5>Caracter\u00edsticas de design<\/h5>\n<ul>\n<li><strong>ELEVADOR ABDOMINAL E DE QUADRIL:<\/strong> O body com abdominoplastia se ajusta perfeitamente ao corpo para facilitar a modelagem. Isso ocorre porque o modelador controla a gordura da barriga, melhora a postura das costas e tamb\u00e9m evita a flacidez dos quadris. Modele facilmente sua cintura, quadris e curvas das costas.<\/li>\n<li><strong>PROJETO SEM EMENDA:<\/strong> Sabe o qu\u00e3o confort\u00e1vel \u00e9 suave e uniforme? O modelador corporal sem mangas com decote em V permite que voc\u00ea experimente a beleza da perfei\u00e7\u00e3o em todos os momentos, ajustando-se confortavelmente \u00e0 sua pele sem ondular. Certifique-se de que nenhuma marca vis\u00edvel seja deixada durante o uso, ajudando a pe\u00e7a a se ajustar melhor e suavizando a apar\u00eancia.<\/li>\n<li><strong>MODA E VERS\u00c1TIL:<\/strong> O body modelador frente \u00fanica sem costas com design de renda \u00e9 sexy e elegante. Voc\u00ea pode combin\u00e1-lo facilmente com suas saias, jeans, etc. favoritos. Voc\u00ea pode us\u00e1-lo em todas as ocasi\u00f5es, como trabalho de casamento, viagens, festas, vida di\u00e1ria e assim por diante. A figura curvil\u00ednea far\u00e1 com que voc\u00ea seja notado.<\/li>\n<li><strong>Conveniente para potty:<\/strong> Preocupado com o inc\u00f4modo de ir ao banheiro e trazer problemas? N\u00e3o ser\u00e1. Escolher este modelador n\u00e3o s\u00f3 deixar\u00e1 voc\u00ea bonita o dia todo, mas tamb\u00e9m resolver\u00e1 seu problema de ir ao banheiro. Com o gancho ajust\u00e1vel e a virilha, voc\u00ea pode ir ao banheiro sem ficar nu.<\/li>\n<\/ul>\n<h6><em>Melhor moda renda suave emagrecimento shapewear bodysuit uma pe\u00e7a<\/em><\/h6>\n<ul>\n<li>N\u00e3o h\u00e1 necessidade de roupa interior adicional: suporte suficiente para segurar facilmente seus seios macios. Este body feminino de renda sexy e justo elimina a necessidade de roupas \u00edntimas adicionais. Isso se deve ao fato de ter um suti\u00e3 sem a\u00e7o com um suporte impressionante. O efeito modelador do corpo pode fazer com que o usu\u00e1rio se sinta mais confiante em sua apar\u00eancia, aumentando assim a autoconfian\u00e7a.<\/li>\n<\/ul>\n<p>&nbsp;<\/p>","protected":false},"excerpt":{"rendered":"<p>Eleve sua jornada de fitness com nossos macac\u00f5es femininos sexy de renda modeladora. Feito com uma mistura de spandex e n\u00e1ilon, este colete foi projetado para aumentar a transpira\u00e7\u00e3o, otimizar a queima de gordura e esculpir seu f\u00edsico. Mergulhe em uma experi\u00eancia de fitness transformadora que combina estilo, conforto e efici\u00eancia.<\/p>","protected":false},"featured_media":2249,"comment_status":"open","ping_status":"closed","template":"","meta":{"site-sidebar-layout":"default","site-content-layout":"default","ast-site-content-layout":"default","site-content-style":"default","site-sidebar-style":"default","ast-global-header-display":"","ast-banner-title-visibility":"","ast-main-header-display":"","ast-hfb-above-header-display":"","ast-hfb-below-header-display":"","ast-hfb-mobile-header-display":"","site-post-title":"","ast-breadcrumbs-content":"","ast-featured-img":"","footer-sml-layout":"","ast-disable-related-posts":"","theme-transparent-header-meta":"default","adv-header-id-meta":"","stick-header-meta":"default","header-above-stick-meta":"","header-main-stick-meta":"","header-below-stick-meta":"","astra-migrate-meta-layouts":"set","ast-page-background-enabled":"default","ast-page-background-meta":{"desktop":{"background-color":"","background-image":"","background-repeat":"repeat","background-position":"center center","background-size":"auto","background-attachment":"scroll","background-type":"","background-media":"","overlay-type":"","overlay-color":"","overlay-opacity":"","overlay-gradient":""},"tablet":{"background-color":"","background-image":"","background-repeat":"repeat","background-position":"center center","background-size":"auto","background-attachment":"scroll","background-type":"","background-media":"","overlay-type":"","overlay-color":"","overlay-opacity":"","overlay-gradient":""},"mobile":{"background-color":"","background-image":"","background-repeat":"repeat","background-position":"center center","background-size":"auto","background-attachment":"scroll","background-type":"","background-media":"","overlay-type":"","overlay-color":"","overlay-opacity":"","overlay-gradient":""}},"ast-content-background-meta":{"desktop":{"background-color":"var(--ast-global-color-5)","background-image":"","background-repeat":"repeat","background-position":"center center","background-size":"auto","background-attachment":"scroll","background-type":"","background-media":"","overlay-type":"","overlay-color":"","overlay-opacity":"","overlay-gradient":""},"tablet":{"background-color":"var(--ast-global-color-5)","background-image":"","background-repeat":"repeat","background-position":"center center","background-size":"auto","background-attachment":"scroll","background-type":"","background-media":"","overlay-type":"","overlay-color":"","overlay-opacity":"","overlay-gradient":""},"mobile":{"background-color":"var(--ast-global-color-5)","background-image":"","background-repeat":"repeat","background-position":"center center","background-size":"auto","background-attachment":"scroll","background-type":"","background-media":"","overlay-type":"","overlay-color":"","overlay-opacity":"","overlay-gradient":""}}},"product_brand":[],"product_cat":[65,76,77,82],"product_tag":[419,152,148,145,134],"class_list":{"0":"post-2248","1":"product","2":"type-product","3":"status-publish","4":"has-post-thumbnail","6":"product_cat-best-sellers","7":"product_cat-new-arrivels","8":"product_cat-wholesale-womens-shapewear","9":"product_cat-wholesale-shapewear-bodysuit","10":"product_tag-bodysuit","11":"product_tag-lace-up","12":"product_tag-one-piece","13":"product_tag-sexy","14":"product_tag-tummy-tucker","15":"pa_color-black","16":"pa_color-red","17":"pa_color-white","18":"pa_size-l","19":"pa_size-m","20":"pa_size-s","21":"pa_size-xl","22":"desktop-align-center","23":"tablet-align-left","24":"mobile-align-left","25":"ast-product-gallery-layout-horizontal-slider","26":"ast-product-single-variable","27":"ast-product-tabs-layout-horizontal","28":"ast-qv-on-image","30":"first","31":"instock","32":"shipping-taxable","33":"purchasable","34":"product-type-variable"},"tiered_pricing_type":"fixed","tiered_pricing_fixed_rules":{"5":5.8,"50":5.6,"100":5.3},"tiered_pricing_product_settings":{"layout":"default","base_unit_name":{"singular":null,"plural":null},"default_variation":{}},"tiered_pricing_minimum_quantity":null,"tiered_pricing_roles_data":[],"tiered_pricing_percentage_rules":[],"_links":{"self":[{"href":"https:\/\/yume-silm.com\/pt\/wp-json\/wp\/v2\/product\/2248","targetHints":{"allow":["GET"]}}],"collection":[{"href":"https:\/\/yume-silm.com\/pt\/wp-json\/wp\/v2\/product"}],"about":[{"href":"https:\/\/yume-silm.com\/pt\/wp-json\/wp\/v2\/types\/product"}],"replies":[{"embeddable":true,"href":"https:\/\/yume-silm.com\/pt\/wp-json\/wp\/v2\/comments?post=2248"}],"wp:featuredmedia":[{"embeddable":true,"href":"https:\/\/yume-silm.com\/pt\/wp-json\/wp\/v2\/media\/2249"}],"wp:attachment":[{"href":"https:\/\/yume-silm.com\/pt\/wp-json\/wp\/v2\/media?parent=2248"}],"wp:term":[{"taxonomy":"product_brand","embeddable":true,"href":"https:\/\/yume-silm.com\/pt\/wp-json\/wp\/v2\/product_brand?post=2248"},{"taxonomy":"product_cat","embeddable":true,"href":"https:\/\/yume-silm.com\/pt\/wp-json\/wp\/v2\/product_cat?post=2248"},{"taxonomy":"product_tag","embeddable":true,"href":"https:\/\/yume-silm.com\/pt\/wp-json\/wp\/v2\/product_tag?post=2248"}],"curies":[{"name":"wp","href":"https:\/\/api.w.org\/{rel}","templated":true}]}}