{"id":2271,"date":"2023-05-10T07:34:17","date_gmt":"2023-05-10T07:34:17","guid":{"rendered":"https:\/\/yume-silm.com\/?post_type=product&#038;p=2271"},"modified":"2025-05-26T00:52:34","modified_gmt":"2025-05-26T00:52:34","slug":"calcinhas-de-cintura-alta-mas-com-controlo-da-barriga-por-atacado","status":"publish","type":"product","link":"https:\/\/yume-silm.com\/pt\/produto\/calcinhas-de-cintura-alta-mas-com-controlo-da-barriga-por-atacado\/","title":{"rendered":"Atacado cintura alta levantador de bunda barriga controle shaper tanga"},"content":{"rendered":"<h5>Caracter\u00edsticas de design<\/h5>\n<ul>\n<li><strong>ELEVADOR DE BUNDA FINAL:<\/strong> Projetada com uma tanga confort\u00e1vel para f\u00e1cil uso, esta tanga levantadora de bumbum com controle de barriga foi projetada para se concentrar em levantar e acentuar as n\u00e1degas para uma apar\u00eancia naturalmente mais cheia e definida.<\/li>\n<li><strong>AJUSTE PERSONALIZADO:<\/strong> O modelador corporal emagrecedor de cintura alta tem uma op\u00e7\u00e3o de cintura alta com tr\u00eas fileiras de ganchos para maior aperto na barriga, garantindo que o modelador permane\u00e7a firmemente no lugar e n\u00e3o role para baixo. Voc\u00ea tamb\u00e9m pode ajustar a elasticidade \u00e0 vontade. A faixa para as pernas foi projetada para adicionar um efeito mais completo \u00e0s n\u00e1degas, ao mesmo tempo que \u00e9 livremente ajust\u00e1vel. Fornece suporte natural e evita ondula\u00e7\u00f5es.<\/li>\n<li><strong>CONFORT\u00c1VEL E INVIS\u00cdVEL:<\/strong> A cinta levantadora de bumbum sexy feminina \u00e9 feita de uma mistura de n\u00e1ilon e elastano de alta qualidade para garantir leveza, pele agrad\u00e1vel e respir\u00e1vel. Enquanto isso, o modelador de levantamento de bunda com controle de barriga tem bordas perfeitas que permitem que voc\u00ea obtenha invisibilidade natural mesmo sob roupas justas.<\/li>\n<li><strong>AMPLO USO:<\/strong> Esta cal\u00e7a modeladora de espartilho fino pode suavizar sua barriga, levantar seus quadris e criar instantaneamente um formato de ampulheta; os shorts modeladores de roupas \u00edntimas femininas tamb\u00e9m podem apoiar suas costas e melhorar sua postura; Esta calcinha modeladora de cintura alta para controle de barriga tamb\u00e9m \u00e9 adequada para recupera\u00e7\u00e3o p\u00f3s-parto. Adequado para academia, corrida, ioga, recupera\u00e7\u00e3o p\u00f3s-parto, casamentos, socializa\u00e7\u00e3o e banquetes, trabalhos dom\u00e9sticos, escrit\u00f3rio e assim por diante.<\/li>\n<li>\u00c9 claro que este modelador respir\u00e1vel e confort\u00e1vel para uma figura de ampulheta \u00e9 um presente ideal para novas mam\u00e3es em ocasi\u00f5es especiais como anivers\u00e1rios, Natal, A\u00e7\u00e3o de Gra\u00e7as, Black Friday ou Cyber Monday, elas v\u00e3o adorar e muito obrigada.<\/li>\n<\/ul>\n<h6><em>Plus size firme triplo controle de barriga tanga invis\u00edvel modelador de corpo emagrecimento faja<\/em><\/h6>\n<ul>\n<li>Nossa tanga modeladora de cintura alta para controle de barriga \u00e9 o ep\u00edtome de estilo e funcionalidade. Para atacadistas que buscam oferecer produtos de primeira linha que combinam qualidade com inova\u00e7\u00e3o, este modelador de corpo plus size e levantador de bunda \u00e9 obrigat\u00f3rio.<\/li>\n<li>Com op\u00e7\u00f5es de personaliza\u00e7\u00e3o, variedade de tamanhos e promessa de entrega r\u00e1pida, \u00e9 um complemento essencial ao seu estoque.<\/li>\n<li>Mergulhe no mundo do atacado com esta calcinha modeladora modeladora de bunda com cintura alta e controle de barriga. Encomende hoje!<\/li>\n<\/ul>","protected":false},"excerpt":{"rendered":"<ul>\n<li>Discover the transformative power of our high waist butt lifter tummy control shaper thong.<\/li>\n<li>Expertly crafted from a blend of nylon and spandex, this shapewear is designed to lift, sculpt, and enhance your natural curves, offering a seamless blend of comfort and elegance.<\/li>\n<\/ul>","protected":false},"featured_media":2272,"comment_status":"open","ping_status":"closed","template":"","meta":{"site-sidebar-layout":"default","site-content-layout":"default","ast-site-content-layout":"default","site-content-style":"default","site-sidebar-style":"default","ast-global-header-display":"","ast-banner-title-visibility":"","ast-main-header-display":"","ast-hfb-above-header-display":"","ast-hfb-below-header-display":"","ast-hfb-mobile-header-display":"","site-post-title":"","ast-breadcrumbs-content":"","ast-featured-img":"","footer-sml-layout":"","ast-disable-related-posts":"","theme-transparent-header-meta":"default","adv-header-id-meta":"","stick-header-meta":"default","header-above-stick-meta":"","header-main-stick-meta":"","header-below-stick-meta":"","astra-migrate-meta-layouts":"set","ast-page-background-enabled":"default","ast-page-background-meta":{"desktop":{"background-color":"","background-image":"","background-repeat":"repeat","background-position":"center center","background-size":"auto","background-attachment":"scroll","background-type":"","background-media":"","overlay-type":"","overlay-color":"","overlay-opacity":"","overlay-gradient":""},"tablet":{"background-color":"","background-image":"","background-repeat":"repeat","background-position":"center center","background-size":"auto","background-attachment":"scroll","background-type":"","background-media":"","overlay-type":"","overlay-color":"","overlay-opacity":"","overlay-gradient":""},"mobile":{"background-color":"","background-image":"","background-repeat":"repeat","background-position":"center center","background-size":"auto","background-attachment":"scroll","background-type":"","background-media":"","overlay-type":"","overlay-color":"","overlay-opacity":"","overlay-gradient":""}},"ast-content-background-meta":{"desktop":{"background-color":"var(--ast-global-color-5)","background-image":"","background-repeat":"repeat","background-position":"center center","background-size":"auto","background-attachment":"scroll","background-type":"","background-media":"","overlay-type":"","overlay-color":"","overlay-opacity":"","overlay-gradient":""},"tablet":{"background-color":"var(--ast-global-color-5)","background-image":"","background-repeat":"repeat","background-position":"center center","background-size":"auto","background-attachment":"scroll","background-type":"","background-media":"","overlay-type":"","overlay-color":"","overlay-opacity":"","overlay-gradient":""},"mobile":{"background-color":"var(--ast-global-color-5)","background-image":"","background-repeat":"repeat","background-position":"center center","background-size":"auto","background-attachment":"scroll","background-type":"","background-media":"","overlay-type":"","overlay-color":"","overlay-opacity":"","overlay-gradient":""}}},"product_brand":[],"product_cat":[1071,1072,65,76,77,1092,80],"product_tag":[686,141,138,134],"class_list":{"0":"post-2271","1":"product","2":"type-product","3":"status-publish","4":"has-post-thumbnail","6":"product_cat-sale","7":"product_cat-bulk-savings","8":"product_cat-best-sellers","9":"product_cat-new-arrivels","10":"product_cat-wholesale-womens-shapewear","11":"product_cat-plus-size-shapewear","12":"product_cat-wholesale-butt-lift-underwear","13":"product_tag-butt-lifter","14":"product_tag-plus-size","15":"product_tag-thong","16":"product_tag-tummy-tucker","17":"pa_color-beige","18":"pa_color-black","19":"pa_size-4xl","20":"pa_size-5xl","21":"pa_size-6xl","22":"pa_size-l","23":"pa_size-m","24":"pa_size-s","25":"pa_size-xl","26":"pa_size-xxl","27":"pa_size-xxxl","28":"desktop-align-center","29":"tablet-align-left","30":"mobile-align-left","31":"ast-product-gallery-layout-horizontal-slider","32":"ast-product-single-variable","33":"ast-product-tabs-layout-horizontal","34":"ast-qv-on-image","36":"first","37":"instock","38":"shipping-taxable","39":"purchasable","40":"product-type-variable"},"tiered_pricing_type":"fixed","tiered_pricing_fixed_rules":{"10":9.9},"tiered_pricing_product_settings":{"layout":"default","base_unit_name":{"singular":null,"plural":null},"default_variation":{}},"tiered_pricing_minimum_quantity":null,"tiered_pricing_roles_data":[],"tiered_pricing_percentage_rules":[],"_links":{"self":[{"href":"https:\/\/yume-silm.com\/pt\/wp-json\/wp\/v2\/product\/2271","targetHints":{"allow":["GET"]}}],"collection":[{"href":"https:\/\/yume-silm.com\/pt\/wp-json\/wp\/v2\/product"}],"about":[{"href":"https:\/\/yume-silm.com\/pt\/wp-json\/wp\/v2\/types\/product"}],"replies":[{"embeddable":true,"href":"https:\/\/yume-silm.com\/pt\/wp-json\/wp\/v2\/comments?post=2271"}],"wp:featuredmedia":[{"embeddable":true,"href":"https:\/\/yume-silm.com\/pt\/wp-json\/wp\/v2\/media\/2272"}],"wp:attachment":[{"href":"https:\/\/yume-silm.com\/pt\/wp-json\/wp\/v2\/media?parent=2271"}],"wp:term":[{"taxonomy":"product_brand","embeddable":true,"href":"https:\/\/yume-silm.com\/pt\/wp-json\/wp\/v2\/product_brand?post=2271"},{"taxonomy":"product_cat","embeddable":true,"href":"https:\/\/yume-silm.com\/pt\/wp-json\/wp\/v2\/product_cat?post=2271"},{"taxonomy":"product_tag","embeddable":true,"href":"https:\/\/yume-silm.com\/pt\/wp-json\/wp\/v2\/product_tag?post=2271"}],"curies":[{"name":"wp","href":"https:\/\/api.w.org\/{rel}","templated":true}]}}