{"id":2333,"date":"2023-05-10T11:36:05","date_gmt":"2023-05-10T11:36:05","guid":{"rendered":"https:\/\/yume-silm.com\/?post_type=product&#038;p=2333"},"modified":"2025-05-26T00:39:31","modified_gmt":"2025-05-26T00:39:31","slug":"camisola-de-manga-curta-para-homem-colete-de-cintura-colete-corset-com-fecho-de-correr","status":"publish","type":"product","link":"https:\/\/yume-silm.com\/pt\/produto\/camisola-de-manga-curta-para-homem-colete-de-cintura-colete-corset-com-fecho-de-correr\/","title":{"rendered":"Venda por atacado de camiseta de compress\u00e3o de manga curta espartilho"},"content":{"rendered":"<h5>Caracter\u00edsticas de design<\/h5>\n<ul>\n<li><strong>COMPRESS\u00c3O DUPLA:<\/strong> Este espartilho de colete de compress\u00e3o de manga curta da nossa parte \u00e9 feito de uma combina\u00e7\u00e3o dupla de uma regata modeladora e uma bandagem abdominal. A dupla compress\u00e3o do espartilho slim fit proporciona suporte firme e reduz a apar\u00eancia de gordura na parte inferior das costas e abd\u00f4men para uma silhueta mais suave e tonificada.<\/li>\n<li><strong>POSTURA MELHORADA:<\/strong> Este modelador de cintura para treino corporal fornece suporte para a parte inferior das costas. O design da camiseta do espartilho adelga\u00e7ante do abd\u00f4men garante cobertura e suporte para a parte superior do corpo, ideal para quem busca suporte extra. Ao mesmo tempo, esta roupa interior para controlo da barriga ajuda-nos a melhorar a nossa postura. Principalmente para quem costuma ser sedent\u00e1rio ou ficar em p\u00e9 por longos per\u00edodos, precisamos muito disso.<\/li>\n<li><strong>LEVE E EL\u00c1STICO:<\/strong> Esta nossa camisa de compress\u00e3o justa \u00e9 feita de uma mistura de spandex e n\u00e1ilon para um ajuste leve e sem estresse. \u00c9 el\u00e1stico para garantir um ajuste dur\u00e1vel, confort\u00e1vel e agrad\u00e1vel.<\/li>\n<li><strong>MULTIFUNCIONAL:<\/strong> O colete modelador de corpo masculino para ginecomastia \u00e9 um tecido de malha leve e el\u00e1stico que absorve a umidade para mant\u00ea-lo fresco durante o exerc\u00edcio. O espartilho de colete de compress\u00e3o de manga curta \u00e9 f\u00e1cil de apertar o abd\u00f4men e reduzir a cintura, para que voc\u00ea possa perder peso de forma saud\u00e1vel durante o exerc\u00edcio. Podemos usar esta cole\u00e7\u00e3o de modeladores de colete fino com qualquer uma de suas roupas favoritas, como ternos, jeans e assim por diante. N\u00e3o parecer\u00e1 volumoso, mas embelezar\u00e1 e afinar\u00e1 sua cintura, tornando-o um item vers\u00e1til em seu arm\u00e1rio.<\/li>\n<\/ul>\n<h6><em>Colete modelador de corpo masculino, colete de emagrecimento para ginecomastia, roupa \u00edntima para controle de barriga<\/em><\/h6>\n<ul>\n<li>Nosso espartilho masculino de manga curta com cintura e colete com z\u00edper \u00e9 uma mistura de estilo, conforto e funcionalidade. Para atacadistas que desejam oferecer solu\u00e7\u00f5es inovadoras de fitness, este moletom para perda de peso \u00e9 a escolha ideal.<\/li>\n<li>Com op\u00e7\u00f5es de personaliza\u00e7\u00e3o, variedade de tamanhos e promessa de entrega r\u00e1pida, \u00e9 um complemento essencial ao seu estoque. Mergulhe no mundo do atacado com este espartilho para emagrecer o abd\u00f4men. Encomende hoje!<\/li>\n<\/ul>","protected":false},"excerpt":{"rendered":"<p>Eleve sua jornada de fitness com nosso espartilho masculino de manga curta e colete de cintura. Projetado para suporte e conforto ideais, este espartilho de colete de compress\u00e3o de manga curta real\u00e7a sua silhueta, fazendo voc\u00ea parecer e se sentir melhor. Mergulhe num mundo onde a moda encontra a funcionalidade.<\/p>","protected":false},"featured_media":2339,"comment_status":"open","ping_status":"closed","template":"","meta":{"site-sidebar-layout":"default","site-content-layout":"default","ast-site-content-layout":"default","site-content-style":"default","site-sidebar-style":"default","ast-global-header-display":"","ast-banner-title-visibility":"","ast-main-header-display":"","ast-hfb-above-header-display":"","ast-hfb-below-header-display":"","ast-hfb-mobile-header-display":"","site-post-title":"","ast-breadcrumbs-content":"","ast-featured-img":"","footer-sml-layout":"","ast-disable-related-posts":"","theme-transparent-header-meta":"default","adv-header-id-meta":"","stick-header-meta":"default","header-above-stick-meta":"","header-main-stick-meta":"","header-below-stick-meta":"","astra-migrate-meta-layouts":"set","ast-page-background-enabled":"default","ast-page-background-meta":{"desktop":{"background-color":"","background-image":"","background-repeat":"repeat","background-position":"center center","background-size":"auto","background-attachment":"scroll","background-type":"","background-media":"","overlay-type":"","overlay-color":"","overlay-opacity":"","overlay-gradient":""},"tablet":{"background-color":"","background-image":"","background-repeat":"repeat","background-position":"center center","background-size":"auto","background-attachment":"scroll","background-type":"","background-media":"","overlay-type":"","overlay-color":"","overlay-opacity":"","overlay-gradient":""},"mobile":{"background-color":"","background-image":"","background-repeat":"repeat","background-position":"center center","background-size":"auto","background-attachment":"scroll","background-type":"","background-media":"","overlay-type":"","overlay-color":"","overlay-opacity":"","overlay-gradient":""}},"ast-content-background-meta":{"desktop":{"background-color":"var(--ast-global-color-5)","background-image":"","background-repeat":"repeat","background-position":"center center","background-size":"auto","background-attachment":"scroll","background-type":"","background-media":"","overlay-type":"","overlay-color":"","overlay-opacity":"","overlay-gradient":""},"tablet":{"background-color":"var(--ast-global-color-5)","background-image":"","background-repeat":"repeat","background-position":"center center","background-size":"auto","background-attachment":"scroll","background-type":"","background-media":"","overlay-type":"","overlay-color":"","overlay-opacity":"","overlay-gradient":""},"mobile":{"background-color":"var(--ast-global-color-5)","background-image":"","background-repeat":"repeat","background-position":"center center","background-size":"auto","background-attachment":"scroll","background-type":"","background-media":"","overlay-type":"","overlay-color":"","overlay-opacity":"","overlay-gradient":""}}},"product_brand":[],"product_cat":[65,85,86,90,94,95],"product_tag":[187,151,139,496,191,184],"class_list":{"0":"post-2333","1":"product","2":"type-product","3":"status-publish","4":"has-post-thumbnail","6":"product_cat-best-sellers","7":"product_cat-wholesale-mens-shapewear","8":"product_cat-wholesale-men-sliming-vest","9":"product_cat-wholesale-waist-trainer","10":"product_cat-n-in-1-waist-trainer","11":"product_cat-waist-cincher","12":"product_tag-2-in-1","13":"product_tag-double-compression","14":"product_tag-high-waist","15":"product_tag-vest","16":"product_tag-waist-trainer-with-straps","17":"product_tag-zipper","18":"pa_color-black","19":"pa_color-white","20":"pa_size-l","21":"pa_size-m","22":"pa_size-xl","23":"pa_size-xxl","24":"pa_size-xxxl","25":"desktop-align-center","26":"tablet-align-left","27":"mobile-align-left","28":"ast-product-gallery-layout-horizontal-slider","29":"ast-product-single-variable","30":"ast-product-tabs-layout-horizontal","31":"ast-qv-on-image","33":"first","34":"instock","35":"shipping-taxable","36":"purchasable","37":"product-type-variable"},"tiered_pricing_type":"fixed","tiered_pricing_fixed_rules":{"10":5.95,"200":5.62,"500":4.99},"tiered_pricing_product_settings":{"layout":"default","base_unit_name":{"singular":null,"plural":null},"default_variation":{}},"tiered_pricing_minimum_quantity":null,"tiered_pricing_roles_data":[],"tiered_pricing_percentage_rules":[],"_links":{"self":[{"href":"https:\/\/yume-silm.com\/pt\/wp-json\/wp\/v2\/product\/2333","targetHints":{"allow":["GET"]}}],"collection":[{"href":"https:\/\/yume-silm.com\/pt\/wp-json\/wp\/v2\/product"}],"about":[{"href":"https:\/\/yume-silm.com\/pt\/wp-json\/wp\/v2\/types\/product"}],"replies":[{"embeddable":true,"href":"https:\/\/yume-silm.com\/pt\/wp-json\/wp\/v2\/comments?post=2333"}],"wp:featuredmedia":[{"embeddable":true,"href":"https:\/\/yume-silm.com\/pt\/wp-json\/wp\/v2\/media\/2339"}],"wp:attachment":[{"href":"https:\/\/yume-silm.com\/pt\/wp-json\/wp\/v2\/media?parent=2333"}],"wp:term":[{"taxonomy":"product_brand","embeddable":true,"href":"https:\/\/yume-silm.com\/pt\/wp-json\/wp\/v2\/product_brand?post=2333"},{"taxonomy":"product_cat","embeddable":true,"href":"https:\/\/yume-silm.com\/pt\/wp-json\/wp\/v2\/product_cat?post=2333"},{"taxonomy":"product_tag","embeddable":true,"href":"https:\/\/yume-silm.com\/pt\/wp-json\/wp\/v2\/product_tag?post=2333"}],"curies":[{"name":"wp","href":"https:\/\/api.w.org\/{rel}","templated":true}]}}