{"id":2350,"date":"2023-05-10T12:05:41","date_gmt":"2023-05-10T12:05:41","guid":{"rendered":"https:\/\/yume-silm.com\/?post_type=product&#038;p=2350"},"modified":"2026-03-23T10:23:43","modified_gmt":"2026-03-23T10:23:43","slug":"cinto-de-treino-de-cintura-para-homem","status":"publish","type":"product","link":"https:\/\/yume-silm.com\/pt\/produto\/cinto-de-treino-de-cintura-para-homem\/","title":{"rendered":"Venda por atacado de ligantes de compress\u00e3o abdominal p\u00f3s-operat\u00f3ria"},"content":{"rendered":"<h5>Caracter\u00edsticas de design<\/h5>\n<ul>\n<li><strong>FAIXA EL\u00c1STICA DE BARRIGA:<\/strong> Estas ligantes abdominais el\u00e1sticas s\u00e3o leves, respir\u00e1veis e t\u00eam boa elasticidade. Os fich\u00e1rios p\u00f3s-cir\u00fargicos v\u00eam nas cores cl\u00e1ssicas branco e preto e proporcionam suporte e compress\u00e3o confort\u00e1veis.<\/li>\n<li><strong>COMPRESS\u00c3O E SUPORTE:<\/strong> Este fich\u00e1rio de cintos ortop\u00e9dicos \u00e9 muito f\u00e1cil de usar, personaliza facilmente o n\u00edvel de suporte e compress\u00e3o. Ter esta bandagem mais personaliz\u00e1vel e adequada ao seu tipo de corpo ajuda a reduzir a apar\u00eancia da gordura da barriga e cria uma silhueta mais suave e tonificada. Mant\u00e9m voc\u00ea confort\u00e1vel sentado, em p\u00e9 ou deitado. Tratamento antiderrapante de silicone na parte superior e inferior para evitar melhor que as ligantes de compress\u00e3o abdominal p\u00f3s-operat\u00f3ria se enrolem ou se amontoem em uma bola.<\/li>\n<li><strong>PROMOVE A CURA:<\/strong> A compress\u00e3o proporcionada por este cinto para perda de peso ajuda a reduzir o incha\u00e7o e melhora a circula\u00e7\u00e3o sangu\u00ednea. \u00c9 por isso que os ligantes abdominais p\u00f3s-operat\u00f3rios s\u00e3o conhecidos por promover a cura e proteger o local da incis\u00e3o ap\u00f3s a cirurgia. No entanto, ainda recomendamos que voc\u00ea sempre consulte seu m\u00e9dico ou fisioterapeuta ao usar este adesivo supermacio ap\u00f3s a cirurgia, pois as cintas abdominais n\u00e3o s\u00e3o para todos.<\/li>\n<li><strong>AL\u00cdVIO DA DOR:<\/strong> Na verdade, al\u00e9m de acelerar a recupera\u00e7\u00e3o, as cintas de compress\u00e3o abdominal p\u00f3s-operat\u00f3ria da nossa linha de fitas ajudam a desviar a press\u00e3o da parte inferior das costas, reduzindo assim a dor nas costas e evitando mais les\u00f5es.<\/li>\n<\/ul>\n<h6><em>Ligante abdominal bari\u00e1trico, ligantes abdominais, cinta para h\u00e9rnia de est\u00f4mago e cinto de apoio traseiro para homens<\/em><\/h6>\n<ul>\n<li>Nossas ligantes de compress\u00e3o abdominal p\u00f3s-operat\u00f3ria s\u00e3o uma prova de qualidade artesanal e design inovador.<\/li>\n<li>Com op\u00e7\u00f5es de personaliza\u00e7\u00e3o, variedade de tamanhos e promessa de entrega r\u00e1pida, \u00e9 um complemento essencial ao seu estoque. Mergulhe no mundo do atacado com esta pe\u00e7a de destaque. Encomende hoje!<\/li>\n<\/ul>","protected":false},"excerpt":{"rendered":"<p>Ligantes abdominais para h\u00e9rnias ideais para uso ap\u00f3s abdominoplastia e lipoaspira\u00e7\u00e3o de abd\u00f4men superior e inferior. Ligantes de compress\u00e3o abdominal p\u00f3s-operat\u00f3ria por mulher ou homem, a compress\u00e3o dessas vestimentas ajuda a acelerar o processo de cicatriza\u00e7\u00e3o, melhora a circula\u00e7\u00e3o sangu\u00ednea, minimiza o incha\u00e7o, ajuda a eliminar fluidos potencialmente nocivos do corpo e permite ao paciente retomar as atividades di\u00e1rias.<\/p>","protected":false},"featured_media":2355,"comment_status":"open","ping_status":"closed","template":"","meta":{"site-sidebar-layout":"default","site-content-layout":"default","ast-site-content-layout":"default","site-content-style":"default","site-sidebar-style":"default","ast-global-header-display":"","ast-banner-title-visibility":"","ast-main-header-display":"","ast-hfb-above-header-display":"","ast-hfb-below-header-display":"","ast-hfb-mobile-header-display":"","site-post-title":"","ast-breadcrumbs-content":"","ast-featured-img":"","footer-sml-layout":"","ast-disable-related-posts":"","theme-transparent-header-meta":"default","adv-header-id-meta":"","stick-header-meta":"default","header-above-stick-meta":"","header-main-stick-meta":"","header-below-stick-meta":"","astra-migrate-meta-layouts":"set","ast-page-background-enabled":"default","ast-page-background-meta":{"desktop":{"background-color":"","background-image":"","background-repeat":"repeat","background-position":"center center","background-size":"auto","background-attachment":"scroll","background-type":"","background-media":"","overlay-type":"","overlay-color":"","overlay-opacity":"","overlay-gradient":""},"tablet":{"background-color":"","background-image":"","background-repeat":"repeat","background-position":"center center","background-size":"auto","background-attachment":"scroll","background-type":"","background-media":"","overlay-type":"","overlay-color":"","overlay-opacity":"","overlay-gradient":""},"mobile":{"background-color":"","background-image":"","background-repeat":"repeat","background-position":"center center","background-size":"auto","background-attachment":"scroll","background-type":"","background-media":"","overlay-type":"","overlay-color":"","overlay-opacity":"","overlay-gradient":""}},"ast-content-background-meta":{"desktop":{"background-color":"var(--ast-global-color-5)","background-image":"","background-repeat":"repeat","background-position":"center center","background-size":"auto","background-attachment":"scroll","background-type":"","background-media":"","overlay-type":"","overlay-color":"","overlay-opacity":"","overlay-gradient":""},"tablet":{"background-color":"var(--ast-global-color-5)","background-image":"","background-repeat":"repeat","background-position":"center center","background-size":"auto","background-attachment":"scroll","background-type":"","background-media":"","overlay-type":"","overlay-color":"","overlay-opacity":"","overlay-gradient":""},"mobile":{"background-color":"var(--ast-global-color-5)","background-image":"","background-repeat":"repeat","background-position":"center center","background-size":"auto","background-attachment":"scroll","background-type":"","background-media":"","overlay-type":"","overlay-color":"","overlay-opacity":"","overlay-gradient":""}}},"product_brand":[],"product_cat":[65,76,90,95],"product_tag":[143,136,139,148,134],"class_list":{"0":"post-2350","1":"product","2":"type-product","3":"status-publish","4":"has-post-thumbnail","6":"product_cat-best-sellers","7":"product_cat-new-arrivels","8":"product_cat-wholesale-waist-trainer","9":"product_cat-waist-cincher","10":"product_tag-backless","11":"product_tag-bridal","12":"product_tag-high-waist","13":"product_tag-one-piece","14":"product_tag-tummy-tucker","15":"pa_color-black","16":"pa_color-white","17":"pa_size-l","18":"pa_size-m","19":"pa_size-xl","20":"pa_size-xxl","21":"desktop-align-center","22":"tablet-align-left","23":"mobile-align-left","24":"ast-product-gallery-layout-horizontal-slider","25":"ast-product-single-variable","26":"ast-product-tabs-layout-horizontal","27":"ast-qv-on-image","29":"first","30":"instock","31":"shipping-taxable","32":"purchasable","33":"product-type-variable"},"tiered_pricing_type":"fixed","tiered_pricing_fixed_rules":{"10":3.5,"100":3.2,"500":3},"tiered_pricing_product_settings":{"layout":"default","base_unit_name":{"singular":null,"plural":null},"default_variation":{}},"tiered_pricing_minimum_quantity":null,"tiered_pricing_roles_data":[],"tiered_pricing_percentage_rules":[],"_links":{"self":[{"href":"https:\/\/yume-silm.com\/pt\/wp-json\/wp\/v2\/product\/2350","targetHints":{"allow":["GET"]}}],"collection":[{"href":"https:\/\/yume-silm.com\/pt\/wp-json\/wp\/v2\/product"}],"about":[{"href":"https:\/\/yume-silm.com\/pt\/wp-json\/wp\/v2\/types\/product"}],"replies":[{"embeddable":true,"href":"https:\/\/yume-silm.com\/pt\/wp-json\/wp\/v2\/comments?post=2350"}],"wp:featuredmedia":[{"embeddable":true,"href":"https:\/\/yume-silm.com\/pt\/wp-json\/wp\/v2\/media\/2355"}],"wp:attachment":[{"href":"https:\/\/yume-silm.com\/pt\/wp-json\/wp\/v2\/media?parent=2350"}],"wp:term":[{"taxonomy":"product_brand","embeddable":true,"href":"https:\/\/yume-silm.com\/pt\/wp-json\/wp\/v2\/product_brand?post=2350"},{"taxonomy":"product_cat","embeddable":true,"href":"https:\/\/yume-silm.com\/pt\/wp-json\/wp\/v2\/product_cat?post=2350"},{"taxonomy":"product_tag","embeddable":true,"href":"https:\/\/yume-silm.com\/pt\/wp-json\/wp\/v2\/product_tag?post=2350"}],"curies":[{"name":"wp","href":"https:\/\/api.w.org\/{rel}","templated":true}]}}