{"id":2384,"date":"2023-05-10T13:11:18","date_gmt":"2023-05-10T13:11:18","guid":{"rendered":"https:\/\/yume-silm.com\/?post_type=product&#038;p=2384"},"modified":"2024-11-08T08:44:55","modified_gmt":"2024-11-08T08:44:55","slug":"cintas-adelgacantes-fajas-termicas-suor-sauna-cintura-trainer","status":"publish","type":"product","link":"https:\/\/yume-silm.com\/pt\/produto\/cintas-adelgacantes-fajas-termicas-suor-sauna-cintura-trainer\/","title":{"rendered":"Cinto aparador de sauna Cincher para treino de cintura por atacado para homens"},"content":{"rendered":"<h5>Caracter\u00edsticas de design<\/h5>\n<ul>\n<li><strong>QUEIMA DE GORDURA:<\/strong> Aquece nossos corpos como uma sauna. O cinto aparador de sauna cincher para homens aumenta efetivamente a queima de calorias, proporcionando um treino mais eficaz. Escolha entre nossa linha de modeladores de cintura masculinos para ajud\u00e1-lo a reduzir efetivamente a gordura da barriga e ver resultados de emagrecimento ao perder cent\u00edmetros em um piscar de olhos.<\/li>\n<li><strong>LINHAS SUAVES:<\/strong> Este modelador de cintura fitness oferece cobertura e suporte acima do abd\u00f4men, perfeito para quem procura suporte extra durante o treino. Sentimo-nos mais eficazes na transpira\u00e7\u00e3o para eliminar toxinas e acelerar o processo de queima de calorias com a ajuda de modeladores. Alcan\u00e7ar uma alimenta\u00e7\u00e3o controlada e sensata, perder peso e promover a recupera\u00e7\u00e3o da barriga de cerveja. Ao mesmo tempo consegue bons resultados na preven\u00e7\u00e3o de les\u00f5es. O efeito de suor da sauna do treinador de cintura fornece suporte extra para os m\u00fasculos centrais da regi\u00e3o lombar e do abd\u00f4men, reduzindo tens\u00f5es e outros riscos potenciais.<\/li>\n<li><strong>CORRE\u00c7\u00c3O DE POSTURA:<\/strong> 4 fechos ajust\u00e1veis de gancho e olho e 7 ossos de a\u00e7o flex\u00edveis em espiral no treinador lombar masculino fornecem forte suporte para as costas. Ele protege seu n\u00facleo e alivia a dor lombar. Esta nossa cole\u00e7\u00e3o de cintos modeladores de cintura modeladores de corpo oferece suporte para as costas, compress\u00e3o abdominal e ajuda a eliminar protuber\u00e2ncias de gordura indesejadas. Tamb\u00e9m evita que as roupas enrolem e ajuda muito a aliviar dores nas costas e a corrigir a postura.<\/li>\n<li><strong>EXERC\u00cdCIO DI\u00c1RIO:<\/strong> Recomendamos escolher nossa cole\u00e7\u00e3o de cintura de suor para homens para ajud\u00e1-lo a queimar gordura, perder peso e ficar em forma, reduzindo o tamanho da barriga para ajud\u00e1-lo a ter um corpo saud\u00e1vel e bem torneado. \u00d3timo para Zumba, ioga, academia e muitos outros esportes, tamb\u00e9m pode ser usado diariamente.<\/li>\n<\/ul>\n<h6><em>Compress\u00e3o barriga controle sauna suor corpo shaper cintura trainer para homem<\/em><\/h6>\n<ul>\n<li>Nosso modelador de cintura para homens \u00e9 uma mistura perfeita de estilo, funcionalidade e qualidade. Para atacadistas que buscam oferecer solu\u00e7\u00f5es inovadoras de fitness, este cinto aparador de sauna cincher \u00e9 uma escolha de destaque.<\/li>\n<li>Com op\u00e7\u00f5es de personaliza\u00e7\u00e3o, variedade de tamanhos e promessa de entrega r\u00e1pida, o melhor modelador de cintura para diminuir a gordura da barriga \u00e9 um complemento essencial ao seu invent\u00e1rio. Mergulhe no mundo do atacado com esta pe\u00e7a de fitness excepcional. Encomende hoje!<\/li>\n<\/ul>","protected":false},"excerpt":{"rendered":"<ul>\n<li>Intensifique seu jogo de fitness com nosso cinto aparador de cintura para modelador de est\u00f4mago masculino.<\/li>\n<li>Projetado a partir de uma mistura de spandex e poli\u00e9ster, este cinto aparador de sauna para torso longo acentua sua cintura, oferecendo suporte e estilo, tornando-o essencial para todos os entusiastas do fitness.<\/li>\n<\/ul>","protected":false},"featured_media":2386,"comment_status":"open","ping_status":"closed","template":"","meta":{"site-sidebar-layout":"default","site-content-layout":"default","ast-site-content-layout":"default","site-content-style":"default","site-sidebar-style":"default","ast-global-header-display":"","ast-banner-title-visibility":"","ast-main-header-display":"","ast-hfb-above-header-display":"","ast-hfb-below-header-display":"","ast-hfb-mobile-header-display":"","site-post-title":"","ast-breadcrumbs-content":"","ast-featured-img":"","footer-sml-layout":"","ast-disable-related-posts":"","theme-transparent-header-meta":"default","adv-header-id-meta":"","stick-header-meta":"default","header-above-stick-meta":"","header-main-stick-meta":"","header-below-stick-meta":"","astra-migrate-meta-layouts":"set","ast-page-background-enabled":"default","ast-page-background-meta":{"desktop":{"background-color":"","background-image":"","background-repeat":"repeat","background-position":"center center","background-size":"auto","background-attachment":"scroll","background-type":"","background-media":"","overlay-type":"","overlay-color":"","overlay-opacity":"","overlay-gradient":""},"tablet":{"background-color":"","background-image":"","background-repeat":"repeat","background-position":"center center","background-size":"auto","background-attachment":"scroll","background-type":"","background-media":"","overlay-type":"","overlay-color":"","overlay-opacity":"","overlay-gradient":""},"mobile":{"background-color":"","background-image":"","background-repeat":"repeat","background-position":"center center","background-size":"auto","background-attachment":"scroll","background-type":"","background-media":"","overlay-type":"","overlay-color":"","overlay-opacity":"","overlay-gradient":""}},"ast-content-background-meta":{"desktop":{"background-color":"var(--ast-global-color-5)","background-image":"","background-repeat":"repeat","background-position":"center center","background-size":"auto","background-attachment":"scroll","background-type":"","background-media":"","overlay-type":"","overlay-color":"","overlay-opacity":"","overlay-gradient":""},"tablet":{"background-color":"var(--ast-global-color-5)","background-image":"","background-repeat":"repeat","background-position":"center center","background-size":"auto","background-attachment":"scroll","background-type":"","background-media":"","overlay-type":"","overlay-color":"","overlay-opacity":"","overlay-gradient":""},"mobile":{"background-color":"var(--ast-global-color-5)","background-image":"","background-repeat":"repeat","background-position":"center center","background-size":"auto","background-attachment":"scroll","background-type":"","background-media":"","overlay-type":"","overlay-color":"","overlay-opacity":"","overlay-gradient":""}}},"product_brand":[],"product_cat":[65,76,90,94,96],"product_tag":[194,153,136,139,173,154],"class_list":{"0":"post-2384","1":"product","2":"type-product","3":"status-publish","4":"has-post-thumbnail","6":"product_cat-best-sellers","7":"product_cat-new-arrivels","8":"product_cat-wholesale-waist-trainer","9":"product_cat-n-in-1-waist-trainer","10":"product_cat-sweat-waist-trainer","11":"product_tag-adjustable","12":"product_tag-boned","13":"product_tag-bridal","14":"product_tag-high-waist","15":"product_tag-sauna-suit-for-men","16":"product_tag-with-hooks","17":"pa_color-blue","18":"pa_color-sliver","19":"pa_size-l","20":"pa_size-m","21":"pa_size-s","22":"pa_size-xl","23":"pa_size-xxl","24":"pa_size-xxxl","25":"desktop-align-center","26":"tablet-align-left","27":"mobile-align-left","28":"ast-product-gallery-layout-horizontal-slider","29":"ast-product-single-variable","30":"ast-product-tabs-layout-horizontal","31":"ast-qv-on-image","33":"first","34":"instock","35":"shipping-taxable","36":"purchasable","37":"product-type-variable"},"tiered_pricing_type":"fixed","tiered_pricing_fixed_rules":{"5":4.84,"50":4.52,"100":3.87},"tiered_pricing_product_settings":{"layout":"default","base_unit_name":{"singular":null,"plural":null},"default_variation":{}},"tiered_pricing_minimum_quantity":null,"tiered_pricing_roles_data":[],"tiered_pricing_percentage_rules":[],"_links":{"self":[{"href":"https:\/\/yume-silm.com\/pt\/wp-json\/wp\/v2\/product\/2384","targetHints":{"allow":["GET"]}}],"collection":[{"href":"https:\/\/yume-silm.com\/pt\/wp-json\/wp\/v2\/product"}],"about":[{"href":"https:\/\/yume-silm.com\/pt\/wp-json\/wp\/v2\/types\/product"}],"replies":[{"embeddable":true,"href":"https:\/\/yume-silm.com\/pt\/wp-json\/wp\/v2\/comments?post=2384"}],"wp:featuredmedia":[{"embeddable":true,"href":"https:\/\/yume-silm.com\/pt\/wp-json\/wp\/v2\/media\/2386"}],"wp:attachment":[{"href":"https:\/\/yume-silm.com\/pt\/wp-json\/wp\/v2\/media?parent=2384"}],"wp:term":[{"taxonomy":"product_brand","embeddable":true,"href":"https:\/\/yume-silm.com\/pt\/wp-json\/wp\/v2\/product_brand?post=2384"},{"taxonomy":"product_cat","embeddable":true,"href":"https:\/\/yume-silm.com\/pt\/wp-json\/wp\/v2\/product_cat?post=2384"},{"taxonomy":"product_tag","embeddable":true,"href":"https:\/\/yume-silm.com\/pt\/wp-json\/wp\/v2\/product_tag?post=2384"}],"curies":[{"name":"wp","href":"https:\/\/api.w.org\/{rel}","templated":true}]}}