{"id":2403,"date":"2023-05-11T00:51:07","date_gmt":"2023-05-11T00:51:07","guid":{"rendered":"https:\/\/yume-silm.com\/?post_type=product&#038;p=2403"},"modified":"2024-06-08T06:18:12","modified_gmt":"2024-06-08T06:18:12","slug":"espartilho-cintura-trainer-mesh-3-rows-hooks-men-body-shaper","status":"publish","type":"product","link":"https:\/\/yume-silm.com\/pt\/produto\/espartilho-cintura-trainer-mesh-3-rows-hooks-men-body-shaper\/","title":{"rendered":"Cinto de treinamento de cintura espartilho 2 em 1 por atacado para homens"},"content":{"rendered":"<h5>Caracter\u00edsticas de design<\/h5>\n<ul>\n<li><strong>MELHORA A POSTURA:<\/strong> Fornece um bom suporte para as costas e ombros e promove uma postura confiante. Para pessoas sedent\u00e1rias, este cinto modelador corporal ajuda a melhorar a postura e a aliviar dores nas costas. Para treinamento na academia, voc\u00ea pode usar o espartilho modelador de cintura para reduzir o risco de les\u00f5es durante o treino. Voc\u00ea pode us\u00e1-los diariamente como um lembrete para ficar de p\u00e9\/sentar ereto e parar de se curvar.<\/li>\n<li><strong>APAR\u00caNCIA SIMPLIFICADA:<\/strong> A compress\u00e3o dupla do modelador de treino para perda de peso delineia facilmente a cintura, ajudando a minimizar a cintura e firmar a linha abdominal. Com a ajuda deste cinto modelador de suor para modelar o corpo, voc\u00ea pode ver que os efeitos do seu treino se expandir\u00e3o. Gra\u00e7as ao c\u00f3s de compress\u00e3o, o curativo fica mais liso e aerodin\u00e2mico para um look mais confiante.<\/li>\n<li><strong>EXCLUSIVO PERSONALIZADO:<\/strong> O espartilho de compress\u00e3o justo masculino e o cinto esportivo est\u00e3o dispon\u00edveis em diferentes cores e tamanhos para se adequar ao seu tipo de corpo, permitindo que voc\u00ea esteja mais focado e confort\u00e1vel durante o treino.<\/li>\n<li><strong>EXERC\u00cdCIO DI\u00c1RIO:<\/strong> Nosso espartilho de compress\u00e3o para tonifica\u00e7\u00e3o do corpo e controle de barriga se ajusta perfeitamente com a adi\u00e7\u00e3o de um c\u00f3s de compress\u00e3o el\u00e1stica ultrafino, projetado para entusiastas de perda de peso e modelagem esportiva. O cinto para queimar gordura e calorias \u00e9 perfeito para todos os tipos de esportes, como corrida, exerc\u00edcios de gin\u00e1stica e modelagem corporal. O cinto esportivo masculino com ajuste confort\u00e1vel e emagrecimento aumenta rapidamente a temperatura do abd\u00f4men durante o exerc\u00edcio, acelera a queima de gordura abdominal e suor e firma o abd\u00f4men.<\/li>\n<\/ul>\n<h6><em>Cinto modelador abdominal masculino, cinto modelador de cintura para emagrecimento<\/em><\/h6>\n<ul>\n<li>Nosso cinto de treinamento de cintura espartilho modelador 2 em 1 para homens \u00e9 uma mistura de estilo, conforto e funcionalidade.<\/li>\n<li>Para atacadistas que buscam oferecer solu\u00e7\u00f5es inovadoras de fitness, este produto cl\u00e1ssico 2 em 1 para modelagem corporal e modelador de cintura fitness se destaca.<\/li>\n<li>Com op\u00e7\u00f5es de personaliza\u00e7\u00e3o, uma variedade de tamanhos e a promessa de entrega r\u00e1pida, \u00e9 uma adi\u00e7\u00e3o valiosa ao seu estoque. Mergulhe no mundo do atacado com essas roupas de gin\u00e1stica excepcionais. Encomende hoje!<\/li>\n<\/ul>","protected":false},"excerpt":{"rendered":"<ul>\n<li>Intensifique seu jogo de fitness com nosso cinto de treinamento de cintura espartilho modelador 2 em 1 para homens.<\/li>\n<li>Feito de uma mistura de n\u00e1ilon e elastano, este espartilho de compress\u00e3o justo masculino e cinto esportivo de cintura foram projetados para oferecer suporte ideal, melhorar a postura e esculpir seu f\u00edsico, garantindo que voc\u00ea tenha a melhor apar\u00eancia e se sinta melhor durante os treinos.<\/li>\n<\/ul>","protected":false},"featured_media":2404,"comment_status":"open","ping_status":"closed","template":"","meta":{"site-sidebar-layout":"default","site-content-layout":"default","ast-site-content-layout":"default","site-content-style":"default","site-sidebar-style":"default","ast-global-header-display":"","ast-banner-title-visibility":"","ast-main-header-display":"","ast-hfb-above-header-display":"","ast-hfb-below-header-display":"","ast-hfb-mobile-header-display":"","site-post-title":"","ast-breadcrumbs-content":"","ast-featured-img":"","footer-sml-layout":"","ast-disable-related-posts":"","theme-transparent-header-meta":"default","adv-header-id-meta":"","stick-header-meta":"default","header-above-stick-meta":"","header-main-stick-meta":"","header-below-stick-meta":"","astra-migrate-meta-layouts":"set","ast-page-background-enabled":"default","ast-page-background-meta":{"desktop":{"background-color":"","background-image":"","background-repeat":"repeat","background-position":"center center","background-size":"auto","background-attachment":"scroll","background-type":"","background-media":"","overlay-type":"","overlay-color":"","overlay-opacity":"","overlay-gradient":""},"tablet":{"background-color":"","background-image":"","background-repeat":"repeat","background-position":"center center","background-size":"auto","background-attachment":"scroll","background-type":"","background-media":"","overlay-type":"","overlay-color":"","overlay-opacity":"","overlay-gradient":""},"mobile":{"background-color":"","background-image":"","background-repeat":"repeat","background-position":"center center","background-size":"auto","background-attachment":"scroll","background-type":"","background-media":"","overlay-type":"","overlay-color":"","overlay-opacity":"","overlay-gradient":""}},"ast-content-background-meta":{"desktop":{"background-color":"var(--ast-global-color-5)","background-image":"","background-repeat":"repeat","background-position":"center center","background-size":"auto","background-attachment":"scroll","background-type":"","background-media":"","overlay-type":"","overlay-color":"","overlay-opacity":"","overlay-gradient":""},"tablet":{"background-color":"var(--ast-global-color-5)","background-image":"","background-repeat":"repeat","background-position":"center center","background-size":"auto","background-attachment":"scroll","background-type":"","background-media":"","overlay-type":"","overlay-color":"","overlay-opacity":"","overlay-gradient":""},"mobile":{"background-color":"var(--ast-global-color-5)","background-image":"","background-repeat":"repeat","background-position":"center center","background-size":"auto","background-attachment":"scroll","background-type":"","background-media":"","overlay-type":"","overlay-color":"","overlay-opacity":"","overlay-gradient":""}}},"product_brand":[],"product_cat":[65,76,86,90,92],"product_tag":[187,151,413,145,535,154,185],"class_list":{"0":"post-2403","1":"product","2":"type-product","3":"status-publish","4":"has-post-thumbnail","6":"product_cat-best-sellers","7":"product_cat-new-arrivels","8":"product_cat-wholesale-men-sliming-vest","9":"product_cat-wholesale-waist-trainer","10":"product_cat-wholesale-waist-girdle","11":"product_tag-2-in-1","12":"product_tag-double-compression","13":"product_tag-fitness","14":"product_tag-sexy","15":"product_tag-slimming","16":"product_tag-with-hooks","17":"product_tag-workout","18":"pa_color-black","19":"pa_color-white","20":"pa_size-l","21":"pa_size-m","22":"pa_size-s","23":"desktop-align-center","24":"tablet-align-left","25":"mobile-align-left","26":"ast-product-gallery-layout-horizontal-slider","27":"ast-product-single-variable","28":"ast-product-tabs-layout-horizontal","29":"ast-qv-on-image","31":"first","32":"instock","33":"shipping-taxable","34":"purchasable","35":"product-type-variable"},"tiered_pricing_type":"fixed","tiered_pricing_fixed_rules":{"10":8.43,"200":7.86,"600":7.32},"tiered_pricing_product_settings":{"layout":"default","base_unit_name":{"singular":null,"plural":null},"default_variation":{}},"tiered_pricing_minimum_quantity":null,"tiered_pricing_roles_data":[],"tiered_pricing_percentage_rules":[],"_links":{"self":[{"href":"https:\/\/yume-silm.com\/pt\/wp-json\/wp\/v2\/product\/2403","targetHints":{"allow":["GET"]}}],"collection":[{"href":"https:\/\/yume-silm.com\/pt\/wp-json\/wp\/v2\/product"}],"about":[{"href":"https:\/\/yume-silm.com\/pt\/wp-json\/wp\/v2\/types\/product"}],"replies":[{"embeddable":true,"href":"https:\/\/yume-silm.com\/pt\/wp-json\/wp\/v2\/comments?post=2403"}],"wp:featuredmedia":[{"embeddable":true,"href":"https:\/\/yume-silm.com\/pt\/wp-json\/wp\/v2\/media\/2404"}],"wp:attachment":[{"href":"https:\/\/yume-silm.com\/pt\/wp-json\/wp\/v2\/media?parent=2403"}],"wp:term":[{"taxonomy":"product_brand","embeddable":true,"href":"https:\/\/yume-silm.com\/pt\/wp-json\/wp\/v2\/product_brand?post=2403"},{"taxonomy":"product_cat","embeddable":true,"href":"https:\/\/yume-silm.com\/pt\/wp-json\/wp\/v2\/product_cat?post=2403"},{"taxonomy":"product_tag","embeddable":true,"href":"https:\/\/yume-silm.com\/pt\/wp-json\/wp\/v2\/product_tag?post=2403"}],"curies":[{"name":"wp","href":"https:\/\/api.w.org\/{rel}","templated":true}]}}