{"id":2477,"date":"2023-05-11T08:07:09","date_gmt":"2023-05-11T08:07:09","guid":{"rendered":"https:\/\/yume-silm.com\/?post_type=product&#038;p=2477"},"modified":"2025-05-26T00:36:43","modified_gmt":"2025-05-26T00:36:43","slug":"atacado-tummy-control-butt-lifter-com-gancho-zipper-fajas","status":"publish","type":"product","link":"https:\/\/yume-silm.com\/pt\/produto\/atacado-tummy-control-butt-lifter-com-gancho-zipper-fajas\/","title":{"rendered":"Venda por atacado de modelador de bunda para controle de barriga curto com z\u00edper de gancho Fajas"},"content":{"rendered":"<h5>Caracter\u00edsticas de design<\/h5>\n<ul>\n<li><strong>PROJETO F\u00c1CIL DE USAR:<\/strong> O z\u00edper frontal do modelador de bunda com controle de barriga curto com fajas com z\u00edper de gancho \u00e9 muito f\u00e1cil de usar, complementado pelo design de gancho interno e compress\u00e3o dupla para garantir um ajuste confort\u00e1vel para moldar sua figura curvil\u00ednea.<\/li>\n<li><strong>ANTIDERRAPANTE E SEM ROLAMENTO:<\/strong> O modelador de cintura alta curto de renda de bunda grande \u00e9 projetado com um adesivo antiderrapante na cintura e nas pernas para garantir um ajuste confort\u00e1vel ao redor das coxas e barriga, evitando que o tecido enrole e garantindo uma apar\u00eancia perfeita.<\/li>\n<li><strong>SUPORTE MELHORADO:<\/strong> Equipado com 4 ossos de a\u00e7o na cintura, este levantador de bumbum permanece firmemente no lugar e real\u00e7a suas curvas naturais sem problemas de rolamento.<\/li>\n<li><strong>RESPIR\u00c1VEL E CONFORT\u00c1VEL:<\/strong> O short modelador levantador de bumbum \u00e9 confeccionado em uma mistura de n\u00e1ilon e elastano, com maior elasticidade, mesmo quando puxado suavemente; as n\u00e1degas s\u00e3o especialmente respir\u00e1veis, garantindo conforto e ao mesmo tempo garantindo que sua pele respire mais.<\/li>\n<li><strong>USO MULTIFUNCIONAL:<\/strong> Este modelador plus size para controle de barriga e levantamento de quadril \u00e9 perfeito para uso di\u00e1rio ou ocasi\u00f5es especiais. Voc\u00ea pode usar este modelador corporal de cintura alta para levantar a barriga e o quadril para trabalhar ou viajar para fazer compras ao ar livre. Ou at\u00e9 mesmo use-o temporariamente para real\u00e7ar suas n\u00e1degas e fazer voc\u00ea se sentir confiante e elegante em galas, coquet\u00e9is, festas e muito mais.<\/li>\n<\/ul>\n<h6><em>Shorts femininos modeladores de levantamento de bunda de tamanho grande antiderrapante com z\u00edper modelador de roupa \u00edntima<\/em><\/h6>\n<ul>\n<li>Nosso short modelador de bumbum com controle de barriga e fajas com z\u00edper de gancho \u00e9 uma mistura de inova\u00e7\u00e3o, estilo e conforto. Para atacadistas que desejam oferecer produtos de primeira linha que ressoem com as \u00faltimas tend\u00eancias, este short modelador para levantamento de bumbum e controle de barriga \u00e9 obrigat\u00f3rio.<\/li>\n<li>Com op\u00e7\u00f5es de personaliza\u00e7\u00e3o, variedade de tamanhos e promessa de entrega r\u00e1pida, \u00e9 um complemento essencial ao seu estoque. Mergulhe no mundo do atacado com esta pe\u00e7a de destaque. Encomende hoje!<\/li>\n<\/ul>","protected":false},"excerpt":{"rendered":"<p>Revele a magia do nosso short modelador de bunda com controle de barriga e fajas com z\u00edper de gancho. Meticulosamente desenhado para o homem moderno, este modelador n\u00e3o s\u00f3 real\u00e7a a sua silhueta, mas tamb\u00e9m promete conforto e ajuste incompar\u00e1veis.<\/p>","protected":false},"featured_media":2503,"comment_status":"open","ping_status":"closed","template":"","meta":{"site-sidebar-layout":"default","site-content-layout":"default","ast-site-content-layout":"default","site-content-style":"default","site-sidebar-style":"default","ast-global-header-display":"","ast-banner-title-visibility":"","ast-main-header-display":"","ast-hfb-above-header-display":"","ast-hfb-below-header-display":"","ast-hfb-mobile-header-display":"","site-post-title":"","ast-breadcrumbs-content":"","ast-featured-img":"","footer-sml-layout":"","ast-disable-related-posts":"","theme-transparent-header-meta":"default","adv-header-id-meta":"","stick-header-meta":"default","header-above-stick-meta":"","header-main-stick-meta":"","header-below-stick-meta":"","astra-migrate-meta-layouts":"set","ast-page-background-enabled":"default","ast-page-background-meta":{"desktop":{"background-color":"","background-image":"","background-repeat":"repeat","background-position":"center center","background-size":"auto","background-attachment":"scroll","background-type":"","background-media":"","overlay-type":"","overlay-color":"","overlay-opacity":"","overlay-gradient":""},"tablet":{"background-color":"","background-image":"","background-repeat":"repeat","background-position":"center center","background-size":"auto","background-attachment":"scroll","background-type":"","background-media":"","overlay-type":"","overlay-color":"","overlay-opacity":"","overlay-gradient":""},"mobile":{"background-color":"","background-image":"","background-repeat":"repeat","background-position":"center center","background-size":"auto","background-attachment":"scroll","background-type":"","background-media":"","overlay-type":"","overlay-color":"","overlay-opacity":"","overlay-gradient":""}},"ast-content-background-meta":{"desktop":{"background-color":"var(--ast-global-color-5)","background-image":"","background-repeat":"repeat","background-position":"center center","background-size":"auto","background-attachment":"scroll","background-type":"","background-media":"","overlay-type":"","overlay-color":"","overlay-opacity":"","overlay-gradient":""},"tablet":{"background-color":"var(--ast-global-color-5)","background-image":"","background-repeat":"repeat","background-position":"center center","background-size":"auto","background-attachment":"scroll","background-type":"","background-media":"","overlay-type":"","overlay-color":"","overlay-opacity":"","overlay-gradient":""},"mobile":{"background-color":"var(--ast-global-color-5)","background-image":"","background-repeat":"repeat","background-position":"center center","background-size":"auto","background-attachment":"scroll","background-type":"","background-media":"","overlay-type":"","overlay-color":"","overlay-opacity":"","overlay-gradient":""}}},"product_brand":[],"product_cat":[65,76,77,1092,80],"product_tag":[153,137,139,134],"class_list":{"0":"post-2477","1":"product","2":"type-product","3":"status-publish","4":"has-post-thumbnail","6":"product_cat-best-sellers","7":"product_cat-new-arrivels","8":"product_cat-wholesale-womens-shapewear","9":"product_cat-plus-size-shapewear","10":"product_cat-wholesale-butt-lift-underwear","11":"product_tag-boned","12":"product_tag-butt-lift","13":"product_tag-high-waist","14":"product_tag-tummy-tucker","15":"pa_color-beige","16":"pa_color-black","17":"pa_size-4xl","18":"pa_size-5xl","19":"pa_size-6xl","20":"pa_size-l","21":"pa_size-m","22":"pa_size-s","23":"pa_size-xl","24":"pa_size-xs","25":"pa_size-xxl","26":"pa_size-xxxl","27":"desktop-align-center","28":"tablet-align-left","29":"mobile-align-left","30":"ast-product-gallery-layout-horizontal-slider","31":"ast-product-single-variable","32":"ast-product-tabs-layout-horizontal","33":"ast-qv-on-image","35":"first","36":"instock","37":"shipping-taxable","38":"purchasable","39":"product-type-variable"},"tiered_pricing_type":"fixed","tiered_pricing_fixed_rules":{"5":9.9,"50":9.5,"100":8.5},"tiered_pricing_product_settings":{"layout":"default","base_unit_name":{"singular":null,"plural":null},"default_variation":{}},"tiered_pricing_minimum_quantity":null,"tiered_pricing_roles_data":[],"tiered_pricing_percentage_rules":[],"_links":{"self":[{"href":"https:\/\/yume-silm.com\/pt\/wp-json\/wp\/v2\/product\/2477","targetHints":{"allow":["GET"]}}],"collection":[{"href":"https:\/\/yume-silm.com\/pt\/wp-json\/wp\/v2\/product"}],"about":[{"href":"https:\/\/yume-silm.com\/pt\/wp-json\/wp\/v2\/types\/product"}],"replies":[{"embeddable":true,"href":"https:\/\/yume-silm.com\/pt\/wp-json\/wp\/v2\/comments?post=2477"}],"wp:featuredmedia":[{"embeddable":true,"href":"https:\/\/yume-silm.com\/pt\/wp-json\/wp\/v2\/media\/2503"}],"wp:attachment":[{"href":"https:\/\/yume-silm.com\/pt\/wp-json\/wp\/v2\/media?parent=2477"}],"wp:term":[{"taxonomy":"product_brand","embeddable":true,"href":"https:\/\/yume-silm.com\/pt\/wp-json\/wp\/v2\/product_brand?post=2477"},{"taxonomy":"product_cat","embeddable":true,"href":"https:\/\/yume-silm.com\/pt\/wp-json\/wp\/v2\/product_cat?post=2477"},{"taxonomy":"product_tag","embeddable":true,"href":"https:\/\/yume-silm.com\/pt\/wp-json\/wp\/v2\/product_tag?post=2477"}],"curies":[{"name":"wp","href":"https:\/\/api.w.org\/{rel}","templated":true}]}}