{"id":2539,"date":"2023-05-12T03:48:23","date_gmt":"2023-05-12T03:48:23","guid":{"rendered":"https:\/\/yume-silm.com\/?post_type=product&#038;p=2539"},"modified":"2024-05-11T02:35:55","modified_gmt":"2024-05-11T02:35:55","slug":"cinto-sem-costuras-respiravel-com-apoio-de-4-pecas-com-ossos","status":"publish","type":"product","link":"https:\/\/yume-silm.com\/pt\/produto\/cinto-sem-costuras-respiravel-com-apoio-de-4-pecas-com-ossos\/","title":{"rendered":"Cinto cincher de cintura sem costura respir\u00e1vel por atacado com suporte desossado de 4 pe\u00e7as"},"content":{"rendered":"<h5>Caracter\u00edsticas de design<\/h5>\n<ul>\n<li><strong>ALTA ELASTICIDADE:<\/strong> Este t\u00eanis de cintura alta \u00e9 feito de tecido com mistura de n\u00e1ilon e spandex, o que garante ajuste justo e elasticidade. Pode ser usado repetidamente e a elasticidade ser\u00e1 mantida por muito tempo.<\/li>\n<li><strong>SUPORTE DE CARTILAGEM:<\/strong> Nossos cintos de cintura s\u00e3o refor\u00e7ados com quatro pe\u00e7as de cartilagem para fornecer suporte e durabilidade incompar\u00e1veis, garantindo satisfa\u00e7\u00e3o duradoura com controle abdominal.<\/li>\n<li><strong>RESPIRABILIDADE:<\/strong> O melhor modelador de cintura para reduzir a gordura da barriga foi projetado para conforto durante todo o dia, e o tecido respir\u00e1vel garante que seus clientes permane\u00e7am frescos e confort\u00e1veis.<\/li>\n<li><strong>PROJETO SEM EMENDA:<\/strong> A constru\u00e7\u00e3o perfeita do cinto feminino garante um ajuste suave sob qualquer roupa para um visual elegante.<\/li>\n<li><strong>FIGURA DA AMPULHETA:<\/strong> Quando voc\u00ea treina e se exercita com um cinto de cintura, voc\u00ea notar\u00e1 uma grande mudan\u00e7a antes e depois do modelador de cintura e obter\u00e1 especialmente a figura ideal de ampulheta. Perfeito para usar em um encontro ou em uma festa, voc\u00ea com certeza estar\u00e1 no seu melhor.<\/li>\n<li><strong>AUMENTE AS VENDAS:<\/strong> Com design inovador e materiais de alta qualidade, este cinto respir\u00e1vel sem costura com suporte desossado de 4 pe\u00e7as pode aumentar suas vendas e atender \u00e0s novas necessidades do mercado de espartilhos cincher de cintura.<\/li>\n<\/ul>\n<h6><em>Cinto de treinamento de cintura feminino poderoso para controle de barriga<\/em><\/h6>\n<ul>\n<li>Nosso cinto respir\u00e1vel sem costura com suporte desossado de 4 pe\u00e7as \u00e9 uma mistura de inova\u00e7\u00e3o, estilo e conforto. Para atacadistas que desejam oferecer produtos de primeira linha que ressoem com as \u00faltimas tend\u00eancias, este cinto que aperta a cintura \u00e9 obrigat\u00f3rio.<\/li>\n<li>Com op\u00e7\u00f5es de personaliza\u00e7\u00e3o, uma variedade de tamanhos e a promessa de entrega r\u00e1pida, \u00e9 uma adi\u00e7\u00e3o valiosa ao seu estoque. Mergulhe no mundo do atacado com este acess\u00f3rio excepcional. Encomende hoje!<\/li>\n<\/ul>","protected":false},"excerpt":{"rendered":"<p>Experimente a fus\u00e3o de estilo e funcionalidade com nosso cinto respir\u00e1vel sem costura, aprimorado com suporte desossado de 4 pe\u00e7as. Feito para o cliente exigente, este cinto cincher oferece um ajuste perfeito, garantindo conforto e confian\u00e7a durante todo o dia.<\/p>","protected":false},"featured_media":2550,"comment_status":"open","ping_status":"closed","template":"","meta":{"site-sidebar-layout":"default","site-content-layout":"default","ast-site-content-layout":"default","site-content-style":"default","site-sidebar-style":"default","ast-global-header-display":"","ast-banner-title-visibility":"","ast-main-header-display":"","ast-hfb-above-header-display":"","ast-hfb-below-header-display":"","ast-hfb-mobile-header-display":"","site-post-title":"","ast-breadcrumbs-content":"","ast-featured-img":"","footer-sml-layout":"","ast-disable-related-posts":"","theme-transparent-header-meta":"default","adv-header-id-meta":"","stick-header-meta":"default","header-above-stick-meta":"","header-main-stick-meta":"","header-below-stick-meta":"","astra-migrate-meta-layouts":"set","ast-page-background-enabled":"default","ast-page-background-meta":{"desktop":{"background-color":"","background-image":"","background-repeat":"repeat","background-position":"center center","background-size":"auto","background-attachment":"scroll","background-type":"","background-media":"","overlay-type":"","overlay-color":"","overlay-opacity":"","overlay-gradient":""},"tablet":{"background-color":"","background-image":"","background-repeat":"repeat","background-position":"center center","background-size":"auto","background-attachment":"scroll","background-type":"","background-media":"","overlay-type":"","overlay-color":"","overlay-opacity":"","overlay-gradient":""},"mobile":{"background-color":"","background-image":"","background-repeat":"repeat","background-position":"center center","background-size":"auto","background-attachment":"scroll","background-type":"","background-media":"","overlay-type":"","overlay-color":"","overlay-opacity":"","overlay-gradient":""}},"ast-content-background-meta":{"desktop":{"background-color":"var(--ast-global-color-5)","background-image":"","background-repeat":"repeat","background-position":"center center","background-size":"auto","background-attachment":"scroll","background-type":"","background-media":"","overlay-type":"","overlay-color":"","overlay-opacity":"","overlay-gradient":""},"tablet":{"background-color":"var(--ast-global-color-5)","background-image":"","background-repeat":"repeat","background-position":"center center","background-size":"auto","background-attachment":"scroll","background-type":"","background-media":"","overlay-type":"","overlay-color":"","overlay-opacity":"","overlay-gradient":""},"mobile":{"background-color":"var(--ast-global-color-5)","background-image":"","background-repeat":"repeat","background-position":"center center","background-size":"auto","background-attachment":"scroll","background-type":"","background-media":"","overlay-type":"","overlay-color":"","overlay-opacity":"","overlay-gradient":""}}},"product_brand":[],"product_cat":[65,76,90,95],"product_tag":[153,147,149,523],"class_list":{"0":"post-2539","1":"product","2":"type-product","3":"status-publish","4":"has-post-thumbnail","6":"product_cat-best-sellers","7":"product_cat-new-arrivels","8":"product_cat-wholesale-waist-trainer","9":"product_cat-waist-cincher","10":"product_tag-boned","11":"product_tag-cross","12":"product_tag-long-torso","13":"product_tag-seemless","14":"pa_color-beige","15":"pa_color-black","16":"pa_size-m-l","17":"pa_size-xl-xxl","18":"pa_size-xs-s","19":"pa_size-xxxl","20":"desktop-align-center","21":"tablet-align-left","22":"mobile-align-left","23":"ast-product-gallery-layout-horizontal-slider","24":"ast-product-single-variable","25":"ast-product-tabs-layout-horizontal","26":"ast-qv-on-image","28":"first","29":"instock","30":"shipping-taxable","31":"purchasable","32":"product-type-variable"},"tiered_pricing_type":"fixed","tiered_pricing_fixed_rules":{"2":2.79,"50":2.49,"100":2.09},"tiered_pricing_product_settings":{"layout":"default","base_unit_name":{"singular":null,"plural":null},"default_variation":{}},"tiered_pricing_minimum_quantity":null,"tiered_pricing_roles_data":[],"tiered_pricing_percentage_rules":[],"_links":{"self":[{"href":"https:\/\/yume-silm.com\/pt\/wp-json\/wp\/v2\/product\/2539","targetHints":{"allow":["GET"]}}],"collection":[{"href":"https:\/\/yume-silm.com\/pt\/wp-json\/wp\/v2\/product"}],"about":[{"href":"https:\/\/yume-silm.com\/pt\/wp-json\/wp\/v2\/types\/product"}],"replies":[{"embeddable":true,"href":"https:\/\/yume-silm.com\/pt\/wp-json\/wp\/v2\/comments?post=2539"}],"wp:featuredmedia":[{"embeddable":true,"href":"https:\/\/yume-silm.com\/pt\/wp-json\/wp\/v2\/media\/2550"}],"wp:attachment":[{"href":"https:\/\/yume-silm.com\/pt\/wp-json\/wp\/v2\/media?parent=2539"}],"wp:term":[{"taxonomy":"product_brand","embeddable":true,"href":"https:\/\/yume-silm.com\/pt\/wp-json\/wp\/v2\/product_brand?post=2539"},{"taxonomy":"product_cat","embeddable":true,"href":"https:\/\/yume-silm.com\/pt\/wp-json\/wp\/v2\/product_cat?post=2539"},{"taxonomy":"product_tag","embeddable":true,"href":"https:\/\/yume-silm.com\/pt\/wp-json\/wp\/v2\/product_tag?post=2539"}],"curies":[{"name":"wp","href":"https:\/\/api.w.org\/{rel}","templated":true}]}}