{"id":2555,"date":"2023-05-13T03:53:08","date_gmt":"2023-05-13T03:53:08","guid":{"rendered":"https:\/\/yume-silm.com\/?post_type=product&#038;p=2555"},"modified":"2024-11-08T08:45:32","modified_gmt":"2024-11-08T08:45:32","slug":"cinto-de-treino-para-mulheres-com-barriga-emagrecida","status":"publish","type":"product","link":"https:\/\/yume-silm.com\/pt\/produto\/cinto-de-treino-para-mulheres-com-barriga-emagrecida\/","title":{"rendered":"Perda de peso por atacado de cinto de suor para mulheres"},"content":{"rendered":"<h5 data-slate-node=\"element\" data-slate-fragment=\"JTVCJTdCJTIydHlwZSUyMiUzQSUyMnBhcmFncmFwaCUyMiUyQyUyMmNoaWxkcmVuJTIyJTNBJTVCJTdCJTIydGV4dCUyMiUzQSUyMkRlc2lnbiUyMEZlYXR1cmVzJTIyJTJDJTIyc2VudGVuY2UlMjIlM0EyJTJDJTIyY2hpbGRTZW50ZW5jZSUyMiUzQTElN0QlNUQlN0QlMkMlN0IlMjJ0eXBlJTIyJTNBJTIycGFyYWdyYXBoJTIyJTJDJTIyY2hpbGRyZW4lMjIlM0ElNUIlN0IlMjJ0ZXh0JTIyJTNBJTIyJTIyJTJDJTIyc2VudGVuY2UlMjIlM0EzJTJDJTIyY2hpbGRTZW50ZW5jZSUyMiUzQTElN0QlNUQlN0QlNUQ=\"><span data-slate-node=\"text\"><span class=\"21\" data-slate-leaf=\"true\">Caracter\u00edsticas de design<\/span><\/span><\/h5>\n<ul>\n<li><strong>AJUSTE FLEX\u00cdVEL:<\/strong> Os bot\u00f5es de tr\u00eas abotoaduras do cinto de emagrecimento do treinador de cintura da sauna, cincher de fitness para academia, permitem que os usu\u00e1rios ajustem o aperto para se adaptar a diferentes intensidades e posturas de treinamento.<\/li>\n<li><strong>ESTABILIDADE MELHORADA:<\/strong> O design de z\u00edper de camada dupla do modelador de corpo com cinto fino melhora significativamente a estabilidade do c\u00f3s, evitando escorreg\u00f5es ou deslocamentos durante o exerc\u00edcio e aliviando problemas como dores lombares.<\/li>\n<li><strong>SUPORTE DE OSSO DE A\u00c7O:<\/strong> Equipado com 3 ossos de a\u00e7o, este cinto de emagrecimento, modelador de cintura, aparador de barriga, cinto fino de suor e queimador de gordura da barriga oferece suporte incompar\u00e1vel para as costas e \u00e9 ideal para indiv\u00edduos sedent\u00e1rios e m\u00e3es p\u00f3s-parto.<\/li>\n<li><strong>MATERIAL DE ALTA QUALIDADE:<\/strong> O cinto de suor para perda de peso \u00e9 feito de fibras de spandex e poli\u00e9ster, que s\u00e3o altamente el\u00e1sticas, garantindo um ajuste est\u00e1vel na cintura, dur\u00e1vel e n\u00e3o facilmente deformado.<\/li>\n<li><strong>APELO UNIVERSAL:<\/strong> Adequado para uma variedade de ocasi\u00f5es, este cinto de suor para perda de peso para mulheres ajuda a reduzir a gordura da barriga e a criar uma figura de ampulheta impressionante.<\/li>\n<\/ul>\n<h6><em>Cinto de suor ajust\u00e1vel para perda de peso feminino e masculino<\/em><\/h6>\n<ul>\n<li>Nosso cinto de suor para perda de peso para mulheres para Cintura Trainer \u00e9 uma mistura harmoniosa de inova\u00e7\u00e3o, estilo e funcionalidade.<\/li>\n<li>Para atacadistas que desejam oferecer produtos de primeira linha que correspondam \u00e0s \u00faltimas tend\u00eancias, este cinto de exerc\u00edcios queimador de gordura com efeito sauna \u00e9 indispens\u00e1vel.<\/li>\n<li>Com op\u00e7\u00f5es de personaliza\u00e7\u00e3o, uma variedade de tamanhos e a promessa de entrega r\u00e1pida, \u00e9 uma adi\u00e7\u00e3o valiosa ao seu estoque.<\/li>\n<li>Mergulhe no mundo do atacado com esta pe\u00e7a de destaque. Encomende hoje!<\/li>\n<\/ul>","protected":false},"excerpt":{"rendered":"<p>Descubra o poder transformador do nosso Aparador de barriga emagrecedor. Este cinto de suor para perda de peso para mulheres, aprimorado com fecho de z\u00edper, \u00e9 meticulosamente projetado para esculpir a cintura, garantindo uma silhueta tonificada e maior confian\u00e7a durante os treinos.<\/p>","protected":false},"featured_media":2620,"comment_status":"open","ping_status":"closed","template":"","meta":{"site-sidebar-layout":"default","site-content-layout":"default","ast-site-content-layout":"default","site-content-style":"default","site-sidebar-style":"default","ast-global-header-display":"","ast-banner-title-visibility":"","ast-main-header-display":"","ast-hfb-above-header-display":"","ast-hfb-below-header-display":"","ast-hfb-mobile-header-display":"","site-post-title":"","ast-breadcrumbs-content":"","ast-featured-img":"","footer-sml-layout":"","ast-disable-related-posts":"","theme-transparent-header-meta":"default","adv-header-id-meta":"","stick-header-meta":"default","header-above-stick-meta":"","header-main-stick-meta":"","header-below-stick-meta":"","astra-migrate-meta-layouts":"set","ast-page-background-enabled":"default","ast-page-background-meta":{"desktop":{"background-color":"","background-image":"","background-repeat":"repeat","background-position":"center center","background-size":"auto","background-attachment":"scroll","background-type":"","background-media":"","overlay-type":"","overlay-color":"","overlay-opacity":"","overlay-gradient":""},"tablet":{"background-color":"","background-image":"","background-repeat":"repeat","background-position":"center center","background-size":"auto","background-attachment":"scroll","background-type":"","background-media":"","overlay-type":"","overlay-color":"","overlay-opacity":"","overlay-gradient":""},"mobile":{"background-color":"","background-image":"","background-repeat":"repeat","background-position":"center center","background-size":"auto","background-attachment":"scroll","background-type":"","background-media":"","overlay-type":"","overlay-color":"","overlay-opacity":"","overlay-gradient":""}},"ast-content-background-meta":{"desktop":{"background-color":"var(--ast-global-color-5)","background-image":"","background-repeat":"repeat","background-position":"center center","background-size":"auto","background-attachment":"scroll","background-type":"","background-media":"","overlay-type":"","overlay-color":"","overlay-opacity":"","overlay-gradient":""},"tablet":{"background-color":"var(--ast-global-color-5)","background-image":"","background-repeat":"repeat","background-position":"center center","background-size":"auto","background-attachment":"scroll","background-type":"","background-media":"","overlay-type":"","overlay-color":"","overlay-opacity":"","overlay-gradient":""},"mobile":{"background-color":"var(--ast-global-color-5)","background-image":"","background-repeat":"repeat","background-position":"center center","background-size":"auto","background-attachment":"scroll","background-type":"","background-media":"","overlay-type":"","overlay-color":"","overlay-opacity":"","overlay-gradient":""}}},"product_brand":[],"product_cat":[65,76,90,92],"product_tag":[153,144,140,154,184],"class_list":{"0":"post-2555","1":"product","2":"type-product","3":"status-publish","4":"has-post-thumbnail","6":"product_cat-best-sellers","7":"product_cat-new-arrivels","8":"product_cat-wholesale-waist-trainer","9":"product_cat-wholesale-waist-girdle","10":"product_tag-boned","11":"product_tag-slip","12":"product_tag-strapless","13":"product_tag-with-hooks","14":"product_tag-zipper","15":"pa_color-black","16":"pa_color-gray","17":"pa_size-4xl","18":"pa_size-5xl","19":"pa_size-6xl","20":"pa_size-l","21":"pa_size-m","22":"pa_size-s","23":"pa_size-xl","24":"pa_size-xs","25":"pa_size-xxl","26":"pa_size-xxxl","27":"desktop-align-center","28":"tablet-align-left","29":"mobile-align-left","30":"ast-product-gallery-layout-horizontal-slider","31":"ast-product-single-variable","32":"ast-product-tabs-layout-horizontal","33":"ast-qv-on-image","35":"first","36":"instock","37":"shipping-taxable","38":"purchasable","39":"product-type-variable"},"tiered_pricing_type":"fixed","tiered_pricing_fixed_rules":{"5":6.5,"50":5.99,"100":5.25},"tiered_pricing_product_settings":{"layout":"default","base_unit_name":{"singular":null,"plural":null},"default_variation":{}},"tiered_pricing_minimum_quantity":null,"tiered_pricing_roles_data":[],"tiered_pricing_percentage_rules":[],"_links":{"self":[{"href":"https:\/\/yume-silm.com\/pt\/wp-json\/wp\/v2\/product\/2555","targetHints":{"allow":["GET"]}}],"collection":[{"href":"https:\/\/yume-silm.com\/pt\/wp-json\/wp\/v2\/product"}],"about":[{"href":"https:\/\/yume-silm.com\/pt\/wp-json\/wp\/v2\/types\/product"}],"replies":[{"embeddable":true,"href":"https:\/\/yume-silm.com\/pt\/wp-json\/wp\/v2\/comments?post=2555"}],"wp:featuredmedia":[{"embeddable":true,"href":"https:\/\/yume-silm.com\/pt\/wp-json\/wp\/v2\/media\/2620"}],"wp:attachment":[{"href":"https:\/\/yume-silm.com\/pt\/wp-json\/wp\/v2\/media?parent=2555"}],"wp:term":[{"taxonomy":"product_brand","embeddable":true,"href":"https:\/\/yume-silm.com\/pt\/wp-json\/wp\/v2\/product_brand?post=2555"},{"taxonomy":"product_cat","embeddable":true,"href":"https:\/\/yume-silm.com\/pt\/wp-json\/wp\/v2\/product_cat?post=2555"},{"taxonomy":"product_tag","embeddable":true,"href":"https:\/\/yume-silm.com\/pt\/wp-json\/wp\/v2\/product_tag?post=2555"}],"curies":[{"name":"wp","href":"https:\/\/api.w.org\/{rel}","templated":true}]}}