{"id":2623,"date":"2023-05-13T02:51:04","date_gmt":"2023-05-13T02:51:04","guid":{"rendered":"https:\/\/yume-silm.com\/?post_type=product&#038;p=2623"},"modified":"2024-05-18T09:26:21","modified_gmt":"2024-05-18T09:26:21","slug":"macacao-tanga-por-atacado-para-mulheres-macacao-de-uma-peca-sem-costuras","status":"publish","type":"product","link":"https:\/\/yume-silm.com\/pt\/produto\/macacao-tanga-por-atacado-para-mulheres-macacao-de-uma-peca-sem-costuras\/","title":{"rendered":"Por atacado Body Thong Sem Costura Para Mulheres"},"content":{"rendered":"<h5>Caracter\u00edsticas de design<\/h5>\n<ul>\n<li><strong>TECIDO DE QUALIDADE PREMIUM:<\/strong> Este modelador de corpo tanga para controle de barriga \u00e9 feito de misturas de n\u00e1ilon e spandex com alta elasticidade para garantir um ajuste confort\u00e1vel e confort\u00e1vel. Usando este macac\u00e3o de suporte de compress\u00e3o de cobertura total, \u00e9 f\u00e1cil criar uma figura de ampulheta e enfatizar as curvas naturais do seu corpo.<\/li>\n<li><strong>Design moderno de tanga:<\/strong> O design tanga do body liso e fino n\u00e3o apenas adiciona um toque de sensualidade, mas tamb\u00e9m levanta efetivamente as n\u00e1degas e melhora a silhueta geral.<\/li>\n<li><strong>FUN\u00c7\u00c3O CONVENIENTE:<\/strong> A virilha do body tanga esculpido sem costura \u00e9 equipada com um gancho ajust\u00e1vel para uso no banheiro, garantindo o m\u00e1ximo conforto ao longo do dia.<\/li>\n<li><strong>DESGASTE VERS\u00c1TIL:<\/strong> Desde roupas de trabalho do dia a dia at\u00e9 eventos especiais, como encontros e festas, este body tanga push-up com formato leve e sem costura \u00e9 uma pe\u00e7a de arm\u00e1rio vers\u00e1til que pode ser usada em uma variedade de ocasi\u00f5es.<\/li>\n<li><strong>OP\u00c7\u00d5ES PERSONALIZADAS:<\/strong> Nosso macac\u00e3o fio dental sem costura para uso di\u00e1rio suporta tamanhos, cores, estilos, logotipos, embalagens, etiquetas penduradas e etiquetas de cuidados personalizados para atender \u00e0s diferentes necessidades de nossos clientes atacadistas.<\/li>\n<\/ul>\n<h6><em>Body modelador de alta elasticidade, liso e sem costura<\/em><\/h6>\n<ul>\n<li>Nosso macac\u00e3o fio dental sem costura para mulheres \u00e9 uma mistura de inova\u00e7\u00e3o, estilo e conforto. Para atacadistas que desejam oferecer produtos de primeira linha que ressoem com as \u00faltimas tend\u00eancias, este body \u00e9 obrigat\u00f3rio.<\/li>\n<li>Com op\u00e7\u00f5es de personaliza\u00e7\u00e3o, uma variedade de tamanhos e a promessa de entrega r\u00e1pida, o body tanga sem costura \u00e9 uma adi\u00e7\u00e3o valiosa ao seu invent\u00e1rio. Mergulhe no mundo do atacado com esta pe\u00e7a excepcional. Encomende hoje!<\/li>\n<\/ul>","protected":false},"excerpt":{"rendered":"<p>Entre na eleg\u00e2ncia com nosso body tanga sem costura para mulheres, um macac\u00e3o de uma pe\u00e7a sem costura. Confeccionado em nylon e spandex de alta elasticidade, este body \u00e9 o ep\u00edtome do conforto e estilo, garantindo uma silhueta impec\u00e1vel para cada ocasi\u00e3o.<\/p>","protected":false},"featured_media":2606,"comment_status":"open","ping_status":"closed","template":"","meta":{"site-sidebar-layout":"default","site-content-layout":"default","ast-site-content-layout":"default","site-content-style":"default","site-sidebar-style":"default","ast-global-header-display":"","ast-banner-title-visibility":"","ast-main-header-display":"","ast-hfb-above-header-display":"","ast-hfb-below-header-display":"","ast-hfb-mobile-header-display":"","site-post-title":"","ast-breadcrumbs-content":"","ast-featured-img":"","footer-sml-layout":"","ast-disable-related-posts":"","theme-transparent-header-meta":"default","adv-header-id-meta":"","stick-header-meta":"default","header-above-stick-meta":"","header-main-stick-meta":"","header-below-stick-meta":"","astra-migrate-meta-layouts":"set","ast-page-background-enabled":"default","ast-page-background-meta":{"desktop":{"background-color":"","background-image":"","background-repeat":"repeat","background-position":"center center","background-size":"auto","background-attachment":"scroll","background-type":"","background-media":"","overlay-type":"","overlay-color":"","overlay-opacity":"","overlay-gradient":""},"tablet":{"background-color":"","background-image":"","background-repeat":"repeat","background-position":"center center","background-size":"auto","background-attachment":"scroll","background-type":"","background-media":"","overlay-type":"","overlay-color":"","overlay-opacity":"","overlay-gradient":""},"mobile":{"background-color":"","background-image":"","background-repeat":"repeat","background-position":"center center","background-size":"auto","background-attachment":"scroll","background-type":"","background-media":"","overlay-type":"","overlay-color":"","overlay-opacity":"","overlay-gradient":""}},"ast-content-background-meta":{"desktop":{"background-color":"var(--ast-global-color-5)","background-image":"","background-repeat":"repeat","background-position":"center center","background-size":"auto","background-attachment":"scroll","background-type":"","background-media":"","overlay-type":"","overlay-color":"","overlay-opacity":"","overlay-gradient":""},"tablet":{"background-color":"var(--ast-global-color-5)","background-image":"","background-repeat":"repeat","background-position":"center center","background-size":"auto","background-attachment":"scroll","background-type":"","background-media":"","overlay-type":"","overlay-color":"","overlay-opacity":"","overlay-gradient":""},"mobile":{"background-color":"var(--ast-global-color-5)","background-image":"","background-repeat":"repeat","background-position":"center center","background-size":"auto","background-attachment":"scroll","background-type":"","background-media":"","overlay-type":"","overlay-color":"","overlay-opacity":"","overlay-gradient":""}}},"product_brand":[],"product_cat":[65,76,77,82],"product_tag":[136,139,148,145,134],"class_list":{"0":"post-2623","1":"product","2":"type-product","3":"status-publish","4":"has-post-thumbnail","6":"product_cat-best-sellers","7":"product_cat-new-arrivels","8":"product_cat-wholesale-womens-shapewear","9":"product_cat-wholesale-shapewear-bodysuit","10":"product_tag-bridal","11":"product_tag-high-waist","12":"product_tag-one-piece","13":"product_tag-sexy","14":"product_tag-tummy-tucker","15":"pa_color-beige","16":"pa_color-black","17":"pa_color-yellow","18":"pa_size-l","19":"pa_size-m","20":"pa_size-s","21":"pa_size-xl","22":"pa_size-xxl","23":"pa_size-xxxl","24":"desktop-align-center","25":"tablet-align-left","26":"mobile-align-left","27":"ast-product-gallery-layout-horizontal-slider","28":"ast-product-single-variable","29":"ast-product-tabs-layout-horizontal","30":"ast-qv-on-image","32":"first","33":"instock","34":"shipping-taxable","35":"purchasable","36":"product-type-variable"},"tiered_pricing_type":"fixed","tiered_pricing_fixed_rules":{"5":4.8,"50":4.5,"100":4.2},"tiered_pricing_product_settings":{"layout":"default","base_unit_name":{"singular":null,"plural":null},"default_variation":{}},"tiered_pricing_minimum_quantity":null,"tiered_pricing_roles_data":[],"tiered_pricing_percentage_rules":[],"_links":{"self":[{"href":"https:\/\/yume-silm.com\/pt\/wp-json\/wp\/v2\/product\/2623","targetHints":{"allow":["GET"]}}],"collection":[{"href":"https:\/\/yume-silm.com\/pt\/wp-json\/wp\/v2\/product"}],"about":[{"href":"https:\/\/yume-silm.com\/pt\/wp-json\/wp\/v2\/types\/product"}],"replies":[{"embeddable":true,"href":"https:\/\/yume-silm.com\/pt\/wp-json\/wp\/v2\/comments?post=2623"}],"wp:featuredmedia":[{"embeddable":true,"href":"https:\/\/yume-silm.com\/pt\/wp-json\/wp\/v2\/media\/2606"}],"wp:attachment":[{"href":"https:\/\/yume-silm.com\/pt\/wp-json\/wp\/v2\/media?parent=2623"}],"wp:term":[{"taxonomy":"product_brand","embeddable":true,"href":"https:\/\/yume-silm.com\/pt\/wp-json\/wp\/v2\/product_brand?post=2623"},{"taxonomy":"product_cat","embeddable":true,"href":"https:\/\/yume-silm.com\/pt\/wp-json\/wp\/v2\/product_cat?post=2623"},{"taxonomy":"product_tag","embeddable":true,"href":"https:\/\/yume-silm.com\/pt\/wp-json\/wp\/v2\/product_tag?post=2623"}],"curies":[{"name":"wp","href":"https:\/\/api.w.org\/{rel}","templated":true}]}}