{"id":2675,"date":"2023-05-13T03:41:44","date_gmt":"2023-05-13T03:41:44","guid":{"rendered":"https:\/\/yume-silm.com\/?post_type=product&#038;p=2675"},"modified":"2024-05-30T08:01:08","modified_gmt":"2024-05-30T08:01:08","slug":"aparelho-de-treino-de-cintura-de-alta-elasticidade-com-fecho-de-correr","status":"publish","type":"product","link":"https:\/\/yume-silm.com\/pt\/produto\/aparelho-de-treino-de-cintura-de-alta-elasticidade-com-fecho-de-correr\/","title":{"rendered":"Treinador de cintura de suor de alta elasticidade por atacado com fecho de z\u00edper"},"content":{"rendered":"<h5>Caracter\u00edsticas de design<\/h5>\n<ul>\n<li><strong>MATERIAL DE QUALIDADE PREMIUM:<\/strong> Este t\u00eanis de cintura de suor de alta elasticidade com fecho de z\u00edper \u00e9 feito de uma mistura de n\u00e1ilon e spandex, para que voc\u00ea possa ter certeza de puxar e puxar adequadamente para maior utilidade. O revestimento de neoprene no interior permite uma r\u00e1pida exposi\u00e7\u00e3o ao suor com maior exerc\u00edcio.<\/li>\n<li><strong>Z\u00cdPER F\u00c1CIL DE USAR:<\/strong> O aparador de cintura para suor para o cinto de treino vem com um z\u00edper f\u00e1cil de usar que facilita a coloca\u00e7\u00e3o e a retirada, melhorando a experi\u00eancia geral do usu\u00e1rio e demonstrando um compromisso com a conveni\u00eancia do cliente.<\/li>\n<li><strong>SUOR AUMENTADO:<\/strong> Este modelador de cintura emagrecedor foi projetado para maximizar a produ\u00e7\u00e3o de suor, agregando valor a quem treina e perde peso, garantindo a satisfa\u00e7\u00e3o e fideliza\u00e7\u00e3o do cliente.<\/li>\n<li><strong>DESGASTE MULTIFUNCIONAL:<\/strong> Ideal para treinos, uso di\u00e1rio ou suporte p\u00f3s-parto, este modelador el\u00e1stico com cinto de suor tipo z\u00edper atende a uma ampla gama de necessidades do cliente e aumenta seu apelo no mercado.<\/li>\n<li><strong>AUMENTE AS VENDAS:<\/strong> Com seu design de alta qualidade e recursos pr\u00e1ticos, espera-se que este el\u00e1stico de revestimento de pu para treinamento de cintura feminina aumente suas vendas e atenda \u00e0s novas demandas do mercado de fitness e shapewear.<\/li>\n<\/ul>\n<h6><em>Treinador de cintura de suor de sauna para homens e mulheres<\/em><\/h6>\n<ul>\n<li>Nosso modelador de cintura de suor de alta elasticidade com fecho de z\u00edper \u00e9 uma mistura de inova\u00e7\u00e3o, estilo e conforto.<\/li>\n<li>Para atacadistas que desejam oferecer produtos de primeira linha que correspondam \u00e0s \u00faltimas tend\u00eancias, este modelador de cintura \u00e9 obrigat\u00f3rio.<\/li>\n<li>Com op\u00e7\u00f5es de personaliza\u00e7\u00e3o, uma variedade de tamanhos e a promessa de entrega r\u00e1pida, \u00e9 uma adi\u00e7\u00e3o valiosa ao seu estoque.<\/li>\n<li>Mergulhe no mundo do atacado com esta pe\u00e7a de destaque. Encomende hoje!<\/li>\n<\/ul>","protected":false},"excerpt":{"rendered":"<p>Revele a combina\u00e7\u00e3o perfeita de estilo e funcionalidade com nosso modelador de cintura de suor de alta elasticidade. Apresentando um z\u00edper f\u00e1cil de usar, este modelador de cintura foi projetado para aumentar a produ\u00e7\u00e3o de suor durante os treinos, garantindo um ajuste perfeito e maior confian\u00e7a.<\/p>","protected":false},"featured_media":2688,"comment_status":"open","ping_status":"closed","template":"","meta":{"site-sidebar-layout":"default","site-content-layout":"default","ast-site-content-layout":"default","site-content-style":"default","site-sidebar-style":"default","ast-global-header-display":"","ast-banner-title-visibility":"","ast-main-header-display":"","ast-hfb-above-header-display":"","ast-hfb-below-header-display":"","ast-hfb-mobile-header-display":"","site-post-title":"","ast-breadcrumbs-content":"","ast-featured-img":"","footer-sml-layout":"","ast-disable-related-posts":"","theme-transparent-header-meta":"default","adv-header-id-meta":"","stick-header-meta":"default","header-above-stick-meta":"","header-main-stick-meta":"","header-below-stick-meta":"","astra-migrate-meta-layouts":"set","ast-page-background-enabled":"default","ast-page-background-meta":{"desktop":{"background-color":"","background-image":"","background-repeat":"repeat","background-position":"center center","background-size":"auto","background-attachment":"scroll","background-type":"","background-media":"","overlay-type":"","overlay-color":"","overlay-opacity":"","overlay-gradient":""},"tablet":{"background-color":"","background-image":"","background-repeat":"repeat","background-position":"center center","background-size":"auto","background-attachment":"scroll","background-type":"","background-media":"","overlay-type":"","overlay-color":"","overlay-opacity":"","overlay-gradient":""},"mobile":{"background-color":"","background-image":"","background-repeat":"repeat","background-position":"center center","background-size":"auto","background-attachment":"scroll","background-type":"","background-media":"","overlay-type":"","overlay-color":"","overlay-opacity":"","overlay-gradient":""}},"ast-content-background-meta":{"desktop":{"background-color":"var(--ast-global-color-5)","background-image":"","background-repeat":"repeat","background-position":"center center","background-size":"auto","background-attachment":"scroll","background-type":"","background-media":"","overlay-type":"","overlay-color":"","overlay-opacity":"","overlay-gradient":""},"tablet":{"background-color":"var(--ast-global-color-5)","background-image":"","background-repeat":"repeat","background-position":"center center","background-size":"auto","background-attachment":"scroll","background-type":"","background-media":"","overlay-type":"","overlay-color":"","overlay-opacity":"","overlay-gradient":""},"mobile":{"background-color":"var(--ast-global-color-5)","background-image":"","background-repeat":"repeat","background-position":"center center","background-size":"auto","background-attachment":"scroll","background-type":"","background-media":"","overlay-type":"","overlay-color":"","overlay-opacity":"","overlay-gradient":""}}},"product_brand":[],"product_cat":[65,76,90,95,92],"product_tag":[633,185,184],"class_list":{"0":"post-2675","1":"product","2":"type-product","3":"status-publish","4":"has-post-thumbnail","6":"product_cat-best-sellers","7":"product_cat-new-arrivels","8":"product_cat-wholesale-waist-trainer","9":"product_cat-waist-cincher","10":"product_cat-wholesale-waist-girdle","11":"product_tag-sweat","12":"product_tag-workout","13":"product_tag-zipper","14":"pa_color-blue","15":"pa_color-sliver","16":"pa_size-2xl-3xl","17":"pa_size-4xl-5xl","18":"pa_size-l-xl","19":"pa_size-s-m","20":"desktop-align-center","21":"tablet-align-left","22":"mobile-align-left","23":"ast-product-gallery-layout-horizontal-slider","24":"ast-product-single-variable","25":"ast-product-tabs-layout-horizontal","26":"ast-qv-on-image","28":"first","29":"instock","30":"shipping-taxable","31":"purchasable","32":"product-type-variable"},"tiered_pricing_type":"fixed","tiered_pricing_fixed_rules":{"2":2.69,"50":2.49,"300":2.09},"tiered_pricing_product_settings":{"layout":"default","base_unit_name":{"singular":null,"plural":null},"default_variation":{}},"tiered_pricing_minimum_quantity":null,"tiered_pricing_roles_data":[],"tiered_pricing_percentage_rules":[],"_links":{"self":[{"href":"https:\/\/yume-silm.com\/pt\/wp-json\/wp\/v2\/product\/2675","targetHints":{"allow":["GET"]}}],"collection":[{"href":"https:\/\/yume-silm.com\/pt\/wp-json\/wp\/v2\/product"}],"about":[{"href":"https:\/\/yume-silm.com\/pt\/wp-json\/wp\/v2\/types\/product"}],"replies":[{"embeddable":true,"href":"https:\/\/yume-silm.com\/pt\/wp-json\/wp\/v2\/comments?post=2675"}],"wp:featuredmedia":[{"embeddable":true,"href":"https:\/\/yume-silm.com\/pt\/wp-json\/wp\/v2\/media\/2688"}],"wp:attachment":[{"href":"https:\/\/yume-silm.com\/pt\/wp-json\/wp\/v2\/media?parent=2675"}],"wp:term":[{"taxonomy":"product_brand","embeddable":true,"href":"https:\/\/yume-silm.com\/pt\/wp-json\/wp\/v2\/product_brand?post=2675"},{"taxonomy":"product_cat","embeddable":true,"href":"https:\/\/yume-silm.com\/pt\/wp-json\/wp\/v2\/product_cat?post=2675"},{"taxonomy":"product_tag","embeddable":true,"href":"https:\/\/yume-silm.com\/pt\/wp-json\/wp\/v2\/product_tag?post=2675"}],"curies":[{"name":"wp","href":"https:\/\/api.w.org\/{rel}","templated":true}]}}